{"id":11369,"date":"2020-07-18T15:34:55","date_gmt":"2020-07-18T08:34:55","guid":{"rendered":"https:\/\/thucpham.com\/?post_type=product&#038;p=11369"},"modified":"2024-11-12T11:10:34","modified_gmt":"2024-11-12T04:10:34","slug":"tu-dong-nhieu-ngan-ket-hop-opo-k3g1-06d","status":"publish","type":"product","link":"https:\/\/thucpham.com\/vinacom\/tu-dong-nhieu-ngan-ket-hop-opo-k3g1-06d\/","title":{"rendered":"T\u1ee7 \u0110\u00f4ng Nhi\u1ec1u Ng\u0103n K\u1ebft H\u1ee3p OPO K3G1-06D"},"content":{"rendered":"<p style=\"text-align: justify;\"><span style=\"font-family: helvetica, arial, sans-serif;\"><b><i>T\u1ee7 \u0111\u00f4ng nhi\u1ec1u ng\u0103n k\u1ebft h\u1ee3p OPO K3G1-06D<\/i><\/b><span style=\"font-weight: 400;\"> \u0111\u01b0\u1ee3c thi\u1ebft k\u1ebf tinh t\u1ebf k\u1ebft h\u1ee3p <\/span><span style=\"font-weight: 400;\">gi\u1eefa t\u1ee7 \u0111\u00f4ng \u0111\u1ee9ng v\u00e0 t\u1ee7 \u0111\u00f4ng n\u1eb1m kh\u00f4ng ch\u1ec9 gi\u00fap t\u0103ng di\u1ec7n t\u00edch kh\u00f4ng gian l\u01b0u tr\u1eef h\u00e0ng h\u00f3a m\u00e0 c\u00f2n gi\u00fap t\u0103ng hi\u1ec7u qu\u1ea3 tr\u01b0ng b\u00e0y. S\u1ea3n ph\u1ea9m \u0111\u1ebfn t\u1eeb th\u01b0\u01a1ng hi\u1ec7u OPO n\u1ed5i ti\u1ebfng c\u1ee7a H\u00e0n Qu\u1ed1c, \u0111\u01b0\u1ee3c ki\u1ec3m \u0111\u1ecbnh ch\u1ea5t l\u01b0\u1ee3ng nghi\u00eam ng\u1eb7t tr\u01b0\u1edbc khi tung ra th\u1ecb tr\u01b0\u1eddng n\u00ean lu\u00f4n \u0111\u1ea3m b\u1ea3o v\u1ec1 \u0111\u1ed9 b\u1ec1n b\u1ec9 v\u00e0 kh\u1ea3 n\u0103ng v\u1eadn h\u00e0nh \u1ed5n \u0111\u1ecbnh.&nbsp;<\/span><\/span><\/p>\n<p><img class=\"size-full wp-image-12970 aligncenter\" src=\"https:\/\/thucpham.com\/wp-content\/uploads\/2020\/07\/tu-dong-nhieu-ngan-ket-hop-opo-k3g1-06d-1.jpg\" alt=\"tu-dong-nhieu-ngan-ket-hop-opo-k3g1-06d\" width=\"820\" height=\"656\" srcset=\"https:\/\/thucpham.com\/vinacom\/wp-content\/uploads\/2020\/07\/tu-dong-nhieu-ngan-ket-hop-opo-k3g1-06d-1.jpg 820w, https:\/\/thucpham.com\/vinacom\/wp-content\/uploads\/2020\/07\/tu-dong-nhieu-ngan-ket-hop-opo-k3g1-06d-1-300x240.jpg 300w, https:\/\/thucpham.com\/vinacom\/wp-content\/uploads\/2020\/07\/tu-dong-nhieu-ngan-ket-hop-opo-k3g1-06d-1-768x614.jpg 768w, https:\/\/thucpham.com\/vinacom\/wp-content\/uploads\/2020\/07\/tu-dong-nhieu-ngan-ket-hop-opo-k3g1-06d-1-24x19.jpg 24w, https:\/\/thucpham.com\/vinacom\/wp-content\/uploads\/2020\/07\/tu-dong-nhieu-ngan-ket-hop-opo-k3g1-06d-1-36x29.jpg 36w, https:\/\/thucpham.com\/vinacom\/wp-content\/uploads\/2020\/07\/tu-dong-nhieu-ngan-ket-hop-opo-k3g1-06d-1-48x38.jpg 48w, https:\/\/thucpham.com\/vinacom\/wp-content\/uploads\/2020\/07\/tu-dong-nhieu-ngan-ket-hop-opo-k3g1-06d-1-510x408.jpg 510w\" sizes=\"(max-width: 820px) 100vw, 820px\" title=\"\"><\/p>\n<p style=\"text-align: center;\"><span style=\"font-family: helvetica, arial, sans-serif;\"><em>Th\u00f4ng tin s\u1ea3n ph\u1ea9m t\u1ee7 \u0111\u00f4ng nhi\u1ec1u ng\u0103n k\u1ebft h\u1ee3p OPO K3G1-06D<\/em><\/span><\/p>\n<p style=\"text-align: justify;\"><span style=\"font-family: helvetica, arial, sans-serif;\"><b><i>T\u1ee7 \u0111\u00f4ng nhi\u1ec1u ng\u0103n k\u1ebft h\u1ee3p OPO K3G1-06D<\/i><\/b><span style=\"font-weight: 400;\"> \u1ee9ng d\u1ee5ng nh\u1eefng c\u00f4ng ngh\u1ec7 l\u00e0m l\u1ea1nh ti\u00ean ti\u1ebfn c\u1ee7a H\u00e0n Qu\u1ed1c v\u1eeba gi\u00fap l\u00e0m l\u1ea1nh nhanh v\u00e0 s\u00e2u v\u1eeba gi\u00fap duy tr\u00ec nhi\u1ec7t \u0111\u1ed9 \u1ed5n \u0111\u1ecbnh, nh\u1edd v\u1eady, h\u00e0ng h\u00f3a, th\u1ef1c ph\u1ea9m lu\u00f4n \u0111\u01b0\u1ee3c \u0111\u1ea3m b\u1ea3o ch\u1ea5t l\u01b0\u1ee3ng, t\u01b0\u01a1i m\u1edbi nh\u01b0 ban \u0111\u1ea7u. Ngo\u00e0i ra, thi\u1ebft k\u1ebf c\u1eeda k\u00ednh c\u01b0\u1eddng l\u1ef1c trong su\u1ed1t kh\u00f4ng ch\u1ec9 gi\u00fap cho s\u1ea3n ph\u1ea9m sang tr\u1ecdng, b\u1eaft m\u1eaft m\u00e0 c\u00f2n gi\u00fap kh\u00e1ch h\u00e0ng quan s\u00e1t v\u00e0 ch\u1ecdn l\u1ef1a m\u1eb7t h\u00e0ng m\u00ecnh mu\u1ed1n d\u1ec5 d\u00e0ng v\u00e0 nhanh ch\u00f3ng h\u01a1n. <\/span><span style=\"font-weight: 400;\">H\u1ec7 th\u1ed1ng l\u00e0m l\u1ea1nh b\u1eb1ng m\u00e1y n\u00e9n ngo\u00e0i c\u1ee7a t\u1ee7<\/span> <span style=\"font-weight: 400;\">v\u1eadn h\u00e0nh \u00eam \u00e1i, kh\u00f4ng g\u00e2y \u1ed3n, gi\u00fap ti\u1ebft ki\u1ec7m \u0111i\u1ec7n n\u0103ng \u0111\u1ed3ng th\u1eddi k\u00e9o d\u00e0i tu\u1ed5i th\u1ecd cho thi\u1ebft b\u1ecb.&nbsp;<\/span><\/span><\/p>\n","protected":false},"excerpt":{"rendered":"<ul>\n<li style=\"font-weight: 400;\"><span style=\"font-weight: 400; font-family: helvetica, arial, sans-serif;\">Nh\u1eadp kh\u1ea9u t\u1eeb th\u01b0\u01a1ng hi\u1ec7u OPO n\u1ed5i ti\u1ebfng c\u1ee7a H\u00e0n Qu\u1ed1c<\/span><\/li>\n<li style=\"font-weight: 400;\"><span style=\"font-weight: 400; font-family: helvetica, arial, sans-serif;\">V\u1eadn h\u00e0nh hi\u1ec7u qu\u1ea3, ti\u1ebft ki\u1ec7m \u0111i\u1ec7n n\u0103ng<\/span><\/li>\n<li style=\"font-weight: 400;\"><span style=\"font-weight: 400; font-family: helvetica, arial, sans-serif;\">L\u00e0m l\u1ea1nh nhanh, s\u00e2u, duy tr\u00ec nhi\u1ec7t \u0111\u1ed9 \u1ed5n \u0111\u1ecbnh<\/span><\/li>\n<li style=\"font-weight: 400;\"><span style=\"font-weight: 400; font-family: helvetica, arial, sans-serif;\">Khoang ch\u1ee9a r\u1ed9ng, b\u1ea3o qu\u1ea3n \u0111a d\u1ea1ng h\u00e0ng h\u00f3a<\/span><\/li>\n<li style=\"font-weight: 400;\"><span style=\"font-weight: 400; font-family: helvetica, arial, sans-serif;\">Thi\u1ebft k\u1ebf \u0111\u1eb9p m\u1eaft, g\u1ecdn g\u00e0ng<\/span><\/li>\n<\/ul>\n","protected":false},"featured_media":39915,"comment_status":"open","ping_status":"closed","template":"","meta":[],"product_cat":[285],"product_tag":[],"_links":{"self":[{"href":"https:\/\/thucpham.com\/vinacom\/wp-json\/wp\/v2\/product\/11369"}],"collection":[{"href":"https:\/\/thucpham.com\/vinacom\/wp-json\/wp\/v2\/product"}],"about":[{"href":"https:\/\/thucpham.com\/vinacom\/wp-json\/wp\/v2\/types\/product"}],"replies":[{"embeddable":true,"href":"https:\/\/thucpham.com\/vinacom\/wp-json\/wp\/v2\/comments?post=11369"}],"wp:featuredmedia":[{"embeddable":true,"href":"https:\/\/thucpham.com\/vinacom\/wp-json\/wp\/v2\/media\/39915"}],"wp:attachment":[{"href":"https:\/\/thucpham.com\/vinacom\/wp-json\/wp\/v2\/media?parent=11369"}],"wp:term":[{"taxonomy":"product_cat","embeddable":true,"href":"https:\/\/thucpham.com\/vinacom\/wp-json\/wp\/v2\/product_cat?post=11369"},{"taxonomy":"product_tag","embeddable":true,"href":"https:\/\/thucpham.com\/vinacom\/wp-json\/wp\/v2\/product_tag?post=11369"}],"curies":[{"name":"wp","href":"https:\/\/api.w.org\/{rel}","templated":true}]}}