{"id":11366,"date":"2020-07-18T15:30:59","date_gmt":"2020-07-18T08:30:59","guid":{"rendered":"https:\/\/thucpham.com\/?post_type=product&#038;p=11366"},"modified":"2024-03-13T08:45:35","modified_gmt":"2024-03-13T01:45:35","slug":"tu-mat-trung-bay-thit-dang-mo-nhieu-ngan-opo-sms2m2-06st","status":"publish","type":"product","link":"https:\/\/thucpham.com\/vinacom\/tu-mat-trung-bay-thit-dang-mo-nhieu-ngan-opo-sms2m2-06st\/","title":{"rendered":"T\u1ee7 M\u00e1t Tr\u01b0ng B\u00e0y Th\u1ecbt D\u1ea1ng M\u1edf Nhi\u1ec1u Ng\u0103n OPO SMS2M2-06ST"},"content":{"rendered":"<p style=\"text-align: justify;\"><span style=\"font-family: helvetica, arial, sans-serif;\"><span style=\"font-weight: 400;\">N\u1ebfu b\u1ea1n \u0111ang c\u00f3 \u00fd \u0111\u1ecbnh m\u1edf c\u1eeda h\u00e0ng th\u1ef1c ph\u1ea9m s\u1ea1ch hay si\u00eau th\u1ecb th\u00ec ch\u1eafc ch\u1eafn kh\u00f4ng th\u1ec3 b\u1ecf qua m\u1eabu <\/span><b><i>t\u1ee7 <\/i><\/b><b><i>&nbsp;m\u00e1t tr\u01b0ng b\u00e0y th\u1ecbt d\u1ea1ng m\u1edf nhi\u1ec1u ng\u0103n OPO SMS2M2-06ST<\/i><\/b><span style=\"font-weight: 400;\">. Chi\u1ebfc t\u1ee7 tr\u01b0ng b\u00e0y n\u00e0y c\u00f3 dung t\u00edch l\u1edbn \u0111\u1ea3m b\u1ea3o \u0111\u1ec3 \u0111\u01b0\u1ee3c s\u1ed1 l\u01b0\u1ee3ng th\u1ecbt l\u1ee3n v\u00e0 nhi\u1ec1u lo\u1ea1i th\u1ecbt kh\u00e1c m\u00e0 kh\u00f4ng lo ch\u00fang b\u1ecb \u00e1m m\u00f9i nhau. Ngo\u00e0i ra, b\u1ea1n c\u0169ng c\u00f3 th\u1ec3 s\u1eed d\u1ee5ng chi\u1ebfc t\u1ee7 n\u00e0y \u0111\u1ec3 b\u1ea3o qu\u1ea3n v\u00e0 tr\u01b0ng b\u00e0y c\u00e1c lo\u1ea1i n\u01b0\u1edbc u\u1ed1ng gi\u1ea3i kh\u00e1t, rau c\u1ee7 t\u01b0\u01a1i, c\u00e1c lo\u1ea1i tr\u00e1i c\u00e2y..<\/span><\/span><\/p>\n<p><img class=\"size-full wp-image-13031 aligncenter\" src=\"https:\/\/thucpham.com\/wp-content\/uploads\/2020\/07\/tu-mat-trung-bay-thit-dang-mo-nhieu-ngan-opo-sms2m2-06st-1.jpg\" alt=\"tu-mat-trung-bay-thit-dang-mo-nhieu-ngan-opo-sms2m2-06st\" width=\"820\" height=\"656\" srcset=\"https:\/\/thucpham.com\/vinacom\/wp-content\/uploads\/2020\/07\/tu-mat-trung-bay-thit-dang-mo-nhieu-ngan-opo-sms2m2-06st-1.jpg 820w, https:\/\/thucpham.com\/vinacom\/wp-content\/uploads\/2020\/07\/tu-mat-trung-bay-thit-dang-mo-nhieu-ngan-opo-sms2m2-06st-1-300x240.jpg 300w, https:\/\/thucpham.com\/vinacom\/wp-content\/uploads\/2020\/07\/tu-mat-trung-bay-thit-dang-mo-nhieu-ngan-opo-sms2m2-06st-1-768x614.jpg 768w, https:\/\/thucpham.com\/vinacom\/wp-content\/uploads\/2020\/07\/tu-mat-trung-bay-thit-dang-mo-nhieu-ngan-opo-sms2m2-06st-1-24x19.jpg 24w, https:\/\/thucpham.com\/vinacom\/wp-content\/uploads\/2020\/07\/tu-mat-trung-bay-thit-dang-mo-nhieu-ngan-opo-sms2m2-06st-1-36x29.jpg 36w, https:\/\/thucpham.com\/vinacom\/wp-content\/uploads\/2020\/07\/tu-mat-trung-bay-thit-dang-mo-nhieu-ngan-opo-sms2m2-06st-1-48x38.jpg 48w, https:\/\/thucpham.com\/vinacom\/wp-content\/uploads\/2020\/07\/tu-mat-trung-bay-thit-dang-mo-nhieu-ngan-opo-sms2m2-06st-1-510x408.jpg 510w\" sizes=\"(max-width: 820px) 100vw, 820px\" title=\"\"><\/p>\n<p style=\"text-align: center;\"><span style=\"font-family: helvetica, arial, sans-serif;\"><em>Th\u00f4ng tin s\u1ea3n ph\u1ea9m t\u1ee7 m\u00e1t tr\u01b0ng b\u00e0y th\u1ecbt d\u1ea1ng m\u1edf nhi\u1ec1u ng\u0103n OPO SMS2M2-06ST<\/em><\/span><\/p>\n<p style=\"text-align: justify;\"><span style=\"font-family: helvetica, arial, sans-serif;\"><span style=\"font-weight: 400;\">B\u00ean c\u1ea1nh \u0111\u00f3, <\/span><b><i>t\u1ee7 <\/i><\/b><b><i>m\u00e1t tr\u01b0ng b\u00e0y th\u1ecbt d\u1ea1ng m\u1edf nhi\u1ec1u ng\u0103n OPO SMS2M2-06ST <\/i><\/b><span style=\"font-weight: 400;\">s\u1eed d\u1ee5ng c\u00f4ng ngh\u1ec7 <\/span><span style=\"font-weight: 400;\">l\u00e0m l\u1ea1nh hi\u1ec7n \u0111\u1ea1i nh\u1ea5t \u0111\u1ebfn t\u1eeb H\u00e0n Qu\u1ed1c v\u1edbi hi\u1ec7u qu\u1ea3 l\u00e0m l\u1ea1nh nhanh v\u00e0 \u1ed5n \u0111\u1ecbnh gi\u00fap m\u00f4i tr\u01b0\u1eddng b\u1ea3o qu\u1ea3n lu\u00f4n \u0111\u01b0\u1ee3c duy tr\u00ec t\u1ed1t nh\u1ea5t. C\u1eeda t\u1ee7 \u0111\u01b0\u1ee3c thi\u1ebft k\u1ebf d\u1ea1ng k\u00ednh l\u00f9a v\u1eeba ti\u1ec7n l\u1ee3i \u0111\u1ec3 l\u1ea5y h\u00e0ng h\u00f3a ra v\u1eeba gi\u00fap ti\u1ebft ki\u1ec7m kh\u00f4ng gian di\u1ec7n t\u00edch. Kh\u00f4ng ch\u1ec9 v\u1eady, s\u1ea3n ph\u1ea9m c\u00f2n c\u00f3 kh\u1ea3 n\u0103ng ti\u1ebft ki\u1ec7m \u0111i\u1ec7n hi\u1ec7u qu\u1ea3 nh\u1edd t\u1ee7 c\u00f3 thi\u1ebft k\u1ebf 3 m\u1eb7t k\u00ednh v\u1edbi kh\u1ea3 n\u0103ng c\u00e1ch nhi\u1ec7t, h\u1ea1n ch\u1ebf t\u1ed1i \u0111a nhi\u1ec7t l\u1ea1nh \u00e0o ra b\u00ean ngo\u00e0i.&nbsp;<\/span><\/span><\/p>\n","protected":false},"excerpt":{"rendered":"<ul>\n<li style=\"font-weight: 400;\"><span style=\"font-weight: 400; font-family: helvetica, arial, sans-serif;\">Gi\u1eef nhi\u1ec7t t\u1ed1t, ti\u1ebft ki\u1ec7m \u0111i\u1ec7n hi\u1ec7u qu\u1ea3<\/span><\/li>\n<li style=\"font-weight: 400;\"><span style=\"font-weight: 400; font-family: helvetica, arial, sans-serif;\">C\u00f4ng ngh\u1ec7 l\u00e0m m\u00e1t ti\u00ean ti\u1ebfn \u0111\u1ebfn t\u1eeb H\u00e0n Qu\u1ed1c<\/span><\/li>\n<li style=\"font-weight: 400;\"><span style=\"font-weight: 400; font-family: helvetica, arial, sans-serif;\">L\u00e0m l\u1ea1nh nhanh, duy tr\u00ec nhi\u1ec7t \u0111\u1ed9 \u1ed5n \u0111\u1ecbnh<\/span><\/li>\n<li style=\"font-weight: 400;\"><span style=\"font-weight: 400; font-family: helvetica, arial, sans-serif;\">Thi\u1ebft k\u1ebf 3 m\u1eb7t k\u00ednh gi\u00fap quan s\u00e1t d\u1ec5 d\u00e0ng<\/span><\/li>\n<li style=\"font-weight: 400;\"><span style=\"font-weight: 400; font-family: helvetica, arial, sans-serif;\">D\u1ea1ng c\u1eeda l\u00f9a ti\u1ebft ki\u1ec7m kh\u00f4ng gian di\u1ec7n t\u00edch<\/span><\/li>\n<\/ul>\n","protected":false},"featured_media":39910,"comment_status":"open","ping_status":"closed","template":"","meta":[],"product_cat":[285],"product_tag":[],"_links":{"self":[{"href":"https:\/\/thucpham.com\/vinacom\/wp-json\/wp\/v2\/product\/11366"}],"collection":[{"href":"https:\/\/thucpham.com\/vinacom\/wp-json\/wp\/v2\/product"}],"about":[{"href":"https:\/\/thucpham.com\/vinacom\/wp-json\/wp\/v2\/types\/product"}],"replies":[{"embeddable":true,"href":"https:\/\/thucpham.com\/vinacom\/wp-json\/wp\/v2\/comments?post=11366"}],"wp:featuredmedia":[{"embeddable":true,"href":"https:\/\/thucpham.com\/vinacom\/wp-json\/wp\/v2\/media\/39910"}],"wp:attachment":[{"href":"https:\/\/thucpham.com\/vinacom\/wp-json\/wp\/v2\/media?parent=11366"}],"wp:term":[{"taxonomy":"product_cat","embeddable":true,"href":"https:\/\/thucpham.com\/vinacom\/wp-json\/wp\/v2\/product_cat?post=11366"},{"taxonomy":"product_tag","embeddable":true,"href":"https:\/\/thucpham.com\/vinacom\/wp-json\/wp\/v2\/product_tag?post=11366"}],"curies":[{"name":"wp","href":"https:\/\/api.w.org\/{rel}","templated":true}]}}