{"id":11360,"date":"2020-07-18T14:00:39","date_gmt":"2020-07-18T07:00:39","guid":{"rendered":"https:\/\/thucpham.com\/?post_type=product&#038;p=11360"},"modified":"2021-12-11T16:09:54","modified_gmt":"2021-12-11T09:09:54","slug":"tu-mat-trung-bay-thuc-uong-dang-mo-opo-smd4d2-12ns","status":"publish","type":"product","link":"https:\/\/thucpham.com\/vinacom\/tu-mat-trung-bay-thuc-uong-dang-mo-opo-smd4d2-12ns\/","title":{"rendered":"T\u1ee7 M\u00e1t Tr\u01b0ng B\u00e0y Th\u1ee9c U\u1ed1ng D\u1ea1ng M\u1edf OPO SMD4D2-12NS"},"content":{"rendered":"<p style=\"text-align: justify;\"><span style=\"font-family: helvetica, arial, sans-serif;\"><b><i>T\u1ee7 m\u00e1t tr\u01b0ng b\u00e0y th\u1ee9c u\u1ed1ng d\u1ea1ng m\u1edf OPO SMD4D2-12NS<\/i><\/b><span style=\"font-weight: 400;\"> l\u00e0 s\u1ef1 l\u1ef1a ch\u1ecdn ho\u00e0n h\u1ea3o \u0111\u1ec3 tr\u01b0ng b\u00e0y v\u00e0 b\u1ea3o qu\u1ea3n \u0111\u1ed3 u\u1ed1ng gi\u1ea3i kh\u00e1t. Chi\u1ebfc t\u1ee7 n\u00e0y \u0111\u01b0\u1ee3c thi\u1ebft k\u1ebf nhi\u1ec1u t\u1ea7ng c\u00f9ng h\u1ec7 th\u1ed1ng gi\u00e1 \u0111\u1ee1 ch\u1eafc ch\u1eafn, th\u00e1o l\u1eafp linh ho\u1ea1t, cho ph\u00e9p ng\u01b0\u1eddi d\u00f9ng <\/span><span style=\"font-weight: 400;\">b\u1ea3o qu\u1ea3n \u0111\u01b0\u1ee3c l\u01b0\u1ee3ng l\u1edbn \u0111\u1ed3 u\u1ed1ng m\u1ed9t c\u00e1ch ng\u0103n n\u1eafp v\u00e0 ti\u1ec7n l\u1ee3i.&nbsp; S\u1ea3n ph\u1ea9m s\u1edf h\u1eefu d\u00e0n linh ki\u1ec7n cao c\u1ea5p \u0111\u01b0\u1ee3c s\u1ea3n xu\u1ea5t v\u00e0 l\u1eafp r\u00e1p theo ti\u00eau chu\u1ea9n H\u00e0n Qu\u1ed1c, do v\u1eady b\u1ea1n kh\u00f4ng c\u1ea7n ph\u1ea3i lo l\u1eafng v\u1ec1 \u0111\u1ed9 b\u1ec1n c\u0169ng nh\u01b0 tu\u1ed5i th\u1ecd c\u1ee7a m\u00e1y.<\/span><\/span><\/p>\n<p><img class=\"size-full wp-image-12966 aligncenter\" src=\"https:\/\/thucpham.com\/wp-content\/uploads\/2020\/07\/tu-mat-trung-bay-thuc-uong-dang-mo-opo-smd4d2-12ns-1.jpg\" alt=\"tu-mat-trung-bay-thuc-uong-dang-mo-opo-smd4d2-12ns\" width=\"820\" height=\"656\" srcset=\"https:\/\/thucpham.com\/vinacom\/wp-content\/uploads\/2020\/07\/tu-mat-trung-bay-thuc-uong-dang-mo-opo-smd4d2-12ns-1.jpg 820w, https:\/\/thucpham.com\/vinacom\/wp-content\/uploads\/2020\/07\/tu-mat-trung-bay-thuc-uong-dang-mo-opo-smd4d2-12ns-1-300x240.jpg 300w, https:\/\/thucpham.com\/vinacom\/wp-content\/uploads\/2020\/07\/tu-mat-trung-bay-thuc-uong-dang-mo-opo-smd4d2-12ns-1-768x614.jpg 768w, https:\/\/thucpham.com\/vinacom\/wp-content\/uploads\/2020\/07\/tu-mat-trung-bay-thuc-uong-dang-mo-opo-smd4d2-12ns-1-24x19.jpg 24w, https:\/\/thucpham.com\/vinacom\/wp-content\/uploads\/2020\/07\/tu-mat-trung-bay-thuc-uong-dang-mo-opo-smd4d2-12ns-1-36x29.jpg 36w, https:\/\/thucpham.com\/vinacom\/wp-content\/uploads\/2020\/07\/tu-mat-trung-bay-thuc-uong-dang-mo-opo-smd4d2-12ns-1-48x38.jpg 48w, https:\/\/thucpham.com\/vinacom\/wp-content\/uploads\/2020\/07\/tu-mat-trung-bay-thuc-uong-dang-mo-opo-smd4d2-12ns-1-510x408.jpg 510w\" sizes=\"(max-width: 820px) 100vw, 820px\" title=\"\"><\/p>\n<p style=\"text-align: center;\"><span style=\"font-family: helvetica, arial, sans-serif;\"><em>Th\u00f4ng tin s\u1ea3n ph\u1ea9m t\u1ee7 m\u00e1t tr\u01b0ng b\u00e0y th\u1ee9c u\u1ed1ng d\u1ea1ng m\u1edf OPO SMD4D2-12NS<\/em><\/span><\/p>\n<p style=\"text-align: justify;\"><span style=\"font-family: helvetica, arial, sans-serif;\"><span style=\"font-weight: 400;\">Ngo\u00e0i ra, thi\u1ebft k\u1ebf m\u00e0u cam l\u1ea1 m\u1eaft c\u1ee7a t\u1ee7 c\u0169ng l\u00e0 m\u1ed9t \u0111i\u1ec3m nh\u1ea5n, gi\u00fap cho chi\u1ebfc t\u1ee7 thu h\u00fat kh\u00e1ch h\u00e0ng h\u01a1n. <\/span><b><i>T\u1ee7 m\u00e1t tr\u01b0ng b\u00e0y th\u1ee9c u\u1ed1ng d\u1ea1ng m\u1edf OPO SMD4D2-12NS<\/i><\/b><span style=\"font-weight: 400;\"> c\u00f3 h\u1ec7 th\u1ed1ng l\u00e0m l\u1ea1nh cao c\u1ea5p cho kh\u1ea3 n\u0103ng l\u00e0m l\u1ea1nh nhanh v\u00e0 \u0111\u1ed3ng \u0111\u1ec1u, <\/span><span style=\"font-weight: 400;\">nh\u1edd \u0111\u00f3 c\u00e1c lo\u1ea1i \u0111\u1ed3 u\u1ed1ng \u0111\u01b0\u1ee3c l\u00e0m m\u00e1t v\u00e0 b\u1ea3o qu\u1ea3n hi\u1ec7u qu\u1ea3 nh\u1ea5t<\/span><span style=\"font-weight: 400;\">. Nhi\u1ec7t \u0111\u1ed9 trong t\u1ee7 lu\u00f4n duy tr\u00ec \u1ed5n \u0111\u1ecbnh nh\u1edd c\u00f3 chip <\/span><span style=\"font-weight: 400;\">\u0111i\u1ec7n t\u1eed ki\u1ec3m so\u00e1t nhi\u1ec7t \u0111\u1ed9 ch\u00ednh x\u00e1c. Th\u00eam v\u00e0o \u0111\u00f3, h\u1ec7 th\u1ed1ng \u0111\u00e8n led chi\u1ebfu s\u00e1ng trong t\u1ee7 gi\u00fap ng\u01b0\u1eddi s\u1eed d\u1ee5ng v\u00e0 kh\u00e1ch h\u00e0ng c\u00f3 th\u1ec3 nh\u00ecn r\u00f5 v\u00e0 l\u1ef1a ch\u1ecdn \u0111\u1ed3 u\u1ed1ng d\u1ec5 d\u00e0ng h\u01a1n, \u0111\u1eb7c bi\u1ec7t l\u00e0 v\u00e0o bu\u1ed5i t\u1ed1i.&nbsp;<\/span><\/span><\/p>\n","protected":false},"excerpt":{"rendered":"<ul>\n<li style=\"font-weight: 400;\"><span style=\"font-weight: 400; font-family: helvetica, arial, sans-serif;\">Nh\u1eadp kh\u1ea9u t\u1eeb tr\u1ef1c ti\u1ebfp t\u1eeb H\u00e0n Qu\u1ed1c<\/span><\/li>\n<li style=\"font-weight: 400;\"><span style=\"font-weight: 400; font-family: helvetica, arial, sans-serif;\">Thi\u1ebft k\u1ebf m\u00e0u cam sang tr\u1ecdng, b\u1eaft m\u1eaft<\/span><\/li>\n<li style=\"font-weight: 400;\"><span style=\"font-weight: 400; font-family: helvetica, arial, sans-serif;\">H\u1ec7 th\u1ed1ng l\u00e0m l\u1ea1nh cao c\u1ea5p c\u00f3 kh\u1ea3 n\u0103ng l\u00e0m l\u1ea1nh nhanh<\/span><\/li>\n<li style=\"font-weight: 400;\"><span style=\"font-weight: 400; font-family: helvetica, arial, sans-serif;\">Chip \u0111i\u1ec7n t\u1eed ki\u1ec3m so\u00e1t nhi\u1ec7t \u0111\u1ed9 ch\u00ednh x\u00e1c<\/span><\/li>\n<li style=\"font-weight: 400;\"><span style=\"font-weight: 400; font-family: helvetica, arial, sans-serif;\">Linh ki\u1ec7n cao c\u1ea5p, v\u1eadn h\u00e0nh b\u1ec1n b\u1ec9<\/span><\/li>\n<\/ul>\n","protected":false},"featured_media":39895,"comment_status":"open","ping_status":"closed","template":"","meta":[],"product_cat":[285],"product_tag":[],"_links":{"self":[{"href":"https:\/\/thucpham.com\/vinacom\/wp-json\/wp\/v2\/product\/11360"}],"collection":[{"href":"https:\/\/thucpham.com\/vinacom\/wp-json\/wp\/v2\/product"}],"about":[{"href":"https:\/\/thucpham.com\/vinacom\/wp-json\/wp\/v2\/types\/product"}],"replies":[{"embeddable":true,"href":"https:\/\/thucpham.com\/vinacom\/wp-json\/wp\/v2\/comments?post=11360"}],"wp:featuredmedia":[{"embeddable":true,"href":"https:\/\/thucpham.com\/vinacom\/wp-json\/wp\/v2\/media\/39895"}],"wp:attachment":[{"href":"https:\/\/thucpham.com\/vinacom\/wp-json\/wp\/v2\/media?parent=11360"}],"wp:term":[{"taxonomy":"product_cat","embeddable":true,"href":"https:\/\/thucpham.com\/vinacom\/wp-json\/wp\/v2\/product_cat?post=11360"},{"taxonomy":"product_tag","embeddable":true,"href":"https:\/\/thucpham.com\/vinacom\/wp-json\/wp\/v2\/product_tag?post=11360"}],"curies":[{"name":"wp","href":"https:\/\/api.w.org\/{rel}","templated":true}]}}