{"id":11348,"date":"2020-07-18T13:41:11","date_gmt":"2020-07-18T13:41:11","guid":{"rendered":"https:\/\/thucpham.com\/?post_type=product&#038;p=11348"},"modified":"2021-12-11T11:58:29","modified_gmt":"2021-12-11T04:58:29","slug":"tu-trung-bay-banh-kingsun-ks-chp-4sc","status":"publish","type":"product","link":"https:\/\/thucpham.com\/vinacom\/tu-trung-bay-banh-kingsun-ks-chp-4sc\/","title":{"rendered":"T\u1ee7 Tr\u01b0ng B\u00e0y B\u00e1nh KingSun KS-CHP-4SC"},"content":{"rendered":"<p style=\"text-align: justify;\"><span style=\"font-family: helvetica, arial, sans-serif;\"><span style=\"font-weight: 400;\">M\u1ed9t c\u1eeda h\u00e0ng b\u00e1nh sinh nh\u1eadt, b\u00e1nh ng\u1ecdt, b\u00e1nh gato\u2026 kh\u00f4ng th\u1ec3 thi\u1ebfu nh\u1eefng chi\u1ebfc t\u1ee7 tr\u01b0ng b\u00e0y b\u00e1nh gi\u1ed1ng nh\u01b0 <\/span><b><i>t\u1ee7 tr\u01b0ng b\u00e0y b\u00e1nh KingSun KS-CHP-4SC<\/i><\/b><span style=\"font-weight: 400;\">. Ngo\u00e0i vi\u1ec7c tr\u01b0ng b\u00e0y v\u00e0 b\u1ea3o qu\u1ea3n c\u00e1c lo\u1ea1i b\u00e1nh, t\u1ee7 tr\u01b0ng b\u00e0y b\u00e1nh KingSun c\u00f2n <\/span><span style=\"font-weight: 400;\">gi\u00fap b\u1ea3o qu\u1ea3n b\u00e1nh kh\u1ecfi kh\u00f4 hay c\u1ee9ng v\u00e0 gi\u00fap cho b\u00e1nh \u0111\u01b0\u1ee3c t\u01b0\u01a1i m\u1edbi trong m\u1ed9t th\u1eddi gian. S\u1ea3n ph\u1ea9m c\u00f3 thi\u1ebft k\u1ebf sang tr\u1ecdng, tinh t\u1ebf v\u1edbi l\u1edbp v\u1ecf k\u00ednh trong su\u1ed1t gi\u00fap kh\u00e1ch h\u00e0ng d\u1ec5 d\u00e0ng quan s\u00e1t v\u00e0 l\u1ef1a ch\u1ecdn lo\u1ea1i b\u00e1nh mong mu\u1ed1n. H\u1ec7 th\u1ed1ng \u0111\u00e8n chi\u1ebfu s\u00e1ng b\u00ean trong t\u1ee7 s\u1ebd t\u0103ng th\u00eam s\u1ef1 h\u1ea5p d\u1eabn v\u00e0 lung linh cho nh\u1eefng chi\u1ebfc b\u00e1nh \u0111\u01b0\u1ee3c tr\u01b0ng b\u00e0y.<\/span><\/span><\/p>\n<p><img class=\"size-full wp-image-12958 aligncenter\" src=\"https:\/\/thucpham.com\/wp-content\/uploads\/2020\/07\/tu-trung-bay-banh-kingsun-ks-chp-4sc-1.jpg\" alt=\"tu-trung-bay-banh-kingsun-ks-chp-4sc\" width=\"820\" height=\"656\" srcset=\"https:\/\/thucpham.com\/vinacom\/wp-content\/uploads\/2020\/07\/tu-trung-bay-banh-kingsun-ks-chp-4sc-1.jpg 820w, https:\/\/thucpham.com\/vinacom\/wp-content\/uploads\/2020\/07\/tu-trung-bay-banh-kingsun-ks-chp-4sc-1-300x240.jpg 300w, https:\/\/thucpham.com\/vinacom\/wp-content\/uploads\/2020\/07\/tu-trung-bay-banh-kingsun-ks-chp-4sc-1-768x614.jpg 768w, https:\/\/thucpham.com\/vinacom\/wp-content\/uploads\/2020\/07\/tu-trung-bay-banh-kingsun-ks-chp-4sc-1-24x19.jpg 24w, https:\/\/thucpham.com\/vinacom\/wp-content\/uploads\/2020\/07\/tu-trung-bay-banh-kingsun-ks-chp-4sc-1-36x29.jpg 36w, https:\/\/thucpham.com\/vinacom\/wp-content\/uploads\/2020\/07\/tu-trung-bay-banh-kingsun-ks-chp-4sc-1-48x38.jpg 48w, https:\/\/thucpham.com\/vinacom\/wp-content\/uploads\/2020\/07\/tu-trung-bay-banh-kingsun-ks-chp-4sc-1-510x408.jpg 510w\" sizes=\"(max-width: 820px) 100vw, 820px\" title=\"\"><\/p>\n<p style=\"text-align: center;\"><span style=\"font-family: helvetica, arial, sans-serif;\"><em>Th\u00f4ng tin s\u1ea3n ph\u1ea9m t\u1ee7 tr\u01b0ng b\u00e0y b\u00e1nh KingSun KS-CHP-4SC<\/em><\/span><\/p>\n<p style=\"text-align: justify;\"><span style=\"font-family: helvetica, arial, sans-serif;\"><span style=\"font-weight: 400;\">Ngo\u00e0i ra, <\/span><b><i>t\u1ee7 tr\u01b0ng b\u00e0y b\u00e1nh KingSun KS-CHP-4SC<\/i><\/b><span style=\"font-weight: 400;\"> s\u1eed d\u1ee5ng m\u00e1y l\u00e0m l\u1ea1nh ch\u1ea5t l\u01b0\u1ee3ng cao v\u1edbi kh\u1ea3 n\u0103ng ho\u1ea1t \u0111\u1ed9ng \u1ed5n \u0111\u1ecbnh gi\u00fap c\u00e1c lo\u1ea1i b\u00e1nh lu\u00f4n \u0111\u01b0\u1ee3c b\u1ea3o qu\u1ea3n t\u1ed1t nh\u1ea5t. <\/span><span style=\"font-weight: 400;\">Thi\u1ebft b\u1ecb c\u00f3 th\u1ec3 duy tr\u00ec \u0111\u1ed9 \u1ea9m c\u1ee7a b\u00e1nh l\u00ean \u0111\u1ebfn 80% so v\u1edbi \u0111i\u1ec1u ki\u1ec7n b\u1ea3o qu\u1ea3n b\u00ean ngo\u00e0i nh\u1edd v\u1eady m\u00e0 ch\u1ea5t l\u01b0\u1ee3ng b\u00e1nh lu\u00f4n \u0111\u01b0\u1ee3c \u0111\u1ea3m b\u1ea3o. B\u1ea1n c\u0169ng c\u00f3 th\u1ec3 d\u1ec5 d\u00e0ng \u0111i\u1ec1u ch\u1ec9nh nhi\u1ec7t \u0111\u1ed9 t\u1eeb 2 \u0111\u1ed9 C \u0111\u1ebfn 8 \u0111\u1ed9 C \u0111\u1ec3 ph\u00f9 h\u1ee3p v\u1edbi t\u1eebng lo\u1ea1i b\u00e1nh. V\u1edbi linh ph\u1ee5 ki\u1ec7n ch\u1ea5t l\u01b0\u1ee3ng v\u00e0 v\u1ecf ngo\u00e0i b\u1eb1ng inox cao c\u1ea5p, b\u1ea1n ho\u00e0n to\u00e0n c\u00f3 th\u1ec3 an t\u00e2m v\u1ec1 \u0111\u1ed9 b\u1ec1n v\u00e0 tu\u1ed5i th\u1ecd c\u1ee7a <\/span><\/span><span style=\"font-weight: 400;\"><span style=\"font-family: helvetica, arial, sans-serif;\">KingSun KS-CHP-4SC.<\/span> <\/span><\/p>\n","protected":false},"excerpt":{"rendered":"<ul>\n<li style=\"font-weight: 400;\"><span style=\"font-weight: 400; font-family: helvetica, arial, sans-serif;\">V\u1eadn h\u00e0nh \u1ed5n \u0111\u1ecbnh, \u00eam \u00e1i trong th\u1eddi gian d\u00e0i<\/span><\/li>\n<li style=\"font-weight: 400;\"><span style=\"font-weight: 400; font-family: helvetica, arial, sans-serif;\">B\u1ea3o qu\u1ea3n v\u00e0 tr\u01b0ng b\u00e0y \u0111\u01b0\u1ee3c nhi\u1ec1u lo\u1ea1i b\u00e1nh<\/span><\/li>\n<li style=\"font-weight: 400;\"><span style=\"font-weight: 400; font-family: helvetica, arial, sans-serif;\">Ch\u1ee9c n\u0103ng s\u1ea5y k\u00ednh gi\u00fap k\u00ednh kh\u00f4ng b\u1ecb \u0111\u1ecdng s\u01b0\u01a1ng<\/span><\/li>\n<li style=\"font-weight: 400;\"><span style=\"font-weight: 400; font-family: helvetica, arial, sans-serif;\">B\u1ea3o qu\u1ea3n b\u00e1nh lu\u00f4n t\u01b0\u01a1i, kh\u00f4ng h\u1ec1 b\u1ecb kh\u00f4 hay c\u1ee9ng<\/span><\/li>\n<li style=\"font-weight: 400;\"><span style=\"font-weight: 400; font-family: helvetica, arial, sans-serif;\">4 b\u00e1nh xe gi\u00fap di chuy\u1ec3n linh ho\u1ea1t \u0111\u1ebfn v\u1ecb tr\u00ed mong mu\u1ed1n<\/span><\/li>\n<\/ul>\n","protected":false},"featured_media":39600,"comment_status":"open","ping_status":"closed","template":"","meta":[],"product_cat":[244,254],"product_tag":[],"_links":{"self":[{"href":"https:\/\/thucpham.com\/vinacom\/wp-json\/wp\/v2\/product\/11348"}],"collection":[{"href":"https:\/\/thucpham.com\/vinacom\/wp-json\/wp\/v2\/product"}],"about":[{"href":"https:\/\/thucpham.com\/vinacom\/wp-json\/wp\/v2\/types\/product"}],"replies":[{"embeddable":true,"href":"https:\/\/thucpham.com\/vinacom\/wp-json\/wp\/v2\/comments?post=11348"}],"wp:featuredmedia":[{"embeddable":true,"href":"https:\/\/thucpham.com\/vinacom\/wp-json\/wp\/v2\/media\/39600"}],"wp:attachment":[{"href":"https:\/\/thucpham.com\/vinacom\/wp-json\/wp\/v2\/media?parent=11348"}],"wp:term":[{"taxonomy":"product_cat","embeddable":true,"href":"https:\/\/thucpham.com\/vinacom\/wp-json\/wp\/v2\/product_cat?post=11348"},{"taxonomy":"product_tag","embeddable":true,"href":"https:\/\/thucpham.com\/vinacom\/wp-json\/wp\/v2\/product_tag?post=11348"}],"curies":[{"name":"wp","href":"https:\/\/api.w.org\/{rel}","templated":true}]}}