{"id":11264,"date":"2020-07-17T19:56:40","date_gmt":"2020-07-17T19:56:40","guid":{"rendered":"https:\/\/thucpham.com\/?post_type=product&#038;p=11264"},"modified":"2021-12-11T11:58:14","modified_gmt":"2021-12-11T04:58:14","slug":"tu-trung-bay-giu-nong-kingsun-ks-h430","status":"publish","type":"product","link":"https:\/\/thucpham.com\/vinacom\/tu-trung-bay-giu-nong-kingsun-ks-h430\/","title":{"rendered":"T\u1ee7 Tr\u01b0ng B\u00e0y Gi\u1eef N\u00f3ng KingSun KS-H430"},"content":{"rendered":"<p style=\"text-align: justify;\"><span style=\"font-family: helvetica, arial, sans-serif;\"><span style=\"font-weight: 400;\">\u0110\u1ed1i v\u1edbi chu\u1ed7i c\u1eeda h\u00e0ng \u0111\u1ed3 \u0103n nhanh, b\u1ebfp \u0103n t\u1eadp th\u1ec3, c\u1eeda h\u00e0ng ti\u1ec7n l\u1ee3i, c\u1eeda h\u00e0ng th\u1ee9c \u0103n ch\u1ebf bi\u1ebfn s\u1eb5n, nh\u00e0 h\u00e0ng&#8230;h\u00e0ng ng\u00e0y ph\u1ee5c v\u1ee5 nhi\u1ec1u su\u1ea5t \u0103n v\u00e0 m\u1ed9t s\u1ed1 \u0111\u1ed3 \u0103n c\u1ea7n ch\u1ebf bi\u1ebfn s\u1eb5n. Tuy nhi\u00ean, th\u1ee9c \u0103n m\u00e0 ch\u1ebf bi\u1ebfn s\u1eb5n n\u1ebfu kh\u00f4ng bi\u1ebft c\u00e1ch b\u1ea3o qu\u1ea3n \u0111\u00fang c\u00e1ch s\u1ebd gi\u1ea3m ch\u1ea5t l\u01b0\u1ee3ng, v\u00e0 \u0111\u1eb7c bi\u1ec7t s\u1ebd khi\u1ebfn kh\u00e1ch h\u00e0ng kh\u00f4ng h\u00e0i l\u00f2ng. S\u1ef1 ra \u0111\u1eddi c\u1ee7a <\/span><b><i>t\u1ee7 <\/i><\/b><b><i>tr\u01b0ng b\u00e0y gi\u1eef n\u00f3ng KingSun KS-H430<\/i><\/b><span style=\"font-weight: 400;\"> s\u1ebd gi\u00fap b\u1ea1n b\u1ea3o qu\u1ea3n v\u00e0 <\/span><span style=\"font-weight: 400;\">gi\u1eef th\u1ee9c \u0103n lu\u00f4n n\u00f3ng s\u1ed1t nh\u01b0ng kh\u00f4ng l\u00e0m \u1ea3nh h\u01b0\u1edfng \u0111\u1ebfn h\u01b0\u01a1ng v\u1ecb c\u1ee7a ch\u00fang, khi\u1ebfn \u0111\u1ed3 \u0103n \u0111\u1ebfn tay th\u1ef1c kh\u00e1ch lu\u00f4n \u0111\u01b0\u1ee3c n\u00f3ng s\u1ed1t v\u00e0 th\u01a1m ngon, lu\u00f4n l\u00e0m h\u00e0i l\u00f2ng nh\u1eefng kh\u00e1ch h\u00e0ng kh\u00f3 t\u00ednh nh\u1ea5t.&nbsp;<\/span><\/span><\/p>\n<p><img class=\"size-full wp-image-12783 aligncenter\" src=\"https:\/\/thucpham.com\/wp-content\/uploads\/2020\/07\/tu-trung-bay-giu-nong-kingsun-ks-h430-banner.jpg\" alt=\"tu-trung-bay-giu-nong-kingsun-ks-h430\" width=\"820\" height=\"656\" srcset=\"https:\/\/thucpham.com\/vinacom\/wp-content\/uploads\/2020\/07\/tu-trung-bay-giu-nong-kingsun-ks-h430-banner.jpg 820w, https:\/\/thucpham.com\/vinacom\/wp-content\/uploads\/2020\/07\/tu-trung-bay-giu-nong-kingsun-ks-h430-banner-300x240.jpg 300w, https:\/\/thucpham.com\/vinacom\/wp-content\/uploads\/2020\/07\/tu-trung-bay-giu-nong-kingsun-ks-h430-banner-768x614.jpg 768w, https:\/\/thucpham.com\/vinacom\/wp-content\/uploads\/2020\/07\/tu-trung-bay-giu-nong-kingsun-ks-h430-banner-24x19.jpg 24w, https:\/\/thucpham.com\/vinacom\/wp-content\/uploads\/2020\/07\/tu-trung-bay-giu-nong-kingsun-ks-h430-banner-36x29.jpg 36w, https:\/\/thucpham.com\/vinacom\/wp-content\/uploads\/2020\/07\/tu-trung-bay-giu-nong-kingsun-ks-h430-banner-48x38.jpg 48w, https:\/\/thucpham.com\/vinacom\/wp-content\/uploads\/2020\/07\/tu-trung-bay-giu-nong-kingsun-ks-h430-banner-510x408.jpg 510w\" sizes=\"(max-width: 820px) 100vw, 820px\" title=\"\"><\/p>\n<p style=\"text-align: center;\"><em><span style=\"font-family: helvetica, arial, sans-serif;\">Th\u00f4ng tin s\u1ea3n ph\u1ea9m t\u1ee7 tr\u01b0ng b\u00e0y gi\u1eef n\u00f3ng KingSun KS-H430<\/span><\/em><\/p>\n<p style=\"text-align: justify;\"><span style=\"font-family: helvetica, arial, sans-serif;\"><b><i>T\u1ee7 tr\u01b0ng b\u00e0y gi\u1eef n\u00f3ng KingSun KS-H430<\/i><\/b><span style=\"font-weight: 400;\"> \u0111\u01b0\u1ee3c thi\u1ebft k\u1ebf hi\u1ec7n \u0111\u1ea1i, \u0111\u01b0\u1eddng n\u00e9t thanh l\u1ecbch, mang \u0111\u1ebfn s\u1ef1 sang tr\u1ecdng v\u00e0 chuy\u00ean nghi\u1ec7p cho kh\u00f4ng gian tr\u01b0ng b\u00e0y. M\u1eb7t k\u00ednh c\u01b0\u1eddng l\u1ef1c c\u00f3 \u0111\u1ed9 b\u1ec1n cao, trong su\u1ed1t, gi\u00fap <\/span><span style=\"font-weight: 400;\">kh\u00e1ch h\u00e0ng d\u1ec5 d\u00e0ng quan s\u00e1t v\u00e0 l\u1ef1a ch\u1ecdn lo\u1ea1i \u0111\u1ed3 \u0103n m\u00ecnh mu\u1ed1n. B\u00ean c\u1ea1nh \u0111\u00f3, <\/span><span style=\"font-weight: 400;\">t\u1ee7 tr\u01b0ng b\u00e0y gi\u1eef n\u00f3ng KingSun c\u00f2n \u0111\u01b0\u1ee3c trang b\u1ecb ch\u1ee9c n\u0103ng s\u1ea5y k\u00ednh, h\u1ea1n ch\u1ebf t\u00ednh tr\u1ea1ng \u0111\u1ecdng s\u01b0\u01a1ng, gi\u1eef cho khang trong t\u1ee7 lu\u00f4n kh\u00f4 r\u00e1o kh\u00f4ng c\u00f3 h\u01a1i n\u01b0\u1edbc \u0111\u1ecdng l\u1ea1i. Kh\u00f4ng ch\u1ec9 v\u1eady, KingSun KS-H430 <\/span><span style=\"font-weight: 400;\">c\u00f2n cho ph\u00e9p b\u1ea1n \u0111i\u1ec1u ch\u1ec9nh nhi\u1ec7t \u0111\u1ed9 t\u1eeb 45-75 \u0111\u1ed9 C n\u00ean ph\u00f9 h\u1ee3p \u0111\u1ec3 b\u1ea3o qu\u1ea3n v\u00e0 h\u00e2m n\u00f3ng nhi\u1ec1u lo\u1ea1i th\u1ee9c \u0103n \u0111\u00e3 qua ch\u1ebf bi\u1ebfn.<\/span><\/span><\/p>\n","protected":false},"excerpt":{"rendered":"<ul>\n<li style=\"font-weight: 400;\"><span style=\"font-weight: 400; font-family: helvetica, arial, sans-serif;\">D\u1ea3i nhi\u1ec7t t\u1eeb 45 \u0111\u1ebfn 75 \u0111\u1ed9 C, ph\u00f9 h\u1ee3p b\u1ea3o qu\u1ea3n nhi\u1ec1u lo\u1ea1i th\u1ef1c ph\u1ea9m<\/span><\/li>\n<li style=\"font-weight: 400;\"><span style=\"font-weight: 400; font-family: helvetica, arial, sans-serif;\">M\u1eb7t k\u00ednh c\u00f3 kh\u1ea3 n\u0103ng ch\u1ecbu l\u1ef1c t\u1ed1t, ch\u1ed1ng va \u0111\u1eadp hi\u1ec7u qu\u1ea3<\/span><\/li>\n<li style=\"font-weight: 400;\"><span style=\"font-weight: 400; font-family: helvetica, arial, sans-serif;\">D\u1ec5 d\u00e0ng lau ch\u00f9i v\u1ec7 sinh sau khi s\u1eed d\u1ee5ng<\/span><\/li>\n<li style=\"font-weight: 400;\"><span style=\"font-weight: 400; font-family: helvetica, arial, sans-serif;\">4 b\u00e1nh xe gi\u00fap di chuy\u1ec3n linh ho\u1ea1t<\/span><\/li>\n<li style=\"font-weight: 400;\"><span style=\"font-weight: 400; font-family: helvetica, arial, sans-serif;\">H\u1ec7 th\u1ed1ng h\u00e2m n\u00f3ng c\u00f3 th\u1ec3 duy tr\u00ec nhi\u1ec7t \u0111\u1ed9 \u1ed5n \u0111\u1ecbnh<\/span><\/li>\n<\/ul>\n","protected":false},"featured_media":39590,"comment_status":"open","ping_status":"closed","template":"","meta":[],"product_cat":[244,254],"product_tag":[],"_links":{"self":[{"href":"https:\/\/thucpham.com\/vinacom\/wp-json\/wp\/v2\/product\/11264"}],"collection":[{"href":"https:\/\/thucpham.com\/vinacom\/wp-json\/wp\/v2\/product"}],"about":[{"href":"https:\/\/thucpham.com\/vinacom\/wp-json\/wp\/v2\/types\/product"}],"replies":[{"embeddable":true,"href":"https:\/\/thucpham.com\/vinacom\/wp-json\/wp\/v2\/comments?post=11264"}],"wp:featuredmedia":[{"embeddable":true,"href":"https:\/\/thucpham.com\/vinacom\/wp-json\/wp\/v2\/media\/39590"}],"wp:attachment":[{"href":"https:\/\/thucpham.com\/vinacom\/wp-json\/wp\/v2\/media?parent=11264"}],"wp:term":[{"taxonomy":"product_cat","embeddable":true,"href":"https:\/\/thucpham.com\/vinacom\/wp-json\/wp\/v2\/product_cat?post=11264"},{"taxonomy":"product_tag","embeddable":true,"href":"https:\/\/thucpham.com\/vinacom\/wp-json\/wp\/v2\/product_tag?post=11264"}],"curies":[{"name":"wp","href":"https:\/\/api.w.org\/{rel}","templated":true}]}}