{"id":11261,"date":"2020-07-17T19:53:44","date_gmt":"2020-07-17T19:53:44","guid":{"rendered":"https:\/\/thucpham.com\/?post_type=product&#038;p=11261"},"modified":"2021-12-11T11:58:07","modified_gmt":"2021-12-11T04:58:07","slug":"tu-trung-bay-banh-kingsun-ks-g300fs","status":"publish","type":"product","link":"https:\/\/thucpham.com\/vinacom\/tu-trung-bay-banh-kingsun-ks-g300fs\/","title":{"rendered":"T\u1ee7 Tr\u01b0ng B\u00e0y B\u00e1nh KingSun KS-G300FS"},"content":{"rendered":"<p style=\"text-align: justify;\"><span style=\"font-family: helvetica, arial, sans-serif;\"><b><i>T\u1ee7 tr\u01b0ng b\u00e0y b\u00e1nh&nbsp; KingSun KS-G300FS<\/i><\/b><span style=\"font-weight: 400;\"> l\u00e0 d\u00f2ng s\u1ea3n ph\u1ea9m \u0111\u01b0\u1ee3c s\u1eed d\u1ee5ng \u0111\u1ec3 tr\u01b0ng b\u00e0y v\u00e0 b\u1ea3o qu\u1ea3n c\u00e1c lo\u1ea1i b\u00e1nh kem, b\u00e1nh gato, b\u00e1nh ng\u1ecdt&#8230;Nhi\u1ec7t \u0111\u1ed9 trong t\u1ee7 lu\u00f4n \u0111\u01b0\u1ee3c duy tr\u00ec \u1ed5n \u0111\u1ecbnh v\u00e0 kh\u1ea3 n\u0103ng ph\u00e2n b\u1ed1 nhi\u1ec7t \u0111\u1ed3ng \u0111\u1ec1u t\u1ea1o ra m\u00f4i tr\u01b0\u1eddng b\u1ea3o qu\u1ea3n b\u00e1nh l\u00fd t\u01b0\u1edfng.<\/span><span style=\"font-weight: 400;\"> S\u1ea3n ph\u1ea9m c\u00f3 thi\u1ebft k\u1ebf \u0111\u1eb9p m\u1eaft, hi\u1ec7n \u0111\u1ea1i v\u1edbi 4 m\u1eb7t k\u00ednh trong su\u1ed1t gi\u00fap ng\u01b0\u1eddi d\u00f9ng v\u00e0 kh\u00e1ch h\u00e0ng d\u1ec5 d\u00e0ng quan s\u00e1t v\u00e0 l\u1ef1a ch\u1ecdn s\u1ea3n ph\u1ea9m theo \u00fd mu\u1ed1n. B\u00e1nh \u0111\u01b0\u1ee3c b\u1ea3o qu\u1ea3n trong t\u1ee7<\/span> <span style=\"font-weight: 400;\">c\u00f3 th\u1ec3 duy tr\u00ec \u0111\u1ed9 \u1ea9m l\u00ean t\u1edbi 80% so v\u1edbi m\u00f4i tr\u01b0\u1eddng b\u00ean ngo\u00e0i n\u00ean b\u00e1nh lu\u00f4n gi\u1eef \u0111\u01b0\u1ee3c \u0111\u1ed9 ngon m\u1ec1m.&nbsp;<\/span><\/span><\/p>\n<p><img class=\"size-full wp-image-12790 aligncenter\" src=\"https:\/\/thucpham.com\/wp-content\/uploads\/2020\/07\/tu-trung-bay-banh-kingsun-ks-g300fs-banner.jpg\" alt=\"tu-trung-bay-banh-kingsun-ks-g300fs\" width=\"820\" height=\"656\" srcset=\"https:\/\/thucpham.com\/vinacom\/wp-content\/uploads\/2020\/07\/tu-trung-bay-banh-kingsun-ks-g300fs-banner.jpg 820w, https:\/\/thucpham.com\/vinacom\/wp-content\/uploads\/2020\/07\/tu-trung-bay-banh-kingsun-ks-g300fs-banner-300x240.jpg 300w, https:\/\/thucpham.com\/vinacom\/wp-content\/uploads\/2020\/07\/tu-trung-bay-banh-kingsun-ks-g300fs-banner-768x614.jpg 768w, https:\/\/thucpham.com\/vinacom\/wp-content\/uploads\/2020\/07\/tu-trung-bay-banh-kingsun-ks-g300fs-banner-24x19.jpg 24w, https:\/\/thucpham.com\/vinacom\/wp-content\/uploads\/2020\/07\/tu-trung-bay-banh-kingsun-ks-g300fs-banner-36x29.jpg 36w, https:\/\/thucpham.com\/vinacom\/wp-content\/uploads\/2020\/07\/tu-trung-bay-banh-kingsun-ks-g300fs-banner-48x38.jpg 48w, https:\/\/thucpham.com\/vinacom\/wp-content\/uploads\/2020\/07\/tu-trung-bay-banh-kingsun-ks-g300fs-banner-510x408.jpg 510w\" sizes=\"(max-width: 820px) 100vw, 820px\" title=\"\"><\/p>\n<p style=\"text-align: center;\"><em><span style=\"font-family: helvetica, arial, sans-serif;\">Th\u00f4ng tin s\u1ea3n ph\u1ea9m t\u1ee7 tr\u01b0ng b\u00e0y b\u00e1nh&nbsp; KingSun KS-G300FS<\/span><\/em><\/p>\n<p style=\"text-align: justify;\"><span style=\"font-family: helvetica, arial, sans-serif;\"><b><i>T\u1ee7 tr\u01b0ng b\u00e0y b\u00e1nh&nbsp; KingSun KS-G300FS<\/i><\/b><span style=\"font-weight: 400;\"> \u0111\u01b0\u1ee3c thi\u1ebft k\u1ebf v\u1edbi d\u1ea3i di\u1ec7t r\u1ed9ng t\u1eeb <\/span><span style=\"font-weight: 400;\">2 \u0111\u1ebfn 10 \u0111\u1ed9 C v\u00e0 3 t\u1ea7ng n\u00ean ph\u00f9 h\u1ee3p \u0111\u1ec3 b\u1ea3o qu\u1ea3n nhi\u1ec1u lo\u1ea1i b\u00e1nh kh\u00e1c nhau. H\u1ec7 th\u1ed1ng \u0111i\u1ec1u ch\u1ec9nh nhi\u1ec7t \u0111\u1ed9 s\u1eed d\u1ee5ng d\u1ec5 d\u00e0ng v\u00e0 \u0111\u01a1n gi\u1ea3n, cho ph\u00e9p ng\u01b0\u1eddi d\u00f9ng t\u00f9y ch\u1ec9nh m\u1ee9c nhi\u1ec7t th\u00edch h\u1ee3p \u0111\u1ec3 b\u1ea3o qu\u1ea3n b\u00e1nh t\u01b0\u01a1i v\u00e0 ngon nh\u1ea5t. B\u00ean c\u1ea1nh \u0111\u00f3, c\u00e1c v\u1eadt li\u1ec7u s\u1ea3n xu\u1ea5t ra t\u1ee7 <\/span><span style=\"font-weight: 400;\">tr\u01b0ng b\u00e0y b\u00e1nh&nbsp; KingSun \u0111\u1ec1u<\/span><span style=\"font-weight: 400;\"> l\u00e0 v\u1eadt li\u1ec7u cao c\u1ea5p, h\u1ea1n ch\u1ebf han g\u1ec9, ch\u1ed1ng va \u0111\u1eadp t\u1ed1t t\u1ee7 c\u00f3 \u0111\u1ed9 b\u1ec1n v\u00e0 tu\u1ed5i th\u1ecd v\u01b0\u1ee3t tr\u1ed9i.<\/span><\/span><\/p>\n","protected":false},"excerpt":{"rendered":"<ul>\n<li style=\"font-weight: 400;\"><span style=\"font-weight: 400; font-family: helvetica, arial, sans-serif;\">V\u1eeba tr\u01b0ng b\u00e0y v\u1eeba b\u1ea3o qu\u1ea3n b\u00e1nh hi\u1ec7u qu\u1ea3<\/span><\/li>\n<li style=\"font-weight: 400;\"><span style=\"font-weight: 400; font-family: helvetica, arial, sans-serif;\">Ho\u1ea1t \u0111\u1ed9ng b\u1ec1n b\u1ec9, v\u1eadn h\u00e0nh \u00eam \u00e1i<\/span><\/li>\n<li style=\"font-weight: 400;\"><span style=\"font-weight: 400; font-family: helvetica, arial, sans-serif;\">Thi\u1ebft k\u1ebf 3 t\u1ea7ng gi\u00fap l\u01b0u tr\u1eef s\u1ed1 l\u01b0\u1ee3ng b\u00e1nh nhi\u1ec1u<\/span><\/li>\n<li style=\"font-weight: 400;\"><span style=\"font-weight: 400; font-family: helvetica, arial, sans-serif;\">S\u1ea3n xu\u1ea5t t\u1eeb nh\u1eefng v\u1eadt li\u1ec7u cao c\u1ea5p, s\u00e1ng b\u00f3ng<\/span><\/li>\n<li style=\"font-weight: 400;\"><span style=\"font-weight: 400; font-family: helvetica, arial, sans-serif;\">Trang b\u1ecb b\u00e1nh xe \u0111\u1ec3 di chuy\u1ec3n d\u1ec5 d\u00e0ng khi c\u1ea7n thi\u1ebft<\/span><\/li>\n<\/ul>\n","protected":false},"featured_media":39591,"comment_status":"open","ping_status":"closed","template":"","meta":[],"product_cat":[244,254],"product_tag":[],"_links":{"self":[{"href":"https:\/\/thucpham.com\/vinacom\/wp-json\/wp\/v2\/product\/11261"}],"collection":[{"href":"https:\/\/thucpham.com\/vinacom\/wp-json\/wp\/v2\/product"}],"about":[{"href":"https:\/\/thucpham.com\/vinacom\/wp-json\/wp\/v2\/types\/product"}],"replies":[{"embeddable":true,"href":"https:\/\/thucpham.com\/vinacom\/wp-json\/wp\/v2\/comments?post=11261"}],"wp:featuredmedia":[{"embeddable":true,"href":"https:\/\/thucpham.com\/vinacom\/wp-json\/wp\/v2\/media\/39591"}],"wp:attachment":[{"href":"https:\/\/thucpham.com\/vinacom\/wp-json\/wp\/v2\/media?parent=11261"}],"wp:term":[{"taxonomy":"product_cat","embeddable":true,"href":"https:\/\/thucpham.com\/vinacom\/wp-json\/wp\/v2\/product_cat?post=11261"},{"taxonomy":"product_tag","embeddable":true,"href":"https:\/\/thucpham.com\/vinacom\/wp-json\/wp\/v2\/product_tag?post=11261"}],"curies":[{"name":"wp","href":"https:\/\/api.w.org\/{rel}","templated":true}]}}