{"id":11189,"date":"2020-07-16T22:49:13","date_gmt":"2020-07-16T22:49:13","guid":{"rendered":"https:\/\/thucpham.com\/?post_type=product&#038;p=11189"},"modified":"2021-12-13T16:21:28","modified_gmt":"2021-12-13T09:21:28","slug":"tu-say-bat-diet-khuan-1-canh-kinh-trung-quoc","status":"publish","type":"product","link":"https:\/\/thucpham.com\/vinacom\/tu-say-bat-diet-khuan-1-canh-kinh-trung-quoc\/","title":{"rendered":"T\u1ee7 S\u1ea5y B\u00e1t Di\u1ec7t Khu\u1ea9n 1 C\u00e1nh K\u00ednh Trung Qu\u1ed1c"},"content":{"rendered":"<p style=\"text-align: justify;\"><span style=\"font-family: helvetica, arial, sans-serif;\"><span style=\"font-weight: 400;\">V\u1edbi kh\u1ea3 n\u0103ng s\u1ea5y kh\u00f4 nhanh h\u00e0ng tr\u0103m chi\u1ebfc b\u00e1t \u0111\u0129a, kh\u0103n, th\u00eca d\u0129a &#8230;\u0111\u1ed3ng th\u1eddi kh\u1eed tr\u00f9ng, di\u1ec7t khu\u1ea9n n\u1ea5m m\u1ed1c nh\u1edd c\u00f4ng ngh\u1ec7 Ozone hi\u1ec7n \u0111\u1ea1i, <\/span><b><i>t\u1ee7 s\u1ea5y b\u00e1t di\u1ec7t khu\u1ea9n 1 c\u00e1nh k\u00ednh Trung Qu\u1ed1c<\/i><\/b><span style=\"font-weight: 400;\"> kh\u00f4ng ch\u1ec9 gi\u00fap ti\u1ebft ki\u1ec7m th\u1eddi gian, chi ph\u00ed thu\u00ea nh\u00e2n c\u00f4ng, c\u00f4ng s\u1ee9c b\u1ecf ra <\/span><span style=\"font-weight: 400;\">m\u00e0 c\u00f2n \u0111\u1ea3m b\u1ea3o v\u1ec7 sinh an to\u00e0n th\u1ef1c ph\u1ea9m. Thi\u1ebft b\u1ecb \u0111\u01b0\u1ee3c s\u1ea3n xu\u1ea5t tr\u00ean d\u00e2y chuy\u1ec1n c\u00f4ng ngh\u1ec7 ti\u00ean ti\u1ebfn, hi\u1ec7n \u0111\u1ea1i v\u1edbi thi\u1ebft k\u1ebf b\u1ec1n \u0111\u1eb9p v\u00e0 sang tr\u1ecdng. Ch\u1eafc ch\u1eafn s\u1ea3n ph\u1ea9m s\u1ebd l\u00e0m h\u00e0i l\u00f2ng m\u1ecdi kh\u00e1ch h\u00e0ng ngay t\u1eeb c\u00e1i nh\u00ecn \u0111\u1ea7u ti\u00ean.&nbsp;<\/span><\/span><\/p>\n<p><img class=\"size-full wp-image-12775 aligncenter\" src=\"https:\/\/thucpham.com\/wp-content\/uploads\/2020\/07\/tu-say-bat-diet-khuan-1-canh-kinh-trung-quoc-banner.jpg\" alt=\"tu-say-bat-diet-khuan-1-canh-kinh-trung-quoc\" width=\"820\" height=\"656\" srcset=\"https:\/\/thucpham.com\/vinacom\/wp-content\/uploads\/2020\/07\/tu-say-bat-diet-khuan-1-canh-kinh-trung-quoc-banner.jpg 820w, https:\/\/thucpham.com\/vinacom\/wp-content\/uploads\/2020\/07\/tu-say-bat-diet-khuan-1-canh-kinh-trung-quoc-banner-300x240.jpg 300w, https:\/\/thucpham.com\/vinacom\/wp-content\/uploads\/2020\/07\/tu-say-bat-diet-khuan-1-canh-kinh-trung-quoc-banner-768x614.jpg 768w, https:\/\/thucpham.com\/vinacom\/wp-content\/uploads\/2020\/07\/tu-say-bat-diet-khuan-1-canh-kinh-trung-quoc-banner-24x19.jpg 24w, https:\/\/thucpham.com\/vinacom\/wp-content\/uploads\/2020\/07\/tu-say-bat-diet-khuan-1-canh-kinh-trung-quoc-banner-36x29.jpg 36w, https:\/\/thucpham.com\/vinacom\/wp-content\/uploads\/2020\/07\/tu-say-bat-diet-khuan-1-canh-kinh-trung-quoc-banner-48x38.jpg 48w, https:\/\/thucpham.com\/vinacom\/wp-content\/uploads\/2020\/07\/tu-say-bat-diet-khuan-1-canh-kinh-trung-quoc-banner-510x408.jpg 510w\" sizes=\"(max-width: 820px) 100vw, 820px\" title=\"\"><\/p>\n<p style=\"text-align: center;\"><span style=\"font-family: helvetica, arial, sans-serif;\"><em>Th\u00f4ng tin s\u1ea3n ph\u1ea9m t\u1ee7 s\u1ea5y b\u00e1t di\u1ec7t khu\u1ea9n 1 c\u00e1nh k\u00ednh Trung Qu\u1ed1c<\/em><\/span><\/p>\n<p style=\"text-align: justify;\"><span style=\"font-family: helvetica, arial, sans-serif;\"><span style=\"font-weight: 400;\">T\u1ee7 s\u1ea5y b\u00e1t 1 c\u00e1nh k\u00ednh Trung Qu\u1ed1c \u0111\u01b0\u1ee3c l\u00e0m b\u1eb1ng inox cao c\u1ea5p, s\u00e1ng b\u00f3ng, h\u1ea1n ch\u1ebf han g\u1ec9 hay \u1ed1 v\u00e0ng khi ti\u1ebfp x\u00fac li\u00ean t\u1ee5c v\u1edbi m\u00f4i tr\u01b0\u1eddng n\u01b0\u1edbc v\u00e0 nhi\u1ec7t \u0111\u1ed9 cao. Ph\u1ea7n c\u1eeda c\u00f3 m\u1eb7t k\u00ednh c\u01b0\u1eddng l\u1ef1c si\u00eau b\u1ec1n ch\u1eafc, trong su\u1ed1t, gi\u00fap b\u1ea1n d\u1ec5 d\u00e0ng quan s\u00e1t ho\u1ea1t \u0111\u1ed9ng s\u1ea5y b\u00e1t b\u00ean trong. B\u00ean c\u1ea1nh \u0111\u00f3, c\u00e1c gi\u00e1 \u0111\u1ee1 b\u00ean trong \u0111\u01b0\u1ee3c khoan v\u00edt ch\u1eafc ch\u1eafn. Nh\u1edd c\u00f3 c\u00f4ng ngh\u1ec7 \u0111\u00e8n Halogen lan t\u1ecfa nhi\u1ec7t \u0111\u1ed9 cao m\u00e0 b\u00e1t \u0111\u0129a \u0111\u01b0\u1ee3c s\u1ea5y kh\u00f4 si\u00eau t\u1ed1c, ti\u1ebft ki\u1ec7m nh\u00e2n c\u00f4ng lau kh\u00f4 b\u00e1t b\u1eb1ng kh\u0103n v\u1ea3i. V\u00ec v\u1eady, ng\u01b0\u1eddi d\u00f9ng c\u00f3 th\u1ec3 ho\u00e0n to\u00e0n an t\u00e2m khi s\u1eed d\u1ee5ng <\/span><b><i>t\u1ee7 s\u1ea5y b\u00e1t di\u1ec7t khu\u1ea9n 1 c\u00e1nh k\u00ednh Trung Qu\u1ed1c<\/i><\/b><span style=\"font-weight: 400;\">.&nbsp;<\/span><\/span><\/p>\n","protected":false},"excerpt":{"rendered":"<ul>\n<li style=\"font-weight: 400;\"><span style=\"font-weight: 400; font-family: helvetica, arial, sans-serif;\">Ch\u1ea5t li\u1ec7u inox cao c\u1ea5p b\u1ec1n \u0111\u1eb9p<\/span><\/li>\n<li style=\"font-weight: 400;\"><span style=\"font-weight: 400; font-family: helvetica, arial, sans-serif;\">C\u1eeda k\u00ednh c\u01b0\u1eddng l\u1ef1c ch\u1ed1ng va \u0111\u1eadp<\/span><\/li>\n<li style=\"font-weight: 400;\"><span style=\"font-weight: 400; font-family: helvetica, arial, sans-serif;\">Di\u1ec7t khu\u1ea9n, kh\u1eed tr\u00f9ng b\u1eb1ng c\u00f4ng ngh\u1ec7 Ozone\u00a0<\/span><\/li>\n<li style=\"font-weight: 400;\"><span style=\"font-weight: 400; font-family: helvetica, arial, sans-serif;\">C\u00f4ng ngh\u1ec7 \u0111\u00e8n Halogen gi\u00fap s\u1ea5y b\u00e1t kh\u00f4 si\u00eau t\u1ed1c<\/span><\/li>\n<li style=\"font-weight: 400;\"><span style=\"font-weight: 400; font-family: helvetica, arial, sans-serif;\">Gi\u00e1 \u0111\u1ee1 inox thi\u1ebft k\u1ebf ch\u1eafc ch\u1eafn, ti\u1ec7n l\u1ee3i<\/span><\/li>\n<li style=\"font-weight: 400;\"><span style=\"font-weight: 400; font-family: helvetica, arial, sans-serif;\">V\u1eadn h\u00e0nh \u1ed5n \u0111\u1ecbnh, kh\u00f4ng g\u00e2y ti\u1ebfng \u1ed3n<\/span><\/li>\n<\/ul>\n","protected":false},"featured_media":39559,"comment_status":"open","ping_status":"closed","template":"","meta":[],"product_cat":[243,467],"product_tag":[],"_links":{"self":[{"href":"https:\/\/thucpham.com\/vinacom\/wp-json\/wp\/v2\/product\/11189"}],"collection":[{"href":"https:\/\/thucpham.com\/vinacom\/wp-json\/wp\/v2\/product"}],"about":[{"href":"https:\/\/thucpham.com\/vinacom\/wp-json\/wp\/v2\/types\/product"}],"replies":[{"embeddable":true,"href":"https:\/\/thucpham.com\/vinacom\/wp-json\/wp\/v2\/comments?post=11189"}],"wp:featuredmedia":[{"embeddable":true,"href":"https:\/\/thucpham.com\/vinacom\/wp-json\/wp\/v2\/media\/39559"}],"wp:attachment":[{"href":"https:\/\/thucpham.com\/vinacom\/wp-json\/wp\/v2\/media?parent=11189"}],"wp:term":[{"taxonomy":"product_cat","embeddable":true,"href":"https:\/\/thucpham.com\/vinacom\/wp-json\/wp\/v2\/product_cat?post=11189"},{"taxonomy":"product_tag","embeddable":true,"href":"https:\/\/thucpham.com\/vinacom\/wp-json\/wp\/v2\/product_tag?post=11189"}],"curies":[{"name":"wp","href":"https:\/\/api.w.org\/{rel}","templated":true}]}}