{"id":11176,"date":"2020-07-16T21:24:44","date_gmt":"2020-07-16T21:24:44","guid":{"rendered":"https:\/\/thucpham.com\/?post_type=product&#038;p=11176"},"modified":"2023-09-22T16:32:24","modified_gmt":"2023-09-22T09:32:24","slug":"tu-nua-dong-nua-mat-2-canh-dang-nam-350l-alaska","status":"publish","type":"product","link":"https:\/\/thucpham.com\/vinacom\/tu-nua-dong-nua-mat-2-canh-dang-nam-350l-alaska\/","title":{"rendered":"T\u1ee7 N\u1eeda \u0110\u00f4ng N\u1eeda M\u00e1t 2 C\u00e1nh D\u1ea1ng N\u1eb1m 350L Alaska"},"content":{"rendered":"<p style=\"text-align: justify;\"><span style=\"font-family: helvetica, arial, sans-serif;\"><span style=\"font-weight: 400;\">V\u1edbi thi\u1ebft k\u1ebf 1 m\u00e1t 1 ng\u0103n \u0111\u00f4ng c\u00f9ng dung t\u00edch 350L, <\/span><b><i>t\u1ee7 n\u1eeda \u0111\u00f4ng n\u1eeda m\u00e1t 2 c\u00e1nh d\u1ea1ng n\u1eb1m 350L Alaska <\/i><\/b><b><i>FCA-3600N<\/i><\/b><span style=\"font-weight: 400;\"> ph\u00f9 h\u1ee3p s\u1eed d\u1ee5ng cho c\u00e1c kh\u00e1ch s\u1ea1n, nh\u00e0 h\u00e0ng, c\u0103ng tin, gia \u0111\u00ecnh&#8230;c\u00f3 nhu c\u1ea7u b\u1ea3o qu\u1ea3n \u0111a d\u1ea1ng th\u1ef1c ph\u1ea9m \u1edf m\u1ee9c \u0111\u1ed9 v\u1eeba ph\u1ea3i.&nbsp; T\u1ee7 \u0111\u01b0\u1ee3c thi\u1ebft k\u1ebf hi\u1ec7n \u0111\u1ea1i v\u1edbi 2 n\u1eafp m\u1edf vali, tay c\u1ea7m n\u1ed5i ch\u1eafc ch\u1eafn, c\u00f3 th\u1ec3 m\u1edf c\u00e1nh t\u1ee7 v\u1edbi g\u00f3c r\u1ed9ng 70 \u0111\u1ed9, gi\u00fap d\u1ec5 d\u00e0ng cho ho\u1eb7c l\u1ea5y th\u1ef1c ph\u1ea9m trong t\u1ee7.&nbsp;<\/span><\/span><\/p>\n<p><img class=\"size-full wp-image-12637 aligncenter\" src=\"https:\/\/thucpham.com\/wp-content\/uploads\/2020\/07\/tu-nua-dong-nua-mat-2-canh-dang-nam-350l-alaska-banner.jpg\" alt=\"tu-nua-dong-nua-mat-2-canh-dang-nam-350l-alaska\" width=\"820\" height=\"656\" srcset=\"https:\/\/thucpham.com\/vinacom\/wp-content\/uploads\/2020\/07\/tu-nua-dong-nua-mat-2-canh-dang-nam-350l-alaska-banner.jpg 820w, https:\/\/thucpham.com\/vinacom\/wp-content\/uploads\/2020\/07\/tu-nua-dong-nua-mat-2-canh-dang-nam-350l-alaska-banner-300x240.jpg 300w, https:\/\/thucpham.com\/vinacom\/wp-content\/uploads\/2020\/07\/tu-nua-dong-nua-mat-2-canh-dang-nam-350l-alaska-banner-768x614.jpg 768w, https:\/\/thucpham.com\/vinacom\/wp-content\/uploads\/2020\/07\/tu-nua-dong-nua-mat-2-canh-dang-nam-350l-alaska-banner-24x19.jpg 24w, https:\/\/thucpham.com\/vinacom\/wp-content\/uploads\/2020\/07\/tu-nua-dong-nua-mat-2-canh-dang-nam-350l-alaska-banner-36x29.jpg 36w, https:\/\/thucpham.com\/vinacom\/wp-content\/uploads\/2020\/07\/tu-nua-dong-nua-mat-2-canh-dang-nam-350l-alaska-banner-48x38.jpg 48w, https:\/\/thucpham.com\/vinacom\/wp-content\/uploads\/2020\/07\/tu-nua-dong-nua-mat-2-canh-dang-nam-350l-alaska-banner-510x408.jpg 510w\" sizes=\"(max-width: 820px) 100vw, 820px\" title=\"\"><\/p>\n<p style=\"text-align: center;\"><span style=\"font-family: helvetica, arial, sans-serif;\"><em>Th\u00f4ng tin s\u1ea3n ph\u1ea9m t\u1ee7 n\u1eeda \u0111\u00f4ng n\u1eeda m\u00e1t 2 c\u00e1nh d\u1ea1ng n\u1eb1m 350L Alaska FCA-3600N<\/em><\/span><\/p>\n<p style=\"text-align: justify;\"><span style=\"font-family: helvetica, arial, sans-serif;\"><span style=\"font-weight: 400;\">Ngo\u00e0i ra, nh\u1edd \u0111\u01b0\u1ee3c trang b\u1ecb qu\u1ea1t l\u1ed3ng s\u00f3c, t\u1ee7 <\/span><span style=\"font-weight: 400;\">Alaska <\/span><span style=\"font-weight: 400;\">FCA-3600N cho kh\u1ea3 n\u0103ng l\u00e0m l\u1ea1nh nhanh v\u00e0 s\u00e2u, \u0111\u1ea3m b\u1ea3o th\u1ef1c ph\u1ea9m \u0111\u01b0\u1ee3c b\u1ea3o qu\u1ea3n t\u01b0\u01a1i ngon, tr\u00e1nh n\u1ea5m m\u1ed1c, vi khu\u1ea9n g\u00e2y b\u1ec7nh. T\u1ee7 c\u00f2n c\u00f3 gio\u0103ng bao k\u00edn, kh\u00f4ng ch\u1ec9 gi\u00fap gi\u1eef l\u1ea1nh hi\u1ec7u qu\u1ea3, ti\u1ebft ki\u1ec7m \u0111i\u1ec7n m\u00e0 c\u00f2n n\u00e2ng cao hi\u1ec7u qu\u1ea3 b\u1ea3o qu\u1ea3n th\u1ef1c ph\u1ea9m trong th\u1eddi gian d\u00e0i. M\u1eb7t kh\u00e1c, <\/span><b><i>t\u1ee7 n\u1eeda \u0111\u00f4ng n\u1eeda m\u00e1t 2 c\u00e1nh d\u1ea1ng n\u1eb1m 350L Alaska <\/i><\/b><b><i>FCA-3600N<\/i><\/b><span style=\"font-weight: 400;\"> \u1ee9ng d\u1ee5ng c\u00f4ng ngh\u1ec7 l\u00e0m l\u1ea1nh b\u1eb1ng Compressor v\u00e0 s\u1eed d\u1ee5ng gas R600A cho m\u00e1y n\u00e9n ti\u1ebft ki\u1ec7m th\u00e2n thi\u1ec7n v\u1edbi m\u00f4i tr\u01b0\u1eddng v\u00e0 ti\u1ebft ki\u1ec7m 40% \u0111i\u1ec7n n\u0103ng ti\u00eau th\u1ee5. H\u01a1n th\u1ebf n\u1eefa, tr\u00ean th\u00e2n t\u1ee7 \u0111\u01b0\u1ee3c l\u1eafp \u0111\u1eb7t b\u1ea3ng \u0111i\u1ec1u khi\u1ec3n nhi\u1ec7t \u0111\u1ed9, cho ph\u00e9p b\u1ea1n d\u1ec5 d\u00e0ng \u0111i\u1ec1u ch\u1ec9nh nhi\u1ec7t \u0111\u1ed9 theo \u00fd mu\u1ed1n c\u0169ng nh\u01b0 ch\u1ecdn m\u1ee9c nhi\u1ec7t \u0111\u1ed9 th\u00edch h\u1ee3p \u0111\u1ec3 b\u1ea3o qu\u1ea3n th\u1ef1c ph\u1ea9m m\u1ed9t c\u00e1ch t\u1ed1t nh\u1ea5t.<\/span><\/span><\/p>\n","protected":false},"excerpt":{"rendered":"<ul>\n<li style=\"font-weight: 400;\"><span style=\"font-weight: 400; font-family: helvetica, arial, sans-serif;\">Thi\u1ebft k\u1ebf 1 ng\u0103n \u0111\u00f4ng 1 ng\u0103n m\u00e1t ti\u1ec7n l\u1ee3i<\/span><\/li>\n<li style=\"font-weight: 400;\"><span style=\"font-weight: 400; font-family: helvetica, arial, sans-serif;\">V\u1eadn h\u00e0nh \u1ed5n \u0111\u1ecbnh, \u0111\u1ed9 b\u1ec1n cao<\/span><\/li>\n<li style=\"font-weight: 400;\"><span style=\"font-weight: 400; font-family: helvetica, arial, sans-serif;\">B\u1ea3ng \u0111i\u1ec1u khi\u1ec3n nhi\u1ec7t \u0111\u1ed9 d\u1ec5 s\u1eed d\u1ee5ng<\/span><\/li>\n<li style=\"font-weight: 400;\"><span style=\"font-weight: 400; font-family: helvetica, arial, sans-serif;\">\u1ee8ng d\u1ee5ng c\u00f4ng ngh\u1ec7 l\u00e0m l\u1ea1nh b\u1eb1ng Compressor<\/span><\/li>\n<li style=\"font-weight: 400;\"><span style=\"font-weight: 400; font-family: helvetica, arial, sans-serif;\">T\u00edch h\u1ee3p qu\u1ea1t l\u1ed3ng s\u00f3c gi\u00fap l\u00e0m l\u1ea1nh nhanh, s\u00e2u<\/span><\/li>\n<li style=\"font-weight: 400;\"><span style=\"font-weight: 400; font-family: helvetica, arial, sans-serif;\">Nh\u1eadp kh\u1ea9u ch\u00ednh h\u00e3ng<\/span><\/li>\n<\/ul>\n","protected":false},"featured_media":39552,"comment_status":"open","ping_status":"closed","template":"","meta":[],"product_cat":[242,254,239,240],"product_tag":[],"_links":{"self":[{"href":"https:\/\/thucpham.com\/vinacom\/wp-json\/wp\/v2\/product\/11176"}],"collection":[{"href":"https:\/\/thucpham.com\/vinacom\/wp-json\/wp\/v2\/product"}],"about":[{"href":"https:\/\/thucpham.com\/vinacom\/wp-json\/wp\/v2\/types\/product"}],"replies":[{"embeddable":true,"href":"https:\/\/thucpham.com\/vinacom\/wp-json\/wp\/v2\/comments?post=11176"}],"wp:featuredmedia":[{"embeddable":true,"href":"https:\/\/thucpham.com\/vinacom\/wp-json\/wp\/v2\/media\/39552"}],"wp:attachment":[{"href":"https:\/\/thucpham.com\/vinacom\/wp-json\/wp\/v2\/media?parent=11176"}],"wp:term":[{"taxonomy":"product_cat","embeddable":true,"href":"https:\/\/thucpham.com\/vinacom\/wp-json\/wp\/v2\/product_cat?post=11176"},{"taxonomy":"product_tag","embeddable":true,"href":"https:\/\/thucpham.com\/vinacom\/wp-json\/wp\/v2\/product_tag?post=11176"}],"curies":[{"name":"wp","href":"https:\/\/api.w.org\/{rel}","templated":true}]}}