{"id":11169,"date":"2020-07-16T21:09:01","date_gmt":"2020-07-16T21:09:01","guid":{"rendered":"https:\/\/thucpham.com\/?post_type=product&#038;p=11169"},"modified":"2021-12-11T10:10:45","modified_gmt":"2021-12-11T03:10:45","slug":"tu-mat-2-canh-kinh-berjaya","status":"publish","type":"product","link":"https:\/\/thucpham.com\/vinacom\/tu-mat-2-canh-kinh-berjaya\/","title":{"rendered":"T\u1ee7 M\u00e1t 2 C\u00e1nh K\u00ednh Berjaya"},"content":{"rendered":"<p style=\"text-align: justify;\"><span style=\"font-family: helvetica, arial, sans-serif;\"><b><i>T\u1ee7 m\u00e1t 2 c\u00e1nh k\u00ednh Berjaya <\/i><\/b><b><i>2D\/DC-SM <\/i><\/b><span style=\"font-weight: 400;\">\u0111\u01b0\u1ee3c thi\u1ebft k\u1ebf ti\u1ec7n l\u1ee3i, ch\u1eafc ch\u1eafn v\u1edbi th\u00e2n t\u1ee7 l\u00e0m b\u1eb1ng ch\u1ea5t li\u1ec7u inox cao c\u1ea5p h\u1ea1n ch\u1ebf han g\u1ec9 v\u00e0 c\u1eeda t\u1ee7 l\u00e0m t\u1eeb m\u1eb7t k\u00ednh c\u01b0\u1eddng l\u1ef1c 2 l\u1edbp h\u00fat ch\u00e2n kh\u00f4ng v\u1eeba \u0111\u1ea3m b\u1ea3o \u0111\u1ed9 an to\u00e0n v\u1ec7 sinh th\u1ef1c ph\u1ea9m v\u1eeba d\u1ec5 lau ch\u00f9i. V\u1edbi dung t\u00edch 976L, \u0111\u00e2y s\u1ebd l\u00e0 l\u1ef1a ch\u1ecdn tuy\u1ec7t v\u1eddi cho b\u1ea1n khi mu\u1ed1n s\u1edf h\u1eefu m\u1ed9t s\u1ea3n ph\u1ea9m tr\u01b0ng b\u00e0y v\u00e0 gi\u1eef l\u1ea1nh \u0111\u1ed3 u\u1ed1ng, th\u1ef1c ph\u1ea9m. Ngo\u00e0i ra, t\u1ee7 c\u00f2n s\u1eed d\u1ee5ng c\u00f4ng ngh\u1ec7 l\u00e0m m\u00e1t ti\u00ean ti\u1ebfn v\u00e0 hi\u1ec7n \u0111\u1ea1i, gi\u00fap b\u1ea3o qu\u1ea3n th\u1ef1c ph\u1ea9m lu\u00f4n t\u01b0\u01a1i m\u1edbi, nh\u01b0ng t\u1ee7 kh\u00f4ng h\u1ec1 b\u1ecb \u0111\u00f3ng tuy\u1ebft.<\/span><\/span><\/p>\n<p><img class=\"size-full wp-image-12640 aligncenter\" src=\"https:\/\/thucpham.com\/wp-content\/uploads\/2020\/07\/tu-mat-2-canh-Berjaya-2D-DC-SM-banner.jpg\" alt=\"tu-mat-2-canh-Berjaya-2D-DC-SM\" width=\"820\" height=\"656\" srcset=\"https:\/\/thucpham.com\/vinacom\/wp-content\/uploads\/2020\/07\/tu-mat-2-canh-Berjaya-2D-DC-SM-banner.jpg 820w, https:\/\/thucpham.com\/vinacom\/wp-content\/uploads\/2020\/07\/tu-mat-2-canh-Berjaya-2D-DC-SM-banner-300x240.jpg 300w, https:\/\/thucpham.com\/vinacom\/wp-content\/uploads\/2020\/07\/tu-mat-2-canh-Berjaya-2D-DC-SM-banner-768x614.jpg 768w, https:\/\/thucpham.com\/vinacom\/wp-content\/uploads\/2020\/07\/tu-mat-2-canh-Berjaya-2D-DC-SM-banner-24x19.jpg 24w, https:\/\/thucpham.com\/vinacom\/wp-content\/uploads\/2020\/07\/tu-mat-2-canh-Berjaya-2D-DC-SM-banner-36x29.jpg 36w, https:\/\/thucpham.com\/vinacom\/wp-content\/uploads\/2020\/07\/tu-mat-2-canh-Berjaya-2D-DC-SM-banner-48x38.jpg 48w, https:\/\/thucpham.com\/vinacom\/wp-content\/uploads\/2020\/07\/tu-mat-2-canh-Berjaya-2D-DC-SM-banner-510x408.jpg 510w\" sizes=\"(max-width: 820px) 100vw, 820px\" title=\"\"><\/p>\n<p style=\"text-align: center;\"><em><span style=\"font-family: helvetica, arial, sans-serif;\">Th\u00f4ng tin s\u1ea3n ph\u1ea9m t\u1ee7 m\u00e1t 2 c\u00e1nh k\u00ednh Berjaya 2D\/DC-SM<\/span><\/em><\/p>\n<p style=\"text-align: justify;\"><span style=\"font-family: helvetica, arial, sans-serif;\"><span style=\"font-weight: 400;\">B\u00ean c\u1ea1nh \u0111\u00f3, <\/span><b><i>t\u1ee7 m\u00e1t 2 c\u00e1nh k\u00ednh Berjaya <\/i><\/b><b><i>2D\/DC-SM <\/i><\/b><span style=\"font-weight: 400;\">\u0111\u01b0\u1ee3c trang b\u1ecb h\u1ec7 th\u1ed1ng m\u00e1y n\u00e9n k\u1ebft h\u1ee3p v\u1edbi qu\u1ea1t gi\u00f3 <\/span><span style=\"font-weight: 400;\">t\u0103ng t\u1ed1c \u0111\u1ed9 l\u00e0m m\u00e1t do \u0111\u00f3 gi\u1ea3m t\u1ed1i \u0111a l\u01b0\u1ee3ng \u0111i\u1ec7n n\u0103ng ti\u00eau th\u1ee5. <\/span><span style=\"font-weight: 400;\">Thi\u1ebft b\u1ecb c\u00f2n \u0111\u01b0\u1ee3c t\u00edch h\u1ee3p \u0111\u1ed3ng h\u1ed3 \u0111o nhi\u1ec7t v\u00e0 m\u00e0n h\u00ecnh LED hi\u1ec3n th\u1ecb nhi\u1ec7t \u0111\u1ed9 b\u00ean trong gi\u00fap b\u1ea1n d\u1ec5 d\u00e0ng ki\u1ec3m so\u00e1t v\u00e0 \u0111i\u1ec1u ch\u1ec9nh nhi\u1ec7t \u0111\u1ed9 b\u1ea3o qu\u1ea3n ph\u00f9 h\u1ee3p. H\u1ec7 th\u1ed1ng \u0111\u00e8n chi\u1ebfu s\u00e1ng t\u0103ng t\u1ed1i \u0111a hi\u1ec7u qu\u1ea3 tr\u01b0ng b\u00e0y c\u00e1c s\u1ea3n ph\u1ea9m trong t\u1ee7. H\u01a1n n\u1eefa, ch\u00e2n t\u1ee7 \u0111\u01b0\u1ee3c thi\u1ebft k\u1ebf v\u1eefng ch\u1eafc v\u1edbi h\u1ec7 th\u1ed1ng b\u00e1nh xe cao su ch\u1ecbu l\u1ef1c, v\u00ec v\u1eady b\u1ea1n c\u00f3 th\u1ec3 di chuy\u1ec3n t\u1ee7 sang kh\u00f4ng gian kh\u00e1c h\u1ebft s\u1ee9c d\u1ec5 d\u00e0ng.<\/span><\/span><\/p>\n","protected":false},"excerpt":{"rendered":"<ul>\n<li style=\"font-weight: 400;\"><span style=\"font-weight: 400; font-family: helvetica, arial, sans-serif;\">Thi\u1ebft k\u1ebf c\u1eeda k\u00ednh 2 l\u1edbp \u0111\u01b0\u1ee3c h\u00fat ch\u00e2n kh\u00f4ng<\/span><\/li>\n<li style=\"font-weight: 400;\"><span style=\"font-weight: 400; font-family: helvetica, arial, sans-serif;\">Th\u00e2n t\u1ee7 l\u00e0m b\u1eb1ng ch\u1ea5t li\u1ec7u inox cao c\u1ea5p<\/span><\/li>\n<li style=\"font-weight: 400;\"><span style=\"font-weight: 400; font-family: helvetica, arial, sans-serif;\">C\u00f4ng ngh\u1ec7 l\u00e0m m\u00e1t ti\u00ean ti\u1ebfn v\u00e0 hi\u1ec7n \u0111\u1ea1i<\/span><\/li>\n<li style=\"font-weight: 400;\"><span style=\"font-weight: 400; font-family: helvetica, arial, sans-serif;\">B\u00e1nh xe cao su ch\u1ecbu l\u1ef1c gi\u00fap di chuy\u1ec3n v\u1ecb tr\u00ed d\u1ec5 d\u00e0ng<\/span><\/li>\n<\/ul>\n","protected":false},"featured_media":39455,"comment_status":"open","ping_status":"closed","template":"","meta":[],"product_cat":[240,254],"product_tag":[],"_links":{"self":[{"href":"https:\/\/thucpham.com\/vinacom\/wp-json\/wp\/v2\/product\/11169"}],"collection":[{"href":"https:\/\/thucpham.com\/vinacom\/wp-json\/wp\/v2\/product"}],"about":[{"href":"https:\/\/thucpham.com\/vinacom\/wp-json\/wp\/v2\/types\/product"}],"replies":[{"embeddable":true,"href":"https:\/\/thucpham.com\/vinacom\/wp-json\/wp\/v2\/comments?post=11169"}],"wp:featuredmedia":[{"embeddable":true,"href":"https:\/\/thucpham.com\/vinacom\/wp-json\/wp\/v2\/media\/39455"}],"wp:attachment":[{"href":"https:\/\/thucpham.com\/vinacom\/wp-json\/wp\/v2\/media?parent=11169"}],"wp:term":[{"taxonomy":"product_cat","embeddable":true,"href":"https:\/\/thucpham.com\/vinacom\/wp-json\/wp\/v2\/product_cat?post=11169"},{"taxonomy":"product_tag","embeddable":true,"href":"https:\/\/thucpham.com\/vinacom\/wp-json\/wp\/v2\/product_tag?post=11169"}],"curies":[{"name":"wp","href":"https:\/\/api.w.org\/{rel}","templated":true}]}}