{"id":11153,"date":"2020-07-16T20:52:08","date_gmt":"2020-07-16T20:52:08","guid":{"rendered":"https:\/\/thucpham.com\/?post_type=product&#038;p=11153"},"modified":"2021-12-11T10:46:29","modified_gmt":"2021-12-11T03:46:29","slug":"tu-mat-1-canh-kinh-sanaky","status":"publish","type":"product","link":"https:\/\/thucpham.com\/vinacom\/tu-mat-1-canh-kinh-sanaky\/","title":{"rendered":"T\u1ee7 M\u00e1t 1 C\u00e1nh Ki\u0301nh Sanaky"},"content":{"rendered":"<p style=\"text-align: justify;\"><span style=\"font-family: helvetica, arial, sans-serif;\"><b><i>T\u1ee7 m\u00e1t 1 c\u00e1nh k\u00ednh Sanaky <\/i><\/b><b><i>VH-210K<\/i><\/b><span style=\"font-weight: 400;\"> s\u1edf h\u1eefu dung t\u00edch 250L v\u1edbi thi\u1ebft k\u1ebf c\u1eeda k\u00ednh trong su\u1ed1t, \u0111\u00e1p \u1ee9ng nhu c\u1ea7u s\u1eed d\u1ee5ng c\u1ee7a c\u00e1c ti\u1ec7m t\u1ea1p h\u00f3a, si\u00eau th\u1ecb mini&#8230; v\u1edbi nhu c\u1ea7u b\u1ea3o qu\u1ea3n v\u00e0 tr\u01b0ng b\u00e0y h\u00e0ng h\u00f3a, th\u1ef1c ph\u1ea9m. T\u1ee7 c\u00f3 thi\u1ebft k\u1ebf nh\u1ecf g\u1ecdn v\u1edbi&nbsp; k\u00edch th\u01b0\u1edbc 535*520*1565 mm, tr\u1ecdng l\u01b0\u1ee3ng 52kg n\u00ean kh\u00f4ng chi\u1ebfm qu\u00e1 nhi\u1ec1u di\u1ec7n t\u00edch kh\u00f4ng gian tr\u01b0ng b\u00e0y trong c\u1eeda h\u00e0ng c\u1ee7a b\u1ea1n.&nbsp;<\/span><\/span><\/p>\n<p><img class=\"size-full wp-image-12651 aligncenter\" src=\"https:\/\/thucpham.com\/wp-content\/uploads\/2020\/07\/tu-mat-1-canh-kinh-sanaky-banner-1.jpg\" alt=\"tu-mat-1-canh-kinh-sanaky\" width=\"820\" height=\"656\" srcset=\"https:\/\/thucpham.com\/vinacom\/wp-content\/uploads\/2020\/07\/tu-mat-1-canh-kinh-sanaky-banner-1.jpg 820w, https:\/\/thucpham.com\/vinacom\/wp-content\/uploads\/2020\/07\/tu-mat-1-canh-kinh-sanaky-banner-1-300x240.jpg 300w, https:\/\/thucpham.com\/vinacom\/wp-content\/uploads\/2020\/07\/tu-mat-1-canh-kinh-sanaky-banner-1-768x614.jpg 768w, https:\/\/thucpham.com\/vinacom\/wp-content\/uploads\/2020\/07\/tu-mat-1-canh-kinh-sanaky-banner-1-24x19.jpg 24w, https:\/\/thucpham.com\/vinacom\/wp-content\/uploads\/2020\/07\/tu-mat-1-canh-kinh-sanaky-banner-1-36x29.jpg 36w, https:\/\/thucpham.com\/vinacom\/wp-content\/uploads\/2020\/07\/tu-mat-1-canh-kinh-sanaky-banner-1-48x38.jpg 48w, https:\/\/thucpham.com\/vinacom\/wp-content\/uploads\/2020\/07\/tu-mat-1-canh-kinh-sanaky-banner-1-510x408.jpg 510w\" sizes=\"(max-width: 820px) 100vw, 820px\" title=\"\"><\/p>\n<p style=\"text-align: center;\"><em><span style=\"font-family: helvetica, arial, sans-serif;\">Th\u00f4ng tin s\u1ea3n ph\u1ea9m t\u1ee7 m\u00e1t 1 c\u00e1nh k\u00ednh Sanaky VH-210K<\/span><\/em><\/p>\n<p style=\"text-align: justify;\"><span style=\"font-family: helvetica, arial, sans-serif;\"><span style=\"font-weight: 400;\">H\u01a1n n\u1eefa, ng\u0103n t\u1ee7 c\u00f3 3 k\u1ec7 \u0111\u1ec3 \u0111\u1ed3, t\u1ee7 \u0111\u01b0\u1ee3c chia th\u00e0nh 4 ng\u0103n, c\u00f3 th\u1ec3 th\u00e1o d\u1eddi hay di chuy\u1ec3n linh ho\u1ea1t \u0111\u1ec3 gi\u00fap b\u1ea1n l\u01b0u tr\u1eef v\u00e0 s\u1eafp x\u1ebfp \u0111a d\u1ea1ng h\u00e0ng h\u00f3a. C\u1eeda k\u00ednh 2 l\u1edbp c\u00f3 kh\u1ea3 n\u0103ng ch\u1ecbu l\u1ef1c t\u1ed1t v\u00e0 h\u1ec7 th\u1ed1ng s\u01b0\u1edfi k\u00ednh&nbsp; b\u1eb1ng h\u01a1i n\u00f3ng t\u1eeb l\u1ed1c n\u00e9n, \u0111\u1ea3m b\u1ea3o cho m\u1eb7t k\u00ednh kh\u00f4ng b\u1ecb b\u00e1m s\u01b0\u01a1ng, lu\u00f4n \u0111\u01b0\u1ee3c trong su\u1ed1t. B\u00ean c\u1ea1nh \u0111\u00f3, <\/span><b><i>t\u1ee7 m\u00e1t 1 c\u00e1nh k\u00ednh Sanaky <\/i><\/b><b><i>VH-210K <\/i><\/b><span style=\"font-weight: 400;\">s\u1eed d\u1ee5ng d\u00e0n l\u1ea1nh nh\u00f4m c\u00f3 kh\u1ea3 n\u0103ng l\u00e0m l\u1ea1nh \u1ed5n \u0111\u1ecbnh v\u00e0 qu\u1ea1t \u0111\u1ea3o nhi\u1ec7t h\u01a1i l\u1ea1nh s\u00e2u v\u00e0 lan t\u1ecfa \u0111\u1ec1u kh\u1eafp b\u00ean trong khoang t\u1ee7 \u0111\u1ea3m b\u1ea3o th\u1ef1c ph\u1ea9m lu\u00f4n t\u01b0\u01a1i ngon. Ch\u00e2n t\u1ee7 c\u00f2n \u0111\u01b0\u1ee3c l\u1eafp \u0111\u1eb7t 4 b\u00e1nh xe ch\u1ecbu l\u1ef1c gi\u00fap cho ng\u01b0\u1eddi d\u00f9ng di chuy\u1ec3n thi\u1ebft b\u1ecb d\u1ec5 d\u00e0ng m\u00e0 kh\u00f4ng t\u1ed1n nhi\u1ec1u s\u1ee9c.<\/span><\/span><\/p>\n","protected":false},"excerpt":{"rendered":"<ul>\n<li style=\"font-weight: 400;\"><span style=\"font-weight: 400; font-family: helvetica, arial, sans-serif;\">S\u1ea3n xu\u1ea5t theo c\u00f4ng ngh\u1ec7 Nh\u1eadt B\u1ea3n, \u0111\u1ed9 b\u1ec1n cao<\/span><\/li>\n<li style=\"font-weight: 400;\"><span style=\"font-weight: 400; font-family: helvetica, arial, sans-serif;\">Thi\u1ebft k\u1ebf nh\u1ecf g\u1ecdn, ti\u1ebft ki\u1ec7m di\u1ec7n t\u00edch<\/span><\/li>\n<li style=\"font-weight: 400;\"><span style=\"font-weight: 400; font-family: helvetica, arial, sans-serif;\">D\u00e0n l\u1ea1nh b\u1eb1ng nh\u00f4m c\u00f3 kh\u1ea3 n\u0103ng l\u00e0m l\u1ea1nh \u1ed5n \u0111\u1ecbnh<\/span><\/li>\n<li style=\"font-weight: 400;\"><span style=\"font-weight: 400; font-family: helvetica, arial, sans-serif;\">Nhi\u1ec7t \u0111\u1ed9 l\u00e0m l\u1ea1nh t\u1eeb 0 \u2013 10 \u0111\u1ed9 C, b\u1ea3o qu\u1ea3n nhi\u1ec1u lo\u1ea1i h\u00e0ng h\u00f3a<\/span><\/li>\n<li style=\"font-weight: 400;\"><span style=\"font-weight: 400; font-family: helvetica, arial, sans-serif;\">B\u00e1nh xe ch\u1ecbu l\u1ef1c gi\u00fap vi\u1ec7c di chuy\u1ec3n d\u1ec5 d\u00e0ng<\/span><\/li>\n<li style=\"font-weight: 400;\"><span style=\"font-weight: 400; font-family: helvetica, arial, sans-serif;\">H\u1ec7 th\u1ed1ng s\u01b0\u1edfi k\u00ednh b\u1eb1ng h\u01a1i n\u00f3ng cho m\u1eb7t k\u00ednh lu\u00f4n trong su\u1ed1t<\/span><\/li>\n<li style=\"font-weight: 400;\"><span style=\"font-weight: 400; font-family: helvetica, arial, sans-serif;\">S\u1eed d\u1ee5ng gas R134A th\u00e2n thi\u1ec7n v\u1edbi m\u00f4i tr\u01b0\u1eddng<\/span><\/li>\n<\/ul>\n","protected":false},"featured_media":39497,"comment_status":"open","ping_status":"closed","template":"","meta":[],"product_cat":[240,254],"product_tag":[],"_links":{"self":[{"href":"https:\/\/thucpham.com\/vinacom\/wp-json\/wp\/v2\/product\/11153"}],"collection":[{"href":"https:\/\/thucpham.com\/vinacom\/wp-json\/wp\/v2\/product"}],"about":[{"href":"https:\/\/thucpham.com\/vinacom\/wp-json\/wp\/v2\/types\/product"}],"replies":[{"embeddable":true,"href":"https:\/\/thucpham.com\/vinacom\/wp-json\/wp\/v2\/comments?post=11153"}],"wp:featuredmedia":[{"embeddable":true,"href":"https:\/\/thucpham.com\/vinacom\/wp-json\/wp\/v2\/media\/39497"}],"wp:attachment":[{"href":"https:\/\/thucpham.com\/vinacom\/wp-json\/wp\/v2\/media?parent=11153"}],"wp:term":[{"taxonomy":"product_cat","embeddable":true,"href":"https:\/\/thucpham.com\/vinacom\/wp-json\/wp\/v2\/product_cat?post=11153"},{"taxonomy":"product_tag","embeddable":true,"href":"https:\/\/thucpham.com\/vinacom\/wp-json\/wp\/v2\/product_tag?post=11153"}],"curies":[{"name":"wp","href":"https:\/\/api.w.org\/{rel}","templated":true}]}}