{"id":11034,"date":"2020-07-14T23:33:14","date_gmt":"2020-07-14T23:33:14","guid":{"rendered":"https:\/\/thucpham.com\/?post_type=product&#038;p=11034"},"modified":"2021-12-11T10:19:28","modified_gmt":"2021-12-11T03:19:28","slug":"tu-mat-2-canh-inox-berjaya","status":"publish","type":"product","link":"https:\/\/thucpham.com\/vinacom\/tu-mat-2-canh-inox-berjaya\/","title":{"rendered":"T\u1ee7 M\u00e1t 2 C\u00e1nh Inox Berjaya"},"content":{"rendered":"<p style=\"text-align: justify;\"><span style=\"font-family: helvetica, arial, sans-serif;\"><b><i>T\u1ee7 m\u00e1t 2 c\u00e1nh inox Berjaya <\/i><\/b><b><i>BS2DUC\/Z<\/i><\/b> <b>s<\/b><span style=\"font-weight: 400;\">\u1edf h\u1eefu dung t\u00edch 505L v\u1edbi m\u1ee9c nhi\u1ec7t t\u1eeb 1-6 \u0111\u1ed9 C th\u00edch h\u1ee3p \u0111\u1ec3 tr\u1eef nhi\u1ec1u lo\u1ea1i th\u1ef1c ph\u1ea9m, \u0111\u1ed3 u\u1ed1ng kh\u00e1c nhau. T\u1ee7 c\u00f3 thi\u1ebft k\u1ebf 2 c\u00e1nh v\u1edbi k\u00edch th\u01b0\u1edbc <\/span><span style=\"font-weight: 400;\">650 x 770 x 2060 mm, ki\u1ec3u d\u00e1ng nh\u1ecf g\u1ecdn nh\u01b0 m\u1ed9t chi\u1ebfc t\u1ee7 l\u1ea1nh gia \u0111\u00ecnh n\u00ean ti\u1ebft ki\u1ec7m \u0111\u01b0\u1ee3c nhi\u1ec1u di\u1ec7n t\u00edch l\u1eafp \u0111\u1eb7t.&nbsp; Ngo\u00e0i ra, c\u00e1c khay t\u1ea7ng b\u00ean trong t\u1ee7 c\u00f3 th\u1ec3 d\u1ec5 d\u00e0ng th\u00e1o l\u1eafp \u0111\u1ec3 ph\u00f9 h\u1ee3p v\u1edbi t\u1eebng nhu c\u1ea7u b\u1ea3o qu\u1ea3n th\u1ef1c ph\u1ea9m.&nbsp;<\/span><\/span><\/p>\n<p><span style=\"font-family: helvetica, arial, sans-serif;\"><img class=\"aligncenter\" src=\"https:\/\/thucpham.com\/wp-content\/uploads\/2020\/07\/tu-mat-2-canh-inox-berjaya-05.jpg\" alt=\"\" width=\"820\" height=\"656\" title=\"\"><\/span><\/p>\n<p style=\"text-align: center;\"><span style=\"font-family: helvetica, arial, sans-serif;\"><em>Th\u00f4ng tin s\u1ea3n ph\u1ea9m T\u1ee7 M\u00e1t 2 C\u00e1nh Inox Berjaya<\/em><\/span><\/p>\n<p style=\"text-align: justify;\"><span style=\"font-family: helvetica, arial, sans-serif;\"><b><i>T\u1ee7 m\u00e1t 2 c\u00e1nh inox Berjaya<\/i><\/b><b><i> BS2DUC\/Z <\/i><\/b><span style=\"font-weight: 400;\">s\u1eed d\u1ee5ng d\u00e0n l\u1ea1nh b\u1eb1ng \u0111\u1ed3ng b\u1ec1n b\u1ec9 v\u1edbi kh\u1ea3 n\u0103ng l\u00e0m l\u1ea1nh nhanh v\u00e0 s\u00e2u, c\u00f3 th\u1ec3 b\u1ea3o qu\u1ea3n th\u1ef1c ph\u1ea9m t\u01b0\u01a1i ngon trong th\u1eddi gian d\u00e0i. Ngo\u00e0i ra, qu\u1ea1t \u0111\u1ea3o nhi\u1ec7t tr\u00ean n\u00f3c t\u1ee7 gi\u00fap nhi\u1ec7t l\u1ea1nh t\u1ecfa ra kh\u1eafp c\u00e1c ng\u00f5 ng\u00e1ch t\u1ee7 gi\u00fap nhi\u1ec7t \u0111\u1ed9 t\u1ee7 lu\u00f4n \u1ed5n \u0111\u1ecbnh \u0111\u1ec3 b\u1ea3o qu\u1ea3n h\u00e0ng h\u00f3a \u0111\u01b0\u1ee3c t\u1ed1t nh\u1ea5t. B\u1ed9 \u0111i\u1ec1u khi\u1ec3n nhi\u1ec7t \u0111\u1ed9 k\u1ef9 thu\u1eadt s\u1ed1 hi\u1ec7n \u0111\u1ea1i v\u00e0 hi\u1ec3n th\u1ecb nhi\u1ec7t \u0111\u1ed9 qua m\u00e0n h\u00ecnh LCD \u1edf ph\u00eda ngo\u00e0i h\u1ed7 tr\u1ee3 ng\u01b0\u1eddi d\u00f9ng quan s\u00e1t v\u00e0 t\u00f9y ch\u1ec9nh nhi\u1ec7t \u0111\u1ed9 theo \u00fd mu\u1ed1n d\u1ec5 d\u00e0ng h\u01a1n. H\u01a1n th\u1ebf n\u1eefa, <\/span><span style=\"font-weight: 400;\">Berjaya<\/span><span style=\"font-weight: 400;\"> BS2DUC\/Z s\u1eed d\u1ee5ng l\u00e0m l\u1ea1nh&nbsp; R134a, an to\u00e0n v\u00e0 th\u00e2n thi\u1ec7n v\u1edbi m\u00f4i tr\u01b0\u1eddng.&nbsp;<\/span><\/span><\/p>\n","protected":false},"excerpt":{"rendered":"<ul>\n<li style=\"font-weight: 400;\"><span style=\"font-weight: 400; font-family: helvetica, arial, sans-serif;\">Ki\u1ec3u d\u00e1ng hi\u1ec7n \u0111\u1ea1i, ch\u1ea5t li\u1ec7u inox s\u00e1ng b\u00f3ng<\/span><\/li>\n<li style=\"font-weight: 400;\"><span style=\"font-weight: 400; font-family: helvetica, arial, sans-serif;\">K\u00edch th\u01b0\u1edbc g\u1ecdn g\u00e0ng, d\u1ec5 d\u00e0ng di chuy\u1ec3n, l\u1eafp \u0111\u1eb7t<\/span><\/li>\n<li style=\"font-weight: 400;\"><span style=\"font-weight: 400; font-family: helvetica, arial, sans-serif;\">S\u1ea3n xu\u1ea5t b\u1eb1ng ch\u1ea5t li\u1ec7u inox ch\u1ed1ng g\u1ec9<\/span><\/li>\n<li style=\"font-weight: 400;\"><span style=\"font-weight: 400; font-family: helvetica, arial, sans-serif;\">D\u00e0n l\u1ea1nh b\u1eb1ng \u0111\u1ed3ng cho kh\u1ea3 n\u0103ng l\u00e0m l\u1ea1nh nhanh, s\u00e2u<\/span><\/li>\n<li style=\"font-weight: 400;\"><span style=\"font-weight: 400; font-family: helvetica, arial, sans-serif;\">D\u1ec5 d\u00e0ng t\u1ea9y r\u1eeda, v\u1ec7 sinh s\u1ea1ch s\u1ebd<\/span><\/li>\n<\/ul>\n","protected":false},"featured_media":39462,"comment_status":"open","ping_status":"closed","template":"","meta":[],"product_cat":[240],"product_tag":[],"_links":{"self":[{"href":"https:\/\/thucpham.com\/vinacom\/wp-json\/wp\/v2\/product\/11034"}],"collection":[{"href":"https:\/\/thucpham.com\/vinacom\/wp-json\/wp\/v2\/product"}],"about":[{"href":"https:\/\/thucpham.com\/vinacom\/wp-json\/wp\/v2\/types\/product"}],"replies":[{"embeddable":true,"href":"https:\/\/thucpham.com\/vinacom\/wp-json\/wp\/v2\/comments?post=11034"}],"wp:featuredmedia":[{"embeddable":true,"href":"https:\/\/thucpham.com\/vinacom\/wp-json\/wp\/v2\/media\/39462"}],"wp:attachment":[{"href":"https:\/\/thucpham.com\/vinacom\/wp-json\/wp\/v2\/media?parent=11034"}],"wp:term":[{"taxonomy":"product_cat","embeddable":true,"href":"https:\/\/thucpham.com\/vinacom\/wp-json\/wp\/v2\/product_cat?post=11034"},{"taxonomy":"product_tag","embeddable":true,"href":"https:\/\/thucpham.com\/vinacom\/wp-json\/wp\/v2\/product_tag?post=11034"}],"curies":[{"name":"wp","href":"https:\/\/api.w.org\/{rel}","templated":true}]}}