{"id":11031,"date":"2020-07-14T23:30:04","date_gmt":"2020-07-14T23:30:04","guid":{"rendered":"https:\/\/thucpham.com\/?post_type=product&#038;p=11031"},"modified":"2021-12-11T10:19:52","modified_gmt":"2021-12-11T03:19:52","slug":"tu-mat-6-canh-berjaya","status":"publish","type":"product","link":"https:\/\/thucpham.com\/vinacom\/tu-mat-6-canh-berjaya\/","title":{"rendered":"T\u1ee7 M\u00e1t 6 C\u00e1nh Berjaya"},"content":{"rendered":"<p style=\"text-align: justify;\"><span style=\"font-family: helvetica, arial, sans-serif;\"><b><i>T\u1ee7 m\u00e1t 6 c\u00e1nh Berjaya <\/i><\/b><b><i>BS6DUC\/Z<\/i><\/b><span style=\"font-weight: 400;\"> c\u00f3 thi\u1ebft k\u1ebf 6 c\u00e1nh v\u1edbi dung t\u00edch l\u1edbn \u0111\u1ea1t m\u1ee9c 1701L v\u00e0 nhi\u1ec7t \u0111\u1ed9 duy tr\u00ec kho\u1ea3ng t\u1eeb 2\u00baC \u0111\u1ebfn 8\u00baC th\u00edch h\u1ee3p \u0111\u1ec3 b\u1ea3o qu\u1ea3n c\u00e1c lo\u1ea1i th\u1ef1c ph\u1ea9m, rau c\u1ee7, v\u00e0 \u0111\u1ed3 u\u1ed1ng. S\u1ea3n ph\u1ea9m \u0111\u01b0\u1ee3c c\u1ea5u to\u00e0n b\u1eb1ng inox cao c\u1ea5p, ch\u1ed1ng g\u1ec9, gi\u1eef nhi\u1ec7t t\u1ed1t v\u00e0 h\u1ea1n ch\u1ebf b\u1ecb b\u00e0o m\u00f2n do th\u1eddi ti\u1ebft. V\u1edbi ch\u1ea5t li\u1ec7u n\u00e0y, b\u1ea1n c\u00f3 th\u1ec3 ho\u00e0n to\u00e0n y\u00ean t\u00e2m v\u1ec1 tu\u1ed5i th\u1ecd c\u0169ng nh\u01b0 \u0111\u1ed9 b\u1ec1n c\u1ee7a m\u00e1y.&nbsp;<\/span><\/span><\/p>\n<p><img class=\"size-full wp-image-12455 aligncenter\" src=\"https:\/\/thucpham.com\/wp-content\/uploads\/2020\/07\/tu-mat-6-canh-berjaya-banner.jpg\" alt=\"tu-mat-6-canh-berjaya\" width=\"820\" height=\"656\" srcset=\"https:\/\/thucpham.com\/vinacom\/wp-content\/uploads\/2020\/07\/tu-mat-6-canh-berjaya-banner.jpg 820w, https:\/\/thucpham.com\/vinacom\/wp-content\/uploads\/2020\/07\/tu-mat-6-canh-berjaya-banner-300x240.jpg 300w, https:\/\/thucpham.com\/vinacom\/wp-content\/uploads\/2020\/07\/tu-mat-6-canh-berjaya-banner-768x614.jpg 768w, https:\/\/thucpham.com\/vinacom\/wp-content\/uploads\/2020\/07\/tu-mat-6-canh-berjaya-banner-24x19.jpg 24w, https:\/\/thucpham.com\/vinacom\/wp-content\/uploads\/2020\/07\/tu-mat-6-canh-berjaya-banner-36x29.jpg 36w, https:\/\/thucpham.com\/vinacom\/wp-content\/uploads\/2020\/07\/tu-mat-6-canh-berjaya-banner-48x38.jpg 48w, https:\/\/thucpham.com\/vinacom\/wp-content\/uploads\/2020\/07\/tu-mat-6-canh-berjaya-banner-510x408.jpg 510w\" sizes=\"(max-width: 820px) 100vw, 820px\" title=\"\"><\/p>\n<p style=\"text-align: center;\"><span style=\"font-family: helvetica, arial, sans-serif;\"><em>Th\u00f4ng tin s\u1ea3n ph\u1ea9m t\u1ee7 m\u00e1t 6 c\u00e1nh Berjaya BS6DUC\/Z<\/em><\/span><\/p>\n<p style=\"text-align: justify;\"><span style=\"font-family: helvetica, arial, sans-serif;\"><span style=\"font-weight: 400;\">Ngo\u00e0i ra, <\/span><span style=\"font-weight: 400;\">Berjaya <\/span><span style=\"font-weight: 400;\">BS6DUC\/Z s\u1edf h\u1eefu h\u1ec7 th\u1ed1ng qu\u1ea1t \u0111\u1ea3o nhi\u1ec7t v\u00e0 h\u1ec7 th\u1ed1ng si\u00eau c\u00e1ch nhi\u1ec7t, gi\u00fap l\u00e0m l\u1ea1nh nhanh v\u00e0 s\u00e2u n\u00ean c\u00f3 th\u1ec3 b\u1ea3o qu\u1ea3n th\u1ef1c ph\u1ea9m trong th\u1eddi gian d\u00e0i m\u00e0 kh\u00f4ng c\u1ea7n \u0111\u1ebfn c\u00e1c ch\u1ea5t ph\u1ee5 gia. T\u1ee7 m\u00e1t s\u1eed d\u1ee5ng b\u1ed9 \u0111i\u1ec1u khi\u1ec3n nhi\u1ec7t \u0111\u1ed9 k\u1ef9 thu\u1eadt s\u1ed1 v\u00e0 hi\u1ec3n th\u1ecb nhi\u1ec7t \u0111\u1ed9 qua m\u00e0n h\u00ecnh LCD \u1edf ph\u00eda ngo\u00e0i, gi\u00fap ng\u01b0\u1eddi d\u00f9ng d\u1ec5 d\u00e0ng theo d\u00f5i v\u00e0 \u0111i\u1ec1u khi\u1ec3n m\u00e1y h\u01a1n. H\u01a1n n\u1eefa, th\u00e2n c\u00e1ch \u0111i\u1ec7n Polyurethane Cyclo-isopentane m\u1eadt \u0111\u1ed9 cao c\u00f3 kh\u1ea3 n\u0103ng ti\u1ebft ki\u1ec7m n\u0103ng l\u01b0\u1ee3ng. Khi s\u1eed d\u1ee5ng s\u1ea3n ph\u1ea9m <\/span><b><i>t\u1ee7 m\u00e1t 6 c\u00e1nh Berjaya <\/i><\/b><b><i>BS6DUC\/Z<\/i><\/b><span style=\"font-weight: 400;\">, b\u1ea1n s\u1ebd v\u00f4 c\u00f9ng h\u00e0i l\u00f2ng v\u1ec1 m\u1ee9c \u0111\u1ed9 ti\u00eau th\u1ee5 \u0111i\u1ec7n n\u0103ng so v\u1edbi m\u1ed9t chi\u1ebfc t\u1ee7 m\u00e1t th\u00f4ng th\u01b0\u1eddng.<\/span><\/span><\/p>\n","protected":false},"excerpt":{"rendered":"<ul>\n<li style=\"font-weight: 400;\"><span style=\"font-weight: 400; font-family: helvetica, arial, sans-serif;\">Ch\u1ea5t li\u1ec7u Inox b\u1ec1n \u0111\u1eb9p, d\u1ec5 v\u1ec7 sinh<\/span><\/li>\n<li style=\"font-weight: 400;\"><span style=\"font-weight: 400; font-family: helvetica, arial, sans-serif;\">M\u00e0n h\u00ecnh hi\u1ec3n th\u1ecb nhi\u1ec7t \u0111\u1ed9 LCD<\/span><\/li>\n<li style=\"font-weight: 400;\"><span style=\"font-weight: 400; font-family: helvetica, arial, sans-serif;\">T\u00edch h\u1ee3p t\u00ednh n\u0103ng t\u1ef1 \u0111\u1ed9ng x\u1ea3 \u0111\u00e1<\/span><\/li>\n<li style=\"font-weight: 400;\"><span style=\"font-weight: 400; font-family: helvetica, arial, sans-serif;\">H\u1ec7 th\u1ed1ng ki\u1ec3m so\u00e1t nhi\u1ec7t \u0111\u1ed9 \u0111\u1ea1t ti\u00eau chu\u1ea9n CE &amp; UL<\/span><\/li>\n<li style=\"font-weight: 400;\"><span style=\"font-weight: 400; font-family: helvetica, arial, sans-serif;\">\u0110\u01b0\u1ee3c th\u1eed nghi\u1ec7m \u0111\u1ed9 b\u1ec1n \u1edf \u2013 35 \u0111\u1ed9 C<\/span><\/li>\n<li style=\"font-weight: 400;\"><span style=\"font-weight: 400; font-family: helvetica, arial, sans-serif;\">H\u00e0ng nh\u1eadp kh\u1ea9u ch\u1ea5t l\u01b0\u1ee3ng cao<\/span><\/li>\n<\/ul>\n","protected":false},"featured_media":39472,"comment_status":"open","ping_status":"closed","template":"","meta":[],"product_cat":[240,254],"product_tag":[],"_links":{"self":[{"href":"https:\/\/thucpham.com\/vinacom\/wp-json\/wp\/v2\/product\/11031"}],"collection":[{"href":"https:\/\/thucpham.com\/vinacom\/wp-json\/wp\/v2\/product"}],"about":[{"href":"https:\/\/thucpham.com\/vinacom\/wp-json\/wp\/v2\/types\/product"}],"replies":[{"embeddable":true,"href":"https:\/\/thucpham.com\/vinacom\/wp-json\/wp\/v2\/comments?post=11031"}],"wp:featuredmedia":[{"embeddable":true,"href":"https:\/\/thucpham.com\/vinacom\/wp-json\/wp\/v2\/media\/39472"}],"wp:attachment":[{"href":"https:\/\/thucpham.com\/vinacom\/wp-json\/wp\/v2\/media?parent=11031"}],"wp:term":[{"taxonomy":"product_cat","embeddable":true,"href":"https:\/\/thucpham.com\/vinacom\/wp-json\/wp\/v2\/product_cat?post=11031"},{"taxonomy":"product_tag","embeddable":true,"href":"https:\/\/thucpham.com\/vinacom\/wp-json\/wp\/v2\/product_tag?post=11031"}],"curies":[{"name":"wp","href":"https:\/\/api.w.org\/{rel}","templated":true}]}}