{"id":11025,"date":"2020-07-14T23:23:43","date_gmt":"2020-07-14T23:23:43","guid":{"rendered":"https:\/\/thucpham.com\/?post_type=product&#038;p=11025"},"modified":"2021-12-11T11:13:08","modified_gmt":"2021-12-11T04:13:08","slug":"tu-mat-4-canh-kinh-2400l-alaska","status":"publish","type":"product","link":"https:\/\/thucpham.com\/vinacom\/tu-mat-4-canh-kinh-2400l-alaska\/","title":{"rendered":"T\u1ee7 M\u00e1t 4 C\u00e1nh K\u00ednh 2400L Alaska"},"content":{"rendered":"<p style=\"text-align: justify;\"><span style=\"font-family: helvetica, arial, sans-serif;\"><b><i>T\u1ee7 m\u00e1t 4 c\u00e1nh k\u00ednh 2400L Alaska <\/i><\/b><b><i>SL-24C4 <\/i><\/b><span style=\"font-weight: 400;\">\u0111\u01b0\u1ee3c thi\u1ebft k\u1ebf hi\u1ec7n \u0111\u1ea1i v\u1edbi 4 c\u00e1nh dung t\u00edch l\u1edbn c\u00f9ng 20 k\u1ec7 ch\u1ee9a, ph\u00f9 h\u1ee3p cho nh\u1eefng si\u00eau th\u1ecb, nh\u00e0 h\u00e0ng c\u00f3 nhu c\u1ea7u l\u1edbn v\u1ec1 tr\u01b0ng b\u00e0y v\u00e0 b\u1ea3o qu\u1ea3n th\u1ef1c ph\u1ea9m, rau c\u1ee7 hay \u0111\u1ed3 u\u1ed1ng. T\u1eebng b\u1ed9 ph\u1eadn, chi ti\u1ebft c\u1ee7a s\u1ea3n ph\u1ea9m \u0111\u1ec1u \u0111\u01b0\u1ee3c ki\u1ec3m tra k\u1ef9 l\u01b0\u1ee1ng tr\u01b0\u1edbc khi l\u1eafp \u0111\u1eb7t v\u00e0 \u0111\u01b0a \u0111\u1ebfn tay ng\u01b0\u1eddi ti\u00eau d\u00f9ng, \u0111\u1ea3m b\u1ea3o ch\u1ea5t l\u01b0\u1ee3ng cao c\u0169ng nh\u01b0 an to\u00e0n cho ng\u01b0\u1eddi s\u1eed d\u1ee5ng. Thi\u1ebft k\u1ebf c\u1eeda k\u00ednh d\u00e0y 2 l\u1edbp v\u00e0 trong su\u1ed1t n\u00ean v\u00f4 c\u00f9ng thu\u1eadn ti\u1ec7n cho b\u1ea1n quan s\u00e1t v\u00e0 l\u1ea5y ra c\u00e1c lo\u1ea1i \u0111\u1ed3 c\u1ea7n d\u00f9ng m\u1ed9t c\u00e1ch nhanh ch\u00f3ng.&nbsp;<\/span><\/span><\/p>\n<p><img class=\"size-full wp-image-12457 aligncenter\" src=\"https:\/\/thucpham.com\/wp-content\/uploads\/2020\/07\/tu-mat-4-canh-kinh-2400l-alaska-banner.jpg\" alt=\"tu-mat-4-canh-kinh-2400l-alaska\" width=\"820\" height=\"656\" srcset=\"https:\/\/thucpham.com\/vinacom\/wp-content\/uploads\/2020\/07\/tu-mat-4-canh-kinh-2400l-alaska-banner.jpg 820w, https:\/\/thucpham.com\/vinacom\/wp-content\/uploads\/2020\/07\/tu-mat-4-canh-kinh-2400l-alaska-banner-300x240.jpg 300w, https:\/\/thucpham.com\/vinacom\/wp-content\/uploads\/2020\/07\/tu-mat-4-canh-kinh-2400l-alaska-banner-768x614.jpg 768w, https:\/\/thucpham.com\/vinacom\/wp-content\/uploads\/2020\/07\/tu-mat-4-canh-kinh-2400l-alaska-banner-24x19.jpg 24w, https:\/\/thucpham.com\/vinacom\/wp-content\/uploads\/2020\/07\/tu-mat-4-canh-kinh-2400l-alaska-banner-36x29.jpg 36w, https:\/\/thucpham.com\/vinacom\/wp-content\/uploads\/2020\/07\/tu-mat-4-canh-kinh-2400l-alaska-banner-48x38.jpg 48w, https:\/\/thucpham.com\/vinacom\/wp-content\/uploads\/2020\/07\/tu-mat-4-canh-kinh-2400l-alaska-banner-510x408.jpg 510w\" sizes=\"(max-width: 820px) 100vw, 820px\" title=\"\"><\/p>\n<p style=\"text-align: center;\"><span style=\"font-family: helvetica, arial, sans-serif;\"><em>Th\u00f4ng tin s\u1ea3n ph\u1ea9m t\u1ee7 m\u00e1t 4 c\u00e1nh k\u00ednh 2400L Alaska SL-24C4<\/em><\/span><\/p>\n<p style=\"text-align: justify;\"><span style=\"font-family: helvetica, arial, sans-serif;\"><span style=\"font-weight: 400;\">B\u00ean c\u1ea1nh \u0111\u00f3, c\u00e1c ng\u0103n k\u1ec7 t\u1ee7 m\u00e1t SL-24C4 \u0111\u01b0\u1ee3c s\u1ea3n xu\u1ea5t b\u1eb1ng nh\u1ef1a ABS cao c\u1ea5p gi\u1eef nhi\u1ec7t t\u1ed1t, kh\u00f3 b\u00e1m b\u1ea9n, d\u1ec5 lau ch\u00f9i, v\u00e0 an to\u00e0n cho s\u1ee9c kh\u1ecfe. Ngo\u00e0i ra, h\u1ec7 th\u1ed1ng s\u01b0\u1edfi k\u00ednh b\u1eb1ng b\u1eb1ng h\u01a1i n\u00f3ng t\u1eeb compressor gi\u00fap m\u1eb7t k\u00ednh lu\u00f4n trong su\u1ed1t, s\u00e1ng b\u00f3ng. <\/span><b><i>T\u1ee7 m\u00e1t 4 c\u00e1nh k\u00ednh 2400L Alaska <\/i><\/b><b><i>SL-24C4 <\/i><\/b><span style=\"font-weight: 400;\">c\u00f2n \u0111\u01b0\u1ee3c trang b\u1ecb m\u00e1y n\u00e9n s\u1ea3n xu\u1ea5t theo c\u00f4ng ngh\u1ec7 Matsushita Nh\u1eadt B\u1ea3n ti\u00ean ti\u1ebfn, gi\u00fap ti\u1ebft ki\u1ec7m \u0111i\u1ec7n n\u0103ng v\u00e0 gi\u1ea3m chi ph\u00ed cho nh\u00e0 \u0111\u1ea7u t\u01b0. Kh\u00f4ng ch\u1ec9 v\u1eady, h\u1ec7 th\u1ed1ng b\u00e1nh xe ch\u1ecbu l\u1ef1c v\u00e0 c\u00f3 kh\u00f3a c\u1ed1 \u0111\u1ecbnh gi\u00fap t\u1ee7 c\u1ed1 \u0111\u1ecbnh t\u1ea1i 1 v\u1ecb tr\u00ed ho\u1eb7c di chuy\u1ec3n \u0111\u1ebfn v\u1ecb tr\u00ed theo \u00fd mu\u1ed1n d\u1ec5 d\u00e0ng<\/span><\/span><\/p>\n","protected":false},"excerpt":{"rendered":"<ul>\n<li style=\"font-weight: 400;\"><span style=\"font-weight: 400; font-family: helvetica, arial, sans-serif;\">Thi\u1ebft k\u1ebf hi\u1ec7n \u0111\u1ea1i v\u1edbi 4 c\u1eeda k\u00ednh trong su\u1ed1t<\/span><\/li>\n<li style=\"font-weight: 400;\"><span style=\"font-family: helvetica, arial, sans-serif;\"><span style=\"font-weight: 400;\">T\u00edch h\u1ee3p <\/span><span style=\"font-weight: 400;\">h\u1ec7 th\u1ed1ng s\u01b0\u1edfi k\u00ednh b\u1eb1ng h\u01a1i n\u00f3ng<\/span><\/span><\/li>\n<li style=\"font-weight: 400;\"><span style=\"font-weight: 400; font-family: helvetica, arial, sans-serif;\">D\u00e0n l\u1ea1nh c\u01b0\u1ee1ng b\u1ee9c \u1ed1ng \u0111\u1ed3ng, l\u00e0m l\u1ea1nh nhanh<\/span><\/li>\n<li style=\"font-weight: 400;\"><span style=\"font-weight: 400; font-family: helvetica, arial, sans-serif;\">10 b\u00e1nh xe ch\u1ecbu \u0111\u01b0\u1ee3c tr\u1ecdng l\u01b0\u1ee3ng l\u1edbn<\/span><\/li>\n<li style=\"font-weight: 400;\"><span style=\"font-weight: 400; font-family: helvetica, arial, sans-serif;\">S\u1eed d\u1ee5ng gas R134A, th\u00e2n thi\u1ec7n v\u1edbi m\u00f4i tr\u01b0\u1eddng<\/span><\/li>\n<li style=\"font-weight: 400;\"><span style=\"font-weight: 400; font-family: helvetica, arial, sans-serif;\">\u1ee8ng d\u1ee5ng c\u00f4ng ngh\u1ec7 ti\u00ean ti\u1ebfn t\u1eeb Nh\u1eadt B\u1ea3n<\/span><\/li>\n<\/ul>\n","protected":false},"featured_media":39512,"comment_status":"open","ping_status":"closed","template":"","meta":[],"product_cat":[240,254],"product_tag":[],"_links":{"self":[{"href":"https:\/\/thucpham.com\/vinacom\/wp-json\/wp\/v2\/product\/11025"}],"collection":[{"href":"https:\/\/thucpham.com\/vinacom\/wp-json\/wp\/v2\/product"}],"about":[{"href":"https:\/\/thucpham.com\/vinacom\/wp-json\/wp\/v2\/types\/product"}],"replies":[{"embeddable":true,"href":"https:\/\/thucpham.com\/vinacom\/wp-json\/wp\/v2\/comments?post=11025"}],"wp:featuredmedia":[{"embeddable":true,"href":"https:\/\/thucpham.com\/vinacom\/wp-json\/wp\/v2\/media\/39512"}],"wp:attachment":[{"href":"https:\/\/thucpham.com\/vinacom\/wp-json\/wp\/v2\/media?parent=11025"}],"wp:term":[{"taxonomy":"product_cat","embeddable":true,"href":"https:\/\/thucpham.com\/vinacom\/wp-json\/wp\/v2\/product_cat?post=11025"},{"taxonomy":"product_tag","embeddable":true,"href":"https:\/\/thucpham.com\/vinacom\/wp-json\/wp\/v2\/product_tag?post=11025"}],"curies":[{"name":"wp","href":"https:\/\/api.w.org\/{rel}","templated":true}]}}