{"id":11022,"date":"2020-07-14T23:21:26","date_gmt":"2020-07-14T16:21:26","guid":{"rendered":"https:\/\/thucpham.com\/?post_type=product&#038;p=11022"},"modified":"2023-12-19T13:21:14","modified_gmt":"2023-12-19T06:21:14","slug":"tu-mat-3-canh-kinh-1400l-alaska","status":"publish","type":"product","link":"https:\/\/thucpham.com\/vinacom\/tu-mat-3-canh-kinh-1400l-alaska\/","title":{"rendered":"T\u1ee7 M\u00e1t 3 C\u00e1nh K\u00ednh 1400L Alaska"},"content":{"rendered":"<p style=\"text-align: justify;\"><span style=\"font-family: helvetica, arial, sans-serif;\"><b><i>T\u1ee7 m\u00e1t 3 c\u00e1nh k\u00ednh 1400L Alaska <\/i><\/b><b><i>SL-14C3<\/i><\/b><span style=\"font-weight: 400;\"> c\u00f3 c\u00f4ng su\u1ea5t 550W, dung t\u00edch l\u1edbn 1400L v\u00e0 <\/span><span style=\"font-weight: 400;\">k\u1ec7 \u0111\u1ec3 \u0111\u1ed3 r\u1ed9ng r\u00e3i, <\/span><span style=\"font-weight: 400;\">thu\u1eadn ti\u1ec7n cho ng\u01b0\u1eddi d\u00f9ng tr\u01b0ng b\u00e0y s\u1ed1 l\u01b0\u1ee3ng l\u1edbn h\u00e0ng h\u00f3a, th\u1ef1c ph\u1ea9m. T\u1ee7 \u0111\u01b0\u1ee3c thi\u1ebft k\u1ebf 3 c\u1eeda k\u00ednh ch\u1ecbu l\u1ef1c trong su\u1ed1t k\u1ebft h\u1ee3p v\u1edbi h\u1ec7 <\/span><span style=\"font-weight: 400;\">th\u1ed1ng \u0111\u00e8n chi\u1ebfu s\u00e1ng tr\u00ean n\u00f3c t\u1ee7 v\u00e0 d\u1ecdc th\u00e2n t\u1ee7,&nbsp; gi\u00fap cho kh\u00f4ng gian tr\u01b0ng b\u00e0y tr\u00f4ng b\u1eaft m\u1eaft v\u00e0&nbsp; d\u1ec5 quan s\u00e1t h\u01a1n.<\/span><\/span><\/p>\n<p><img class=\"size-full wp-image-12459 aligncenter\" src=\"https:\/\/thucpham.com\/wp-content\/uploads\/2020\/07\/tu-mat-3-canh-kinh-1400l-alaska-banner.jpg\" alt=\"tu-mat-3-canh-kinh-1400l-alaska\" width=\"820\" height=\"656\" srcset=\"https:\/\/thucpham.com\/vinacom\/wp-content\/uploads\/2020\/07\/tu-mat-3-canh-kinh-1400l-alaska-banner.jpg 820w, https:\/\/thucpham.com\/vinacom\/wp-content\/uploads\/2020\/07\/tu-mat-3-canh-kinh-1400l-alaska-banner-300x240.jpg 300w, https:\/\/thucpham.com\/vinacom\/wp-content\/uploads\/2020\/07\/tu-mat-3-canh-kinh-1400l-alaska-banner-768x614.jpg 768w, https:\/\/thucpham.com\/vinacom\/wp-content\/uploads\/2020\/07\/tu-mat-3-canh-kinh-1400l-alaska-banner-24x19.jpg 24w, https:\/\/thucpham.com\/vinacom\/wp-content\/uploads\/2020\/07\/tu-mat-3-canh-kinh-1400l-alaska-banner-36x29.jpg 36w, https:\/\/thucpham.com\/vinacom\/wp-content\/uploads\/2020\/07\/tu-mat-3-canh-kinh-1400l-alaska-banner-48x38.jpg 48w, https:\/\/thucpham.com\/vinacom\/wp-content\/uploads\/2020\/07\/tu-mat-3-canh-kinh-1400l-alaska-banner-510x408.jpg 510w\" sizes=\"(max-width: 820px) 100vw, 820px\" title=\"\"><\/p>\n<p style=\"text-align: center;\"><em>Th\u00f4ng tin s\u1ea3n ph\u1ea9m <span style=\"font-family: helvetica, arial, sans-serif;\">t\u1ee7 m\u00e1t 3 c\u00e1nh k\u00ednh 1400L Alaska SL-14C3<\/span><\/em><\/p>\n<p style=\"text-align: justify;\"><span style=\"font-family: helvetica, arial, sans-serif;\"><span style=\"font-weight: 400;\">H\u01a1n th\u1ebf n\u1eefa, <\/span><span style=\"font-weight: 400;\">qu\u1ea1t l\u1ed3ng s\u00f3c \u0111\u01b0\u1ee3c l\u1eafp \u0111\u1eb7t tr\u00ean n\u00f3c t\u1ee7 gi\u00fap nhi\u1ec7t l\u1ea1nh \u0111\u01b0\u1ee3c lan t\u1ecfa \u0111\u1ec1u kh\u1eafp t\u1ee7, gi\u1eef nhi\u1ec7t \u0111\u1ed9 lu\u00f4n \u1ed5n \u0111\u1ecbnh, th\u1ef1c ph\u1ea9m \u0111\u01b0\u1ee3c b\u1ea3o qu\u1ea3n t\u1ed1t nh\u1ea5t. D\u00e0n l\u1ea1nh b\u1eb1ng \u0111\u1ed3ng, gi\u00fap l\u00e0m l\u1ea1nh nhanh v\u00e0 s\u00e2u n\u00ean c\u00f3 th\u1ec3 l\u01b0u tr\u1eef v\u00e0 b\u1ea3o qu\u1ea3n th\u1ef1c ph\u1ea9m trong th\u1eddi gian d\u00e0i m\u00e0 kh\u00f4ng c\u1ea7n \u0111\u1ebfn c\u00e1c ch\u1ea5t ph\u1ee5 gia. <\/span><span style=\"font-weight: 400;\">\u0110\u1ec3 kh\u1eafc ph\u1ee5c t\u00ecnh tr\u1ea1ng k\u00ednh b\u1ecb \u0111\u1ecdng s\u01b0\u01a1ng, m\u1edd kh\u00f3 quan s\u00e1t, chi\u1ebfc t\u1ee7 m\u00e1t Alaska c\u00f2n \u0111\u01b0\u1ee3c trang b\u1ecb h\u1ec7 th\u1ed1ng s\u01b0\u1edfi k\u00ednh <\/span><span style=\"font-weight: 400;\">b\u1eb1ng h\u01a1i n\u00f3ng t\u1eeb compressor gi\u00fap m\u1eb7t k\u00ednh lu\u00f4n trong su\u1ed1t. <\/span><b><i>T\u1ee7 m\u00e1t 3 c\u00e1nh k\u00ednh 1400L Alaska <\/i><\/b><b><i>SL-14C3<\/i><\/b> <span style=\"font-weight: 400;\">s\u1eed d\u1ee5ng gas R134a v\u1eeba th\u00e2n thi\u1ec7n v\u1edbi m\u00f4i tr\u01b0\u1eddng v\u1eeba an to\u00e0n cho ng\u01b0\u1eddi d\u00f9ng.&nbsp;<\/span><\/span><\/p>\n","protected":false},"excerpt":{"rendered":"<ul>\n<li style=\"font-weight: 400;\"><span style=\"font-weight: 400; font-family: helvetica, arial, sans-serif;\">D\u00e0n l\u1ea1nh \u0111\u1ed3ng, ho\u1ea1t \u0111\u1ed9ng b\u1ec1n b\u1ec9, \u0111\u1ed9 b\u1ec1n cao<\/span><\/li>\n<li style=\"font-weight: 400;\"><span style=\"font-weight: 400; font-family: helvetica, arial, sans-serif;\">C\u1eeda k\u00ednh 2 l\u1edbp theo c\u00f4ng ngh\u1ec7 Low-E\u00a0<\/span><\/li>\n<li style=\"font-weight: 400;\"><span style=\"font-weight: 400; font-family: helvetica, arial, sans-serif;\">L\u00f2ng t\u1ee7 \u0111\u01b0\u1ee3c \u0111\u00fac b\u1eb1ng nh\u1ef1a ABS cao c\u1ea5p<\/span><\/li>\n<li style=\"font-weight: 400;\"><span style=\"font-weight: 400; font-family: helvetica, arial, sans-serif;\">C\u00f4ng ngh\u1ec7 \u0111\u00e8n LED chi\u1ebfu s\u00e1ng ti\u1ebft ki\u1ec7m \u0111i\u1ec7n<\/span><\/li>\n<li style=\"font-weight: 400;\"><span style=\"font-weight: 400; font-family: helvetica, arial, sans-serif;\">H\u1ec7 th\u1ed1ng s\u01b0\u1edfi k\u00ednh b\u1eb1ng h\u01a1i n\u00f3ng t\u1eeb compressor\u00a0<\/span><\/li>\n<li style=\"font-weight: 400;\"><span style=\"font-weight: 400; font-family: helvetica, arial, sans-serif;\">S\u1eed d\u1ee5ng gas R134A th\u00e2n thi\u1ec7n v\u1edbi m\u00f4i tr\u01b0\u1eddng<\/span><\/li>\n<li style=\"font-weight: 400;\"><span style=\"font-weight: 400; font-family: helvetica, arial, sans-serif;\">Dung t\u00edch l\u1edbn, kh\u00f4ng gian tr\u01b0ng b\u00e0y v\u00e0 b\u1ea3o qu\u1ea3n r\u1ed9ng<\/span><\/li>\n<\/ul>\n","protected":false},"featured_media":39517,"comment_status":"open","ping_status":"closed","template":"","meta":[],"product_cat":[240,254],"product_tag":[],"_links":{"self":[{"href":"https:\/\/thucpham.com\/vinacom\/wp-json\/wp\/v2\/product\/11022"}],"collection":[{"href":"https:\/\/thucpham.com\/vinacom\/wp-json\/wp\/v2\/product"}],"about":[{"href":"https:\/\/thucpham.com\/vinacom\/wp-json\/wp\/v2\/types\/product"}],"replies":[{"embeddable":true,"href":"https:\/\/thucpham.com\/vinacom\/wp-json\/wp\/v2\/comments?post=11022"}],"wp:featuredmedia":[{"embeddable":true,"href":"https:\/\/thucpham.com\/vinacom\/wp-json\/wp\/v2\/media\/39517"}],"wp:attachment":[{"href":"https:\/\/thucpham.com\/vinacom\/wp-json\/wp\/v2\/media?parent=11022"}],"wp:term":[{"taxonomy":"product_cat","embeddable":true,"href":"https:\/\/thucpham.com\/vinacom\/wp-json\/wp\/v2\/product_cat?post=11022"},{"taxonomy":"product_tag","embeddable":true,"href":"https:\/\/thucpham.com\/vinacom\/wp-json\/wp\/v2\/product_tag?post=11022"}],"curies":[{"name":"wp","href":"https:\/\/api.w.org\/{rel}","templated":true}]}}