{"id":10997,"date":"2020-07-14T22:55:05","date_gmt":"2020-07-14T15:55:05","guid":{"rendered":"https:\/\/thucpham.com\/?post_type=product&#038;p=10997"},"modified":"2021-12-11T09:52:29","modified_gmt":"2021-12-11T02:52:29","slug":"tu-hap-2-cua-dung-dien-kingsun-zzsb-01","status":"publish","type":"product","link":"https:\/\/thucpham.com\/vinacom\/tu-hap-2-cua-dung-dien-kingsun-zzsb-01\/","title":{"rendered":"T\u1ee7 H\u1ea5p 2 C\u1eeda D\u00f9ng \u0110i\u1ec7n Kingsun ZZSB-01"},"content":{"rendered":"<p style=\"text-align: justify;\"><span style=\"font-family: helvetica, arial, sans-serif;\"><span style=\"font-weight: 400;\">S\u1ef1 ra \u0111\u1eddi c\u1ee7a <\/span><b><i>t\u1ee7 h\u1ea5p 2 c\u1eeda d\u00f9ng \u0111i\u1ec7n Kingsun ZZSB-001 <\/i><\/b><span style=\"font-weight: 400;\">mang \u0111\u1ebfn s\u1ef1 ti\u1ec7n l\u1ee3i cho c\u00e1c m\u00f3n h\u1ea5p, gi\u00fap b\u1ea1n h\u1ea5p n\u1ea5u th\u1ef1c ph\u1ea9m v\u1edbi s\u1ed1 l\u01b0\u1ee3ng l\u1edbn nhanh ch\u00f3ng m\u00e0 kh\u00f4ng b\u1ecb kh\u00f4 hay b\u1ecb m\u1ea5t ch\u1ea5t dinh d\u01b0\u1ee1ng. Kingsun ZZSB-001 chuy\u00ean d\u00f9ng \u0111\u1ec3 n\u1ea5u x\u00f4i, n\u1ea5u c\u01a1m, h\u1ea5p h\u1ea3i s\u1ea3n, c\u00e1c lo\u1ea1i th\u1ecbt hay rau c\u1ee7 qu\u1ea3. T\u1ee7 \u0111\u01b0\u1ee3c thi\u1ebft k\u1ebf gi\u1eef nhi\u1ec7t hi\u1ec7u qu\u1ea3 n\u00ean kh\u00f4ng l\u00e0m ti\u00eau t\u1ed1n nhi\u1ec1u \u0111i\u1ec7n n\u0103ng, ti\u1ebft ki\u1ec7m chi ph\u00ed cho ng\u01b0\u1eddi d\u00f9ng.<\/span><\/span><\/p>\n<p><img class=\"aligncenter\" src=\"https:\/\/thucpham.com\/wp-content\/uploads\/2020\/07\/tu-hap-2-cua-dung-dien-kingsun-zzsb-001.jpg\" alt=\"tu-hap-2-cua-dung-dien-kingsun-zzsb-001\" width=\"820\" height=\"656\" title=\"\"><\/p>\n<p style=\"text-align: center;\"><span style=\"font-family: helvetica, arial, sans-serif;\"><em>Th\u00f4ng tin s\u1ea3n ph\u1ea9m t\u1ee7 h\u1ea5p 2 c\u1eeda d\u00f9ng \u0111i\u1ec7n Kingsun<\/em><\/span><\/p>\n<p style=\"text-align: justify;\"><span style=\"font-family: helvetica, arial, sans-serif;\"><span style=\"font-weight: 400;\">S\u1ea3n ph\u1ea9m ph\u1ea7n l\u1edbn \u0111\u01b0\u1ee3c s\u1ea3n xu\u1ea5t t\u1eeb ch\u1ea5t li\u1ec7u inox d\u00e0y d\u1eb7n, ch\u1ea5t l\u01b0\u1ee3ng cao, c\u00f3 kh\u1ea3 n\u0103ng ch\u1ecbu l\u1ef1c, ch\u1ed1ng va \u0111\u1eadp v\u00e0 tr\u1ea7y x\u01b0\u1edbc t\u1ed1t. B\u1ea1n c\u0169ng d\u1ec5 d\u00e0ng c\u00e0i \u0111\u1eb7t nhi\u1ec7t \u0111\u1ed9 v\u00e0 th\u1eddi gian h\u1ea5p th\u1ef1c ph\u1ea9m b\u1eb1ng b\u1ea3ng \u0111i\u1ec1u khi\u1ec3n th\u00f4ng minh c\u1ee7a thi\u1ebft b\u1ecb. Ngo\u00e0i ra, c\u1eeda t\u1ee7 \u0111\u01b0\u1ee3c thi\u1ebft k\u1ebf k\u00edn, ch\u1eafc ch\u1eafn, h\u1ea1n ch\u1ebf h\u01a1i n\u01b0\u1edbc tho\u00e1t ra b\u00ean ngo\u00e0i g\u00e2y \u1ea3nh h\u01b0\u1edfng \u0111\u1ebfn ch\u1ea5t l\u01b0\u1ee3ng th\u1ef1c ph\u1ea9m h\u1ea5p b\u00ean trong c\u0169ng nh\u01b0 g\u00e2y th\u1ea5t tho\u00e1t nhi\u1ec7t n\u0103ng. H\u1ea5p th\u1ef1c ph\u1ea9m trong chi\u1ebfc<\/span><b><i> t\u1ee7 h\u1ea5p 2 c\u1eeda d\u00f9ng \u0111i\u1ec7n Kingsun ZZSB-001<\/i><\/b><span style=\"font-weight: 400;\"> n\u00e0y kh\u00f4ng ch\u1ec9 gi\u00fap ch\u00fang ch\u00edn nhanh m\u00e0 c\u00f2n v\u1eabn gi\u1eef nguy\u00ean v\u1eb9n \u0111\u01b0\u1ee3c m\u00e0u s\u1eafc, h\u00ecnh d\u00e1ng, h\u01b0\u01a1ng v\u1ee5 ban \u0111\u1ea7u c\u1ee7a ch\u00fang.<\/span><\/span><\/p>\n","protected":false},"excerpt":{"rendered":"<ul>\n<li style=\"font-weight: 400;\"><span style=\"font-weight: 400; font-family: helvetica, arial, sans-serif;\">S\u1ea3n xu\u1ea5t b\u1eb1ng inox ch\u1ea5t l\u01b0\u1ee3ng cao, b\u1ec1n ch\u1eafc<\/span><\/li>\n<li style=\"font-weight: 400;\"><span style=\"font-weight: 400; font-family: helvetica, arial, sans-serif;\">Thi\u1ebft k\u1ebf g\u1ecdn g\u00e0ng, ki\u1ec3u d\u00e1ng vu\u00f4ng v\u1eafn, \u0111\u1eb9p m\u1eaft<\/span><\/li>\n<li style=\"font-weight: 400;\"><span style=\"font-weight: 400; font-family: helvetica, arial, sans-serif;\">H\u1ea5p th\u1ef1c ph\u1ea9m ch\u00edn b\u1eb1ng \u00e1p su\u1ea5t v\u00e0 h\u01a1i n\u01b0\u1edbc<\/span><\/li>\n<li style=\"font-weight: 400;\"><span style=\"font-weight: 400; font-family: helvetica, arial, sans-serif;\">C\u00e0i \u0111\u1eb7t ch\u1ebf \u0111\u1ed9 v\u00e0 th\u1eddi gian h\u1ea5p b\u1eb1ng b\u1ea3ng \u0111i\u1ec1u khi\u1ec3n ti\u1ec7n l\u1ee3i<\/span><\/li>\n<li style=\"font-weight: 400;\"><span style=\"font-weight: 400; font-family: helvetica, arial, sans-serif;\">Gi\u1eef nhi\u1ec7t hi\u1ec7u qu\u1ea3, ti\u1ebft ki\u1ec7m \u0111i\u1ec7n n\u0103ng<\/span><\/li>\n<\/ul>\n","protected":false},"featured_media":39402,"comment_status":"open","ping_status":"closed","template":"","meta":[],"product_cat":[274],"product_tag":[],"_links":{"self":[{"href":"https:\/\/thucpham.com\/vinacom\/wp-json\/wp\/v2\/product\/10997"}],"collection":[{"href":"https:\/\/thucpham.com\/vinacom\/wp-json\/wp\/v2\/product"}],"about":[{"href":"https:\/\/thucpham.com\/vinacom\/wp-json\/wp\/v2\/types\/product"}],"replies":[{"embeddable":true,"href":"https:\/\/thucpham.com\/vinacom\/wp-json\/wp\/v2\/comments?post=10997"}],"wp:featuredmedia":[{"embeddable":true,"href":"https:\/\/thucpham.com\/vinacom\/wp-json\/wp\/v2\/media\/39402"}],"wp:attachment":[{"href":"https:\/\/thucpham.com\/vinacom\/wp-json\/wp\/v2\/media?parent=10997"}],"wp:term":[{"taxonomy":"product_cat","embeddable":true,"href":"https:\/\/thucpham.com\/vinacom\/wp-json\/wp\/v2\/product_cat?post=10997"},{"taxonomy":"product_tag","embeddable":true,"href":"https:\/\/thucpham.com\/vinacom\/wp-json\/wp\/v2\/product_tag?post=10997"}],"curies":[{"name":"wp","href":"https:\/\/api.w.org\/{rel}","templated":true}]}}