{"id":10921,"date":"2020-07-14T21:16:13","date_gmt":"2020-07-14T21:16:13","guid":{"rendered":"https:\/\/thucpham.com\/?post_type=product&#038;p=10921"},"modified":"2023-11-01T09:39:33","modified_gmt":"2023-11-01T02:39:33","slug":"tu-dong-2-canh-berjaya","status":"publish","type":"product","link":"https:\/\/thucpham.com\/vinacom\/tu-dong-2-canh-berjaya\/","title":{"rendered":"T\u1ee7 \u0110\u00f4ng 2 C\u00e1nh Berjaya"},"content":{"rendered":"<p style=\"text-align: justify\"><span style=\"font-family: helvetica, arial, sans-serif\"><b><i>T\u1ee7 \u0111\u00f4ng 2 c\u00e1nh Berjaya BS2DUF\/Z<\/i><\/b><span style=\"font-weight: 400\"> l\u00e0 d\u00f2ng s\u1ea3n ph\u1ea9m t\u1ee7 \u0111\u00f4ng cao c\u1ea5p \u0111\u01b0\u1ee3c nh\u1eadp kh\u1ea9u 100% t\u1eeb Malaysia v\u1edbi dung t\u00edch 505L, chuy\u00ean s\u1eed d\u1ee5ng cho c\u00e1c kho th\u1ef1c ph\u1ea9m \u0111\u00f4ng l\u1ea1nh, nh\u00e0 h\u00e0ng \u0103n u\u1ed1ng. T\u1ee7 \u0111\u00f4ng \u0111\u01b0\u1ee3c thi\u1ebft k\u1ebf v\u1edbi k\u00edch th\u01b0\u1edbc 650 x 770 x 2060mm, ki\u1ec3u d\u00e1ng \u0111\u1ee9ng, sang tr\u1ecdng, th\u00edch h\u1ee3p l\u1eafp \u0111\u1eb7t \u1edf m\u1ecdi kh\u00f4ng gian. H\u01a1n n\u1eefa, s\u1ea3n ph\u1ea9m \u0111\u01b0\u1ee3c l\u1eafp \u0111\u1eb7t b\u1ed9 l\u1ecdc kh\u00f4ng kh\u00ed gi\u00fap t\u1ee7 kh\u00f4ng b\u1ecb \u00e1m m\u00f9i h\u00f4i v\u00e0 c\u00f3 t\u00ednh n\u0103ng ch\u1ed1ng vi khu\u1ea9n gi\u00fap b\u1ea3o qu\u1ea3n th\u1ef1c ph\u1ea9m lu\u00f4n t\u01b0\u01a1i ngon.<\/span><\/span><\/p>\n<p><img class=\"size-full wp-image-12481 aligncenter\" src=\"https:\/\/thucpham.com\/wp-content\/uploads\/2020\/07\/tu-dong-cong-nghiep-2-canh-Berjaya-BS2DUF-Z-banner.jpg\" alt=\"tu-dong-cong-nghiep-2-canh-Berjaya-BS2DUF-Z\" width=\"820\" height=\"656\" srcset=\"https:\/\/thucpham.com\/vinacom\/wp-content\/uploads\/2020\/07\/tu-dong-cong-nghiep-2-canh-Berjaya-BS2DUF-Z-banner.jpg 820w, https:\/\/thucpham.com\/vinacom\/wp-content\/uploads\/2020\/07\/tu-dong-cong-nghiep-2-canh-Berjaya-BS2DUF-Z-banner-300x240.jpg 300w, https:\/\/thucpham.com\/vinacom\/wp-content\/uploads\/2020\/07\/tu-dong-cong-nghiep-2-canh-Berjaya-BS2DUF-Z-banner-768x614.jpg 768w, https:\/\/thucpham.com\/vinacom\/wp-content\/uploads\/2020\/07\/tu-dong-cong-nghiep-2-canh-Berjaya-BS2DUF-Z-banner-24x19.jpg 24w, https:\/\/thucpham.com\/vinacom\/wp-content\/uploads\/2020\/07\/tu-dong-cong-nghiep-2-canh-Berjaya-BS2DUF-Z-banner-36x29.jpg 36w, https:\/\/thucpham.com\/vinacom\/wp-content\/uploads\/2020\/07\/tu-dong-cong-nghiep-2-canh-Berjaya-BS2DUF-Z-banner-48x38.jpg 48w, https:\/\/thucpham.com\/vinacom\/wp-content\/uploads\/2020\/07\/tu-dong-cong-nghiep-2-canh-Berjaya-BS2DUF-Z-banner-510x408.jpg 510w\" sizes=\"(max-width: 820px) 100vw, 820px\" title=\"\"><\/p>\n<p style=\"text-align: center\"><span style=\"font-family: helvetica, arial, sans-serif\"><em>Th\u00f4ng tin s\u1ea3n ph\u1ea9m t\u1ee7 \u0111\u00f4ng 2 c\u00e1nh Berjaya BS2DUF\/Z<\/em><\/span><\/p>\n<p style=\"text-align: justify\"><span style=\"font-family: helvetica, arial, sans-serif\"><span style=\"font-weight: 400\">To\u00e0n b\u1ed9 n\u1ed9i th\u1ea5t v\u00e0 ngo\u1ea1i th\u1ea5t c\u1ee7a t\u1ee7 \u0111\u00f4ng Berjaya 2 c\u00e1nh \u0111\u1ec1u \u0111\u01b0\u1ee3c gia c\u00f4ng b\u1eb1ng ch\u1ea5t li\u1ec7u inox cao c\u1ea5p, ch\u1ed1ng b\u00e1m b\u1ee5i b\u1ea9n, ch\u1ed1ng oxy h\u00f3a, \u0111\u1ea3m b\u1ea3o v\u1ec7 sinh v\u00e0 an to\u00e0n th\u1ef1c ph\u1ea9m. V\u1edbi ch\u1ea5t li\u1ec7u n\u00e0y, ng\u01b0\u1eddi d\u00f9ng c\u00f3 th\u1ec3 y\u00ean t\u00e2m h\u01a1n v\u1ec1 \u0111\u1ed9 b\u1ec1n c\u0169ng nh\u01b0 tu\u1ed5i th\u1ecd c\u1ee7a m\u00e1y. Ngo\u00e0i ra, t\u1ee7 \u0111\u00f4ng c\u00f3 h\u1ec7 th\u1ed1ng si\u00eau c\u00e1ch nhi\u1ec7t v\u00e0 qu\u1ea1t \u0111\u1ea3o nhi\u1ec7t giu\u0301p nhi\u00ea\u0323t \u0111\u00f4\u0323 trong tu\u0309 \u0111\u00f4\u0300ng \u0111i\u00ea\u0300u, gi\u00fap th\u1ef1c ph\u1ea9m&nbsp; lu\u00f4n \u0111\u01b0\u1ee3c b\u1ea3o qu\u1ea3n \u1edf \u0111i\u1ec1u ki\u1ec7n t\u1ed1t nh\u1ea5t. Nhi\u1ec7t \u0111\u1ed9 b\u00ean trong c\u1ee7a <\/span><b><i>t\u1ee7 \u0111\u00f4ng 2 c\u00e1nh Berjaya BS2DUF\/Z<\/i><\/b><span style=\"font-weight: 400\"> s\u1ebd \u0111\u01b0\u1ee3c hi\u1ec3n th\u1ecb qua m\u00e0n h\u00ecnh LCD \u1edf ph\u00eda ngo\u00e0i t\u1ee7, gi\u00fap b\u1ea1n d\u1ec5 d\u00e0ng quan s\u00e1t v\u00e0 \u0111i\u1ec1u ch\u1ec9nh nhi\u1ec7t \u0111\u1ed9 m\u00e0 kh\u00f4ng c\u1ea7n ph\u1ea3i m\u1edf c\u1eeda t\u1ee7. Th\u00eam v\u00e0o \u0111\u00f3, Berjaya BS2DUF\/Z c\u00f2n \u0111\u01b0\u1ee3c trang b\u1ecb c\u00e1c b\u1ed9 \u0111i\u1ec1u ch\u1ec9nh k\u1ef9 thu\u1eadt s\u1ed1 v\u00e0 h\u1ec7 th\u1ed1ng ki\u1ec3m so\u00e1t nhi\u1ec7t \u0111\u1ed9 \u0111\u1ea1t ti\u00eau chu\u1ea9n CE &amp; UL<\/span><\/span><\/p>\n","protected":false},"excerpt":{"rendered":"<ul>\n<li style=\"font-weight: 400\"><span style=\"font-weight: 400;font-family: helvetica, arial, sans-serif\">N\u1ed9i ngo\u1ea1i th\u1ea5t b\u1eb1ng inox cao c\u1ea5p<\/span><\/li>\n<li style=\"font-weight: 400\"><span style=\"font-weight: 400;font-family: helvetica, arial, sans-serif\">4 ch\u00e2n \u0111\u1ee1 t\u1ee7 \u0111\u01b0\u1ee3c l\u00e0m inox ch\u1ecbu l\u1ef1c t\u1ed1t<\/span><\/li>\n<li style=\"font-weight: 400\"><span style=\"font-weight: 400;font-family: helvetica, arial, sans-serif\">\u0110\u1ea1t ti\u00eau chu\u1ea9n CE &amp; UL ti\u1ebft ki\u1ec7m n\u0103ng l\u01b0\u1ee3ng \u0111i\u1ec7n<\/span><\/li>\n<li style=\"font-weight: 400\"><span style=\"font-weight: 400;font-family: helvetica, arial, sans-serif\">M\u00e1y n\u00e9n nh\u00e3n hi\u1ec7u Danfoss v\u00e0 qu\u1ea1t t\u1ea3n nhi\u1ec7t nhanh<\/span><\/li>\n<li style=\"font-weight: 400\"><span style=\"font-weight: 400;font-family: helvetica, arial, sans-serif\">Dung t\u00edch 505L, b\u1ea3o qu\u1ea3n \u0111a d\u1ea1ng th\u1ef1c ph\u1ea9m<\/span><\/li>\n<li style=\"font-weight: 400\"><span style=\"font-weight: 400;font-family: helvetica, arial, sans-serif\">\u0110\u1ea1t \u0111\u1ed9 b\u1ec1n th\u1eed nghi\u1ec7m \u1edf \u2013 35 \u0111\u1ed9 C<\/span><\/li>\n<\/ul>\n","protected":false},"featured_media":39192,"comment_status":"open","ping_status":"closed","template":"","meta":[],"product_cat":[239,254],"product_tag":[],"_links":{"self":[{"href":"https:\/\/thucpham.com\/vinacom\/wp-json\/wp\/v2\/product\/10921"}],"collection":[{"href":"https:\/\/thucpham.com\/vinacom\/wp-json\/wp\/v2\/product"}],"about":[{"href":"https:\/\/thucpham.com\/vinacom\/wp-json\/wp\/v2\/types\/product"}],"replies":[{"embeddable":true,"href":"https:\/\/thucpham.com\/vinacom\/wp-json\/wp\/v2\/comments?post=10921"}],"wp:featuredmedia":[{"embeddable":true,"href":"https:\/\/thucpham.com\/vinacom\/wp-json\/wp\/v2\/media\/39192"}],"wp:attachment":[{"href":"https:\/\/thucpham.com\/vinacom\/wp-json\/wp\/v2\/media?parent=10921"}],"wp:term":[{"taxonomy":"product_cat","embeddable":true,"href":"https:\/\/thucpham.com\/vinacom\/wp-json\/wp\/v2\/product_cat?post=10921"},{"taxonomy":"product_tag","embeddable":true,"href":"https:\/\/thucpham.com\/vinacom\/wp-json\/wp\/v2\/product_tag?post=10921"}],"curies":[{"name":"wp","href":"https:\/\/api.w.org\/{rel}","templated":true}]}}