{"id":10916,"date":"2020-07-14T21:11:57","date_gmt":"2020-07-14T21:11:57","guid":{"rendered":"https:\/\/thucpham.com\/?post_type=product&#038;p=10916"},"modified":"2021-12-09T13:27:31","modified_gmt":"2021-12-09T06:27:31","slug":"tu-nua-dong-nua-mat-2-canh-duc-minh","status":"publish","type":"product","link":"https:\/\/thucpham.com\/vinacom\/tu-nua-dong-nua-mat-2-canh-duc-minh\/","title":{"rendered":"T\u1ee7 N\u1eeda \u0110\u00f4ng N\u1eeda M\u00e1t 2 C\u00e1nh \u0110\u1ee9c Minh"},"content":{"rendered":"<p style=\"text-align: justify\"><span style=\"font-family: helvetica, arial, sans-serif\"><b><i>T\u1ee7 n\u1eeda \u0111\u00f4ng n\u1eeda m\u00e1t 2 c\u00e1nh \u0110\u1ee9c Minh <\/i><\/b><b><i>DM600-2I<\/i><\/b><span style=\"font-weight: 400\"> \u0111\u01b0\u1ee3c thi\u1ebft k\u1ebf th\u00f4ng minh v\u1edbi hai ch\u1ebf \u0111\u1ed9 l\u00e0m l\u1ea1nh kh\u00e1c nhau: ch\u1ebf \u0111\u1ed9 l\u00e0m m\u00e1t v\u1edbi m\u1ee9c nhi\u1ec7t t\u1eeb 0 \u0111\u1ed9 C \u2013 10 \u0111\u1ed9 C v\u00e0 ch\u1ebf \u0111\u1ed9 c\u1ea5p \u0111\u00f4ng v\u1edbi m\u1ee9c nhi\u1ec7t \u0111\u1ed9 t\u1eeb -18 \u0111\u1ed9 C \u0111\u1ebfn 0 \u0111\u1ed9 C, th\u00edch h\u1ee3p \u0111\u1ec3 b\u1ea3o qu\u1ea3n \u0111a d\u1ea1ng th\u1ef1c ph\u1ea9m t\u1eeb t\u01b0\u01a1i s\u1ed1ng \u0111\u1ebfn b\u00e1nh kem, hoa qu\u1ea3, \u0111\u1ed3 u\u1ed1ng\u2026 Ph\u1ea7n v\u1ecf ngo\u00e0i c\u1ee7a thi\u1ebft b\u1ecb \u0111\u01b0\u1ee3c s\u1ea3n xu\u1ea5t b\u1eb1ng inox cao c\u1ea5p, h\u1ea1n ch\u1ebf han g\u1ec9 khi ph\u1ea3i ti\u1ebfp x\u00fac v\u1edbi nhi\u1ec7t \u0111\u1ed9 cao hay m\u00f4i tr\u01b0\u1eddng nhi\u1ec1u mu\u1ed1i v\u00e0 axit, h\u01a1n n\u1eefa ch\u1ea5t li\u1ec7u n\u00e0y c\u0169ng gi\u00fap cho c\u00f4ng vi\u1ec7c lau ch\u00f9i, v\u1ec7 sinh d\u1ec5 d\u00e0ng h\u01a1n \u0111\u1ed3ng th\u1eddi mang \u0111\u1ebfn cho s\u1ef1 chuy\u00ean nghi\u1ec7p v\u00e0 sang tr\u1ecdng cho kh\u00f4ng gian b\u1ebfp.&nbsp;<\/span><\/span><\/p>\n<p><img class=\"size-full wp-image-12483 aligncenter\" src=\"https:\/\/thucpham.com\/wp-content\/uploads\/2020\/07\/tu-nua-dong-nua-mat-2-canh-Duc-Minh-DM600-2I-banner.jpg\" alt=\"tu-nua-dong-nua-mat-2-canh-Duc-Minh-DM600-2I\" width=\"820\" height=\"656\" srcset=\"https:\/\/thucpham.com\/vinacom\/wp-content\/uploads\/2020\/07\/tu-nua-dong-nua-mat-2-canh-Duc-Minh-DM600-2I-banner.jpg 820w, https:\/\/thucpham.com\/vinacom\/wp-content\/uploads\/2020\/07\/tu-nua-dong-nua-mat-2-canh-Duc-Minh-DM600-2I-banner-300x240.jpg 300w, https:\/\/thucpham.com\/vinacom\/wp-content\/uploads\/2020\/07\/tu-nua-dong-nua-mat-2-canh-Duc-Minh-DM600-2I-banner-768x614.jpg 768w, https:\/\/thucpham.com\/vinacom\/wp-content\/uploads\/2020\/07\/tu-nua-dong-nua-mat-2-canh-Duc-Minh-DM600-2I-banner-24x19.jpg 24w, https:\/\/thucpham.com\/vinacom\/wp-content\/uploads\/2020\/07\/tu-nua-dong-nua-mat-2-canh-Duc-Minh-DM600-2I-banner-36x29.jpg 36w, https:\/\/thucpham.com\/vinacom\/wp-content\/uploads\/2020\/07\/tu-nua-dong-nua-mat-2-canh-Duc-Minh-DM600-2I-banner-48x38.jpg 48w, https:\/\/thucpham.com\/vinacom\/wp-content\/uploads\/2020\/07\/tu-nua-dong-nua-mat-2-canh-Duc-Minh-DM600-2I-banner-510x408.jpg 510w\" sizes=\"(max-width: 820px) 100vw, 820px\" title=\"\"><\/p>\n<p style=\"text-align: center\"><span style=\"font-family: helvetica, arial, sans-serif\"><em>Th\u00f4ng tin s\u1ea3n ph\u1ea9m t\u1ee7 n\u1eeda \u0111\u00f4ng n\u1eeda m\u00e1t 2 c\u00e1nh \u0110\u1ee9c Minh DM600-2I<\/em><\/span><\/p>\n<p style=\"text-align: justify\"><span style=\"font-family: helvetica, arial, sans-serif\"><b><i>T\u1ee7 n\u1eeda \u0111\u00f4ng n\u1eeda m\u00e1t 2 c\u00e1nh \u0110\u1ee9c Minh <\/i><\/b><b><i>DM600-2I<\/i><\/b><span style=\"font-weight: 400\"> \u0111\u01b0\u1ee3c thi\u1ebft k\u1ebf l\u00e0m 2 t\u1ea7ng v\u1edbi 2 c\u00e1nh m\u1edf t\u00e1ch bi\u1ec7t k\u1ebft h\u1ee3p c\u00e1c nan gi\u00e1 inox b\u00ean trong, thu\u1eadn l\u1ee3i cho vi\u1ec7c s\u1eafp x\u1ebfp v\u00e0 b\u1ea3o qu\u1ea3n th\u1ef1c ph\u1ea9m. H\u01a1n n\u1eefa, d\u00e0n l\u1ea1nh \u0111\u01b0\u1ee3c t\u00edch h\u1ee3p h\u1ec7 th\u1ed1ng qu\u1ea1t \u0111\u1ed1i l\u01b0u gi\u00fap nhi\u1ec7t l\u1ea1nh \u0111\u01b0\u1ee3c lan t\u1ecfa \u0111\u1ed3ng \u0111\u1ec1u kh\u1eafp n\u01a1i trong khoang ch\u1ee9a, do v\u1eady lu\u00f4n gi\u1eef \u0111\u01b0\u1ee3c \u0111\u1ed9 t\u01b0\u01a1i ngon cho th\u1ef1c ph\u1ea9m v\u00e0 ng\u0103n ch\u1eb7n vi khu\u1ea9n c\u00f3 h\u1ea1i x\u00e2m nh\u1eadp. M\u00e0n h\u00ecnh LCD hi\u1ec3n th\u1ecb nhi\u1ec7t \u0111\u1ed9 b\u1eb1ng \u0111i\u1ec7n t\u1eed \u0111\u01b0\u1ee3c b\u1ed1 tr\u00ed b\u00ean ngo\u00e0i th\u00e2n t\u1ee7 cho ph\u00e9p b\u1ea1n theo d\u00f5i, ki\u1ec3m so\u00e1t, v\u00e0 \u0111i\u1ec1u ch\u1ec9nh nhi\u1ec7t \u0111\u1ed9 b\u1ea3o qu\u1ea3n ph\u00f9 h\u1ee3p nh\u1ea5t. B\u00ean c\u1ea1nh \u0111\u00f3, t\u1ee7 <\/span><span style=\"font-weight: 400\">\u0110\u1ee9c Minh <\/span><span style=\"font-weight: 400\">DM600-2I c\u00f2n c\u00f3 c\u00e1c r\u01a1-le b\u00ean trong \u0111\u1ed9ng c\u01a1 t\u1ef1 \u0111\u1ed9ng ng\u1eaft \u0111i\u1ec7n khi th\u1ea5y nhi\u1ec7t \u0111\u1ed9 \u0111\u1ea1t m\u1ee9c \u0111\u00e3 c\u00e0i \u0111\u1eb7t \u0111\u1ec3 gi\u1ea3m thi\u1ec3u \u0111i\u1ec7n n\u0103ng ti\u00eau th\u1ee5.<\/span><\/span><\/p>\n","protected":false},"excerpt":{"rendered":"<ul>\n<li style=\"font-weight: 400\"><span style=\"font-weight: 400;font-family: helvetica, arial, sans-serif\">Ph\u1ea7n v\u1ecf ngo\u00e0i b\u1eb1ng inox cao c\u1ea5p c\u00f3 \u0111\u1ed9 b\u1ec1n cao<\/span><\/li>\n<li style=\"font-weight: 400\"><span style=\"font-weight: 400;font-family: helvetica, arial, sans-serif\">Nan gi\u00e1 b\u1eb1ng inox ch\u1ecbu l\u1ef1c, th\u00e1o l\u1eafp d\u1ec5 d\u00e0ng<\/span><\/li>\n<li style=\"font-weight: 400\"><span style=\"font-weight: 400;font-family: helvetica, arial, sans-serif\">M\u00e0n h\u00ecnh LCD hi\u1ec3n th\u1ecb nhi\u1ec7t \u0111\u1ed9 b\u1eb1ng \u0111i\u1ec7n t\u1eed hi\u1ec7n \u0111\u1ea1i<\/span><\/li>\n<li style=\"font-weight: 400\"><span style=\"font-weight: 400;font-family: helvetica, arial, sans-serif\">R\u01a1-le t\u1ef1 \u0111\u1ed9ng ng\u1eaft khi nhi\u1ec7t \u0111\u1ed9 \u0111\u1ea1t y\u00eau c\u1ea7u<\/span><\/li>\n<li style=\"font-weight: 400\"><span style=\"font-weight: 400;font-family: helvetica, arial, sans-serif\">Ch\u1ea5t l\u00e0m l\u1ea1nh an to\u00e0n v\u1edbi m\u00f4i tr\u01b0\u1eddng<\/span><\/li>\n<li style=\"font-weight: 400\"><span style=\"font-weight: 400;font-family: helvetica, arial, sans-serif\">H\u1ec7 th\u1ed1ng qu\u1ea1t \u0111\u1ed1i l\u01b0u gi\u00fap nhi\u1ec7t l\u1ea1nh lan t\u1ecfa \u0111\u1ed3ng \u0111\u1ec1u<\/span><\/li>\n<\/ul>\n","protected":false},"featured_media":39063,"comment_status":"open","ping_status":"closed","template":"","meta":[],"product_cat":[242,254,239,240],"product_tag":[],"_links":{"self":[{"href":"https:\/\/thucpham.com\/vinacom\/wp-json\/wp\/v2\/product\/10916"}],"collection":[{"href":"https:\/\/thucpham.com\/vinacom\/wp-json\/wp\/v2\/product"}],"about":[{"href":"https:\/\/thucpham.com\/vinacom\/wp-json\/wp\/v2\/types\/product"}],"replies":[{"embeddable":true,"href":"https:\/\/thucpham.com\/vinacom\/wp-json\/wp\/v2\/comments?post=10916"}],"wp:featuredmedia":[{"embeddable":true,"href":"https:\/\/thucpham.com\/vinacom\/wp-json\/wp\/v2\/media\/39063"}],"wp:attachment":[{"href":"https:\/\/thucpham.com\/vinacom\/wp-json\/wp\/v2\/media?parent=10916"}],"wp:term":[{"taxonomy":"product_cat","embeddable":true,"href":"https:\/\/thucpham.com\/vinacom\/wp-json\/wp\/v2\/product_cat?post=10916"},{"taxonomy":"product_tag","embeddable":true,"href":"https:\/\/thucpham.com\/vinacom\/wp-json\/wp\/v2\/product_tag?post=10916"}],"curies":[{"name":"wp","href":"https:\/\/api.w.org\/{rel}","templated":true}]}}