{"id":10913,"date":"2020-07-14T21:05:24","date_gmt":"2020-07-14T21:05:24","guid":{"rendered":"https:\/\/thucpham.com\/?post_type=product&#038;p=10913"},"modified":"2021-12-09T15:49:24","modified_gmt":"2021-12-09T08:49:24","slug":"tu-nua-dong-nua-mat-6-canh-berjaya","status":"publish","type":"product","link":"https:\/\/thucpham.com\/vinacom\/tu-nua-dong-nua-mat-6-canh-berjaya\/","title":{"rendered":"T\u1ee7 N\u1eeda \u0110\u00f4ng N\u1eeda M\u00e1t 6 C\u00e1nh Berjaya"},"content":{"rendered":"<p style=\"text-align: justify\"><span style=\"font-family: helvetica, arial, sans-serif\"><b><i>T\u1ee7 n\u1eeda \u0111\u00f4ng n\u1eeda m\u00e1t 6 c\u00e1nh Berjaya <\/i><\/b><b><i>BSDU4C2F\/Z<\/i><\/b><span style=\"font-weight: 400\"> \u0111\u01b0\u1ee3c nh\u1eadp kh\u1ea9u nguy\u00ean \u0111ai nguy\u00ean ki\u1ec7n t\u1eeb th\u01b0\u01a1ng hi\u1ec7u n\u1ed5i ti\u1ebfng Berjaya, Malaysia v\u1edbi thi\u1ebft k\u1ebf d\u1ea1ng \u0111\u1ee9ng g\u1ecdn g\u00e0ng n\u00ean gi\u00fap b\u1ea3o qu\u1ea3n \u0111\u01b0\u1ee3c nhi\u1ec1u th\u1ef1c ph\u1ea9m \u0111\u1ed3ng th\u1eddi c\u0169ng ti\u1ebft ki\u1ec7m kh\u00f4ng gian b\u1ebfp. H\u01a1n n\u1eefa, dung t\u00edch ch\u1ee9a l\u1edbn v\u1edbi ng\u0103n \u0111\u00f4ng l\u00e0 504L v\u00e0 ng\u0103n m\u00e1t l\u00e0 1103L, cho ph\u00e9p l\u01b0u tr\u1eef v\u00e0 b\u1ea3o qu\u1ea3n th\u1ef1c ph\u1ea9m s\u1ed1 l\u01b0\u1ee3ng l\u1edbn m\u00e0 kh\u00f4ng l\u00e0m \u1ea3nh h\u01b0\u1edfng \u0111\u1ebfn ch\u1ea5t l\u01b0\u1ee3ng c\u1ee7a ch\u00fang. V\u1ecf ngo\u00e0i c\u1ee7a t\u1ee7 \u0111\u01b0\u1ee3c s\u1ea3n xu\u1ea5t b\u1eb1ng inox k\u1ebft h\u1ee3p v\u1edbi c\u1eeda t\u1ee7 \u0111\u01b0\u1ee3c thi\u1ebft k\u1ebf b\u1eb1ng th\u00e9p kh\u00f4ng g\u1ec9, mang \u0111\u1ebfn cho s\u1ea3n ph\u1ea9m m\u1ed9t k\u1ebft c\u1ea5u ch\u1eafc ch\u1eafn, b\u1ec1n \u0111\u1eb9p, v\u00e0 sang tr\u1ecdng.&nbsp;<\/span><\/span><\/p>\n<p><img class=\"size-full wp-image-12485 aligncenter\" src=\"https:\/\/thucpham.com\/wp-content\/uploads\/2020\/07\/tu-nua-dong-nua-mat-6-canh-Berjaya-BSDU4C2FZ-banner.jpg\" alt=\"tu-nua-dong-nua-mat-6-canh-Berjaya-BSDU4C2FZ\" width=\"820\" height=\"656\" srcset=\"https:\/\/thucpham.com\/vinacom\/wp-content\/uploads\/2020\/07\/tu-nua-dong-nua-mat-6-canh-Berjaya-BSDU4C2FZ-banner.jpg 820w, https:\/\/thucpham.com\/vinacom\/wp-content\/uploads\/2020\/07\/tu-nua-dong-nua-mat-6-canh-Berjaya-BSDU4C2FZ-banner-300x240.jpg 300w, https:\/\/thucpham.com\/vinacom\/wp-content\/uploads\/2020\/07\/tu-nua-dong-nua-mat-6-canh-Berjaya-BSDU4C2FZ-banner-768x614.jpg 768w, https:\/\/thucpham.com\/vinacom\/wp-content\/uploads\/2020\/07\/tu-nua-dong-nua-mat-6-canh-Berjaya-BSDU4C2FZ-banner-24x19.jpg 24w, https:\/\/thucpham.com\/vinacom\/wp-content\/uploads\/2020\/07\/tu-nua-dong-nua-mat-6-canh-Berjaya-BSDU4C2FZ-banner-36x29.jpg 36w, https:\/\/thucpham.com\/vinacom\/wp-content\/uploads\/2020\/07\/tu-nua-dong-nua-mat-6-canh-Berjaya-BSDU4C2FZ-banner-48x38.jpg 48w, https:\/\/thucpham.com\/vinacom\/wp-content\/uploads\/2020\/07\/tu-nua-dong-nua-mat-6-canh-Berjaya-BSDU4C2FZ-banner-510x408.jpg 510w\" sizes=\"(max-width: 820px) 100vw, 820px\" title=\"\"><\/p>\n<p style=\"text-align: center\"><span style=\"font-family: helvetica, arial, sans-serif\"><em>Th\u00f4ng tin s\u1ea3n ph\u1ea9m t\u1ee7 n\u1eeda \u0111\u00f4ng n\u1eeda m\u00e1t 6 c\u00e1nh Berjaya BSDU4C2F\/Z<\/em><\/span><\/p>\n<p style=\"text-align: justify\"><span style=\"font-family: helvetica, arial, sans-serif\"><span style=\"font-weight: 400\">T\u1ee7 Berjaya 6 c\u00e1nh c\u00f3 kh\u1ea3 n\u0103ng b\u1ea3o qu\u1ea3n m\u00e1t v\u1edbi d\u1ea3i nhi\u1ec7t t\u1eeb +1\u2103 ~ +6\u2103 v\u00e0 b\u1ea3o qu\u1ea3n \u0111\u00f4ng v\u1edbi d\u1ea3i nhi\u1ec7t t\u1eeb -20\u2103 ~ -14\u2103 gi\u00fap th\u1ef1c ph\u1ea9m lu\u00f4n gi\u1eef \u0111\u01b0\u1ee3c \u0111\u1ed9 t\u01b0\u01a1i m\u1edbi v\u00e0 h\u00e0m l\u01b0\u1ee3ng ch\u1ea5t dinh d\u01b0\u1ee1ng. \u0110\u1eb7c bi\u1ec7t, thi\u1ebft b\u1ecb \u0111\u01b0\u1ee3c nh\u00e0 s\u1ea3n xu\u1ea5t th\u1eed nghi\u1ec7m \u0111\u1ed9 b\u1ec1n \u1edf -35\u00b0C v\u00e0 cho ra k\u1ebft qu\u1ea3 ho\u1ea1t \u0111\u1ed9ng b\u00ecnh th\u01b0\u1eddng. \u0110i\u1ec1u n\u00e0y ch\u1ee9ng t\u1ecf r\u1eb1ng chi\u1ebfc t\u1ee7 n\u00e0y c\u00f3 th\u1ec3 b\u1ea3o qu\u1ea3n \u0111\u01b0\u1ee3c s\u1ea3n ph\u1ea9m m\u1ed9t c\u00e1ch t\u1ed1t nh\u1ea5t. H\u01a1n n\u1eefa, <\/span><b><i>t\u1ee7 n\u1eeda \u0111\u00f4ng n\u1eeda m\u00e1t 6 c\u00e1nh Berjaya <\/i><\/b><b><i>BSDU4C2F\/Z<\/i><\/b><span style=\"font-weight: 400\"> \u0111\u01b0\u1ee3c trang b\u1ecb k\u1ec7 ch\u1ed1ng m\u1ed1c v\u00e0 tay c\u1ea7m ch\u1ed1ng khu\u1ea9n n\u00ean gi\u00fap th\u1ef1c ph\u1ea9m, h\u00e0ng h\u00f3a lu\u00f4n \u0111\u01b0\u1ee3c \u0111\u1ea3m b\u1ea3o an to\u00e0n v\u1ec7 sinh th\u1ef1c ph\u1ea9m, kh\u00f4ng sinh ra vi khu\u1ea9n, n\u1ea5m m\u1ed1c g\u00e2y \u1ea3nh h\u01b0\u1edfng s\u1ee9c kh\u1ecfe ng\u01b0\u1eddi d\u00f9ng. Th\u00eam m\u1ed9t \u0111\u1eb7c \u0111i\u1ec3m n\u1ed5i b\u1eadt c\u1ee7a s\u1ea3n ph\u1ea9m n\u00e0y l\u00e0 s\u1eed d\u1ee5ng ch\u1ea5t l\u00e0m m\u00e1t gas R134a \u0111\u1ed1i v\u1edbi ng\u0103n m\u00e1t v\u00e0 gas R404a \u0111\u1ed1i v\u1edbi ng\u0103n \u0111\u00f4ng th\u00e2n thi\u1ec7n v\u1edbi m\u00f4i tr\u01b0\u1eddng.<\/span><\/span><\/p>\n","protected":false},"excerpt":{"rendered":"<ul>\n<li style=\"font-weight: 400\"><span style=\"font-weight: 400;font-family: helvetica, arial, sans-serif\">Nh\u1eadp kh\u1ea9u tr\u1ef1c ti\u1ebfp t\u1eeb Malaysia<\/span><\/li>\n<li style=\"font-weight: 400\"><span style=\"font-weight: 400;font-family: helvetica, arial, sans-serif\">V\u1ecf b\u1eb1ng inox cao c\u1ea5p, b\u1ec1n \u0111\u1eb9p<\/span><\/li>\n<li style=\"font-weight: 400\"><span style=\"font-weight: 400;font-family: helvetica, arial, sans-serif\">M\u00e0n h\u00ecnh LCD hi\u1ec3n th\u1ecb nhi\u1ec7t \u0111\u1ed9 r\u00f5 r\u00e0ng<\/span><\/li>\n<li style=\"font-weight: 400\"><span style=\"font-weight: 400;font-family: helvetica, arial, sans-serif\">L\u01b0u tr\u1eef v\u00e0 b\u1ea3o qu\u1ea3n th\u1ef1c ph\u1ea9m s\u1ed1 l\u01b0\u1ee3ng l\u1edbn<\/span><\/li>\n<li style=\"font-weight: 400\"><span style=\"font-weight: 400;font-family: helvetica, arial, sans-serif\">Ch\u1ea5t l\u00e0m l\u1ea1nh R134a v\u00e0 R404A th\u00e2n thi\u1ec7n v\u1edbi m\u00f4i tr\u01b0\u1eddng<\/span><\/li>\n<li style=\"font-weight: 400\"><span style=\"font-weight: 400;font-family: helvetica, arial, sans-serif\">6 c\u00e1nh m\u1edf \u0111\u1ed9c l\u1eadp, h\u1ea1n ch\u1ebf th\u1ea5t tho\u00e1t nhi\u1ec7t l\u1ea1nh ra ngo\u00e0i<\/span><\/li>\n<\/ul>\n","protected":false},"featured_media":39223,"comment_status":"open","ping_status":"closed","template":"","meta":[],"product_cat":[242,254,239,240],"product_tag":[],"_links":{"self":[{"href":"https:\/\/thucpham.com\/vinacom\/wp-json\/wp\/v2\/product\/10913"}],"collection":[{"href":"https:\/\/thucpham.com\/vinacom\/wp-json\/wp\/v2\/product"}],"about":[{"href":"https:\/\/thucpham.com\/vinacom\/wp-json\/wp\/v2\/types\/product"}],"replies":[{"embeddable":true,"href":"https:\/\/thucpham.com\/vinacom\/wp-json\/wp\/v2\/comments?post=10913"}],"wp:featuredmedia":[{"embeddable":true,"href":"https:\/\/thucpham.com\/vinacom\/wp-json\/wp\/v2\/media\/39223"}],"wp:attachment":[{"href":"https:\/\/thucpham.com\/vinacom\/wp-json\/wp\/v2\/media?parent=10913"}],"wp:term":[{"taxonomy":"product_cat","embeddable":true,"href":"https:\/\/thucpham.com\/vinacom\/wp-json\/wp\/v2\/product_cat?post=10913"},{"taxonomy":"product_tag","embeddable":true,"href":"https:\/\/thucpham.com\/vinacom\/wp-json\/wp\/v2\/product_tag?post=10913"}],"curies":[{"name":"wp","href":"https:\/\/api.w.org\/{rel}","templated":true}]}}