{"id":10791,"date":"2020-07-13T19:45:01","date_gmt":"2020-07-13T19:45:01","guid":{"rendered":"https:\/\/thucpham.com\/?post_type=product&#038;p=10791"},"modified":"2021-12-09T14:06:37","modified_gmt":"2021-12-09T07:06:37","slug":"tu-dong-6-canh-everzen","status":"publish","type":"product","link":"https:\/\/thucpham.com\/vinacom\/tu-dong-6-canh-everzen\/","title":{"rendered":"T\u1ee7 \u0110\u00f4ng 6 C\u00e1nh Everzen"},"content":{"rendered":"<p style=\"text-align: justify\"><span style=\"font-family: helvetica, arial, sans-serif\"><b><i>T\u1ee7 \u0111\u00f4ng 6 c\u00e1nh Everzen <\/i><\/b><b><i>UDS-65FIE<\/i><\/b><span style=\"font-weight: 400\"> c\u00f3 dung t\u00edch ch\u1ee9a c\u1ef1c l\u1edbn l\u00ean \u0111\u1ebfn 1699L v\u1edbi 6 ng\u0103n ri\u00eang bi\u1ec7t, gi\u00fap b\u1ea3o qu\u1ea3n t\u1ea5t c\u1ea3 c\u00e1c lo\u1ea1i th\u1ef1c ph\u1ea9m nh\u01b0 c\u00e1c lo\u1ea1i h\u1ea3i s\u1ea3n t\u01b0\u01a1i s\u1ed1ng, th\u1ecbt c\u0169ng nh\u01b0 rau qu\u1ea3 v\u00e0 tr\u00e1i c\u00e2y. Do \u0111\u01b0\u1ee3c thi\u1ebft k\u1ebf g\u1ecdn g\u00e0ng n\u00ean chi\u1ebfc t\u1ee7 \u0111\u00f4ng n\u00e0y c\u00f2n gi\u00fap ti\u1ebft ki\u1ec7m di\u1ec7n t\u00edch kh\u00f4ng gian b\u1ebfp, \u0111\u1eb7c bi\u1ec7t \u0111\u1ed1i v\u1edbi c\u00e1c nh\u00e0 b\u1ebfp c\u00f3 di\u1ec7n t\u00edch nh\u1ecf.<\/span><\/span><\/p>\n<p><img class=\"size-full wp-image-12495 aligncenter\" src=\"https:\/\/thucpham.com\/wp-content\/uploads\/2020\/07\/tu-dong-6-canh-Everzen-UDS-65FIE-banner.jpg\" alt=\"tu-dong-6-canh-Everzen-UDS-65FIE\" width=\"820\" height=\"656\" srcset=\"https:\/\/thucpham.com\/vinacom\/wp-content\/uploads\/2020\/07\/tu-dong-6-canh-Everzen-UDS-65FIE-banner.jpg 820w, https:\/\/thucpham.com\/vinacom\/wp-content\/uploads\/2020\/07\/tu-dong-6-canh-Everzen-UDS-65FIE-banner-300x240.jpg 300w, https:\/\/thucpham.com\/vinacom\/wp-content\/uploads\/2020\/07\/tu-dong-6-canh-Everzen-UDS-65FIE-banner-768x614.jpg 768w, https:\/\/thucpham.com\/vinacom\/wp-content\/uploads\/2020\/07\/tu-dong-6-canh-Everzen-UDS-65FIE-banner-24x19.jpg 24w, https:\/\/thucpham.com\/vinacom\/wp-content\/uploads\/2020\/07\/tu-dong-6-canh-Everzen-UDS-65FIE-banner-36x29.jpg 36w, https:\/\/thucpham.com\/vinacom\/wp-content\/uploads\/2020\/07\/tu-dong-6-canh-Everzen-UDS-65FIE-banner-48x38.jpg 48w, https:\/\/thucpham.com\/vinacom\/wp-content\/uploads\/2020\/07\/tu-dong-6-canh-Everzen-UDS-65FIE-banner-510x408.jpg 510w\" sizes=\"(max-width: 820px) 100vw, 820px\" title=\"\"><\/p>\n<p style=\"text-align: center\"><em><span style=\"font-family: helvetica, arial, sans-serif\">Th\u00f4ng tin s\u1ea3n ph\u1ea9m t\u1ee7 \u0111\u00f4ng 6 c\u00e1nh Everzen UDS-65FIE<\/span><\/em><\/p>\n<p style=\"text-align: justify\"><span style=\"font-family: helvetica, arial, sans-serif\"><span style=\"font-weight: 400\">To\u00e0n b\u1ed9 ph\u1ea7n ngo\u1ea1i th\u1ea5t c\u1ee7a t\u1ee7 \u0111\u00f4ng Everzen 6 c\u00e1nh \u0111\u1ec1u \u0111\u01b0\u1ee3c l\u00e0m t\u1eeb th\u00e9p kh\u00f4ng g\u1ec9 m\u1ea1 k\u1ebdm cao c\u1ea5p cho kh\u1ea3 n\u0103ng ch\u1ed1ng g\u1ec9, ch\u1ed1ng m\u00e0i m\u00f2n, ch\u1ed1ng x\u01b0\u1edbc hi\u1ec7u qu\u1ea3. Ch\u1ea5t li\u1ec7u n\u00e0y c\u0169ng gi\u1eef nhi\u1ec7t c\u1ef1c t\u1ed1t v\u00e0 kh\u00f4ng b\u1ecb bi\u1ebfn ch\u1ea5t khi ti\u1ebfp x\u00fac th\u01b0\u1eddng xuy\u00ean v\u1edbi m\u00f4i tr\u01b0\u1eddng \u1ea9m \u01b0\u1edbt, nhi\u1ec1u mu\u1ed1i v\u00e0 axit nh\u01b0 nh\u00e0 b\u1ebfp. Ngo\u00e0i ra, <\/span><b><i>t\u1ee7 \u0111\u00f4ng 6 c\u00e1nh Everzen <\/i><\/b><b><i>UDS-65FIE<\/i><\/b><span style=\"font-weight: 400\"> s\u1eed d\u1ee5ng h\u1ec7 th\u1ed1ng l\u00e0m l\u1ea1nh gi\u00e1n ti\u1ebfp th\u00f4ng minh, gi\u00fap th\u1ef1c ph\u1ea9m kh\u00f4ng b\u1ecb \u0111\u00f3ng tuy\u1ebft.&nbsp; H\u01a1n n\u1eefa, c\u00f4ng ngh\u1ec7 l\u00e0m l\u1ea1nh Polyurethane ti\u00ean ti\u1ebfn cho ph\u00e9p h\u01a1i l\u1ea1nh ng\u1ea5m s\u00e2u v\u00e0o b\u00ean trong th\u1ef1c ph\u1ea9m gi\u00fap duy tr\u00ec \u0111\u1ed9 t\u01b0\u01a1i ngon cho th\u1ef1c ph\u1ea9m trong th\u1eddi gian d\u00e0i. M\u1ed9t \u01b0u \u0111i\u1ec3m kh\u00e1c c\u1ee7a <\/span><span style=\"font-weight: 400\">Everzen <\/span><span style=\"font-weight: 400\">UDS-65FIE l\u00e0 s\u1eed d\u1ee5ng ch\u1ea5t l\u00e0m l\u1ea1nh R134a c\u1ef1c k\u1ef3 an to\u00e0n, kh\u00f4ng g\u00e2y \u00f4 nhi\u1ec5m m\u00f4i tr\u01b0\u1eddng \u0111\u1ed3ng th\u1eddi h\u1ea1n ch\u1ebf g\u00e2y h\u1ea1i cho t\u1ea7ng ozon. B\u00ean c\u1ea1nh \u0111\u00f3, khi c\u1eeda t\u1ee7 b\u1ecb m\u1edf qu\u00e1 l\u00e2u h\u1ec7 th\u1ed1ng chu\u00f4ng b\u00e1o \u0111\u1eb7c bi\u1ec7t s\u1ebd b\u00e1o \u0111\u1ed9ng li\u00ean t\u1ee5c cho \u0111\u1ebfn khi c\u1eeda \u0111\u01b0\u1ee3c \u0111\u00f3ng l\u1ea1i. B\u1ed9 \u0111i\u1ec1u khi\u1ec3n k\u1ef9 thu\u1eadt s\u1ed1 t\u00edch h\u1ee3p m\u00e0n h\u00ecnh \u0111i\u1ec7n t\u1eed ngo\u00e0i th\u00e2n t\u1ee7 c\u0169ng cho ph\u00e9p b\u1ea1n linh ho\u1ea1t theo d\u00f5i v\u00e0 \u0111i\u1ec1u ch\u1ec9nh nhi\u1ec7t \u0111\u1ed9 sao cho ph\u00f9 h\u1ee3p nh\u1ea5t.<\/span><\/span><\/p>\n","protected":false},"excerpt":{"rendered":"<ul>\n<li style=\"font-weight: 400\"><span style=\"font-weight: 400;font-family: helvetica, arial, sans-serif\">S\u1ea3n xu\u1ea5t b\u1eb1ng th\u00e9p kh\u00f4ng g\u1ec9 m\u1ea1 k\u1ebdm cao c\u1ea5p<\/span><\/li>\n<li style=\"font-weight: 400\"><span style=\"font-weight: 400;font-family: helvetica, arial, sans-serif\">H\u1ec7 th\u1ed1ng l\u00e0m l\u1ea1nh gi\u00e1n ti\u1ebfp hi\u1ec7u qu\u1ea3, th\u00f4ng minh<\/span><\/li>\n<li style=\"font-weight: 400\"><span style=\"font-weight: 400;font-family: helvetica, arial, sans-serif\">Thi\u1ebft k\u1ebf 6 ng\u0103n nh\u1ecf \u0111\u1ec3 d\u1ec5 d\u00e0ng ph\u00e2n lo\u1ea1i th\u1ef1c ph\u1ea9m<\/span><\/li>\n<li style=\"font-weight: 400\"><span style=\"font-weight: 400;font-family: helvetica, arial, sans-serif\">\u1ee8ng d\u1ee5ng\u00a0 c\u00f4ng ngh\u1ec7 l\u00e0m l\u1ea1nh ti\u00ean ti\u1ebfn Polyurethane<\/span><\/li>\n<li style=\"font-weight: 400\"><span style=\"font-weight: 400;font-family: helvetica, arial, sans-serif\">Ch\u00e2n t\u1ee7 \u0111\u01b0\u1ee3c trang b\u1ecb b\u00e1nh xe cao su ch\u1ecbu l\u1ef1c t\u1ed1t<\/span><\/li>\n<li style=\"font-weight: 400\"><span style=\"font-weight: 400;font-family: helvetica, arial, sans-serif\">Ch\u1ea5t l\u00e0m l\u1ea1nh R134a c\u1ef1c k\u1ef3 an to\u00e0n<\/span><\/li>\n<\/ul>\n","protected":false},"featured_media":39136,"comment_status":"open","ping_status":"closed","template":"","meta":[],"product_cat":[239,254],"product_tag":[],"_links":{"self":[{"href":"https:\/\/thucpham.com\/vinacom\/wp-json\/wp\/v2\/product\/10791"}],"collection":[{"href":"https:\/\/thucpham.com\/vinacom\/wp-json\/wp\/v2\/product"}],"about":[{"href":"https:\/\/thucpham.com\/vinacom\/wp-json\/wp\/v2\/types\/product"}],"replies":[{"embeddable":true,"href":"https:\/\/thucpham.com\/vinacom\/wp-json\/wp\/v2\/comments?post=10791"}],"wp:featuredmedia":[{"embeddable":true,"href":"https:\/\/thucpham.com\/vinacom\/wp-json\/wp\/v2\/media\/39136"}],"wp:attachment":[{"href":"https:\/\/thucpham.com\/vinacom\/wp-json\/wp\/v2\/media?parent=10791"}],"wp:term":[{"taxonomy":"product_cat","embeddable":true,"href":"https:\/\/thucpham.com\/vinacom\/wp-json\/wp\/v2\/product_cat?post=10791"},{"taxonomy":"product_tag","embeddable":true,"href":"https:\/\/thucpham.com\/vinacom\/wp-json\/wp\/v2\/product_tag?post=10791"}],"curies":[{"name":"wp","href":"https:\/\/api.w.org\/{rel}","templated":true}]}}