{"id":10784,"date":"2020-07-13T19:40:02","date_gmt":"2020-07-13T19:40:02","guid":{"rendered":"https:\/\/thucpham.com\/?post_type=product&#038;p=10784"},"modified":"2021-12-09T14:06:11","modified_gmt":"2021-12-09T07:06:11","slug":"tu-dong-2-canh-everzen","status":"publish","type":"product","link":"https:\/\/thucpham.com\/vinacom\/tu-dong-2-canh-everzen\/","title":{"rendered":"T\u1ee7 \u0110\u00f4ng 2 C\u00e1nh Everzen"},"content":{"rendered":"<p style=\"text-align: justify\"><span style=\"font-family: helvetica, arial, sans-serif\"><b><i>T\u1ee7 \u0111\u00f4ng 2 c\u00e1nh Everzen<\/i><\/b> <span style=\"font-weight: 400\">\u0111\u01b0\u1ee3c ThucPham.com nh\u1eadp kh\u1ea9u nguy\u00ean \u0111ai nguy\u00ean ki\u1ec7n t\u1eeb H\u00e0n Qu\u1ed1c v\u1edbi thi\u1ebft k\u1ebf g\u1ecdn g\u00e0ng, hi\u1ec7n \u0111\u1ea1i, v\u00e0 sang tr\u1ecdng. \u0110\u00e2y l\u00e0 m\u1ed9t trong nh\u1eefng model t\u1ee7 \u0111\u00f4ng \u0111\u01b0\u1ee3c \u01b0a chu\u1ed9ng t\u1ea1i th\u1ecb tr\u01b0\u1eddng Vi\u1ec7t Nam b\u1edfi kh\u1ea3 n\u0103ng l\u00e0m l\u1ea1nh m\u1ea1nh m\u1ebd, \u1ed5n \u0111\u1ecbnh, gi\u00fap th\u1ef1c ph\u1ea9m gi\u1eef \u0111\u01b0\u1ee3c \u0111\u1ed9 t\u01b0\u01a1i ngon v\u00e0 h\u00e0m l\u01b0\u1ee3ng ch\u1ea5t dinh d\u01b0\u1ee1ng.&nbsp;<\/span><\/span><\/p>\n<p><img class=\"size-full wp-image-12493 aligncenter\" src=\"https:\/\/thucpham.com\/wp-content\/uploads\/2020\/07\/tu-dong-2-canh-Everzen-banner.jpg\" alt=\"tu-dong-2-canh-Everzen\" width=\"820\" height=\"656\" srcset=\"https:\/\/thucpham.com\/vinacom\/wp-content\/uploads\/2020\/07\/tu-dong-2-canh-Everzen-banner.jpg 820w, https:\/\/thucpham.com\/vinacom\/wp-content\/uploads\/2020\/07\/tu-dong-2-canh-Everzen-banner-300x240.jpg 300w, https:\/\/thucpham.com\/vinacom\/wp-content\/uploads\/2020\/07\/tu-dong-2-canh-Everzen-banner-768x614.jpg 768w, https:\/\/thucpham.com\/vinacom\/wp-content\/uploads\/2020\/07\/tu-dong-2-canh-Everzen-banner-24x19.jpg 24w, https:\/\/thucpham.com\/vinacom\/wp-content\/uploads\/2020\/07\/tu-dong-2-canh-Everzen-banner-36x29.jpg 36w, https:\/\/thucpham.com\/vinacom\/wp-content\/uploads\/2020\/07\/tu-dong-2-canh-Everzen-banner-48x38.jpg 48w, https:\/\/thucpham.com\/vinacom\/wp-content\/uploads\/2020\/07\/tu-dong-2-canh-Everzen-banner-510x408.jpg 510w\" sizes=\"(max-width: 820px) 100vw, 820px\" title=\"\"><\/p>\n<p style=\"text-align: center\"><span style=\"font-family: helvetica, arial, sans-serif\"><em>Th\u00f4ng tin s\u1ea3n ph\u1ea9m t\u1ee7 \u0111\u00f4ng 2 c\u00e1nh Everzen<\/em><\/span><\/p>\n<p style=\"text-align: justify\"><span style=\"font-family: helvetica, arial, sans-serif\"><span style=\"font-weight: 400\">T\u1ee7 \u0111\u00f4ng Everzen 2 c\u00e1nh c\u00f3 th\u1ec3 tr\u1eef \u0111\u01b0\u1ee3c m\u1ed9t s\u1ed1 l\u01b0\u1ee3ng l\u1edbn th\u1ef1c ph\u1ea9m v\u1edbi k\u00edch th\u01b0\u1edbc kh\u00e1c nhau v\u1edbi dung t\u00edch 529L \u0111\u01b0\u1ee3c chia th\u00e0nh nhi\u1ec1u ng\u0103n t\u00e1ch bi\u1ec7t. N\u1ed9i th\u1ea5t v\u00e0 ngo\u1ea1i th\u1ea5t c\u1ee7a thi\u1ebft b\u1ecb n\u00e0y \u0111\u01b0\u1ee3c s\u1ea3n xu\u1ea5t b\u1eb1ng th\u00e9p kh\u00f4ng g\u1ec9 m\u1ea1 k\u1ebdm h\u1ea1n ch\u1ebf c\u00e1c t\u00e1c nh\u00e2n g\u00e2y m\u00e0i m\u00f2n, oxy h\u00f3a, n\u00e2ng cao tu\u1ed5i th\u1ecd cho t\u1ee7. H\u01a1n n\u1eefa, <\/span><b><i>t\u1ee7 \u0111\u00f4ng 2 c\u00e1nh Everzen <\/i><\/b><span style=\"font-weight: 400\">s\u1edf h\u1eefu c\u00f4ng ngh\u1ec7 <\/span><span style=\"font-weight: 400\">Polyurethane hi\u1ec7n \u0111\u1ea1i c\u00e1ch nhi\u1ec7t li\u00ean t\u1ee5c, gi\u00fap th\u1ef1c ph\u1ea9m v\u1eabn lu\u00f4n gi\u1eef \u0111\u01b0\u1ee3c \u0111\u1ed9 t\u01b0\u01a1i m\u1edbi nh\u01b0 ban \u0111\u1ea7u. T\u1ee7 c\u00f2n s\u1eed d\u1ee5ng ch\u1ea5t l\u00e0m l\u1ea1nh R134A kh\u00f4ng ch\u1ee9a ch\u1ea5t \u0111\u1ed9c h\u1ea1i, b\u1ea3o v\u1ec7 t\u1ea7ng Ozon v\u00e0 th\u00e2n thi\u1ec7n v\u1edbi m\u00f4i tr\u01b0\u1eddng. Th\u00eam v\u00e0o \u0111\u00f3, h\u1ec7 th\u1ed1ng t\u1ef1 \u0111\u1ed9ng c\u1ea3nh b\u00e1o \u0111\u01b0\u1ee3c l\u1eafp \u0111\u1eb7t tr\u00ean c\u1eeda t\u1ee7 s\u1ebd nh\u1eafc nh\u1edf b\u1ea1n khi qu\u00ean \u0111\u00f3ng c\u1eeda trong th\u1eddi gian d\u00e0i. Ch\u01b0a h\u1ebft, thao t\u00e1c m\u1edf v\u00e0 \u0111\u00f3ng t\u1ee7 v\u00f4 c\u00f9ng d\u1ec5 d\u00e0ng, kh\u00f4ng c\u1ea7n s\u1eed d\u1ee5ng qu\u00e1 nhi\u1ec1u l\u1ef1c nh\u1edd \u0111\u01b0\u1ee3c t\u00edch h\u1ee3p t\u00ednh n\u0103ng Easy Open Handle. N\u1ebfu b\u1ea1n \u0111ang c\u00e2n nh\u1eafc m\u1ed9t thi\u1ebft b\u1ecb c\u1ea5p \u0111\u00f4ng ch\u1ea5t l\u01b0\u1ee3ng, \u0111\u1eebng ng\u1ea7n ng\u1ea1i ch\u1ecdn Everzen UDS-25FDR ho\u1eb7c UDS-25FIE nh\u00e9!<\/span><\/span><\/p>\n","protected":false},"excerpt":{"rendered":"<ul>\n<li style=\"font-weight: 400\"><span style=\"font-weight: 400;font-family: helvetica, arial, sans-serif\">Ki\u1ec3u d\u00e1ng t\u1ee7 \u0111\u1ee9ng hi\u1ec7n \u0111\u1ea1i, \u0111\u1eb9p m\u1eaft<\/span><\/li>\n<li style=\"font-weight: 400\"><span style=\"font-weight: 400;font-family: helvetica, arial, sans-serif\">S\u1ea3n xu\u1ea5t b\u1eb1ng th\u00e9p kh\u00f4ng g\u1ec9 m\u1ea1 k\u1ebdm, b\u1ec1n ch\u1eafc<\/span><\/li>\n<li style=\"font-weight: 400\"><span style=\"font-weight: 400;font-family: helvetica, arial, sans-serif\">C\u00f4ng ngh\u1ec7 Polyurethane gi\u00fap l\u00e0m l\u1ea1nh nhanh v\u00e0 s\u00e2u<\/span><\/li>\n<li style=\"font-weight: 400\"><span style=\"font-weight: 400;font-family: helvetica, arial, sans-serif\">T\u00edn hi\u1ec7u c\u1ea3nh b\u00e1o n\u1ebfu th\u1ea5y c\u1eeda b\u1ecb m\u1edf trong th\u1eddi gian d\u00e0i<\/span><\/li>\n<li style=\"font-weight: 400\"><span style=\"font-weight: 400;font-family: helvetica, arial, sans-serif\">\u0110\u1ed9ng c\u01a1 ho\u1ea1t \u0111\u1ed9ng m\u1ea1nh m\u1ebd, \u1ed5n \u0111\u1ecbnh<\/span><\/li>\n<li style=\"font-weight: 400\"><span style=\"font-weight: 400;font-family: helvetica, arial, sans-serif\">Ch\u1ea5t l\u00e0m l\u1ea1nh R134A, th\u00e2n thi\u1ec7n v\u1edbi m\u00f4i tr\u01b0\u1eddng\u00a0<\/span><\/li>\n<\/ul>\n","protected":false},"featured_media":39121,"comment_status":"open","ping_status":"closed","template":"","meta":[],"product_cat":[239,254],"product_tag":[],"_links":{"self":[{"href":"https:\/\/thucpham.com\/vinacom\/wp-json\/wp\/v2\/product\/10784"}],"collection":[{"href":"https:\/\/thucpham.com\/vinacom\/wp-json\/wp\/v2\/product"}],"about":[{"href":"https:\/\/thucpham.com\/vinacom\/wp-json\/wp\/v2\/types\/product"}],"replies":[{"embeddable":true,"href":"https:\/\/thucpham.com\/vinacom\/wp-json\/wp\/v2\/comments?post=10784"}],"wp:featuredmedia":[{"embeddable":true,"href":"https:\/\/thucpham.com\/vinacom\/wp-json\/wp\/v2\/media\/39121"}],"wp:attachment":[{"href":"https:\/\/thucpham.com\/vinacom\/wp-json\/wp\/v2\/media?parent=10784"}],"wp:term":[{"taxonomy":"product_cat","embeddable":true,"href":"https:\/\/thucpham.com\/vinacom\/wp-json\/wp\/v2\/product_cat?post=10784"},{"taxonomy":"product_tag","embeddable":true,"href":"https:\/\/thucpham.com\/vinacom\/wp-json\/wp\/v2\/product_tag?post=10784"}],"curies":[{"name":"wp","href":"https:\/\/api.w.org\/{rel}","templated":true}]}}