{"id":10775,"date":"2020-07-13T19:32:00","date_gmt":"2020-07-13T19:32:00","guid":{"rendered":"https:\/\/thucpham.com\/?post_type=product&#038;p=10775"},"modified":"2021-12-09T11:54:25","modified_gmt":"2021-12-09T04:54:25","slug":"tu-dong-2-cua-dang-nam-500l-alaska","status":"publish","type":"product","link":"https:\/\/thucpham.com\/vinacom\/tu-dong-2-cua-dang-nam-500l-alaska\/","title":{"rendered":"T\u1ee7 \u0110\u00f4ng 2 C\u1eeda D\u1ea1ng N\u1eb1m 500L Alaska"},"content":{"rendered":"<p style=\"text-align: justify\"><span style=\"font-family: helvetica, arial, sans-serif\"><b><i>T\u1ee7 \u0111\u00f4ng 2 c\u1eeda d\u1ea1ng n\u1eb1m 500L Alaska<\/i><\/b><span style=\"font-weight: 400\"> \u0111\u01b0\u1ee3c s\u1ea3n xu\u1ea5t <\/span><span style=\"font-weight: 400\">theo ti\u00eau chu\u1ea9n c\u00f4ng ngh\u1ec7 c\u1ee7a Alaska v\u1edbi thi\u1ebft k\u1ebf 1 ng\u0103n m\u00e1t v\u00e0 1 ng\u0103n \u0111\u00f4ng, th\u00edch h\u1ee3p \u0111\u1ec3 b\u1ea3o qu\u1ea3n th\u1ecbt c\u00e1, kem, \u0111\u1ed3 \u0111\u00f4ng l\u1ea1nh, c\u00e1c lo\u1ea1i \u0111\u1ed3 u\u1ed1ng, rau c\u1ee7 qu\u1ea3&#8230;S\u1ea3n ph\u1ea9m n\u00e0y \u0111\u01b0\u1ee3c ng\u01b0\u1eddi ti\u00eau d\u00f9ng \u0111\u00e1nh gi\u00e1 cao v\u1ec1 kh\u1ea3 n\u0103ng l\u00e0m l\u1ea1nh nhanh, ho\u1ea1t \u0111\u1ed9ng \u00eam \u00e1i, b\u1ec1n b\u1ec9, d\u1ec5 s\u1eed d\u1ee5ng v\u00e0 ti\u1ebft ki\u1ec7m \u0111i\u1ec7n.<\/span><\/span><\/p>\n<p><img class=\"size-full wp-image-12499 aligncenter\" src=\"https:\/\/thucpham.com\/wp-content\/uploads\/2020\/07\/tu-dong-2-cua-dang-nam-500l-alaska-banner.jpg\" alt=\"tu-dong-2-cua-dang-nam-500l-alaska\" width=\"820\" height=\"656\" srcset=\"https:\/\/thucpham.com\/vinacom\/wp-content\/uploads\/2020\/07\/tu-dong-2-cua-dang-nam-500l-alaska-banner.jpg 820w, https:\/\/thucpham.com\/vinacom\/wp-content\/uploads\/2020\/07\/tu-dong-2-cua-dang-nam-500l-alaska-banner-300x240.jpg 300w, https:\/\/thucpham.com\/vinacom\/wp-content\/uploads\/2020\/07\/tu-dong-2-cua-dang-nam-500l-alaska-banner-768x614.jpg 768w, https:\/\/thucpham.com\/vinacom\/wp-content\/uploads\/2020\/07\/tu-dong-2-cua-dang-nam-500l-alaska-banner-24x19.jpg 24w, https:\/\/thucpham.com\/vinacom\/wp-content\/uploads\/2020\/07\/tu-dong-2-cua-dang-nam-500l-alaska-banner-36x29.jpg 36w, https:\/\/thucpham.com\/vinacom\/wp-content\/uploads\/2020\/07\/tu-dong-2-cua-dang-nam-500l-alaska-banner-48x38.jpg 48w, https:\/\/thucpham.com\/vinacom\/wp-content\/uploads\/2020\/07\/tu-dong-2-cua-dang-nam-500l-alaska-banner-510x408.jpg 510w\" sizes=\"(max-width: 820px) 100vw, 820px\" title=\"\"><\/p>\n<p style=\"text-align: center\"><em><span style=\"font-family: helvetica, arial, sans-serif\">Th\u00f4ng tin s\u1ea3n ph\u1ea9m t\u1ee7 \u0111\u00f4ng 2 c\u1eeda d\u1ea1ng n\u1eb1m 500L Alaska<\/span><\/em><\/p>\n<p style=\"text-align: justify\"><span style=\"font-family: helvetica, arial, sans-serif\"><span style=\"font-weight: 400\">Ph\u1ea7n khoang ch\u1ee9a c\u1ee7a t\u1ee7 \u0111\u00f4ng <\/span><span style=\"font-weight: 400\">&nbsp;Alaska <\/span><span style=\"font-weight: 400\">\u0111\u01b0\u1ee3c l\u00e0m&nbsp; b\u1eb1ng nh\u1ef1a ABS cao c\u1ea5p, c\u00f3 \u0111\u1ed9 b\u1ec1n cao, \u00edt b\u00e1m b\u1ee5i b\u1ea9n v\u00e0 d\u1ec5 d\u00e0ng lau ch\u00f9i, v\u1ec7 sinh s\u1ea1ch s\u1ebd. B\u00ean trong t\u1ee7 \u0111\u01b0\u1ee3c trang b\u1ecb gi\u1ecf \u0111\u1ef1ng \u0111\u1ed3 c\u1ee9ng c\u00e1p, ti\u1ec7n l\u1ee3i cho b\u1ea1n l\u01b0u tr\u1eef nh\u1eefng th\u1ef1c ph\u1ea9m c\u1ea7n s\u1eed d\u1ee5ng tr\u01b0\u1edbc ho\u1eb7c s\u1eed d\u1ee5ng th\u01b0\u1eddng xuy\u00ean. T\u1ee7 Alaska 500L c\u00f3 qu\u1ea1t l\u1ed3ng s\u00f3c v\u00e0 h\u1ec7 th\u1ed1ng l\u00e0m l\u1ea1nh b\u1eb1ng Compressor gi\u00fap l\u00e0m l\u1ea1nh nhanh ch\u00f3ng, th\u1ef1c ph\u1ea9m, h\u00e0ng h\u00f3a lu\u00f4n \u0111\u01b0\u1ee3c tr\u1eef \u0111\u00f4ng trong m\u00f4i tr\u01b0\u1eddng l\u1ea1nh \u0111\u1ea1t chu\u1ea9n, \u0111\u1ea3m b\u1ea3o an to\u00e0n v\u1ec7 sinh tr\u00e1nh n\u1ea5m m\u1ed1c hay vi khu\u1ea9n g\u00e2y b\u1ec7nh. Ngo\u00e0i ra, c\u00e1nh c\u1eeda <\/span><b><i>t\u1ee7 \u0111\u00f4ng 2 c\u1eeda d\u1ea1ng n\u1eb1m 500L Alaska<\/i><\/b><span style=\"font-weight: 400\">&nbsp;\u0111\u01b0\u1ee3c thi\u1ebft k\u1ebf d\u00e0y v\u1edbi 2 n\u1eafp m\u1edf vali, gi\u00fap b\u1ea1n cho ho\u1eb7c l\u1ea5y th\u1ef1c ph\u1ea9m trong t\u1ee7 d\u1ec5 d\u00e0ng h\u01a1n. H\u01a1n n\u1eefa, l\u00f2ng t\u1ee7 \u0111\u01b0\u1ee3c s\u1ea3n xu\u1ea5t b\u1eb1ng nh\u00f4m ph\u1eb3ng s\u01a1n t\u0129nh \u0111i\u1ec7n, l\u00e0m l\u1ea1nh nhanh, c\u00f3 kh\u1ea3 n\u0103ng ch\u1ed1ng \u0111\u00f3ng tuy\u1ebft t\u1ed1i \u0111a. B\u1ea3ng \u0111i\u1ec1u khi\u1ec3n nhi\u1ec7t \u0111\u1ed9 tr\u00ean th\u00e2n t\u1ee7 gi\u00fap b\u1ea1n d\u1ec5 d\u00e0ng l\u1ef1a ch\u1ecdn v\u00e0 \u0111i\u1ec1u ch\u1ec9nh m\u1ee9c nhi\u1ec7t \u0111\u1ed9 th\u00edch h\u1ee3p \u0111\u1ec3 b\u1ea3o qu\u1ea3n th\u1ef1c ph\u1ea9m m\u1ed9t c\u00e1ch t\u1ed1t nh\u1ea5t.<\/span><\/span><\/p>\n","protected":false},"excerpt":{"rendered":"<ul>\n<li style=\"font-weight: 400\"><span style=\"font-weight: 400;font-family: helvetica, arial, sans-serif\">Thi\u1ebft k\u1ebf hi\u1ec7n \u0111\u1ea1i v\u1edbi 2 n\u1eafp m\u1edf ti\u1ec7n l\u1ee3i<\/span><\/li>\n<li style=\"font-weight: 400\"><span style=\"font-weight: 400;font-family: helvetica, arial, sans-serif\">Thi\u1ebft k\u1ebf 2 ng\u0103n: 1 ng\u0103n \u0111\u00f4ng v\u00e0 1 ng\u0103n m\u00e1t<\/span><\/li>\n<li style=\"font-weight: 400\"><span style=\"font-weight: 400;font-family: helvetica, arial, sans-serif\">T\u00edch h\u1ee3p c\u00f4ng ngh\u1ec7 l\u00e0m l\u1ea1nh nhanh\u00a0<\/span><\/li>\n<li style=\"font-weight: 400\"><span style=\"font-weight: 400;font-family: helvetica, arial, sans-serif\">An to\u00e0n cho ng\u01b0\u1eddi s\u1eed d\u1ee5ng, th\u00e2n thi\u1ec7n v\u1edbi m\u00f4i tr\u01b0\u1eddng<\/span><\/li>\n<li style=\"font-weight: 400\"><span style=\"font-weight: 400;font-family: helvetica, arial, sans-serif\">B\u00e1nh xe ch\u1ecbu l\u1ef1c gi\u00fap vi\u1ec7c di chuy\u1ec3n d\u1ec5 d\u00e0ng h\u01a1n<\/span><\/li>\n<li style=\"font-weight: 400\"><span style=\"font-weight: 400;font-family: helvetica, arial, sans-serif\">L\u00e0m l\u1ea1nh b\u1eb1ng compressor ti\u1ebft ki\u1ec7m \u0111i\u1ec7n n\u0103ng<\/span><\/li>\n<\/ul>\n","protected":false},"featured_media":39015,"comment_status":"open","ping_status":"closed","template":"","meta":[],"product_cat":[239,254],"product_tag":[],"_links":{"self":[{"href":"https:\/\/thucpham.com\/vinacom\/wp-json\/wp\/v2\/product\/10775"}],"collection":[{"href":"https:\/\/thucpham.com\/vinacom\/wp-json\/wp\/v2\/product"}],"about":[{"href":"https:\/\/thucpham.com\/vinacom\/wp-json\/wp\/v2\/types\/product"}],"replies":[{"embeddable":true,"href":"https:\/\/thucpham.com\/vinacom\/wp-json\/wp\/v2\/comments?post=10775"}],"wp:featuredmedia":[{"embeddable":true,"href":"https:\/\/thucpham.com\/vinacom\/wp-json\/wp\/v2\/media\/39015"}],"wp:attachment":[{"href":"https:\/\/thucpham.com\/vinacom\/wp-json\/wp\/v2\/media?parent=10775"}],"wp:term":[{"taxonomy":"product_cat","embeddable":true,"href":"https:\/\/thucpham.com\/vinacom\/wp-json\/wp\/v2\/product_cat?post=10775"},{"taxonomy":"product_tag","embeddable":true,"href":"https:\/\/thucpham.com\/vinacom\/wp-json\/wp\/v2\/product_tag?post=10775"}],"curies":[{"name":"wp","href":"https:\/\/api.w.org\/{rel}","templated":true}]}}