{"id":10766,"date":"2020-07-13T19:15:29","date_gmt":"2020-07-13T19:15:29","guid":{"rendered":"https:\/\/thucpham.com\/?post_type=product&#038;p=10766"},"modified":"2021-12-09T14:42:08","modified_gmt":"2021-12-09T07:42:08","slug":"tu-dong-sanaky-vh-405w2","status":"publish","type":"product","link":"https:\/\/thucpham.com\/vinacom\/tu-dong-sanaky-vh-405w2\/","title":{"rendered":"T\u1ee7 \u0110\u00f4ng Sanaky VH 405W2"},"content":{"rendered":"<p style=\"text-align: justify\"><span style=\"font-family: helvetica, arial, sans-serif\"><b><i>T\u1ee7 \u0111\u00f4ng Sanaky VH 405W2<\/i><\/b><span style=\"font-weight: 400\"> \u0111\u1ebfn t\u1eeb th\u01b0\u01a1ng hi\u1ec7u Sanaky n\u1ed5i ti\u1ebfng t\u1ea1i Vi\u1ec7t Nam, \u0111ang \u0111\u01b0\u1ee3c s\u1eed d\u1ee5ng r\u1ed9ng r\u00e3i t\u1ea1i nhi\u1ec1u nh\u00e0 h\u00e0ng, qu\u00e1n \u0103n, si\u00eau th\u1ecb&#8230;Thi\u1ebft b\u1ecb s\u1edf h\u1eefu <\/span><span style=\"font-weight: 400\">d\u00e0n l\u1ea1nh b\u1eb1ng nh\u00f4m, \u1ee9ng d\u1ee5ng c\u00f4ng ngh\u1ec7 l\u00e0m l\u1ea1nh Compressor, <\/span><span style=\"font-weight: 400\">\u0111\u1ea3m b\u1ea3o th\u1ef1c ph\u1ea9m lu\u00f4n t\u01b0\u01a1i ngon trong th\u1eddi gian d\u00e0i. T\u1ee7 c\u00f3 thi\u1ebft k\u1ebf 2 ng\u0103n: 1 ng\u0103n \u0111\u00f4ng v\u00e0 1 ng\u0103n m\u00e1t v\u1edbi dung t\u00edch l\u1edbn, cho ph\u00e9p b\u1ea1n tho\u1ea3i m\u00e1i l\u01b0u tr\u1eef v\u00e0 b\u1ea3o qu\u1ea3n \u0111a d\u1ea1ng c\u00e1c lo\u1ea1i m\u1eb7t h\u00e0ng, th\u1ef1c ph\u1ea9m.&nbsp;<\/span><\/span><\/p>\n<p><img class=\"size-full wp-image-12491 aligncenter\" src=\"https:\/\/thucpham.com\/wp-content\/uploads\/2020\/07\/tu-dong-sanaky-vh-405w2-banner.jpg\" alt=\"tu-dong-sanaky-vh-405w2\" width=\"820\" height=\"656\" srcset=\"https:\/\/thucpham.com\/vinacom\/wp-content\/uploads\/2020\/07\/tu-dong-sanaky-vh-405w2-banner.jpg 820w, https:\/\/thucpham.com\/vinacom\/wp-content\/uploads\/2020\/07\/tu-dong-sanaky-vh-405w2-banner-300x240.jpg 300w, https:\/\/thucpham.com\/vinacom\/wp-content\/uploads\/2020\/07\/tu-dong-sanaky-vh-405w2-banner-768x614.jpg 768w, https:\/\/thucpham.com\/vinacom\/wp-content\/uploads\/2020\/07\/tu-dong-sanaky-vh-405w2-banner-24x19.jpg 24w, https:\/\/thucpham.com\/vinacom\/wp-content\/uploads\/2020\/07\/tu-dong-sanaky-vh-405w2-banner-36x29.jpg 36w, https:\/\/thucpham.com\/vinacom\/wp-content\/uploads\/2020\/07\/tu-dong-sanaky-vh-405w2-banner-48x38.jpg 48w, https:\/\/thucpham.com\/vinacom\/wp-content\/uploads\/2020\/07\/tu-dong-sanaky-vh-405w2-banner-510x408.jpg 510w\" sizes=\"(max-width: 820px) 100vw, 820px\" title=\"\"><\/p>\n<p style=\"text-align: center\"><span style=\"font-family: helvetica, arial, sans-serif\"><em>Th\u00f4ng tin s\u1ea3n ph\u1ea9m t\u1ee7 \u0111\u00f4ng Sanaky VH 405W2<\/em><\/span><\/p>\n<p style=\"text-align: justify\"><span style=\"font-family: helvetica, arial, sans-serif\"><span style=\"font-weight: 400\">Ph\u1ea7n ng\u0103n t\u1ee7 \u0111\u00f4ng \u0111\u01b0\u1ee3c s\u1ea3n xu\u1ea5t b\u1eb1ng nh\u1ef1a<\/span><span style=\"font-weight: 400\"> cao c\u1ea5p ABS v\u00e0 l\u00f2ng t\u1ee7 b\u1eb1ng nh\u00f4m ph\u1eb3ng s\u01a1n t\u0129nh \u0111i\u1ec7n, mang \u0111\u1ebfn \u0111\u1ed9 b\u1ec1n cao, kh\u1ea3 n\u0103ng ch\u1ecbu l\u1ef1c v\u01b0\u1ee3t tr\u1ed9i cho s\u1ea3n ph\u1ea9m. Ngo\u00e0i ra, l\u1edbp th\u00e0nh t\u1ee7 d\u00e0y d\u1eb7n k\u1ebft h\u1ee3p v\u1edbi 2 l\u1edbp c\u1eeda, \u0111\u1ea3m b\u1ea3o h\u1ea1n ch\u1ebf t\u1ed1i \u0111a vi\u1ec7c th\u1ea5t tho\u00e1t h\u01a1i l\u1ea1nh ra b\u00ean ngo\u00e0i, n\u00e2ng cao hi\u1ec7u qu\u1ea3 b\u1ea3o qu\u1ea3n th\u1ef1c ph\u1ea9m. <\/span><b><i>T\u1ee7 \u0111\u00f4ng Sanaky VH 405W2 <\/i><\/b><span style=\"font-weight: 400\">c\u00f2n \u0111\u01b0\u1ee3c trang b\u1ecb qu\u1ea1t l\u1ed3ng s\u00f3c v\u00e0 s\u1eed d\u1ee5ng <\/span><span style=\"font-weight: 400\">gas R134a v\u1eeba cho kh\u1ea3 n\u0103ng l\u00e0m l\u1ea1nh s\u00e2u v\u00e0 nhanh v\u1eeba ti\u1ebft ki\u1ec7m \u0111i\u1ec7n n\u0103ng, th\u00e2n thi\u1ec7n v\u1edbi m\u00f4i tr\u01b0\u1eddng. H\u01a1n n\u1eefa, b\u1ea3ng \u0111i\u1ec1u khi\u1ec3n nhi\u1ec7t \u0111\u1ed9 \u0111\u01b0\u1ee3c b\u1ed1 tr\u00ed ngay tr\u00ean th\u00e2n t\u1ee7, gi\u00fap b\u1ea1n d\u1ec5 d\u00e0ng \u0111i\u1ec1u ch\u1ec9nh nhi\u1ec7t \u0111\u1ed9 theo \u00fd mu\u1ed1n \u0111\u1ec3 b\u1ea3o qu\u1ea3n \u0111\u1ed3 \u0103n m\u1ed9t c\u00e1ch t\u1ed1t nh\u1ea5t.<\/span><\/span><\/p>\n","protected":false},"excerpt":{"rendered":"<ul>\n<li style=\"font-weight: 400\"><span style=\"font-weight: 400;font-family: helvetica, arial, sans-serif\">\u1ee8ng d\u1ee5ng c\u00f4ng ngh\u1ec7 l\u00e0m l\u1ea1nh nhanh Compressor<\/span><\/li>\n<li style=\"font-weight: 400\"><span style=\"font-weight: 400;font-family: helvetica, arial, sans-serif\">H\u1ec7 th\u1ed1ng d\u00e0n l\u1ea1nh b\u1eb1ng nh\u00f4m<\/span><\/li>\n<li style=\"font-weight: 400\"><span style=\"font-weight: 400;font-family: helvetica, arial, sans-serif\">Thi\u1ebft k\u1ebf hai ng\u0103n ti\u1ec7n l\u1ee3i, dung t\u00edch l\u1edbn<\/span><\/li>\n<li style=\"font-weight: 400\"><span style=\"font-weight: 400;font-family: helvetica, arial, sans-serif\">S\u1eed d\u1ee5ng gas R134A l\u00e0m l\u1ea1nh hi\u1ec7u qu\u1ea3, th\u00e2n thi\u1ec7n m\u00f4i tr\u01b0\u1eddng<\/span><\/li>\n<li style=\"font-weight: 400\"><span style=\"font-weight: 400;font-family: helvetica, arial, sans-serif\">B\u00e1nh xe ch\u1ecbu l\u1ef1c, d\u1ec5 d\u00e0ng di chuy\u1ec3n<\/span><\/li>\n<li style=\"font-weight: 400\"><span style=\"font-weight: 400;font-family: helvetica, arial, sans-serif\">V\u1eadn h\u00e0nh \u1ed5n \u0111\u1ecbnh, ti\u1ebft ki\u1ec7m \u0111i\u1ec7n n\u0103ng<\/span><\/li>\n<\/ul>\n","protected":false},"featured_media":39168,"comment_status":"open","ping_status":"closed","template":"","meta":[],"product_cat":[239,254],"product_tag":[],"_links":{"self":[{"href":"https:\/\/thucpham.com\/vinacom\/wp-json\/wp\/v2\/product\/10766"}],"collection":[{"href":"https:\/\/thucpham.com\/vinacom\/wp-json\/wp\/v2\/product"}],"about":[{"href":"https:\/\/thucpham.com\/vinacom\/wp-json\/wp\/v2\/types\/product"}],"replies":[{"embeddable":true,"href":"https:\/\/thucpham.com\/vinacom\/wp-json\/wp\/v2\/comments?post=10766"}],"wp:featuredmedia":[{"embeddable":true,"href":"https:\/\/thucpham.com\/vinacom\/wp-json\/wp\/v2\/media\/39168"}],"wp:attachment":[{"href":"https:\/\/thucpham.com\/vinacom\/wp-json\/wp\/v2\/media?parent=10766"}],"wp:term":[{"taxonomy":"product_cat","embeddable":true,"href":"https:\/\/thucpham.com\/vinacom\/wp-json\/wp\/v2\/product_cat?post=10766"},{"taxonomy":"product_tag","embeddable":true,"href":"https:\/\/thucpham.com\/vinacom\/wp-json\/wp\/v2\/product_tag?post=10766"}],"curies":[{"name":"wp","href":"https:\/\/api.w.org\/{rel}","templated":true}]}}