{"id":10764,"date":"2020-07-13T19:12:44","date_gmt":"2020-07-13T19:12:44","guid":{"rendered":"https:\/\/thucpham.com\/?post_type=product&#038;p=10764"},"modified":"2021-12-09T14:36:09","modified_gmt":"2021-12-09T07:36:09","slug":"tu-dong-dang-nam-canh-mo-kingsun-ks-240da","status":"publish","type":"product","link":"https:\/\/thucpham.com\/vinacom\/tu-dong-dang-nam-canh-mo-kingsun-ks-240da\/","title":{"rendered":"T\u1ee7 \u0110\u00f4ng D\u1ea1ng N\u1eb1m C\u00e1nh M\u1edf Kingsun KS-240DA"},"content":{"rendered":"<p style=\"text-align: justify\"><span style=\"font-family: helvetica, arial, sans-serif\"><b><i>T\u1ee7 \u0111\u00f4ng d\u1ea1ng n\u1eb1m c\u00e1nh m\u1edf Kingsun KS-240DA<\/i><\/b><span style=\"font-weight: 400\"> l\u00e0 m\u1ed9t trong nh\u1eefng model t\u1ee7 \u0111\u00f4ng <\/span><span style=\"font-weight: 400\">b\u00e1n ch\u1ea1y nh\u1ea5t c\u1ee7a KingSun v\u00e0 <\/span><span style=\"font-weight: 400\">\u0111\u01b0\u1ee3c nhi\u1ec1u kh\u00e1ch h\u00e0ng \u01b0a chu\u1ed9ng t\u1ea1i th\u1ecb tr\u01b0\u1eddng Vi\u1ec7t Nam. V\u1edbi chi\u1ebfc t\u1ee7 n\u00e0y, b\u1ea1n c\u00f3 th\u1ec3 \u0111i\u1ec1u ch\u1ec9nh nhi\u1ec7t \u0111\u1ed9 <\/span><span style=\"font-weight: 400\">0 \u0111\u1ebfn -18 \u0111\u1ed9 C nh\u1edd \u0111\u00f3 m\u00e0 th\u1ef1c ph\u1ea9m v\u1eabn gi\u1eef nguy\u00ean \u0111\u1ed9 t\u01b0\u01a1i ngon nh\u01b0 ban \u0111\u1ea7u. Nhi\u1ec7t \u0111\u1ed9 th\u00edch h\u1ee3p v\u1edbi c\u1ea3 hai ch\u1ebf \u0111\u1ed9 l\u00e0m \u0111\u00f4ng ch\u1eadm v\u00e0 l\u00e0m \u0111\u00f4ng nhanh, ph\u00f9 h\u1ee3p \u0111\u1ec3 b\u1ea3o qu\u1ea3n nhi\u1ec1u lo\u1ea1i th\u1ef1c ph\u1ea9m. Thi\u1ebft b\u1ecb \u0111\u01b0\u1ee3c thi\u1ebft k\u1ebf d\u1ea1ng n\u1eb1m v\u1edbi k\u00edch th\u01b0\u1edbc nh\u1ecf g\u1ecdn n\u00ean ph\u00f9 h\u1ee3p v\u1edbi c\u1ea3 nh\u1eefng kh\u00f4ng gian l\u01b0u tr\u1eef c\u00f3 di\u1ec7n t\u00edch nh\u1ecf h\u1eb9p.&nbsp;<\/span><\/span><\/p>\n<p><img class=\"size-full wp-image-12517 aligncenter\" src=\"https:\/\/thucpham.com\/wp-content\/uploads\/2020\/07\/tu-dong-dang-nam-canh-mo-kingsun-ks-240da-banner.jpg\" alt=\"tu-dong-dang-nam-canh-mo-kingsun-ks-240da\" width=\"820\" height=\"656\" srcset=\"https:\/\/thucpham.com\/vinacom\/wp-content\/uploads\/2020\/07\/tu-dong-dang-nam-canh-mo-kingsun-ks-240da-banner.jpg 820w, https:\/\/thucpham.com\/vinacom\/wp-content\/uploads\/2020\/07\/tu-dong-dang-nam-canh-mo-kingsun-ks-240da-banner-300x240.jpg 300w, https:\/\/thucpham.com\/vinacom\/wp-content\/uploads\/2020\/07\/tu-dong-dang-nam-canh-mo-kingsun-ks-240da-banner-768x614.jpg 768w, https:\/\/thucpham.com\/vinacom\/wp-content\/uploads\/2020\/07\/tu-dong-dang-nam-canh-mo-kingsun-ks-240da-banner-24x19.jpg 24w, https:\/\/thucpham.com\/vinacom\/wp-content\/uploads\/2020\/07\/tu-dong-dang-nam-canh-mo-kingsun-ks-240da-banner-36x29.jpg 36w, https:\/\/thucpham.com\/vinacom\/wp-content\/uploads\/2020\/07\/tu-dong-dang-nam-canh-mo-kingsun-ks-240da-banner-48x38.jpg 48w, https:\/\/thucpham.com\/vinacom\/wp-content\/uploads\/2020\/07\/tu-dong-dang-nam-canh-mo-kingsun-ks-240da-banner-510x408.jpg 510w\" sizes=\"(max-width: 820px) 100vw, 820px\" title=\"\"><\/p>\n<p style=\"text-align: center\"><em><span style=\"font-family: helvetica, arial, sans-serif\">Th\u00f4ng tin s\u1ea3n ph\u1ea9m t\u1ee7 \u0111\u00f4ng d\u1ea1ng n\u1eb1m c\u00e1nh m\u1edf Kingsun KS-240DA<\/span><\/em><\/p>\n<p style=\"text-align: justify\"><span style=\"font-family: helvetica, arial, sans-serif\"><b><i>T\u1ee7 \u0111\u00f4ng d\u1ea1ng n\u1eb1m c\u00e1nh m\u1edf Kingsun KS-240DA<\/i><\/b><span style=\"font-weight: 400\"> \u0111\u01b0\u1ee3c trang b\u1ecb d\u00e0n l\u1ea1nh v\u00e0 m\u00e1y n\u00e9n ch\u1ea5t l\u01b0\u1ee3ng c\u00f9ng h\u1ec7 th\u1ed1ng qu\u1ea1t l\u1ed3ng s\u00f3c n\u00ean c\u00f3 kh\u1ea3 n\u0103ng l\u00e0m l\u1ea1nh hi\u1ec7u qu\u1ea3, nhanh v\u00e0 s\u00e2u. B\u00ean c\u1ea1nh \u0111\u00f3, th\u00e2n t\u1ee7 c\u00f3 l\u1edbp c\u00e1ch nhi\u1ec7t d\u00e0y d\u1eb7n v\u00e0 h\u1ec7 <\/span><span style=\"font-weight: 400\">th\u1ed1ng gio\u0103ng bao k\u00edn, gi\u00fap h\u1ea1n ch\u1ebf l\u01b0\u1ee3ng nhi\u1ec7t \u00e0o ra b\u00ean ngo\u00e0i g\u00e2y ti\u00eau hao nhi\u1ec1u \u0111i\u1ec7n n\u0103ng. H\u01a1n n\u1eefa, <\/span><span style=\"font-weight: 400\">Kingsun KS-240DA<\/span><\/span><span style=\"font-weight: 400\"><span style=\"font-family: helvetica, arial, sans-serif\"> s\u1eed d\u1ee5ng m\u00f4i ch\u1ea5t l\u1ea1nh gas R134A kh\u00f4ng g\u00e2y \u00f4 nhi\u1ec5m m\u00f4i tr\u01b0\u1eddng \u0111\u1ed3ng th\u1eddi b\u1ea1n c\u0169ng kh\u00f4ng c\u1ea7n lo l\u1eafng \u0111\u1ebfn t\u00ecnh tr\u1ea1ng r\u00f2 r\u1ec9 \u0111i\u1ec7n hay ch\u1eadp ch\u00e1y g\u00e2y nguy hi\u1ec3m \u0111\u1ebfn b\u1ea3n th\u00e2n trong qu\u00e1 tr\u00ecnh s\u1eed d\u1ee5ng s\u1ea3n ph\u1ea9m.<\/span> <\/span><\/p>\n","protected":false},"excerpt":{"rendered":"<ul>\n<li style=\"font-weight: 400\"><span style=\"font-weight: 400;font-family: helvetica, arial, sans-serif\">Thi\u1ebft k\u1ebf g\u1ecdn g\u00e0ng, ti\u1ebft ki\u1ec7m kh\u00f4ng gian<\/span><\/li>\n<li style=\"font-weight: 400\"><span style=\"font-weight: 400;font-family: helvetica, arial, sans-serif\">T\u00f9y ch\u1ec9nh nhi\u1ec7t \u0111\u1ed9 t\u1eeb 0 \u0111\u1ebfn -18 \u0111\u1ed9 C<\/span><\/li>\n<li style=\"font-weight: 400\"><span style=\"font-weight: 400;font-family: helvetica, arial, sans-serif\">Th\u00e2n t\u1ee7 c\u00f3 l\u1edbp c\u00e1ch nhi\u1ec7t d\u00e0y d\u1eb7n<\/span><\/li>\n<li style=\"font-weight: 400\"><span style=\"font-weight: 400;font-family: helvetica, arial, sans-serif\">S\u1eed d\u1ee5ng gas R134A th\u00e2n thi\u1ec7n v\u1edbi m\u00f4i tr\u01b0\u1eddng\u00a0<\/span><\/li>\n<li style=\"font-weight: 400\"><span style=\"font-weight: 400;font-family: helvetica, arial, sans-serif\">Thi\u1ebft k\u1ebf 2 l\u1edbp c\u1eeda: c\u1eeda k\u00ednh l\u00f9a v\u00e0 c\u1eeda l\u1eadt<\/span><\/li>\n<li style=\"font-weight: 400\"><span style=\"font-weight: 400;font-family: helvetica, arial, sans-serif\">Nh\u1eadp kh\u1ea9u ch\u00ednh h\u00e3ng<\/span><\/li>\n<\/ul>\n","protected":false},"featured_media":39158,"comment_status":"open","ping_status":"closed","template":"","meta":[],"product_cat":[239,254],"product_tag":[],"_links":{"self":[{"href":"https:\/\/thucpham.com\/vinacom\/wp-json\/wp\/v2\/product\/10764"}],"collection":[{"href":"https:\/\/thucpham.com\/vinacom\/wp-json\/wp\/v2\/product"}],"about":[{"href":"https:\/\/thucpham.com\/vinacom\/wp-json\/wp\/v2\/types\/product"}],"replies":[{"embeddable":true,"href":"https:\/\/thucpham.com\/vinacom\/wp-json\/wp\/v2\/comments?post=10764"}],"wp:featuredmedia":[{"embeddable":true,"href":"https:\/\/thucpham.com\/vinacom\/wp-json\/wp\/v2\/media\/39158"}],"wp:attachment":[{"href":"https:\/\/thucpham.com\/vinacom\/wp-json\/wp\/v2\/media?parent=10764"}],"wp:term":[{"taxonomy":"product_cat","embeddable":true,"href":"https:\/\/thucpham.com\/vinacom\/wp-json\/wp\/v2\/product_cat?post=10764"},{"taxonomy":"product_tag","embeddable":true,"href":"https:\/\/thucpham.com\/vinacom\/wp-json\/wp\/v2\/product_tag?post=10764"}],"curies":[{"name":"wp","href":"https:\/\/api.w.org\/{rel}","templated":true}]}}