{"id":10758,"date":"2020-07-13T19:08:13","date_gmt":"2020-07-13T19:08:13","guid":{"rendered":"https:\/\/thucpham.com\/?post_type=product&#038;p=10758"},"modified":"2021-12-09T14:29:16","modified_gmt":"2021-12-09T07:29:16","slug":"tu-dong-dang-nam-kingsun-ks-280","status":"publish","type":"product","link":"https:\/\/thucpham.com\/vinacom\/tu-dong-dang-nam-kingsun-ks-280\/","title":{"rendered":"T\u1ee7 \u0110\u00f4ng D\u1ea1ng N\u1eb1m KingSun KS-280"},"content":{"rendered":"<p style=\"text-align: justify\"><span style=\"font-family: helvetica, arial, sans-serif\"><b><i>T\u1ee7 \u0111\u00f4ng d\u1ea1ng n\u1eb1m KingSun KS-280<\/i><\/b><span style=\"font-weight: 400\"> \u0111\u01b0\u1ee3c s\u1ea3n xu\u1ea5t tr\u00ean d\u00e2y chuy\u1ec1n c\u00f4ng ngh\u1ec7 hi\u1ec7n \u0111\u1ea1i v\u00e0 \u0111\u01b0\u1ee3c nh\u1eadp kh\u1ea9u tr\u1ef1c ti\u1ebfp t\u1eeb nh\u00e0 m\u00e1y s\u1ea3n xu\u1ea5t n\u00ean \u0111\u1ea3m b\u1ea3o ti\u00eau chu\u1ea9n ch\u1ea5t l\u01b0\u1ee3ng t\u1ed1t nh\u1ea5t. S\u1ea3n ph\u1ea9m c\u00f3 dung t\u00edch l\u1edbn l\u00ean \u0111\u1ebfn 280L n\u00ean c\u00f3 kh\u1ea3 n\u0103ng ch\u1ee9a \u0111\u01b0\u1ee3c nhi\u1ec1u lo\u1ea1i th\u1ef1c ph\u1ea9m, h\u00e0ng h\u00f3a v\u1edbi k\u00edch th\u01b0\u1edbc kh\u00e1c nhau. M\u1eb7c d\u00f9 c\u00f3 dung t\u00edch l\u1edbn nh\u01b0ng t\u1ee7 \u0111\u01b0\u1ee3c thi\u1ebft k\u1ebf v\u00f4 c\u00f9ng g\u1ecdn g\u00e0ng, linh ho\u1ea1t n\u00ean kh\u00f4ng chi\u1ebfm nhi\u1ec1u di\u1ec7n t\u00edch. <\/span><span style=\"font-weight: 400\">N\u1ed9i th\u1ea5t b\u00ean trong \u0111\u01b0\u1ee3c s\u1ea3n xu\u1ea5t b\u1eb1ng ch\u1ea5t li\u1ec7u nh\u00f4m v\u1eeba d\u1eabn nhi\u1ec7t t\u1ed1t l\u1ea1i v\u1eeba d\u1ec5 lau ch\u00f9i v\u1ec7 sinh.<\/span><\/span><\/p>\n<p><img class=\"size-full wp-image-12521 aligncenter\" src=\"https:\/\/thucpham.com\/wp-content\/uploads\/2020\/07\/tu-dong-dang-nam-kingsun-ks-280-banner.jpg\" alt=\"tu-dong-dang-nam-kingsun-ks-280\" width=\"820\" height=\"656\" srcset=\"https:\/\/thucpham.com\/vinacom\/wp-content\/uploads\/2020\/07\/tu-dong-dang-nam-kingsun-ks-280-banner.jpg 820w, https:\/\/thucpham.com\/vinacom\/wp-content\/uploads\/2020\/07\/tu-dong-dang-nam-kingsun-ks-280-banner-300x240.jpg 300w, https:\/\/thucpham.com\/vinacom\/wp-content\/uploads\/2020\/07\/tu-dong-dang-nam-kingsun-ks-280-banner-768x614.jpg 768w, https:\/\/thucpham.com\/vinacom\/wp-content\/uploads\/2020\/07\/tu-dong-dang-nam-kingsun-ks-280-banner-24x19.jpg 24w, https:\/\/thucpham.com\/vinacom\/wp-content\/uploads\/2020\/07\/tu-dong-dang-nam-kingsun-ks-280-banner-36x29.jpg 36w, https:\/\/thucpham.com\/vinacom\/wp-content\/uploads\/2020\/07\/tu-dong-dang-nam-kingsun-ks-280-banner-48x38.jpg 48w, https:\/\/thucpham.com\/vinacom\/wp-content\/uploads\/2020\/07\/tu-dong-dang-nam-kingsun-ks-280-banner-510x408.jpg 510w\" sizes=\"(max-width: 820px) 100vw, 820px\" title=\"\"><\/p>\n<p style=\"text-align: center\"><span style=\"font-family: helvetica, arial, sans-serif\"><em>Th\u00f4ng tin s\u1ea3n ph\u1ea9m t\u1ee7 \u0111\u00f4ng d\u1ea1ng n\u1eb1m KingSun KS-280<\/em><\/span><\/p>\n<p style=\"text-align: justify\"><span style=\"font-family: helvetica, arial, sans-serif\"><span style=\"font-weight: 400\">B\u00ean c\u1ea1nh \u0111\u00f3, KingSun KS-280 c\u00f3 thi\u1ebft k\u1ebf 2 c\u1eeda l\u1eadt m\u1edf c\u00e1ch nhi\u1ec7t d\u1ea1ng c\u00e1nh b\u01b0\u1edbm v\u00e0 hai c\u1eeda tr\u01b0\u1ee3t b\u1eb1ng k\u00ednh gi\u00fap d\u1ec5 d\u00e0ng quan s\u00e1t b\u00ean trong t\u1ee7. B<\/span><span style=\"font-weight: 400\">\u00ean trong l\u00f2ng t\u1ee7 c\u00f2n \u0111\u01b0\u1ee3c trang b\u1ecb gi\u1ecf \u0111\u1ef1ng \u0111\u1ed3 gi\u00fap l\u01b0u tr\u1eef nh\u1eefng m\u1eb7t h\u00e0ng c\u1ea7n l\u1ea5y ra tr\u01b0\u1edbc hay c\u1ea7n s\u1eed d\u1ee5ng th\u01b0\u1eddng xuy\u00ean. Ngo\u00e0i ra, t\u1ee7 \u0111\u00f4ng Kingsun c\u00f3 kh\u1ea3 n\u0103ng l\u00e0m l\u1ea1nh nhanh v\u00e0 s\u00e2u nh\u1edd c\u00f3 qu\u1ea1t l\u1ed3ng s\u00f3c v\u00e0 m\u00f4i ch\u1ea5t l\u1ea1nh gas R134a. V\u00e1ch t\u1ee7 d\u00e0y d\u1eb7n gi\u00fap gi\u1ea3m nhi\u1ec7t l\u01b0\u1ee3ng t\u1ecfa ra b\u00ean ngo\u00e0i, ti\u1ebft ki\u1ec7m \u0111i\u1ec7n n\u0103ng hi\u1ec7u qu\u1ea3. <\/span><b><i>Ch\u00e2n t\u1ee7 <\/i><\/b><b><i>\u0111\u00f4ng d\u1ea1ng n\u1eb1m KingSun KS-280<\/i><\/b> <\/span><span style=\"font-weight: 400\"><span style=\"font-family: helvetica, arial, sans-serif\">\u0111\u01b0\u1ee3c thi\u1ebft k\u1ebf 4 b\u00e1nh xe ch\u1ecbu l\u1ef1c ch\u1eafc ch\u1eafn, cho ph\u00e9p ng\u01b0\u1eddi d\u00f9ng d\u1ec5 d\u00e0ng di chuy\u1ec3n \u0111\u1ebfn v\u1ecb tr\u00ed mong mu\u1ed1n.<\/span> <\/span><\/p>\n","protected":false},"excerpt":{"rendered":"<ul>\n<li style=\"font-weight: 400\"><span style=\"font-weight: 400;font-family: helvetica, arial, sans-serif\">B\u00e1nh xe ch\u1ecbu l\u1ef1c d\u1ec5 d\u00e0ng di chuy\u1ec3n m\u1ecdi h\u01b0\u1edbng<\/span><\/li>\n<li style=\"font-weight: 400\"><span style=\"font-weight: 400;font-family: helvetica, arial, sans-serif\">L\u00e0m l\u1ea1nh nhanh, c\u00e1ch nhi\u1ec7t t\u1ed1t<\/span><\/li>\n<li style=\"font-weight: 400\"><span style=\"font-weight: 400;font-family: helvetica, arial, sans-serif\">Dung t\u00edch l\u1edbn, b\u1ea3o qu\u1ea3n nhi\u1ec1u lo\u1ea1i h\u00e0ng h\u00f3a<\/span><\/li>\n<li style=\"font-weight: 400\"><span style=\"font-weight: 400;font-family: helvetica, arial, sans-serif\">Hai n\u1eafp m\u1edf v\u1edbi hai c\u1eeda tr\u01b0\u1ee3t b\u1eb1ng k\u00ednh<\/span><\/li>\n<li style=\"font-weight: 400\"><span style=\"font-weight: 400;font-family: helvetica, arial, sans-serif\">An to\u00e0n v\u00e0 d\u1ec5 d\u00e0ng s\u1eed d\u1ee5ng<\/span><\/li>\n<\/ul>\n","protected":false},"featured_media":39151,"comment_status":"open","ping_status":"closed","template":"","meta":[],"product_cat":[239,254],"product_tag":[],"_links":{"self":[{"href":"https:\/\/thucpham.com\/vinacom\/wp-json\/wp\/v2\/product\/10758"}],"collection":[{"href":"https:\/\/thucpham.com\/vinacom\/wp-json\/wp\/v2\/product"}],"about":[{"href":"https:\/\/thucpham.com\/vinacom\/wp-json\/wp\/v2\/types\/product"}],"replies":[{"embeddable":true,"href":"https:\/\/thucpham.com\/vinacom\/wp-json\/wp\/v2\/comments?post=10758"}],"wp:featuredmedia":[{"embeddable":true,"href":"https:\/\/thucpham.com\/vinacom\/wp-json\/wp\/v2\/media\/39151"}],"wp:attachment":[{"href":"https:\/\/thucpham.com\/vinacom\/wp-json\/wp\/v2\/media?parent=10758"}],"wp:term":[{"taxonomy":"product_cat","embeddable":true,"href":"https:\/\/thucpham.com\/vinacom\/wp-json\/wp\/v2\/product_cat?post=10758"},{"taxonomy":"product_tag","embeddable":true,"href":"https:\/\/thucpham.com\/vinacom\/wp-json\/wp\/v2\/product_tag?post=10758"}],"curies":[{"name":"wp","href":"https:\/\/api.w.org\/{rel}","templated":true}]}}