{"id":10752,"date":"2020-07-13T19:03:43","date_gmt":"2020-07-13T19:03:43","guid":{"rendered":"https:\/\/thucpham.com\/?post_type=product&#038;p=10752"},"modified":"2021-12-09T14:16:26","modified_gmt":"2021-12-09T07:16:26","slug":"tu-dong-2-canh-kinh-kingsun-ks-gcf-1966","status":"publish","type":"product","link":"https:\/\/thucpham.com\/vinacom\/tu-dong-2-canh-kinh-kingsun-ks-gcf-1966\/","title":{"rendered":"T\u1ee7 \u0110\u00f4ng 2 C\u00e1nh K\u00ednh KingSun KS-GCF-1966"},"content":{"rendered":"<p style=\"text-align: justify\"><span style=\"font-family: helvetica, arial, sans-serif\"><span style=\"font-weight: 400\">V\u1edbi ki\u1ec3u d\u00e1ng hi\u1ec7n \u0111\u1ea1i, sang tr\u1ecdng, nhi\u1ec1u t\u00ednh n\u0103ng \u01b0u vi\u1ec7t, <\/span><b><i>t\u1ee7 \u0111\u00f4ng 2 c\u00e1nh k\u00ednh Kingsun KS-GCF-1966 <\/i><\/b><span style=\"font-weight: 400\">l\u00e0 s\u1ef1 l\u1ef1a ch\u1ecdn h\u00e0ng \u0111\u1ea7u c\u1ee7a nhi\u1ec1u c\u1eeda h\u00e0ng ti\u1ec7n l\u1ee3i, si\u00eau th\u1ecb mini&#8230;Kingsun KS-GCF-1966 c\u00f3 <\/span><span style=\"font-weight: 400\">thi\u1ebft k\u1ebf d\u1ea1ng \u0111\u1ee9ng v\u1edbi 2 c\u1eeda k\u00ednh m\u1edf, 2 bu\u1ed3ng l\u1ea1nh r\u1ed9ng r\u00e3i c\u00f9ng nhi\u1ec1u gi\u00e1 k\u1ec7, ti\u1ec7n d\u1ee5ng \u0111\u1ec3 b\u1ea1n tr\u01b0ng b\u00e0y, b\u1ea3o qu\u1ea3n nhi\u1ec1u lo\u1ea1i th\u1ef1c ph\u1ea9m, h\u00e0ng h\u00f3a,&nbsp; gi\u00fap kh\u00e1ch h\u00e0ng c\u00f3 th\u1ec3 d\u1ec5 d\u00e0ng quan s\u00e1t v\u00e0 l\u1ef1a ch\u1ecdn \u0111\u1ed3 c\u1ea7n l\u1ea5y.&nbsp;<\/span><\/span><\/p>\n<p><img class=\"size-full wp-image-12525 aligncenter\" src=\"https:\/\/thucpham.com\/wp-content\/uploads\/2020\/07\/tu-dong-2-canh-kinh-kingsun-ks-gcf-1966-banner.jpg\" alt=\"tu-dong-2-canh-kinh-kingsun-ks-gcf-1966\" width=\"820\" height=\"656\" srcset=\"https:\/\/thucpham.com\/vinacom\/wp-content\/uploads\/2020\/07\/tu-dong-2-canh-kinh-kingsun-ks-gcf-1966-banner.jpg 820w, https:\/\/thucpham.com\/vinacom\/wp-content\/uploads\/2020\/07\/tu-dong-2-canh-kinh-kingsun-ks-gcf-1966-banner-300x240.jpg 300w, https:\/\/thucpham.com\/vinacom\/wp-content\/uploads\/2020\/07\/tu-dong-2-canh-kinh-kingsun-ks-gcf-1966-banner-768x614.jpg 768w, https:\/\/thucpham.com\/vinacom\/wp-content\/uploads\/2020\/07\/tu-dong-2-canh-kinh-kingsun-ks-gcf-1966-banner-24x19.jpg 24w, https:\/\/thucpham.com\/vinacom\/wp-content\/uploads\/2020\/07\/tu-dong-2-canh-kinh-kingsun-ks-gcf-1966-banner-36x29.jpg 36w, https:\/\/thucpham.com\/vinacom\/wp-content\/uploads\/2020\/07\/tu-dong-2-canh-kinh-kingsun-ks-gcf-1966-banner-48x38.jpg 48w, https:\/\/thucpham.com\/vinacom\/wp-content\/uploads\/2020\/07\/tu-dong-2-canh-kinh-kingsun-ks-gcf-1966-banner-510x408.jpg 510w\" sizes=\"(max-width: 820px) 100vw, 820px\" title=\"\"><\/p>\n<p style=\"text-align: center\"><em><span style=\"font-family: helvetica, arial, sans-serif\">Th\u00f4ng tin s\u1ea3n ph\u1ea9m t\u1ee7 \u0111\u00f4ng 2 c\u00e1nh k\u00ednh Kingsun KS-GCF-1966<\/span><\/em><\/p>\n<p style=\"text-align: justify\"><span style=\"font-family: helvetica, arial, sans-serif\"><b><i>T\u1ee7 \u0111\u00f4ng 2 c\u00e1nh k\u00ednh Kingsun KS-GCF-1966<\/i><\/b><span style=\"font-weight: 400\"> c\u00f3 k\u1ebft c\u1ea5u ch\u1eafc ch\u1eafn, ch\u1ecbu l\u1ef1c t\u1ed1t, \u00edt x\u1ea3y ra t\u00ecnh tr\u1ea1ng cong v\u00eanh d\u00f9 c\u00f3 ch\u1ee9a nhi\u1ec1u th\u1ef1c ph\u1ea9m c\u00f9ng l\u00fac. Ngo\u00e0i ra, c\u1eeda t\u1ee7 l\u00e0m b\u1eb1ng k\u00ednh c\u01b0\u1eddng l\u1ef1c d\u00e0y d\u1eb7n v\u1edbi kh\u1ea3 n\u0103ng ch\u1ecbu va ch\u1ea1m cao, kh\u00f4ng n\u1ee9t v\u1ee1 khi c\u00f3 t\u00e1c \u0111\u1ed9ng t\u1eeb b\u00ean ngo\u00e0i. S\u1ea3n ph\u1ea9m c\u00f2n \u0111\u01b0\u1ee3c trang b\u1ecb h\u1ec7 th\u1ed1ng s\u01b0\u1edfi k\u00ednh b\u1eb1ng \u0111i\u1ec7n tr\u1edf gi\u00fap k\u00ednh t\u1ee7 lu\u00f4n trong v\u00e0 h\u1ea1n ch\u1ebf<\/span><span style=\"font-weight: 400\"> t\u00ecnh tr\u1ea1ng \u0111\u1ecdng s\u01b0\u01a1ng. Ngo\u00e0i ra, t\u1ee7 duy tr\u00ec m\u1ee9c nhi\u1ec7t t\u1eeb -6 ~ -18 \u0111\u1ed9 C, c\u00f3 th\u1ec3 d\u1ec5 d\u00e0ng \u0111i\u1ec1u ch\u1ec9nh nhi\u1ec7t \u0111\u1ed9 ph\u00f9 h\u1ee3p v\u1edbi t\u1eebng lo\u1ea1i th\u1ef1c ph\u1ea9m kh\u00e1c nhau.&nbsp; Block l\u00e0m l\u1ea1nh c\u1ee7a <\/span><span style=\"font-weight: 400\">t\u1ee7 \u0111\u00f4ng 2 c\u00e1nh k\u00ednh Kingsun \u0111\u01b0\u1ee3c nh\u1eadp kh\u1ea9u ch\u1ea5t l\u01b0\u1ee3ng cao cho kh\u1ea3 n\u0103ng ho\u1ea1t \u0111\u1ed9ng \u1ed5n \u0111\u1ecbnh v\u00e0 kh\u00f4ng g\u00e2y ti\u1ebfng \u1ed3n l\u1edbn. <\/span><span style=\"font-weight: 400\">B\u1ea1n s\u1ebd kh\u00f4ng ph\u1ea3i lo th\u01b0\u1eddng xuy\u00ean g\u1eb7p s\u1ef1 c\u1ed1 k\u1ef9 thu\u1eadt nh\u1ecf hay h\u1ecfng h\u00f3c n\u1ebfu ch\u1ecdn s\u1ea3n ph\u1ea9m t\u1ee7 \u0111\u00f4ng <\/span><span style=\"font-weight: 400\">Kingsun KS-GCF-1966 <\/span><span style=\"font-weight: 400\">n\u00e0y.<\/span><\/span><\/p>\n","protected":false},"excerpt":{"rendered":"<ul>\n<li style=\"font-weight: 400\"><span style=\"font-weight: 400;font-family: helvetica, arial, sans-serif\">Thi\u1ebft k\u1ebf d\u1ea1ng \u0111\u1ee9ng gi\u00fap ti\u1ebft ki\u1ec7m kh\u00f4ng gian<\/span><\/li>\n<li style=\"font-weight: 400\"><span style=\"font-weight: 400;font-family: helvetica, arial, sans-serif\">C\u1eeda l\u00e0m t\u1eeb k\u00ednh c\u01b0\u1eddng l\u1ef1c 2 l\u1edbp, ch\u1ecbu l\u1ef1c t\u1ed1t<\/span><\/li>\n<li style=\"font-weight: 400\"><span style=\"font-weight: 400;font-family: helvetica, arial, sans-serif\">H\u1ec7 th\u1ed1ng l\u00e0m l\u1ea1nh nhanh v\u00e0 s\u00e2u<\/span><\/li>\n<li style=\"font-weight: 400\"><span style=\"font-weight: 400;font-family: helvetica, arial, sans-serif\">Dung t\u00edch 900L, b\u1ea3o qu\u1ea3n m\u1ed9t l\u01b0\u1ee3ng l\u1edbn h\u00e0ng \u0111\u00f4ng l\u1ea1nh<\/span><\/li>\n<li style=\"font-weight: 400\"><span style=\"font-weight: 400;font-family: helvetica, arial, sans-serif\">Ti\u1ebft ki\u1ec7m \u0111i\u1ec7n n\u0103ng, v\u1eadn h\u00e0nh \u1ed5n \u0111\u1ecbnh<\/span><\/li>\n<\/ul>\n","protected":false},"featured_media":39141,"comment_status":"open","ping_status":"closed","template":"","meta":[],"product_cat":[239,254],"product_tag":[],"_links":{"self":[{"href":"https:\/\/thucpham.com\/vinacom\/wp-json\/wp\/v2\/product\/10752"}],"collection":[{"href":"https:\/\/thucpham.com\/vinacom\/wp-json\/wp\/v2\/product"}],"about":[{"href":"https:\/\/thucpham.com\/vinacom\/wp-json\/wp\/v2\/types\/product"}],"replies":[{"embeddable":true,"href":"https:\/\/thucpham.com\/vinacom\/wp-json\/wp\/v2\/comments?post=10752"}],"wp:featuredmedia":[{"embeddable":true,"href":"https:\/\/thucpham.com\/vinacom\/wp-json\/wp\/v2\/media\/39141"}],"wp:attachment":[{"href":"https:\/\/thucpham.com\/vinacom\/wp-json\/wp\/v2\/media?parent=10752"}],"wp:term":[{"taxonomy":"product_cat","embeddable":true,"href":"https:\/\/thucpham.com\/vinacom\/wp-json\/wp\/v2\/product_cat?post=10752"},{"taxonomy":"product_tag","embeddable":true,"href":"https:\/\/thucpham.com\/vinacom\/wp-json\/wp\/v2\/product_tag?post=10752"}],"curies":[{"name":"wp","href":"https:\/\/api.w.org\/{rel}","templated":true}]}}