{"id":10743,"date":"2020-07-13T18:55:49","date_gmt":"2020-07-13T18:55:49","guid":{"rendered":"https:\/\/thucpham.com\/?post_type=product&#038;p=10743"},"modified":"2021-12-11T12:00:25","modified_gmt":"2021-12-11T05:00:25","slug":"tu-dong-trung-bay-2-canh-kinh-berjaya","status":"publish","type":"product","link":"https:\/\/thucpham.com\/vinacom\/tu-dong-trung-bay-2-canh-kinh-berjaya\/","title":{"rendered":"T\u1ee7 \u0110\u00f4ng Tr\u01b0ng B\u00e0y 2 C\u00e1nh K\u00ednh Berjaya"},"content":{"rendered":"<p style=\"text-align: justify;\"><span style=\"font-family: helvetica, arial, sans-serif;\"><b><i>T\u1ee7 \u0111\u00f4ng tr\u01b0ng b\u00e0y 2 c\u00e1nh k\u00ednh Berjaya <\/i><\/b><span style=\"font-weight: 400;\">l\u00e0 d\u00f2ng thi\u1ebft b\u1ecb c\u00f4ng nghi\u1ec7p thu\u1ed9c <\/span><span style=\"font-weight: 400;\">th\u01b0\u01a1ng hi\u1ec7u n\u1ed5i ti\u1ebfng Berjaya c\u1ee7a Malaysia v\u1edbi dung t\u00edch 976L v\u00e0 nhi\u1ec7t \u0111\u1ed9 l\u00e0m l\u1ea1nh giao \u0111\u1ed9ng t\u1eeb -20 ~ -14 \u0111\u1ed9 C, ph\u00f9 h\u1ee3p v\u1edbi nh\u1eefng c\u1eeda h\u00e0ng h\u1ea3i s\u1ea3n t\u01b0\u01a1i s\u1ed1ng hay th\u1eadm ch\u00ed c\u1ea3 b\u1ebfp \u0103n kh\u00e1ch s\u1ea1n v\u00e0 nh\u00e0 h\u00e0ng.&nbsp; S\u1ea3n ph\u1ea9m c\u00f3 thi\u1ebft k\u1ebf ti\u1ec7n l\u1ee3i v\u00e0 ch\u1eafc ch\u1eafn v\u1edbi th\u00e2n t\u1ee7 l\u00e0m t\u1eeb th\u00e9p kh\u00f4ng g\u1ec9 cao c\u1ea5p v\u00e0 c\u1eeda t\u1ee7 l\u00e0m t\u1eeb k\u00ednh ch\u1ecbu l\u1ef1c 2 l\u1edbp h\u00fat ch\u00e2n v\u1eeba mang l\u1ea1i t\u00ednh th\u1ea9m m\u1ef9 cho thi\u1ebft b\u1ecb v\u1eeba \u0111\u1ea3m b\u1ea3o \u0111\u1ed9 an to\u00e0n v\u1ec7 sinh. Ngo\u00e0i ra, ch\u1ea5t li\u1ec7u th\u00e9p c\u00f3 \u0111\u1ed9 b\u1ec1n cao, d\u1ec5 d\u00e0ng lau ch\u00f9i v\u1ec7 sinh \u0111\u1ec3 gi\u00fap t\u0103ng tu\u1ed5i th\u1ecd cho m\u00e1y.&nbsp;<\/span><\/span><\/p>\n<p><img class=\"size-full wp-image-12531 aligncenter\" src=\"https:\/\/thucpham.com\/wp-content\/uploads\/2020\/07\/tu-dong-trung-bay-2-canh-kinh-berjaya-banner.jpg\" alt=\"tu-dong-trung-bay-2-canh-kinh-berjaya\" width=\"820\" height=\"656\" srcset=\"https:\/\/thucpham.com\/vinacom\/wp-content\/uploads\/2020\/07\/tu-dong-trung-bay-2-canh-kinh-berjaya-banner.jpg 820w, https:\/\/thucpham.com\/vinacom\/wp-content\/uploads\/2020\/07\/tu-dong-trung-bay-2-canh-kinh-berjaya-banner-300x240.jpg 300w, https:\/\/thucpham.com\/vinacom\/wp-content\/uploads\/2020\/07\/tu-dong-trung-bay-2-canh-kinh-berjaya-banner-768x614.jpg 768w, https:\/\/thucpham.com\/vinacom\/wp-content\/uploads\/2020\/07\/tu-dong-trung-bay-2-canh-kinh-berjaya-banner-24x19.jpg 24w, https:\/\/thucpham.com\/vinacom\/wp-content\/uploads\/2020\/07\/tu-dong-trung-bay-2-canh-kinh-berjaya-banner-36x29.jpg 36w, https:\/\/thucpham.com\/vinacom\/wp-content\/uploads\/2020\/07\/tu-dong-trung-bay-2-canh-kinh-berjaya-banner-48x38.jpg 48w, https:\/\/thucpham.com\/vinacom\/wp-content\/uploads\/2020\/07\/tu-dong-trung-bay-2-canh-kinh-berjaya-banner-510x408.jpg 510w\" sizes=\"(max-width: 820px) 100vw, 820px\" title=\"\"><\/p>\n<p style=\"text-align: center;\"><em><span style=\"font-family: helvetica, arial, sans-serif;\">Th\u00f4ng tin s\u1ea3n ph\u1ea9m t\u1ee7 \u0111\u00f4ng tr\u01b0ng b\u00e0y 2 c\u00e1nh k\u00ednh Berjaya<\/span><\/em><\/p>\n<p style=\"text-align: justify;\"><span style=\"font-family: helvetica, arial, sans-serif;\"><span style=\"font-weight: 400;\">V\u1edbi thi\u1ebft k\u1ebf c\u1eeda <\/span><b><i>t\u1ee7 \u0111\u00f4ng <\/i><\/b><b><i>tr\u01b0ng b\u00e0y 2 c\u00e1nh k\u00ednh Berjaya <\/i><\/b><span style=\"font-weight: 400;\">b\u1eb1ng k\u00ednh n\u00ean r\u1ea5t d\u1ec5 d\u00e0ng cho ng\u01b0\u1eddi d\u00f9ng v\u00e0 kh\u00e1ch h\u00e0ng nh\u00ecn th\u1ea5y th\u1ef1c ph\u1ea9m b\u00ean trong. Trong m\u1ed7i ng\u0103n t\u1ee7 \u0111\u01b0\u1ee3c trang b\u1ecb 5 gi\u00e1 lan ph\u1ee7 epoxy cho ph\u00e9p b\u1ea1n d\u1ec5 d\u00e0ng tr\u01b0ng b\u00e0y s\u1ea3n ph\u1ea9m v\u00e0 c\u00f3 th\u1ec3 linh ho\u1ea1t \u0111i\u1ec1u ch\u1ec9nh k\u00edch th\u01b0\u1edbc c\u1ee7a t\u1eebng gi\u00e1 \u0111\u1ec3 thu\u1eadn ti\u1ec7n h\u01a1n trong vi\u1ec7c s\u1eed d\u1ee5ng. H\u01a1n n\u1eefa, t\u1ee7 \u0111\u01b0\u1ee3c l\u1eafp \u0111\u1eb7t th\u00eam c\u00e1c gio\u0103ng cao su \u0111\u1ec3 gi\u00fap t\u1ee7 k\u00edn kh\u00edt \u0111\u1ed3ng th\u1eddi h\u1ea1n ch\u1ebf hi\u1ec7n t\u01b0\u1ee3ng ng\u01b0ng t\u1ee5 h\u01a1i n\u01b0\u1edbc tr\u00ean k\u00ednh v\u00e0 quanh m\u00e9p t\u1ee7. B\u00ean c\u1ea1nh \u0111\u00f3, t\u1ee7 \u0111\u00f4ng Berjaya 2 c\u00e1nh k\u00ednh c\u00f2n c\u00f3&nbsp; b\u1ed9 \u0111i\u1ec1u khi\u1ec3n nhi\u1ec7t \u0111\u1ed9 k\u1ef9 thu\u1eadt s\u1ed1, hi\u1ec3n th\u1ecb nhi\u1ec7t \u0111\u1ed9 b\u1eb1ng LCD gi\u00fap b\u1ea1n c\u00f3 th\u1ec3 ki\u1ec3m tra v\u00e0 \u0111i\u1ec1u ch\u1ec9nh nhi\u1ec7t \u0111\u1ed9 t\u1ee7 m\u1ed9t c\u00e1ch d\u1ec5 d\u00e0ng. T\u1ee7 c\u00f2n c\u00f3 b\u00e1nh xe d\u1ec5 d\u00e0ng di chuy\u1ec3n \u0111\u1ebfn b\u1ea5t k\u1ef3 v\u1ecb tr\u00ed n\u00e0o theo \u00fd mu\u1ed1n m\u00e0 \u00edt t\u1ed1n s\u1ee9c l\u1ef1c.<\/span><\/span><\/p>\n","protected":false},"excerpt":{"rendered":"<ul>\n<li style=\"font-weight: 400;\"><span style=\"font-weight: 400; font-family: helvetica, arial, sans-serif;\">Ch\u1ee9ng nh\u1eadn ti\u00eau chu\u1ea9n CE v\u00e0 UL<\/span><\/li>\n<li style=\"font-weight: 400;\"><span style=\"font-weight: 400; font-family: helvetica, arial, sans-serif;\">C\u1eeda t\u1ee7 l\u00e0m b\u1eb1ng k\u00ednh ch\u1ecbu l\u1ef1c 2 l\u1edbp h\u00fat ch\u00e2n kh\u00f4ng<\/span><\/li>\n<li style=\"font-weight: 400;\"><span style=\"font-weight: 400; font-family: helvetica, arial, sans-serif;\">Hi\u1ec3n th\u1ecb nhi\u1ec7t \u0111\u1ed9 b\u1eb1ng LCD<\/span><\/li>\n<li style=\"font-weight: 400;\"><span style=\"font-weight: 400; font-family: helvetica, arial, sans-serif;\">Th\u00e2n t\u1ee7 l\u00e0m t\u1eeb th\u00e9p kh\u00f4ng g\u1ec9 cao c\u1ea5p, b\u1ec1n b\u1ec9<\/span><\/li>\n<li style=\"font-weight: 400;\"><span style=\"font-weight: 400; font-family: helvetica, arial, sans-serif;\">V\u1eadn h\u00e0nh \u0111\u01a1n gi\u1ea3n, ti\u1ebft ki\u1ec7m \u0111i\u1ec7n n\u0103ng<\/span><\/li>\n<\/ul>\n","protected":false},"featured_media":39182,"comment_status":"open","ping_status":"closed","template":"","meta":[],"product_cat":[244,254,239],"product_tag":[],"_links":{"self":[{"href":"https:\/\/thucpham.com\/vinacom\/wp-json\/wp\/v2\/product\/10743"}],"collection":[{"href":"https:\/\/thucpham.com\/vinacom\/wp-json\/wp\/v2\/product"}],"about":[{"href":"https:\/\/thucpham.com\/vinacom\/wp-json\/wp\/v2\/types\/product"}],"replies":[{"embeddable":true,"href":"https:\/\/thucpham.com\/vinacom\/wp-json\/wp\/v2\/comments?post=10743"}],"wp:featuredmedia":[{"embeddable":true,"href":"https:\/\/thucpham.com\/vinacom\/wp-json\/wp\/v2\/media\/39182"}],"wp:attachment":[{"href":"https:\/\/thucpham.com\/vinacom\/wp-json\/wp\/v2\/media?parent=10743"}],"wp:term":[{"taxonomy":"product_cat","embeddable":true,"href":"https:\/\/thucpham.com\/vinacom\/wp-json\/wp\/v2\/product_cat?post=10743"},{"taxonomy":"product_tag","embeddable":true,"href":"https:\/\/thucpham.com\/vinacom\/wp-json\/wp\/v2\/product_tag?post=10743"}],"curies":[{"name":"wp","href":"https:\/\/api.w.org\/{rel}","templated":true}]}}