{"id":10740,"date":"2020-07-13T18:52:53","date_gmt":"2020-07-13T18:52:53","guid":{"rendered":"https:\/\/thucpham.com\/?post_type=product&#038;p=10740"},"modified":"2021-12-11T11:51:46","modified_gmt":"2021-12-11T04:51:46","slug":"tu-dong-trung-bay-1-canh-kinh-berjaya","status":"publish","type":"product","link":"https:\/\/thucpham.com\/vinacom\/tu-dong-trung-bay-1-canh-kinh-berjaya\/","title":{"rendered":"T\u1ee7 \u0110\u00f4ng Tr\u01b0ng B\u00e0y 1 C\u00e1nh K\u00ednh Berjaya"},"content":{"rendered":"<p style=\"text-align: justify;\"><span style=\"font-family: helvetica, arial, sans-serif;\"><b><i>T\u1ee7 \u0111\u00f4ng tr\u01b0ng b\u00e0y 1 c\u00e1nh k\u00ednh Berjaya<\/i><\/b><span style=\"font-weight: 400;\"> s\u1eed d\u1ee5ng nh\u1eefng c\u00f4ng ngh\u1ec7 l\u00e0m l\u1ea1nh m\u1edbi, hi\u1ec7n \u0111\u1ea1i v\u00e0 \u0111\u01b0\u1ee3c nh\u1eadp kh\u1ea9u nguy\u00ean chi\u1ebfc t\u1eeb Malaysia. <\/span><span style=\"font-weight: 400;\">T\u1ee7 \u0111\u00f4ng Berjaya \u0111\u01b0\u1ee3c s\u1eed d\u1ee5ng ph\u1ed5 bi\u1ebfn trong c\u00e1c kh\u00e1ch s\u1ea1n, nh\u00e0 h\u00e0ng, si\u00eau th\u1ecb\u2026\u1edf Vi\u1ec7t Nam. Thi\u1ebft b\u1ecb c\u00f3 kh\u1ea3 n\u0103ng l\u00e0m l\u1ea1nh t\u1eeb -20 \u0111\u1ed9 C \u0111\u1ebfn -14 \u0111\u1ed9 C v\u1edbi dung t\u00edch 444L, ph\u00f9 h\u1ee3p l\u01b0u tr\u1eef v\u00e0 b\u1ea3o qu\u1ea3n nhi\u1ec1u lo\u1ea1i th\u1ef1c ph\u1ea9m s\u1ed1 l\u01b0\u1ee3ng l\u1edbn.&nbsp;<\/span><\/span><\/p>\n<p><img class=\"size-full wp-image-12529 aligncenter\" src=\"https:\/\/thucpham.com\/wp-content\/uploads\/2020\/07\/tu-dong-trung-bay-1-canh-kinh-berjaya-banner.jpg\" alt=\"tu-dong-trung-bay-1-canh-kinh-berjaya\" width=\"820\" height=\"656\" srcset=\"https:\/\/thucpham.com\/vinacom\/wp-content\/uploads\/2020\/07\/tu-dong-trung-bay-1-canh-kinh-berjaya-banner.jpg 820w, https:\/\/thucpham.com\/vinacom\/wp-content\/uploads\/2020\/07\/tu-dong-trung-bay-1-canh-kinh-berjaya-banner-300x240.jpg 300w, https:\/\/thucpham.com\/vinacom\/wp-content\/uploads\/2020\/07\/tu-dong-trung-bay-1-canh-kinh-berjaya-banner-768x614.jpg 768w, https:\/\/thucpham.com\/vinacom\/wp-content\/uploads\/2020\/07\/tu-dong-trung-bay-1-canh-kinh-berjaya-banner-24x19.jpg 24w, https:\/\/thucpham.com\/vinacom\/wp-content\/uploads\/2020\/07\/tu-dong-trung-bay-1-canh-kinh-berjaya-banner-36x29.jpg 36w, https:\/\/thucpham.com\/vinacom\/wp-content\/uploads\/2020\/07\/tu-dong-trung-bay-1-canh-kinh-berjaya-banner-48x38.jpg 48w, https:\/\/thucpham.com\/vinacom\/wp-content\/uploads\/2020\/07\/tu-dong-trung-bay-1-canh-kinh-berjaya-banner-510x408.jpg 510w\" sizes=\"(max-width: 820px) 100vw, 820px\" title=\"\"><\/p>\n<p style=\"text-align: center;\"><em>Th\u00f4ng tin s\u1ea3n ph\u1ea9m <span style=\"font-family: helvetica, arial, sans-serif;\">t\u1ee7 \u0111\u00f4ng tr\u01b0ng b\u00e0y 1 c\u00e1nh k\u00ednh Berjaya<\/span><\/em><\/p>\n<p style=\"text-align: justify;\"><span style=\"font-family: helvetica, arial, sans-serif;\"><span style=\"font-weight: 400;\">T\u1ee7 \u0111\u00f4ng c\u00f3 thi\u1ebft k\u1ebf ti\u1ec7n l\u1ee3i v\u00e0 ch\u1eafc ch\u1eafn v\u1edbi th\u00e2n t\u1ee7 l\u00e0m b\u1eb1ng th\u00e9p ch\u1ed1ng&nbsp; g\u1ec9 v\u00e0 c\u1eeda t\u1ee7 l\u00e0m t\u1eeb k\u00ednh ch\u1ecbu l\u1ef1c 2 l\u1edbp h\u00fat ch\u00e2n kh\u00f4ng c\u00f3 \u0111\u1ed9 b\u1ec1n cao, \u0111\u1ea3m b\u1ea3o \u0111\u1ed9 an to\u00e0n v\u1ec7 sinh th\u1ef1c ph\u1ea9m v\u00e0 d\u1ec5 lau ch\u00f9i v\u1ec7 sinh. C\u00e1nh c\u1eeda l\u00e0m b\u1eb1ng k\u00ednh gi\u00fap ng\u01b0\u1eddi d\u00f9ng v\u00e0 kh\u00e1ch h\u00e0ng d\u1ec5 d\u00e0ng quan s\u00e1t th\u1ef1c ph\u1ea9m l\u01b0u tr\u1eef b\u00ean trong. Ngo\u00e0i ra, c\u00e1c ng\u0103n \u0111\u01b0\u1ee3c thi\u1ebft k\u1ebf ri\u00eang bi\u1ec7t, th\u00e1o l\u1eafp linh ho\u1ea1t, cho ph\u00e9p b\u1ea1n ph\u00e2n lo\u1ea1i v\u00e0 s\u1eafp x\u1ebfp h\u00e0ng h\u00f3a ng\u0103n n\u1eafp v\u00e0 g\u1ecdn g\u00e0ng. Th\u00eam v\u00e0o \u0111\u00f3, <\/span><span style=\"font-weight: 400;\">t\u1ee7 \u0111\u00f4ng Berjaya<\/span><span style=\"font-weight: 400;\"> \u0111\u01b0\u1ee3c trang b\u1ecb b\u1ed9 \u0111i\u1ec1u khi\u1ec3n nhi\u1ec7t \u0111\u1ed9 k\u1ef9 thu\u1eadt s\u1ed1 v\u1edbi c\u00e1c th\u00f4ng s\u1ed1 hi\u1ec3n th\u1ecb r\u00f5 r\u00e0ng. H\u01a1n n\u1eefa, m\u00e0n h\u00ecnh LCD hi\u1ec3n th\u1ecb nhi\u1ec7t \u0111\u1ed9, cho ph\u00e9p b\u1ea1n ki\u1ec3m so\u00e1t v\u00e0 \u0111i\u1ec1u ch\u1ec9nh nhi\u1ec7t \u0111\u1ed9 \u0111\u1ec3 ph\u00f9 h\u1ee3p v\u1edbi t\u1eebng lo\u1ea1i th\u1ef1c ph\u1ea9m. L\u00e0 m\u1ed9t s\u1ea3n ph\u1ea9m c\u1ee7a th\u01b0\u01a1ng hi\u1ec7u Berjaya n\u1ed5i ti\u1ebfng, <\/span><b><i>t\u1ee7 \u0111\u00f4ng tr\u01b0ng b\u00e0y 1 c\u00e1nh k\u00ednh Berjaya <\/i><\/b><span style=\"font-weight: 400;\">c\u00f3 th\u1ec3 xem nh\u01b0 l\u00e0 m\u1ed9t l\u1ef1a ch\u1ecdn tuy\u1ec7t v\u1eddi cho b\u1ea1n.&nbsp;<\/span><\/span><\/p>\n","protected":false},"excerpt":{"rendered":"<ul>\n<li style=\"font-weight: 400;\"><span style=\"font-weight: 400; font-family: helvetica, arial, sans-serif;\">Kh\u1ea3 n\u0103ng l\u00e0m l\u1ea1nh -20 \u0111\u1ed9 C \u0111\u1ebfn -14 \u0111\u1ed9 C\u00a0<\/span><\/li>\n<li style=\"font-weight: 400;\"><span style=\"font-weight: 400; font-family: helvetica, arial, sans-serif;\">Thi\u1ebft k\u1ebf b\u1eb1ng th\u00e9p kh\u00f4ng g\u1ec9 cao c\u1ea5p v\u00e0 k\u00ednh c\u01b0\u1eddng l\u1ef1c<\/span><\/li>\n<li style=\"font-weight: 400;\"><span style=\"font-weight: 400; font-family: helvetica, arial, sans-serif;\">Dung t\u00edch 444L, b\u1ea3o qu\u1ea3n \u0111\u1ed3 \u0111\u00f4ng l\u1ea1nh s\u1ed1 l\u01b0\u1ee3ng l\u1edbn<\/span><\/li>\n<li style=\"font-weight: 400;\"><span style=\"font-weight: 400; font-family: helvetica, arial, sans-serif;\">B\u1ea3ng \u0111i\u1ec1u khi\u1ec3n k\u1ef9 thu\u1eadt, \u0111i\u1ec1u ch\u1ec9nh d\u1ec5 d\u00e0ng<\/span><\/li>\n<li style=\"font-weight: 400;\"><span style=\"font-weight: 400; font-family: helvetica, arial, sans-serif;\">K\u00ednh c\u01b0\u1eddng l\u1ef1c 2 l\u1edbp h\u00fat ch\u00e2n kh\u00f4ng gi\u00fap gi\u1eef nhi\u1ec7t t\u1ed1t<\/span><\/li>\n<li style=\"font-weight: 400;\"><span style=\"font-weight: 400; font-family: helvetica, arial, sans-serif;\">S\u1eed d\u1ee5ng d\u1ec5 d\u00e0ng, ti\u1ec7n l\u1ee3i<\/span><\/li>\n<\/ul>\n","protected":false},"featured_media":39183,"comment_status":"open","ping_status":"closed","template":"","meta":[],"product_cat":[244,254,239],"product_tag":[],"_links":{"self":[{"href":"https:\/\/thucpham.com\/vinacom\/wp-json\/wp\/v2\/product\/10740"}],"collection":[{"href":"https:\/\/thucpham.com\/vinacom\/wp-json\/wp\/v2\/product"}],"about":[{"href":"https:\/\/thucpham.com\/vinacom\/wp-json\/wp\/v2\/types\/product"}],"replies":[{"embeddable":true,"href":"https:\/\/thucpham.com\/vinacom\/wp-json\/wp\/v2\/comments?post=10740"}],"wp:featuredmedia":[{"embeddable":true,"href":"https:\/\/thucpham.com\/vinacom\/wp-json\/wp\/v2\/media\/39183"}],"wp:attachment":[{"href":"https:\/\/thucpham.com\/vinacom\/wp-json\/wp\/v2\/media?parent=10740"}],"wp:term":[{"taxonomy":"product_cat","embeddable":true,"href":"https:\/\/thucpham.com\/vinacom\/wp-json\/wp\/v2\/product_cat?post=10740"},{"taxonomy":"product_tag","embeddable":true,"href":"https:\/\/thucpham.com\/vinacom\/wp-json\/wp\/v2\/product_tag?post=10740"}],"curies":[{"name":"wp","href":"https:\/\/api.w.org\/{rel}","templated":true}]}}