{"id":10737,"date":"2020-07-13T18:49:38","date_gmt":"2020-07-13T18:49:38","guid":{"rendered":"https:\/\/thucpham.com\/?post_type=product&#038;p=10737"},"modified":"2021-12-09T13:08:02","modified_gmt":"2021-12-09T06:08:02","slug":"tu-dong-am-sau-unique-fd-340-sf","status":"publish","type":"product","link":"https:\/\/thucpham.com\/vinacom\/tu-dong-am-sau-unique-fd-340-sf\/","title":{"rendered":"T\u1ee7 \u0110\u00f4ng \u00c2m S\u00e2u Unique FD-340-SF"},"content":{"rendered":"<p style=\"text-align: justify\"><span style=\"font-family: helvetica, arial, sans-serif\"><span style=\"font-weight: 400\">Hi\u1ec7n nay \u0111\u00e3 kh\u00f4ng \u00edt c\u00e1c khu b\u1ebfp c\u00f4ng nghi\u1ec7p, nh\u00e0 h\u00e0ng c\u1ea7n \u0111\u1ebfn nh\u1eefng d\u00f2ng s\u1ea3n ph\u1ea9m t\u1ee7 \u0111\u00f4ng c\u00f3 kh\u1ea3 n\u0103ng l\u00e0m l\u1ea1nh nhanh ch\u00f3ng v\u00e0 s\u00e2u. <\/span><b><i>T\u1ee7 \u0111\u00f4ng \u00e2m s\u00e2u Unique FD-340-SF<\/i><\/b><span style=\"font-weight: 400\"> \u0111\u01b0\u1ee3c coi nh\u01b0 m\u1ed9t gi\u1ea3i ph\u00e1p t\u1ed1t v\u00e0 c\u00f3 hi\u1ec7u qu\u1ea3 v\u01b0\u1ee3t tr\u1ed9i v\u1edbi kh\u1ea3 n\u0103ng l\u00e0m l\u1ea1nh s\u00e2u \u0111\u1ebfn -60 \u0111\u1ed9 C. S\u1ea3n ph\u1ea9m \u0111\u01b0\u1ee3c nh\u1eadp kh\u1ea9u nguy\u00ean \u0111ai nguy\u00ean ki\u1ec7n t\u1eeb H\u00e0n Qu\u1ed1c, \u0111\u1ea3m b\u1ea3o nh\u1eefng ti\u00eau chu\u1ea9n k\u1ef9 thu\u1eadt v\u00e0 ch\u1ea5t l\u01b0\u1ee3ng kh\u1eaft khe nh\u1ea5t.<\/span><\/span><\/p>\n<p><img class=\"size-full wp-image-12533 aligncenter\" src=\"https:\/\/thucpham.com\/wp-content\/uploads\/2020\/07\/tu-dong-am-sau-unique-fd-340-sf-banner.jpg\" alt=\"tu-dong-am-sau-unique-fd-340-sf\" width=\"820\" height=\"656\" srcset=\"https:\/\/thucpham.com\/vinacom\/wp-content\/uploads\/2020\/07\/tu-dong-am-sau-unique-fd-340-sf-banner.jpg 820w, https:\/\/thucpham.com\/vinacom\/wp-content\/uploads\/2020\/07\/tu-dong-am-sau-unique-fd-340-sf-banner-300x240.jpg 300w, https:\/\/thucpham.com\/vinacom\/wp-content\/uploads\/2020\/07\/tu-dong-am-sau-unique-fd-340-sf-banner-768x614.jpg 768w, https:\/\/thucpham.com\/vinacom\/wp-content\/uploads\/2020\/07\/tu-dong-am-sau-unique-fd-340-sf-banner-24x19.jpg 24w, https:\/\/thucpham.com\/vinacom\/wp-content\/uploads\/2020\/07\/tu-dong-am-sau-unique-fd-340-sf-banner-36x29.jpg 36w, https:\/\/thucpham.com\/vinacom\/wp-content\/uploads\/2020\/07\/tu-dong-am-sau-unique-fd-340-sf-banner-48x38.jpg 48w, https:\/\/thucpham.com\/vinacom\/wp-content\/uploads\/2020\/07\/tu-dong-am-sau-unique-fd-340-sf-banner-510x408.jpg 510w\" sizes=\"(max-width: 820px) 100vw, 820px\" title=\"\"><\/p>\n<p style=\"text-align: center\"><em><span style=\"font-family: helvetica, arial, sans-serif\">Th\u00f4ng tin s\u1ea3n ph\u1ea9m t\u1ee7 \u0111\u00f4ng \u00e2m s\u00e2u Unique FD-340-SF<\/span><\/em><\/p>\n<p style=\"text-align: justify\"><span style=\"font-family: helvetica, arial, sans-serif\"><b><i>T\u1ee7 \u0111\u00f4ng \u00e2m s\u00e2u Unique FD-340-SF<\/i><\/b><span style=\"font-weight: 400\"> s\u1edf h\u1eefu hai ch\u1ebf \u0111\u1ed9 l\u00e0m l\u1ea1nh: l\u00e0m l\u1ea1nh tr\u1ef1c ti\u1ebfp nh\u1edd cu\u1ed9n l\u00e0m m\u00e1t t\u00edch h\u1ee3p trong c\u00e1c th\u00e0nh t\u1ee7 v\u00e0 l\u00e0m l\u1ea1nh gi\u00e1n ti\u1ebfp b\u1eb1ng kh\u00f4ng kh\u00ed \u0111\u01b0\u1ee3c phun t\u1ea1o ra t\u1eeb m\u00e1y l\u00e0m m\u00e1t \u0111\u1ebfn qu\u1ea1t. H\u01a1n n\u1eefa, Unique FD-340-SF c\u00f2n \u1ee9ng d\u1ee5ng c\u00f4ng ngh\u1ec7 l\u00e0m l\u1ea1nh Polyurethane ti\u00ean ti\u1ebfn, cho ph\u00e9p h\u01a1i l\u1ea1nh ng\u1ea5m s\u00e2u nhi\u1ec1u l\u1edbp v\u00e0o b\u00ean trong th\u1ef1c ph\u1ea9m \u0111\u1ed3ng th\u1eddi h\u1ea1n ch\u1ebf th\u1ea5t tho\u00e1t nhi\u1ec7t ra ngo\u00e0i g\u00e2y ti\u00eau hao \u0111i\u1ec7n n\u0103ng. B\u00ean c\u1ea1nh \u0111\u00f3, t\u1ee7 \u0111\u00f4ng \u00e2m s\u00e2u Unique l\u00e0m l\u1ea1nh b\u1eb1ng gas <\/span><span style=\"font-weight: 400\">R134A c\u00f3 kh\u1ea3 n\u0103ng l\u00e0m l\u1ea1nh nhanh ch\u00f3ng. Chi\u1ebfc t\u1ee7 n\u00e0y c\u00f2n \u0111\u01b0\u1ee3c trang b\u1ecb b\u1ea3ng \u0111i\u1ec1u khi\u1ec3n k\u1ef9 thu\u1eadt s\u1ed1 hi\u1ec3n th\u1ecb \u0111\u1ea7y \u0111\u1ee7 c\u00e1c th\u00f4ng tin, cho ph\u00e9p \u0111i\u1ec1u ch\u1ec9nh nhi\u1ec7t \u0111\u1ed9 d\u1ec5 d\u00e0ng. H\u01a1n n\u1eefa, v\u1edbi thi\u1ebft k\u1ebf <\/span><span style=\"font-weight: 400\">4 b\u00e1nh xe xoay 360 \u0111\u1ed9 v\u00e0 c\u00f3 kh\u00f3a gi\u00fap b\u1ea1n v\u1eeba d\u1ec5 c\u1ed1 \u0111\u1ecbnh v\u1ecb tr\u00ed t\u1ee7 , v\u1eeba d\u1ec5 di chuy\u1ec3n m\u1ecdi v\u1ecb tr\u00ed n\u00e0o theo mong mu\u1ed1n. B\u1ea5t c\u1ee9 ai c\u0169ng c\u00f3 th\u1ec3 v\u1eadn h\u00e0nh \u0111\u01b0\u1ee3c t\u1ee7 \u0111\u00f4ng Unique FD-340-SF m\u1ed9t c\u00e1ch d\u1ec5 d\u00e0ng.<\/span><\/span><\/p>\n","protected":false},"excerpt":{"rendered":"<ul>\n<li style=\"font-weight: 400\"><span style=\"font-weight: 400;font-family: helvetica, arial, sans-serif\">C\u00f4ng ngh\u1ec7 l\u00e0m l\u1ea1nh Polyurethane ti\u00ean ti\u1ebfn<\/span><\/li>\n<li style=\"font-weight: 400\"><span style=\"font-weight: 400;font-family: helvetica, arial, sans-serif\">L\u00e0m l\u1ea1nh b\u1eb1ng ga R134A, th\u00e2n thi\u1ec7n v\u1edbi m\u00f4i tr\u01b0\u1eddng<\/span><\/li>\n<li style=\"font-weight: 400\"><span style=\"font-weight: 400;font-family: helvetica, arial, sans-serif\">Trang b\u1ecb 4 b\u00e1nh xe xoay 360 \u0111\u1ed9, d\u1ec5 d\u00e0ng di chuy\u1ec3n<\/span><\/li>\n<li style=\"font-weight: 400\"><span style=\"font-weight: 400;font-family: helvetica, arial, sans-serif\">B\u1ea3ng \u0111i\u1ec1u khi\u1ec3n k\u1ef9 thu\u1eadt s\u1ed1, d\u1ec5 ki\u1ec3m so\u00e1t nhi\u1ec7t \u0111\u1ed9<\/span><\/li>\n<li style=\"font-weight: 400\"><span style=\"font-weight: 400;font-family: helvetica, arial, sans-serif\">Ch\u1ebf \u0111\u1ed9 l\u00e0m l\u1ea1nh tr\u1ef1c ti\u1ebfp v\u00e0 l\u00e0m l\u1ea1nh gi\u00e1n ti\u1ebfp<\/span><\/li>\n<li style=\"font-weight: 400\"><span style=\"font-weight: 400;font-family: helvetica, arial, sans-serif\">V\u1eadn h\u00e0nh \u0111\u01a1n gi\u1ea3n, ti\u1ebft ki\u1ec7m \u0111i\u1ec7n n\u0103ng<\/span><\/li>\n<\/ul>\n","protected":false},"featured_media":39048,"comment_status":"open","ping_status":"closed","template":"","meta":[],"product_cat":[239,254],"product_tag":[],"_links":{"self":[{"href":"https:\/\/thucpham.com\/vinacom\/wp-json\/wp\/v2\/product\/10737"}],"collection":[{"href":"https:\/\/thucpham.com\/vinacom\/wp-json\/wp\/v2\/product"}],"about":[{"href":"https:\/\/thucpham.com\/vinacom\/wp-json\/wp\/v2\/types\/product"}],"replies":[{"embeddable":true,"href":"https:\/\/thucpham.com\/vinacom\/wp-json\/wp\/v2\/comments?post=10737"}],"wp:featuredmedia":[{"embeddable":true,"href":"https:\/\/thucpham.com\/vinacom\/wp-json\/wp\/v2\/media\/39048"}],"wp:attachment":[{"href":"https:\/\/thucpham.com\/vinacom\/wp-json\/wp\/v2\/media?parent=10737"}],"wp:term":[{"taxonomy":"product_cat","embeddable":true,"href":"https:\/\/thucpham.com\/vinacom\/wp-json\/wp\/v2\/product_cat?post=10737"},{"taxonomy":"product_tag","embeddable":true,"href":"https:\/\/thucpham.com\/vinacom\/wp-json\/wp\/v2\/product_tag?post=10737"}],"curies":[{"name":"wp","href":"https:\/\/api.w.org\/{rel}","templated":true}]}}