{"id":10731,"date":"2020-07-13T18:44:42","date_gmt":"2020-07-13T18:44:42","guid":{"rendered":"https:\/\/thucpham.com\/?post_type=product&#038;p=10731"},"modified":"2021-12-09T13:07:26","modified_gmt":"2021-12-09T06:07:26","slug":"tu-dong-am-sau-unique-fd-170-sf","status":"publish","type":"product","link":"https:\/\/thucpham.com\/vinacom\/tu-dong-am-sau-unique-fd-170-sf\/","title":{"rendered":"T\u1ee7 \u0110\u00f4ng \u00c2m S\u00e2u Unique FD-170-SF"},"content":{"rendered":"<p style=\"text-align: justify\"><span style=\"font-family: helvetica, arial, sans-serif\"><span style=\"font-weight: 400\">Kh\u00f4ng ch\u1ec9 \u0111\u01b0\u1ee3c ng\u01b0\u1eddi ti\u00eau d\u00f9ng \u0111\u00e1nh gi\u00e1 cao v\u1ec1 <\/span><span style=\"font-weight: 400\">kh\u1ea3 n\u0103ng l\u00e0m l\u1ea1nh v\u00e0 ti\u1ebft ki\u1ec7m \u0111i\u1ec7n n\u0103ng, <\/span><b><i>t\u1ee7 \u0111\u00f4ng \u00e2m s\u00e2u Unique FD-170-SF <\/i><\/b><span style=\"font-weight: 400\">c\u00f2n \u0111\u01b0\u1ee3c <\/span><span style=\"font-weight: 400\">ch\u1ee9ng nh\u1eadn \u0111\u1ea1t chu\u1ea9n v\u1ec1 \u0111\u1ed9 an to\u00e0n v\u00e0 th\u00e2n thi\u1ec7n v\u1edbi m\u00f4i tr\u01b0\u1eddng. S\u1ea3n ph\u1ea9m c\u00f3 kh\u1ea3 n\u0103ng b\u1ea3o qu\u1ea3n \u0111\u00f4ng \u00e2m s\u00e2u \u0111\u1ebfn -82 \u0111\u1ed9 C v\u00e0 \u0111\u01b0\u1ee3c nh\u1eadp kh\u1ea9u tr\u1ef1c ti\u1ebfp t\u1eeb H\u00e0n Qu\u1ed1c n\u00ean \u0111\u1ea3m b\u1ea3o c\u00e1c ti\u00eau chu\u1ea9n k\u1ef9 thu\u1eadt kh\u1eaft khe nh\u1ea5t. M\u1eb7c d\u00f9 \u0111\u01b0\u1ee3c thi\u1ebft k\u1ebf nh\u1ecf g\u1ecdn nh\u01b0ng hi\u1ec7u su\u1ea5t l\u00e0m vi\u1ec7c c\u1ee7a thi\u1ebft b\u1ecb n\u00e0y l\u1ea1i khi\u1ec3n ng\u01b0\u1eddi d\u00f9ng \u0111i t\u1eeb b\u1ea5t ng\u1edd n\u00e0y \u0111\u1ebfn b\u1ea5t ng\u1edd kh\u00e1c.<\/span><\/span><\/p>\n<p><img class=\"size-full wp-image-12537 aligncenter\" src=\"https:\/\/thucpham.com\/wp-content\/uploads\/2020\/07\/tu-dong-am-sau-unique-fd-170-sf-banner.jpg\" alt=\"tu-dong-am-sau-unique-fd-170-sf\" width=\"820\" height=\"656\" srcset=\"https:\/\/thucpham.com\/vinacom\/wp-content\/uploads\/2020\/07\/tu-dong-am-sau-unique-fd-170-sf-banner.jpg 820w, https:\/\/thucpham.com\/vinacom\/wp-content\/uploads\/2020\/07\/tu-dong-am-sau-unique-fd-170-sf-banner-300x240.jpg 300w, https:\/\/thucpham.com\/vinacom\/wp-content\/uploads\/2020\/07\/tu-dong-am-sau-unique-fd-170-sf-banner-768x614.jpg 768w, https:\/\/thucpham.com\/vinacom\/wp-content\/uploads\/2020\/07\/tu-dong-am-sau-unique-fd-170-sf-banner-24x19.jpg 24w, https:\/\/thucpham.com\/vinacom\/wp-content\/uploads\/2020\/07\/tu-dong-am-sau-unique-fd-170-sf-banner-36x29.jpg 36w, https:\/\/thucpham.com\/vinacom\/wp-content\/uploads\/2020\/07\/tu-dong-am-sau-unique-fd-170-sf-banner-48x38.jpg 48w, https:\/\/thucpham.com\/vinacom\/wp-content\/uploads\/2020\/07\/tu-dong-am-sau-unique-fd-170-sf-banner-510x408.jpg 510w\" sizes=\"(max-width: 820px) 100vw, 820px\" title=\"\"><\/p>\n<p style=\"text-align: center\"><em><span style=\"font-family: helvetica, arial, sans-serif\">Th\u00f4ng tin s\u1ea3n ph\u1ea9m t\u1ee7 \u0111\u00f4ng \u00e2m s\u00e2u Unique FD-170-SF<\/span><\/em><\/p>\n<p style=\"text-align: justify\"><span style=\"font-family: helvetica, arial, sans-serif\"><b><i>T\u1ee7 \u0111\u00f4ng \u00e2m s\u00e2u Unique FD-170-SF<\/i><\/b> <span style=\"font-weight: 400\">\u00e1p d\u1ee5ng h\u1ec7 th\u1ed1ng c\u00e1ch nhi\u1ec7t ti\u1ebfn v\u1edbi&nbsp; t\u1ea5m polyurethane d\u00e0y 100mm. H\u01a1i l\u1ea1nh ng\u1ea5m s\u00e2u v\u00e0o trong th\u1ef1c ph\u1ea9m \u0111\u1ec3 gi\u00fap duy tr\u00ec \u0111\u1ed9 t\u01b0\u01a1i ngon cho th\u1ef1c ph\u1ea9m \u0111\u1ed3ng th\u1eddi c\u0169ng gi\u00fap h\u1ea1n ch\u1ebf nhi\u1ec7t tho\u00e1t ra b\u00ean ngo\u00e0i. Ngo\u00e0i ra, t\u1ee7 <\/span><span style=\"font-weight: 400\">Unique FD-170-SF <\/span><span style=\"font-weight: 400\">\u0111\u01b0\u1ee3c trang b\u1ecb b\u1ea3ng \u0111i\u1ec1u khi\u1ec3n tr\u1ef1c quan, d\u1ec5 d\u00e0ng s\u1eed d\u1ee5ng ngay c\u1ea3 \u0111\u1ed1i v\u1edbi nh\u1eefng ng\u01b0\u1eddi m\u1edbi s\u1eed d\u1ee5ng l\u1ea7n \u0111\u1ea7u. B\u00ean c\u1ea1nh \u0111\u00f3, t\u1ee7 \u0111\u00f4ng \u00e2m s\u00e2u c\u0169ng \u0111\u01b0\u1ee3c l\u1eafp \u0111\u1eb7t 4 b\u00e1nh xe xoay 360 \u0111\u1ed9 c\u00f3 ch\u1ed1t kh\u00f3a, b\u1ea1n c\u00f3 th\u1ec3 c\u1ed1 \u0111\u1ecbnh t\u1ea1i 1 v\u1ecb tr\u00ed ho\u1eb7c di chuy\u1ec3n \u0111i \u0111\u1ebfn b\u1ea5t k\u1ef3 v\u1ecb tr\u00ed n\u00e0o theo \u00fd mu\u1ed1n.<\/span><\/span><\/p>\n","protected":false},"excerpt":{"rendered":"<ul>\n<li style=\"font-weight: 400\"><span style=\"font-weight: 400;font-family: helvetica, arial, sans-serif\">\u0110\u1ed9ng c\u01a1 qu\u1ea1t hi\u1ec7u su\u1ea5t cao, l\u00e0m l\u1ea1nh nhanh<\/span><\/li>\n<li style=\"font-weight: 400\"><span style=\"font-family: helvetica, arial, sans-serif\"><span style=\"font-weight: 400\">H\u1ec7 th\u1ed1ng c\u00e1ch nhi\u1ec7t t\u1ed1t v\u1edbi <\/span><span style=\"font-weight: 400\">t\u1ea5m polyurethane d\u00e0y 100mm<\/span><\/span><\/li>\n<li style=\"font-weight: 400\"><span style=\"font-weight: 400;font-family: helvetica, arial, sans-serif\">Kh\u1ea3 n\u0103ng b\u1ea3o qu\u1ea3n \u0111\u00f4ng \u00e2m s\u00e2u \u0111\u1ebfn -82 \u0111\u1ed9 C<\/span><\/li>\n<li style=\"font-weight: 400\"><span style=\"font-weight: 400;font-family: helvetica, arial, sans-serif\">B\u1ea3ng \u0111i\u1ec1u khi\u1ec3n tr\u1ef1c quan, d\u1ec5 hi\u1ec3u, d\u1ec5 s\u1eed d\u1ee5ng<\/span><\/li>\n<li style=\"font-weight: 400\"><span style=\"font-weight: 400;font-family: helvetica, arial, sans-serif\">S\u1ea3n ph\u1ea9m nh\u1eadp kh\u1ea9u t\u1eeb H\u00e0n Qu\u1ed1c<\/span><\/li>\n<\/ul>\n","protected":false},"featured_media":39038,"comment_status":"open","ping_status":"closed","template":"","meta":[],"product_cat":[239,254],"product_tag":[],"_links":{"self":[{"href":"https:\/\/thucpham.com\/vinacom\/wp-json\/wp\/v2\/product\/10731"}],"collection":[{"href":"https:\/\/thucpham.com\/vinacom\/wp-json\/wp\/v2\/product"}],"about":[{"href":"https:\/\/thucpham.com\/vinacom\/wp-json\/wp\/v2\/types\/product"}],"replies":[{"embeddable":true,"href":"https:\/\/thucpham.com\/vinacom\/wp-json\/wp\/v2\/comments?post=10731"}],"wp:featuredmedia":[{"embeddable":true,"href":"https:\/\/thucpham.com\/vinacom\/wp-json\/wp\/v2\/media\/39038"}],"wp:attachment":[{"href":"https:\/\/thucpham.com\/vinacom\/wp-json\/wp\/v2\/media?parent=10731"}],"wp:term":[{"taxonomy":"product_cat","embeddable":true,"href":"https:\/\/thucpham.com\/vinacom\/wp-json\/wp\/v2\/product_cat?post=10731"},{"taxonomy":"product_tag","embeddable":true,"href":"https:\/\/thucpham.com\/vinacom\/wp-json\/wp\/v2\/product_tag?post=10731"}],"curies":[{"name":"wp","href":"https:\/\/api.w.org\/{rel}","templated":true}]}}