{"id":10728,"date":"2020-07-13T18:41:40","date_gmt":"2020-07-13T18:41:40","guid":{"rendered":"https:\/\/thucpham.com\/?post_type=product&#038;p=10728"},"modified":"2021-12-09T11:42:26","modified_gmt":"2021-12-09T04:42:26","slug":"tu-dong-2-canh-kinh-dung-1000l-alaska","status":"publish","type":"product","link":"https:\/\/thucpham.com\/vinacom\/tu-dong-2-canh-kinh-dung-1000l-alaska\/","title":{"rendered":"T\u1ee7 \u0110\u00f4ng 2 C\u00e1nh K\u00ednh \u0110\u1ee9ng 1000L Alaska"},"content":{"rendered":"<p style=\"text-align: justify\"><span style=\"font-family: helvetica, arial, sans-serif\"><b><i>T\u1ee7 \u0111\u00f4ng 2 c\u00e1nh k\u00ednh \u0111\u1ee9ng 1000L Alaska <\/i><\/b><b><i>FC-100G2<\/i><\/b><span style=\"font-weight: 400\"> \u0111\u01b0\u1ee3c nh\u1eadp kh\u1ea9u ch\u00ednh h\u00e3ng t\u1eeb th\u01b0\u01a1ng hi\u1ec7u n\u1ed5i ti\u1ebfng Alaska, Trung Qu\u1ed1c v\u00e0 ph\u00e2n ph\u1ed1i b\u1edfi ThucPham.com t\u1ea1i th\u1ecb tr\u01b0\u1eddng Vi\u1ec7t Nam. T\u1ee7 \u0111\u01b0\u1ee3c thi\u1ebft k\u1ebf 2 c\u00e1nh k\u00ednh v\u1edbi 5 ng\u0103n r\u1ed9ng r\u00e3i c\u00f3 th\u1ec3 ch\u1ee9a s\u1ed1 l\u01b0\u1ee3ng l\u1edbn th\u1ef1c ph\u1ea9m v\u00e0 nhi\u1ec7t \u0111\u1ed9 -25 \u0111\u1ed9 C th\u00edch h\u1ee3p tr\u1eef \u0111\u00f4ng c\u00e1c lo\u1ea1i \u0111\u1ed3 \u0111\u00f4ng l\u1ea1nh, h\u1ea3i s\u1ea3n, kem\u2026Nhi\u1ec7t \u0111\u1ed9 b\u1ea3o qu\u1ea3n th\u1ef1c ph\u1ea9m \u1ed5n \u0111\u1ecbnh nh\u1edd s\u1eed d\u1ee5ng lo\u1ea1i m\u00e1y n\u00e9n ch\u1ea5t l\u01b0\u1ee3ng t\u1eeb nh\u00e3n hi\u1ec7u Tecumseh, Brazil.&nbsp;<\/span><\/span><\/p>\n<p><img class=\"size-full wp-image-12539 aligncenter\" src=\"https:\/\/thucpham.com\/wp-content\/uploads\/2020\/07\/tu-dong-2-canh-kinh-dung-1000l-alaska-banner.jpg\" alt=\"tu-dong-2-canh-kinh-dung-1000l-alaska\" width=\"820\" height=\"656\" srcset=\"https:\/\/thucpham.com\/vinacom\/wp-content\/uploads\/2020\/07\/tu-dong-2-canh-kinh-dung-1000l-alaska-banner.jpg 820w, https:\/\/thucpham.com\/vinacom\/wp-content\/uploads\/2020\/07\/tu-dong-2-canh-kinh-dung-1000l-alaska-banner-300x240.jpg 300w, https:\/\/thucpham.com\/vinacom\/wp-content\/uploads\/2020\/07\/tu-dong-2-canh-kinh-dung-1000l-alaska-banner-768x614.jpg 768w, https:\/\/thucpham.com\/vinacom\/wp-content\/uploads\/2020\/07\/tu-dong-2-canh-kinh-dung-1000l-alaska-banner-24x19.jpg 24w, https:\/\/thucpham.com\/vinacom\/wp-content\/uploads\/2020\/07\/tu-dong-2-canh-kinh-dung-1000l-alaska-banner-36x29.jpg 36w, https:\/\/thucpham.com\/vinacom\/wp-content\/uploads\/2020\/07\/tu-dong-2-canh-kinh-dung-1000l-alaska-banner-48x38.jpg 48w, https:\/\/thucpham.com\/vinacom\/wp-content\/uploads\/2020\/07\/tu-dong-2-canh-kinh-dung-1000l-alaska-banner-510x408.jpg 510w\" sizes=\"(max-width: 820px) 100vw, 820px\" title=\"\"><\/p>\n<p style=\"text-align: center\"><em><span style=\"font-family: helvetica, arial, sans-serif\">Th\u00f4ng tin s\u1ea3n ph\u1ea9m t\u1ee7 \u0111\u00f4ng 2 c\u00e1nh k\u00ednh \u0111\u1ee9ng 1000L Alaska FC-100G2<\/span><\/em><\/p>\n<p style=\"text-align: justify\"><span style=\"font-family: helvetica, arial, sans-serif\"><b><i>T\u1ee7 \u0111\u00f4ng 2 c\u00e1nh k\u00ednh \u0111\u1ee9ng 1000L Alaska <\/i><\/b><b><i>FC-100G2<\/i><\/b><span style=\"font-weight: 400\"> \u0111\u01b0\u1ee3c thi\u1ebft k\u1ebf linh ho\u1ea1t v\u1edbi d\u00e0n l\u1ea1nh di \u0111\u1ed9ng, d\u1ec5 d\u00e0ng th\u00e1o l\u1eafp n\u00ean v\u00f4 c\u00f9ng thu\u1eadn ti\u1ec7n cho vi\u1ec7c b\u1ea3o tr\u00ec. Ngo\u00e0i ra, s\u1ea3n ph\u1ea9m c\u00f3 c\u1eeda k\u00ednh 3 l\u1edbp theo c\u00f4ng ngh\u1ec7 Low-E, gi\u00fap b\u1ea1n quan s\u00e1t&nbsp; c\u00e1c s\u1ea3n ph\u1ea9m tr\u01b0ng b\u00e0y trong t\u1ee7 d\u1ec5 d\u00e0ng h\u01a1n. Khi b\u1ea1n \u0111\u00f3ng c\u1eeda, l\u1edbp s\u01b0\u01a1ng \u0111\u1ecdng b\u00ean trong c\u1eeda k\u00ednh s\u1ebd bi\u1ebfn m\u1ea5t nhanh ch\u00f3ng. V\u1edbi c\u00f4ng su\u1ea5t&nbsp; 900W, s\u1eed d\u1ee5ng d\u00e0n l\u1ea1nh \u1ed1ng \u0111\u1ed3ng c\u00f3 \u0111\u1ed9 b\u1ec1n cao v\u00e0 s\u1eed d\u1ee5ng gas R404a. S\u1eed d\u1ee5ng t<\/span><span style=\"font-weight: 400\">\u1ee7 \u0111\u00f4ng 2 c\u00e1nh k\u00ednh \u0111\u1ee9ng 1000L Alaska <\/span><span style=\"font-weight: 400\">FC-100G2 kh\u00f4ng ch\u1ec9 gi\u00fap l\u00e0m l\u1ea1nh nhanh ch\u00f3ng m\u00e0 c\u00f2n an to\u00e0n cho s\u1ee9c kh\u1ecfe v\u00e0 th\u00e2n thi\u1ec7n v\u1edbi m\u00f4i tr\u01b0\u1eddng.&nbsp;<\/span><\/span><\/p>\n","protected":false},"excerpt":{"rendered":"<ul>\n<li style=\"font-weight: 400\"><span style=\"font-weight: 400;font-family: helvetica, arial, sans-serif\">Thi\u1ebft k\u1ebf linh ho\u1ea1t, ti\u1ec7n l\u1ee3i khi s\u1eed d\u1ee5ng<\/span><\/li>\n<li style=\"font-weight: 400\"><span style=\"font-weight: 400;font-family: helvetica, arial, sans-serif\">C\u1eeda k\u00ednh 3 l\u1edbp theo c\u00f4ng ngh\u1ec7 Low-E<\/span><\/li>\n<li style=\"font-weight: 400\"><span style=\"font-weight: 400;font-family: helvetica, arial, sans-serif\">Ch\u1ee9c n\u0103ng v\u1eeba b\u1ea3o qu\u1ea3n v\u1eeba tr\u01b0ng b\u00e0y<\/span><\/li>\n<li style=\"font-weight: 400\"><span style=\"font-weight: 400;font-family: helvetica, arial, sans-serif\">D\u00e0n l\u1ea1nh di \u0111\u1ed9ng, d\u1ec5 d\u00e0ng th\u00e1o l\u1eafp<\/span><\/li>\n<li style=\"font-weight: 400\"><span style=\"font-weight: 400;font-family: helvetica, arial, sans-serif\">S\u1eed d\u1ee5ng gas R404a kh\u00f4ng g\u00e2y \u00f4 nhi\u1ec5m m\u00f4i tr\u01b0\u1eddng<\/span><\/li>\n<li style=\"font-weight: 400\"><span style=\"font-weight: 400;font-family: helvetica, arial, sans-serif\">D\u00e0n l\u1ea1nh b\u1eb1ng \u0111\u1ed3ng cho kh\u1ea3 n\u0103ng l\u00e0m l\u1ea1nh nhanh<\/span><\/li>\n<\/ul>\n","protected":false},"featured_media":39000,"comment_status":"open","ping_status":"closed","template":"","meta":[],"product_cat":[239,254],"product_tag":[],"_links":{"self":[{"href":"https:\/\/thucpham.com\/vinacom\/wp-json\/wp\/v2\/product\/10728"}],"collection":[{"href":"https:\/\/thucpham.com\/vinacom\/wp-json\/wp\/v2\/product"}],"about":[{"href":"https:\/\/thucpham.com\/vinacom\/wp-json\/wp\/v2\/types\/product"}],"replies":[{"embeddable":true,"href":"https:\/\/thucpham.com\/vinacom\/wp-json\/wp\/v2\/comments?post=10728"}],"wp:featuredmedia":[{"embeddable":true,"href":"https:\/\/thucpham.com\/vinacom\/wp-json\/wp\/v2\/media\/39000"}],"wp:attachment":[{"href":"https:\/\/thucpham.com\/vinacom\/wp-json\/wp\/v2\/media?parent=10728"}],"wp:term":[{"taxonomy":"product_cat","embeddable":true,"href":"https:\/\/thucpham.com\/vinacom\/wp-json\/wp\/v2\/product_cat?post=10728"},{"taxonomy":"product_tag","embeddable":true,"href":"https:\/\/thucpham.com\/vinacom\/wp-json\/wp\/v2\/product_tag?post=10728"}],"curies":[{"name":"wp","href":"https:\/\/api.w.org\/{rel}","templated":true}]}}