{"id":10716,"date":"2020-07-13T18:29:02","date_gmt":"2020-07-13T18:29:02","guid":{"rendered":"https:\/\/thucpham.com\/?post_type=product&#038;p=10716"},"modified":"2024-03-13T08:45:35","modified_gmt":"2024-03-13T01:45:35","slug":"tu-dong-nap-kinh-cong-dang-nam-400l-alaska","status":"publish","type":"product","link":"https:\/\/thucpham.com\/vinacom\/tu-dong-nap-kinh-cong-dang-nam-400l-alaska\/","title":{"rendered":"T\u1ee7 \u0110\u00f4ng N\u1eafp K\u00ednh Cong D\u1ea1ng N\u1eb1m 400L Alaska"},"content":{"rendered":"<p style=\"text-align: justify\"><span style=\"font-family: helvetica, arial, sans-serif\"><b><i>T\u1ee7 \u0111\u00f4ng n\u1eafp k\u00ednh cong d\u1ea1ng n\u1eb1m 400L Alaska <\/i><\/b><b><i>SC-401Y<\/i><\/b><span style=\"font-weight: 400\"> l\u00e0 s\u1ea3n ph\u1ea9m t\u1ee7 \u0111\u00f4ng 2 trong 1 v\u1eeba b\u1ea3o qu\u1ea3n v\u1eeba tr\u01b0ng b\u00e0y ti\u1ec7n l\u1ee3i. Chi\u1ebfc t\u1ee7 n\u00e0y \u0111\u01b0\u1ee3c thi\u1ebft k\u1ebf 1 ng\u0103n \u0111\u00f4ng r\u1ed9ng, dung t\u00edch l\u00ean \u0111\u1ebfn 400L, ph\u00f9 h\u1ee3p nhu c\u1ea7u s\u1eed d\u1ee5ng cho si\u00eau th\u1ecb, gia \u0111\u00ecnh, nh\u00e0 h\u00e0ng, c\u0103ng tin,&#8230;\u0111\u1ec3 b\u1ea3o qu\u1ea3n c\u00e1c lo\u1ea1i th\u1ecbt c\u00e1, kem, h\u1ea3i s\u1ea3n hay \u0111\u1ed3 \u0111\u00f4ng l\u1ea1nh.<\/span><\/span><\/p>\n<p><img class=\"size-full wp-image-12548 aligncenter\" src=\"https:\/\/thucpham.com\/wp-content\/uploads\/2020\/07\/tu-dong-nap-kinh-cong-dang-nam-400l-alaska-banner.jpg\" alt=\"tu-dong-nap-kinh-cong-dang-nam-400l-alaska\" width=\"820\" height=\"656\" srcset=\"https:\/\/thucpham.com\/vinacom\/wp-content\/uploads\/2020\/07\/tu-dong-nap-kinh-cong-dang-nam-400l-alaska-banner.jpg 820w, https:\/\/thucpham.com\/vinacom\/wp-content\/uploads\/2020\/07\/tu-dong-nap-kinh-cong-dang-nam-400l-alaska-banner-300x240.jpg 300w, https:\/\/thucpham.com\/vinacom\/wp-content\/uploads\/2020\/07\/tu-dong-nap-kinh-cong-dang-nam-400l-alaska-banner-768x614.jpg 768w, https:\/\/thucpham.com\/vinacom\/wp-content\/uploads\/2020\/07\/tu-dong-nap-kinh-cong-dang-nam-400l-alaska-banner-24x19.jpg 24w, https:\/\/thucpham.com\/vinacom\/wp-content\/uploads\/2020\/07\/tu-dong-nap-kinh-cong-dang-nam-400l-alaska-banner-36x29.jpg 36w, https:\/\/thucpham.com\/vinacom\/wp-content\/uploads\/2020\/07\/tu-dong-nap-kinh-cong-dang-nam-400l-alaska-banner-48x38.jpg 48w, https:\/\/thucpham.com\/vinacom\/wp-content\/uploads\/2020\/07\/tu-dong-nap-kinh-cong-dang-nam-400l-alaska-banner-510x408.jpg 510w\" sizes=\"(max-width: 820px) 100vw, 820px\" title=\"\"><\/p>\n<p style=\"text-align: center\"><em>Th\u00f4ng tin s\u1ea3n ph\u1ea9m <span style=\"font-family: helvetica, arial, sans-serif\">t\u1ee7 \u0111\u00f4ng n\u1eafp k\u00ednh cong d\u1ea1ng n\u1eb1m 400L Alaska SC-401Y<\/span><\/em><\/p>\n<p style=\"text-align: justify\"><span style=\"font-family: helvetica, arial, sans-serif\"><span style=\"font-weight: 400\">To\u00e0n b\u1ed9 k\u1ebft c\u1ea5u t\u1eeb v\u1ecf ngo\u00e0i \u0111\u1ebfn b\u00ean trong l\u00f2ng t\u1ee7 c\u00f9ng c\u00e1c linh ph\u1ee5 ki\u1ec7n \u0111\u1ec1u c\u00f3 ch\u1ea5t l\u01b0\u1ee3ng cao, cho kh\u1ea3 n\u0103ng v\u1eadn h\u00e0nh m\u1ea1nh m\u1ebd, \u1ed5n \u0111\u1ecbnh ngay c\u1ea3 sau nhi\u1ec1u n\u0103m s\u1eed d\u1ee5ng. Ngo\u00e0i ra,<\/span> <b><i>t\u1ee7 \u0111\u00f4ng n\u1eafp k\u00ednh cong d\u1ea1ng n\u1eb1m 400L Alaska <\/i><\/b><b><i>SC-401Y<\/i><\/b><span style=\"font-weight: 400\"> c\u00f3 thi\u1ebft k\u1ebf 2 n\u1eafp k\u00ednh cong b\u1eb1ng k\u00ednh c\u01b0\u1eddng l\u1ef1c, m\u1edf ki\u1ec3u c\u1eeda l\u00f9a, gi\u00fap b\u1ea1n d\u1ec5 d\u00e0ng quan s\u00e1t v\u00e0 nhanh ch\u00f3ng l\u1ea5y ra nh\u1eefng s\u1ea3n ph\u1ea9m m\u00ecnh mong mu\u1ed1n. T\u1ee7 c\u00f3 zo\u0103ng bao quanh k\u00edn, \u0111\u1ea3m b\u1ea3o kh\u1ea3 n\u0103ng gi\u1eef l\u1ea1nh cao, v\u1eeba n\u00e2ng cao hi\u1ec7u qu\u1ea3 b\u1ea3o qu\u1ea3n th\u1ef1c ph\u1ea9m trong th\u1eddi gian d\u00e0i v\u1eeba gi\u00fap ti\u1ebft ki\u1ec7m \u0111i\u1ec7n n\u0103ng s\u1eed d\u1ee5ng. B\u00ean c\u1ea1nh \u0111\u00f3, <\/span><span style=\"font-weight: 400\">Alaska <\/span><span style=\"font-weight: 400\">SC-401Y s\u1eed d\u1ee5ng c\u00f4ng ngh\u1ec7 l\u00e0m l\u1ea1nh b\u1eb1ng Compressor, gi\u00fap l\u00e0m l\u1ea1nh nhanh v\u00e0 s\u00e2u h\u01a1n so v\u1edbi nhi\u1ec1u lo\u1ea1i t\u1ee7 \u0111\u00f4ng c\u00f9ng m\u1ee9c gi\u00e1 tr\u00ean th\u1ecb tr\u01b0\u1eddng. H\u01a1n n\u1eefa, tr\u00ean th\u00e2n t\u1ee7 \u0111\u01b0\u1ee3c l\u1eafp \u0111\u1eb7t b\u1ea3ng \u0111i\u1ec1u khi\u1ec3n, gi\u00fap ng\u01b0\u1eddi d\u00f9ng d\u1ec5 d\u00e0ng \u0111i\u1ec1u ch\u1ec9nh nhi\u1ec7t \u0111\u1ed9 theo \u00fd mu\u1ed1n v\u00e0 l\u1ef1a ch\u1ecdn m\u1ee9c nhi\u1ec7t \u0111\u1ed9 th\u00edch h\u1ee3p \u0111\u1ec3 b\u1ea3o qu\u1ea3n th\u1ef1c ph\u1ea9m t\u1ed1t nh\u1ea5t.&nbsp;<\/span><\/span><\/p>\n","protected":false},"excerpt":{"rendered":"<ul>\n<li style=\"font-weight: 400\"><span style=\"font-weight: 400;font-family: helvetica, arial, sans-serif\">Kh\u1ea3 n\u0103ng gi\u1eef nhi\u1ec7t c\u1ef1c t\u1ed1t nh\u1edd 2 l\u1edbp c\u1eeda<\/span><\/li>\n<li style=\"font-weight: 400\"><span style=\"font-weight: 400;font-family: helvetica, arial, sans-serif\">Dung t\u00edch kh\u00e1 l\u1edbn l\u00ean \u0111\u1ebfn 400L<\/span><\/li>\n<li style=\"font-weight: 400\"><span style=\"font-weight: 400;font-family: helvetica, arial, sans-serif\">V\u1eadn h\u00e0nh \u00eam \u00e1i, kh\u00f4ng g\u00e2y ti\u1ebfng \u1ed3n<\/span><\/li>\n<li style=\"font-weight: 400\"><span style=\"font-weight: 400;font-family: helvetica, arial, sans-serif\">C\u00f4ng ngh\u1ec7 l\u00e0m l\u1ea1nh b\u1eb1ng Compressor hi\u1ec7u qu\u1ea3<\/span><\/li>\n<li style=\"font-weight: 400\"><span style=\"font-weight: 400;font-family: helvetica, arial, sans-serif\">S\u1eed d\u1ee5ng gas R134A th\u00e2n thi\u1ec7n v\u1edbi m\u00f4i tr\u01b0\u1eddng<\/span><\/li>\n<li style=\"font-weight: 400\"><span style=\"font-weight: 400;font-family: helvetica, arial, sans-serif\">D\u00e0n l\u1ea1nh b\u1eb1ng \u0111\u1ed3ng c\u1ee7a h\u00e3ng Alaska<\/span><\/li>\n<\/ul>\n","protected":false},"featured_media":38989,"comment_status":"open","ping_status":"closed","template":"","meta":[],"product_cat":[239,254],"product_tag":[],"_links":{"self":[{"href":"https:\/\/thucpham.com\/vinacom\/wp-json\/wp\/v2\/product\/10716"}],"collection":[{"href":"https:\/\/thucpham.com\/vinacom\/wp-json\/wp\/v2\/product"}],"about":[{"href":"https:\/\/thucpham.com\/vinacom\/wp-json\/wp\/v2\/types\/product"}],"replies":[{"embeddable":true,"href":"https:\/\/thucpham.com\/vinacom\/wp-json\/wp\/v2\/comments?post=10716"}],"wp:featuredmedia":[{"embeddable":true,"href":"https:\/\/thucpham.com\/vinacom\/wp-json\/wp\/v2\/media\/38989"}],"wp:attachment":[{"href":"https:\/\/thucpham.com\/vinacom\/wp-json\/wp\/v2\/media?parent=10716"}],"wp:term":[{"taxonomy":"product_cat","embeddable":true,"href":"https:\/\/thucpham.com\/vinacom\/wp-json\/wp\/v2\/product_cat?post=10716"},{"taxonomy":"product_tag","embeddable":true,"href":"https:\/\/thucpham.com\/vinacom\/wp-json\/wp\/v2\/product_tag?post=10716"}],"curies":[{"name":"wp","href":"https:\/\/api.w.org\/{rel}","templated":true}]}}