{"id":10707,"date":"2020-07-13T18:19:56","date_gmt":"2020-07-13T18:19:56","guid":{"rendered":"https:\/\/thucpham.com\/?post_type=product&#038;p=10707"},"modified":"2024-07-17T15:47:59","modified_gmt":"2024-07-17T08:47:59","slug":"may-in-tem-xprinter","status":"publish","type":"product","link":"https:\/\/thucpham.com\/vinacom\/may-in-tem-xprinter\/","title":{"rendered":"M\u00e1y In Tem Xprinter"},"content":{"rendered":"<p style=\"text-align: justify\"><span style=\"font-family: helvetica, arial, sans-serif\"><b><i>M\u00e1y in tem Xprinter <\/i><\/b><b><i>XP-235B<\/i><\/b><span style=\"font-weight: 400\"> l\u00e0 d\u00f2ng m\u00e1y in \u1ee9ng d\u1ee5ng c\u00f4ng ngh\u1ec7 hi\u1ec7n \u0111\u1ea1i n\u1ed5i ti\u1ebfng \u1edf Trung Qu\u1ed1c, \u0111\u01b0\u1ee3c nhi\u1ec1u kh\u00e1ch h\u00e0ng \u01b0a chu\u1ed9ng tr\u00ean th\u1ecb tr\u01b0\u1eddng hi\u1ec7n nay b\u1edfi nh\u1eefng t\u00ednh n\u0103ng \u01b0u vi\u1ec7t m\u00e0 n\u00f3 \u0111em l\u1ea1i. D\u00f2ng m\u00e1y in n\u00e0y s\u1eed d\u1ee5ng c\u00f4ng ngh\u1ec7 in nhi\u1ec7t tr\u1ef1c ti\u1ebfp \u0111em l\u1ea1i ch\u1ea5t l\u01b0\u1ee3ng in t\u1ed1t v\u1edbi ch\u1ea5t l\u01b0\u1ee3ng in b\u1ec1n m\u00e0u, m\u1ef1c kh\u00f4 nhanh v\u00e0 kh\u00f3 phai. Thi\u1ebft b\u1ecb c\u00f3 k\u00edch th\u01b0\u1edbc v\u00f4 c\u00f9ng nh\u1ecf g\u1ecdn, \u0111\u01b0\u1ee3c thi\u1ebft k\u1ebf bo tr\u00f2n hi\u1ec7n \u0111\u1ea1i v\u00e0 \u0111\u1eb9p m\u1eaft.&nbsp;<\/span><\/span><\/p>\n<p><img class=\"size-full wp-image-12555 aligncenter\" src=\"https:\/\/thucpham.com\/wp-content\/uploads\/2020\/07\/may-in-tem-xprinter-xp-235b-banner.jpg\" alt=\"may-in-tem-xprinter-xp-235b\" width=\"820\" height=\"656\" srcset=\"https:\/\/thucpham.com\/vinacom\/wp-content\/uploads\/2020\/07\/may-in-tem-xprinter-xp-235b-banner.jpg 820w, https:\/\/thucpham.com\/vinacom\/wp-content\/uploads\/2020\/07\/may-in-tem-xprinter-xp-235b-banner-300x240.jpg 300w, https:\/\/thucpham.com\/vinacom\/wp-content\/uploads\/2020\/07\/may-in-tem-xprinter-xp-235b-banner-768x614.jpg 768w, https:\/\/thucpham.com\/vinacom\/wp-content\/uploads\/2020\/07\/may-in-tem-xprinter-xp-235b-banner-24x19.jpg 24w, https:\/\/thucpham.com\/vinacom\/wp-content\/uploads\/2020\/07\/may-in-tem-xprinter-xp-235b-banner-36x29.jpg 36w, https:\/\/thucpham.com\/vinacom\/wp-content\/uploads\/2020\/07\/may-in-tem-xprinter-xp-235b-banner-48x38.jpg 48w, https:\/\/thucpham.com\/vinacom\/wp-content\/uploads\/2020\/07\/may-in-tem-xprinter-xp-235b-banner-510x408.jpg 510w\" sizes=\"(max-width: 820px) 100vw, 820px\" title=\"\"><\/p>\n<p style=\"text-align: center\"><span style=\"font-family: helvetica, arial, sans-serif\"><em>Th\u00f4ng tin s\u1ea3n ph\u1ea9m m\u00e1y in tem Xprinter XP-235B<\/em><\/span><\/p>\n<p style=\"text-align: justify\"><span style=\"font-family: helvetica, arial, sans-serif\"><span style=\"font-weight: 400\">K\u1ebft c\u1ea5u th\u00e2n m\u00e1y \u0111\u01b0\u1ee3c l\u00e0m ho\u00e0n to\u00e0n b\u1eb1ng ch\u1ea5t li\u1ec7u nh\u1ef1a cao c\u1ea5p, ch\u1ecbu \u0111\u01b0\u1ee3c va \u0111\u1eadp m\u1ea1nh hay l\u1ef1c \u00e9p \u0111\u1ec3 b\u1ea3o v\u1ec7 c\u00e1c b\u1ed9 ph\u1eadn m\u00e1y b\u00ean trong. B\u00ean c\u1ea1nh \u0111\u00f3, t\u1ed1c \u0111\u1ed9 in m\u00e3 tem v\u1ea1ch \u0111\u1ea1t 127 mm\/s, \u0111\u00e1p \u1ee9ng t\u1ed1t nhu c\u1ea7u s\u1eed d\u1ee5ng tem phi\u1ebfu s\u1ed1 l\u01b0\u1ee3ng l\u1edbn. M\u00e1y c\u00f2n c\u00f3 \u0111\u1ed9 ph\u00e2n gi\u1ea3i l\u00e0 203dpi, \u0111\u1ea3m b\u1ea3o ch\u1ea5t l\u01b0\u1ee3ng in m\u00e3 v\u1ea1ch r\u00f5 n\u00e9t. H\u01a1n n\u1eefa, <\/span><b><i>m\u00e1y in tem Xprinter <\/i><\/b><b><i>XP-235B<\/i><\/b><span style=\"font-weight: 400\"> \u0111\u01b0\u1ee3c trang b\u1ecb ch\u1ee9c n\u0103ng c\u1eaft tem t\u1ef1 \u0111\u1ed9ng v\u1edbi \u0111\u01b0\u1eddng c\u1eaft m\u01b0\u1ee3t m\u00e0, th\u1eb3ng \u0111\u1ec1u, kh\u00f4ng b\u1ecb c\u1eaft ch\u00e9o tem.&nbsp; H\u1ec7 th\u1ed1ng c\u1ea3m bi\u1ebfn th\u00f4ng minh ph\u00e1t ra \u00e2m b\u00e1o khi h\u1ebft gi\u1ea5y hay ph\u00e1t hi\u1ec7n b\u1ecb k\u1eb9t gi\u1ea5y ho\u1eb7c tem in ra qu\u00e1 nhi\u1ec1u m\u00e0 ch\u01b0a \u0111\u01b0\u1ee3c l\u1ea5y ra h\u1ebft.&nbsp; <\/span><span style=\"font-weight: 400\">Xprinter <\/span><\/span><span style=\"font-weight: 400\"><span style=\"font-family: helvetica, arial, sans-serif\">XP-235B c\u00f2n \u0111\u01b0\u1ee3c l\u1eafp \u0111\u1eb7t c\u00e1c c\u1ed5ng k\u1ebft n\u1ed1i nh\u01b0 c\u1ed5ng USB, c\u1ed5ng LAN cho ph\u00e9p li\u00ean k\u1ebft b\u1eb1ng d\u00e2y c\u00e1p v\u1edbi c\u00e1c thi\u1ebft b\u1ecb kh\u00e1c \u0111\u1ec3 ph\u1ee5c v\u1ee5 t\u1ed1t h\u01a1n cho c\u00f4ng vi\u1ec7c qu\u1ea3n l\u00fd v\u00e0 thu ng\u00e2n.<\/span> <\/span><\/p>\n","protected":false},"excerpt":{"rendered":"<ul>\n<li style=\"font-weight: 400\"><span style=\"font-weight: 400;font-family: helvetica, arial, sans-serif\">C\u00f4ng ngh\u1ec7 in tr\u1ef1c ti\u1ebfp hi\u1ec7n \u0111\u1ea1i, nhanh ch\u00f3ng<\/span><\/li>\n<li style=\"font-weight: 400\"><span style=\"font-weight: 400;font-family: helvetica, arial, sans-serif\">Th\u00e2n m\u00e1y b\u1eb1ng ch\u1ea5t li\u1ec7u nh\u1ef1a cao c\u1ea5p<\/span><\/li>\n<li style=\"font-weight: 400\"><span style=\"font-weight: 400;font-family: helvetica, arial, sans-serif\">Ch\u1ea5t l\u01b0\u1ee3ng in b\u1ec1n, m\u1ef1c nhanh kh\u00f4, kh\u00f3 phai<\/span><\/li>\n<li style=\"font-weight: 400\"><span style=\"font-weight: 400;font-family: helvetica, arial, sans-serif\">T\u1ed1c \u0111\u1ed9 in 127 mm\/s, \u0111\u1ed9 ph\u00e2n gi\u1ea3i 203 dpi<\/span><\/li>\n<li style=\"font-weight: 400\"><span style=\"font-weight: 400;font-family: helvetica, arial, sans-serif\">Trang b\u1ecb\u00a0 c\u1ed5ng LAN v\u00e0 USB \u0111\u1ec3 k\u1ebft n\u1ed1i v\u1edbi c\u00e1c thi\u1ebft b\u1ecb kh\u00e1c<\/span><\/li>\n<\/ul>\n","protected":false},"featured_media":38979,"comment_status":"open","ping_status":"closed","template":"","meta":[],"product_cat":[237],"product_tag":[],"_links":{"self":[{"href":"https:\/\/thucpham.com\/vinacom\/wp-json\/wp\/v2\/product\/10707"}],"collection":[{"href":"https:\/\/thucpham.com\/vinacom\/wp-json\/wp\/v2\/product"}],"about":[{"href":"https:\/\/thucpham.com\/vinacom\/wp-json\/wp\/v2\/types\/product"}],"replies":[{"embeddable":true,"href":"https:\/\/thucpham.com\/vinacom\/wp-json\/wp\/v2\/comments?post=10707"}],"wp:featuredmedia":[{"embeddable":true,"href":"https:\/\/thucpham.com\/vinacom\/wp-json\/wp\/v2\/media\/38979"}],"wp:attachment":[{"href":"https:\/\/thucpham.com\/vinacom\/wp-json\/wp\/v2\/media?parent=10707"}],"wp:term":[{"taxonomy":"product_cat","embeddable":true,"href":"https:\/\/thucpham.com\/vinacom\/wp-json\/wp\/v2\/product_cat?post=10707"},{"taxonomy":"product_tag","embeddable":true,"href":"https:\/\/thucpham.com\/vinacom\/wp-json\/wp\/v2\/product_tag?post=10707"}],"curies":[{"name":"wp","href":"https:\/\/api.w.org\/{rel}","templated":true}]}}