{"id":10692,"date":"2020-07-13T17:28:09","date_gmt":"2020-07-13T17:28:09","guid":{"rendered":"https:\/\/thucpham.com\/?post_type=product&#038;p=10692"},"modified":"2024-10-14T11:40:14","modified_gmt":"2024-10-14T04:40:14","slug":"may-doc-ma-vach-ipos-isc-882d","status":"publish","type":"product","link":"https:\/\/thucpham.com\/vinacom\/may-doc-ma-vach-ipos-isc-882d\/","title":{"rendered":"M\u00e1y \u0110\u1ecdc M\u00e3 V\u1ea1ch iPOS ISC-882D"},"content":{"rendered":"<p style=\"text-align: justify\"><span style=\"font-family: helvetica, arial, sans-serif\"><span style=\"font-weight: 400\">N\u1ebfu b\u1ea1n c\u00f3 nhi\u1ec1u lo\u1ea1i m\u00e3 v\u1ea1ch c\u1ea7n x\u1eed l\u00fd nh\u01b0ng kh\u00f4ng mu\u1ed1n t\u1ed1n nhi\u1ec1u chi ph\u00ed v\u00e0 th\u1eddi gian th\u00ec <\/span><b><i>m\u00e1y \u0111\u1ecdc m\u00e3 v\u1ea1ch&nbsp; iPOS ISC-882D<\/i><\/b> <span style=\"font-weight: 400\">l\u00e0 l\u1ef1a ch\u1ecdn h\u1ee3p l\u00fd. <\/span><span style=\"font-weight: 400\">M\u00e1y&nbsp; iPOS ISC-882D cung c\u1ea5p ch\u1ee9c n\u0103ng qu\u00e9t nhanh, mang l\u1ea1i hi\u1ec7u su\u1ea5t cao \u0111\u1ed3ng th\u1eddi gi\u1ea3m thi\u1ec3u chi ph\u00ed cho ng\u01b0\u1eddi d\u00f9ng. Kh\u00f4ng ch\u1ec9 gi\u1edbi h\u1ea1n v\u1edbi lo\u1ea1i m\u00e3 v\u1ea1ch 2D, chi\u1ebfc m\u00e1y n\u00e0y c\u00f2n c\u00f3 kh\u1ea3 n\u0103ng \u0111\u1ecdc c\u00e1c lo\u1ea1i m\u00e3 v\u1ea1ch <\/span><span style=\"font-weight: 400\">1D, PDF417&#8230;Thi\u1ebft b\u1ecb c\u00f2n c\u00f3 th\u1ec3 \u0111\u1ecdc \u0111\u01b0\u1ee3c c\u00e1c lo\u1ea1i m\u00e3 v\u1ea1ch ch\u1ea5t l\u01b0\u1ee3ng k\u00e9m,h\u01b0 h\u1ecfng, m\u1edd, tr\u00ean b\u1ec1 m\u1eb7t cong ho\u1eb7c nh\u0103n nhi\u1ec1u. H\u01a1n n\u1eefa, m\u00e1y c\u00f2n c\u00f3 c\u00e1c ch\u1ee9c n\u0103ng kh\u00e1c nh\u01b0 ch\u1ee5p \u1ea3nh, ch\u1eef k\u00fd, MICR ch\u1ee5p t\u1ef1 \u0111\u1ed9ng c\u00e1c d\u1eef li\u1ec7u li\u00ean quan \u0111\u1ebfn chuy\u1ec3n \u0111\u1ed5i v\u00e0 giao d\u1ecbch ghi n\u1ee3 \u0111i\u1ec7n t\u1eed v\u00e0 OCR gi\u00fap l\u01b0u gi\u1eef v\u0103n b\u1ea3n in.&nbsp;<\/span><\/span><\/p>\n<p><img class=\"size-full wp-image-12565 aligncenter\" src=\"https:\/\/thucpham.com\/wp-content\/uploads\/2020\/07\/may-doc-ma-vach-ipos-isc-882d-banner.jpg\" alt=\"may-doc-ma-vach-ipos-isc-882d\" width=\"820\" height=\"656\" srcset=\"https:\/\/thucpham.com\/vinacom\/wp-content\/uploads\/2020\/07\/may-doc-ma-vach-ipos-isc-882d-banner.jpg 820w, https:\/\/thucpham.com\/vinacom\/wp-content\/uploads\/2020\/07\/may-doc-ma-vach-ipos-isc-882d-banner-300x240.jpg 300w, https:\/\/thucpham.com\/vinacom\/wp-content\/uploads\/2020\/07\/may-doc-ma-vach-ipos-isc-882d-banner-768x614.jpg 768w, https:\/\/thucpham.com\/vinacom\/wp-content\/uploads\/2020\/07\/may-doc-ma-vach-ipos-isc-882d-banner-24x19.jpg 24w, https:\/\/thucpham.com\/vinacom\/wp-content\/uploads\/2020\/07\/may-doc-ma-vach-ipos-isc-882d-banner-36x29.jpg 36w, https:\/\/thucpham.com\/vinacom\/wp-content\/uploads\/2020\/07\/may-doc-ma-vach-ipos-isc-882d-banner-48x38.jpg 48w, https:\/\/thucpham.com\/vinacom\/wp-content\/uploads\/2020\/07\/may-doc-ma-vach-ipos-isc-882d-banner-510x408.jpg 510w\" sizes=\"(max-width: 820px) 100vw, 820px\" title=\"\"><\/p>\n<p style=\"text-align: center\"><em><span style=\"font-family: helvetica, arial, sans-serif\">Th\u00f4ng tin s\u1ea3n ph\u1ea9m m\u00e1y \u0111\u1ecdc m\u00e3 v\u1ea1ch iPOS ISC-882D2<\/span><\/em><\/p>\n<p style=\"text-align: justify\"><span style=\"font-family: helvetica, arial, sans-serif\"><b><i>M\u00e1y \u0111\u1ecdc m\u00e3 v\u1ea1ch iPOS ISC-882D<\/i><\/b><b><i>2<\/i><\/b><span style=\"font-weight: 400\"> t\u00edch h\u1ee3p hai ch\u1ebf \u0111\u1ed9 \u0111\u1ec3 s\u1eed d\u1ee5ng: qu\u00e9t c\u1ea3m bi\u1ebfn t\u1ef1 \u0111\u1ed9ng ho\u1eb7c \u1ea5n n\u00fat \u1edf d\u01b0\u1edbi m\u1eaft qu\u00e9t. Ngo\u00e0i ra,&nbsp; \u0111i\u1ec3m n\u1ed5i b\u1eadt nh\u1ea5t c\u1ee7a<\/span><span style=\"font-weight: 400\">&nbsp;iPOS ISC-882D<\/span><\/span><span style=\"font-weight: 400\"><span style=\"font-family: helvetica, arial, sans-serif\">2 l\u00e0 k\u1ebft n\u1ed1i kh\u00f4ng d\u00e2y v\u1edbi m\u00e1y t\u00ednh qu\u1ea3n l\u00fd, b\u1ea3o hi\u1ec7u su\u1ea5t l\u00e0m vi\u1ec7c cao v\u1edbi kho\u1ea3ng c\u00e1ch xa m\u00e1y t\u00ednh c\u00f3 th\u1ec3 l\u00ean \u0111\u1ebfn 10m. B\u1ea1n d\u1ec5 d\u00e0ng \u0111i l\u1ea1i \u0111\u1ec3 ki\u1ec3m k\u00ea h\u00e0ng h\u00f3a \u1edf b\u1ebfn b\u00e3i hay kho h\u00e0ng m\u00e0 kh\u00f4ng c\u1ea7n ph\u1ea3i mang m\u00e1y t\u00ednh theo.<\/span> <\/span><\/p>\n","protected":false},"excerpt":{"rendered":"<ul>\n<li style=\"font-weight: 400\"><span style=\"font-weight: 400;font-family: helvetica, arial, sans-serif\">Kh\u1ea3 n\u0103ng \u0111\u1ecdc c\u00e1c lo\u1ea1i m\u00e3 v\u1ea1ch 1D, 2D, PDF417<\/span><\/li>\n<li style=\"font-weight: 400\"><span style=\"font-weight: 400;font-family: helvetica, arial, sans-serif\">Ch\u1ebf \u0111\u1ed9 \u0111\u1ecdc: t\u1ef1 \u0111\u1ed9ng c\u1ea3m bi\u1ebfn ho\u1eb7c nh\u1ea5n n\u00fat<\/span><\/li>\n<li style=\"font-weight: 400\"><span style=\"font-weight: 400;font-family: helvetica, arial, sans-serif\">Ho\u1ea1t \u0111\u1ed9ng t\u1ed1t \u1edf m\u00f4i tr\u01b0\u1eddng kh\u1eafc nghi\u1ec7t<\/span><\/li>\n<li style=\"font-weight: 400\"><span style=\"font-weight: 400;font-family: helvetica, arial, sans-serif\">\u0110\u1ea1t chu\u1ea9n C\u00f4ng nghi\u1ec7p IP54<\/span><\/li>\n<li style=\"font-weight: 400\"><span style=\"font-weight: 400;font-family: helvetica, arial, sans-serif\">C\u00f4ng ngh\u1ec7 thu th\u1eadp d\u1eef li\u1ec7u ti\u00ean ti\u1ebfn<\/span><\/li>\n<\/ul>\n","protected":false},"featured_media":38953,"comment_status":"open","ping_status":"closed","template":"","meta":[],"product_cat":[237],"product_tag":[],"_links":{"self":[{"href":"https:\/\/thucpham.com\/vinacom\/wp-json\/wp\/v2\/product\/10692"}],"collection":[{"href":"https:\/\/thucpham.com\/vinacom\/wp-json\/wp\/v2\/product"}],"about":[{"href":"https:\/\/thucpham.com\/vinacom\/wp-json\/wp\/v2\/types\/product"}],"replies":[{"embeddable":true,"href":"https:\/\/thucpham.com\/vinacom\/wp-json\/wp\/v2\/comments?post=10692"}],"wp:featuredmedia":[{"embeddable":true,"href":"https:\/\/thucpham.com\/vinacom\/wp-json\/wp\/v2\/media\/38953"}],"wp:attachment":[{"href":"https:\/\/thucpham.com\/vinacom\/wp-json\/wp\/v2\/media?parent=10692"}],"wp:term":[{"taxonomy":"product_cat","embeddable":true,"href":"https:\/\/thucpham.com\/vinacom\/wp-json\/wp\/v2\/product_cat?post=10692"},{"taxonomy":"product_tag","embeddable":true,"href":"https:\/\/thucpham.com\/vinacom\/wp-json\/wp\/v2\/product_tag?post=10692"}],"curies":[{"name":"wp","href":"https:\/\/api.w.org\/{rel}","templated":true}]}}