{"id":10686,"date":"2020-07-13T17:21:24","date_gmt":"2020-07-13T10:21:24","guid":{"rendered":"https:\/\/thucpham.com\/?post_type=product&#038;p=10686"},"modified":"2024-03-13T08:45:35","modified_gmt":"2024-03-13T01:45:35","slug":"quay-pha-che-inox-viet-nam","status":"publish","type":"product","link":"https:\/\/thucpham.com\/vinacom\/quay-pha-che-inox-viet-nam\/","title":{"rendered":"Qu\u1ea7y Pha Ch\u1ebf Inox Vi\u1ec7t Nam"},"content":{"rendered":"<p style=\"text-align: justify\"><span style=\"font-family: helvetica, arial, sans-serif\"><span style=\"font-weight: 400\">Vi\u1ec7c l\u1ef1a ch\u1ecdn m\u1eabu qu\u1ea7y pha ch\u1ebf l\u00e0 r\u1ea5t quan tr\u1ecdng, n\u00f3 kh\u00f4ng ch\u1ec9 mang t\u00ednh kinh t\u1ebf, ch\u1ea5t l\u01b0\u1ee3ng m\u00e0 c\u00f2n mang t\u00ednh th\u1ea9m m\u1ef9. <\/span><b><i>Qu\u1ea7y pha ch\u1ebf inox Vi\u1ec7t Nam <\/i><\/b><span style=\"font-weight: 400\">\u0111\u01b0\u1ee3c thi\u1ebft k\u1ebf theo phong c\u00e1ch sang tr\u1ecdng, hi\u1ec7n \u0111\u1ea1i, \u0111\u1ed9c \u0111\u00e1o nh\u1eb1m t\u1ea1o \u1ea5n t\u01b0\u1ee3ng v\u00e0 thu h\u00fat kh\u00e1ch h\u00e0ng. S\u1ea3n ph\u1ea9m \u0111\u01b0\u1ee3c thi\u1ebft k\u1ebf b\u1eb1ng inox 304 cao c\u1ea5p, b\u1ec1n \u0111\u1eb9p, c\u00f3 \u0111\u1ed9 s\u00e1ng b\u00f3ng cao, \u0111em l\u1ea1i cho kh\u00e1ch h\u00e0ng c\u1ea3m gi\u00e1c lung linh, b\u1eaft m\u1eaft v\u00e0 s\u1ea1ch s\u1ebd. \u0110\u1eb7c bi\u1ec7t,&nbsp; ch\u1ea5t li\u1ec7u inox kh\u00f4ng b\u1ecb hoen g\u1ec9 hay s\u1ea3n sinh ch\u1ea5t \u0111\u1ed9c h\u1ea1i khi ti\u1ebfp x\u00fac l\u00e2u v\u1edbi m\u00f4i tr\u01b0\u1eddng \u1ea9m \u01b0\u1edbt v\u00e0 nhi\u1ec7t \u0111\u1ed9 cao.<\/span><\/span><\/p>\n<p><img class=\"size-full wp-image-12571 aligncenter\" src=\"https:\/\/thucpham.com\/wp-content\/uploads\/2020\/07\/quay-pha-che-inox-viet-nam-banner-1.jpg\" alt=\"quay-pha-che-inox-viet-nam\" width=\"820\" height=\"656\" srcset=\"https:\/\/thucpham.com\/vinacom\/wp-content\/uploads\/2020\/07\/quay-pha-che-inox-viet-nam-banner-1.jpg 820w, https:\/\/thucpham.com\/vinacom\/wp-content\/uploads\/2020\/07\/quay-pha-che-inox-viet-nam-banner-1-300x240.jpg 300w, https:\/\/thucpham.com\/vinacom\/wp-content\/uploads\/2020\/07\/quay-pha-che-inox-viet-nam-banner-1-768x614.jpg 768w, https:\/\/thucpham.com\/vinacom\/wp-content\/uploads\/2020\/07\/quay-pha-che-inox-viet-nam-banner-1-24x19.jpg 24w, https:\/\/thucpham.com\/vinacom\/wp-content\/uploads\/2020\/07\/quay-pha-che-inox-viet-nam-banner-1-36x29.jpg 36w, https:\/\/thucpham.com\/vinacom\/wp-content\/uploads\/2020\/07\/quay-pha-che-inox-viet-nam-banner-1-48x38.jpg 48w, https:\/\/thucpham.com\/vinacom\/wp-content\/uploads\/2020\/07\/quay-pha-che-inox-viet-nam-banner-1-510x408.jpg 510w\" sizes=\"(max-width: 820px) 100vw, 820px\" title=\"\"><\/p>\n<p style=\"text-align: center\"><span style=\"font-family: helvetica, arial, sans-serif\"><em>Th\u00f4ng tin s\u1ea3n ph\u1ea9m qu\u1ea7y pha ch\u1ebf inox Vi\u1ec7t Nam<\/em><\/span><\/p>\n<p style=\"text-align: justify\"><span style=\"font-family: helvetica, arial, sans-serif\"><span style=\"font-weight: 400\">Qu\u1ea7y pha ch\u1ebf inox \u0111\u01b0\u1ee3c chia th\u00e0nh 3 ph\u1ea7n, \u0111\u00e1p \u1ee9ng nhu c\u1ea7u ph\u1ee5c v\u1ee5 kh\u00e1c nhau c\u1ee7a ng\u01b0\u1eddi d\u00f9ng. Ph\u1ea7n tr\u00ean b\u1ec1 m\u1eb7t \u0111\u01b0\u1ee3c l\u00e0m th\u00e0nh c\u00e1c t\u1ea7ng v\u1edbi c\u00e1c khung nh\u1ecf v\u1edbi k\u00edch c\u1ee1 h\u1ee3p l\u00fd, cho ph\u00e9p b\u1ea1n s\u1eafp x\u1ebfp theo \u00fd mu\u1ed1n v\u00e0 ph\u00f9 h\u1ee3p nh\u1ea5t. Tr\u00ean b\u1ec1 m\u1eb7t n\u1eb1m ngang c\u1ee7a <\/span><b><i>qu\u1ea7y pha ch\u1ebf inox Vi\u1ec7t Nam <\/i><\/b><span style=\"font-weight: 400\">\u0111\u01b0\u1ee3c trang b\u1ecb m\u1ed9t ng\u0103n ch\u1ee9a \u0111\u00e1 2 l\u1edbp ti\u1ec7n d\u1ee5ng. Ngay tr\u00ean m\u1eb7t b\u00e0n c\u00f3 2 b\u1ed3n r\u1eeda c\u00f3 v\u00f2i n\u00f3ng l\u1ea1nh v\u1edbi k\u00edch th\u01b0\u1edbc r\u1ed9ng l\u1edbn, ti\u1ec7n l\u1ee3i \u0111\u1ec3 v\u1ec7 sinh d\u1ee5ng c\u1ee5 pha ch\u1ebf hay r\u1eeda tay. Ngo\u00e0i ra, b\u00ean d\u01b0\u1edbi qu\u1ea7y pha ch\u1ebf Vi\u1ec7t Nam l\u00e0 2 khoang ch\u1ee9a c\u00f3 di\u1ec7n t\u00edch l\u1edbn, th\u00edch h\u1ee3p \u0111\u1ec3 c\u00e1c lo\u1ea1i d\u1ee5ng c\u1ee5 hay thi\u1ebft b\u1ecb pha ch\u1ebf. V\u1edbi thi\u1ebft k\u1ebf ti\u1ec7n l\u1ee3i, khoa h\u1ecdc, s\u1ea3n ph\u1ea9m qu\u1ea7y pha ch\u1ebf inox Vi\u1ec7t Nam th\u1ef1c s\u1ef1 l\u00e0 m\u1ed9t thi\u1ebft b\u1ecb kh\u00f4ng th\u1ec3 thi\u1ebfu trong c\u00e1c qu\u1ea7y bar, qu\u00e1n tr\u00e0 s\u1eefa&#8230;<\/span><\/span><\/p>\n","protected":false},"excerpt":{"rendered":"<ul>\n<li style=\"font-weight: 400\"><span style=\"font-weight: 400;font-family: helvetica, arial, sans-serif\">S\u1ea3n xu\u1ea5t b\u1eb1ng ch\u1ea5t li\u1ec7u inox 304 b\u1ec1n \u0111\u1eb9p<\/span><\/li>\n<li style=\"font-weight: 400\"><span style=\"font-weight: 400;font-family: helvetica, arial, sans-serif\">6 ch\u00e2n \u0111\u1ee1 b\u1eb1ng th\u00e9p kh\u00f4ng g\u1ec9, v\u1eefng ch\u1eafc<\/span><\/li>\n<li style=\"font-weight: 400\"><span style=\"font-weight: 400;font-family: helvetica, arial, sans-serif\">T\u00edch h\u1ee3p ng\u0103n ch\u1ee9a \u0111\u00e1 2 l\u1edbp ti\u1ec7n l\u1ee3i<\/span><\/li>\n<li style=\"font-weight: 400\"><span style=\"font-weight: 400;font-family: helvetica, arial, sans-serif\">\u0110a c\u00f4ng n\u0103ng s\u1eed d\u1ee5ng<\/span><\/li>\n<li style=\"font-weight: 400\"><span style=\"font-weight: 400;font-family: helvetica, arial, sans-serif\">B\u1ed3n r\u1eeda c\u00f3 v\u00f2i n\u00f3ng l\u1ea1nh, k\u00edch th\u01b0\u1edbc r\u1ed9ng r\u00e3i<\/span><\/li>\n<\/ul>\n","protected":false},"featured_media":38937,"comment_status":"open","ping_status":"closed","template":"","meta":[],"product_cat":[237],"product_tag":[],"_links":{"self":[{"href":"https:\/\/thucpham.com\/vinacom\/wp-json\/wp\/v2\/product\/10686"}],"collection":[{"href":"https:\/\/thucpham.com\/vinacom\/wp-json\/wp\/v2\/product"}],"about":[{"href":"https:\/\/thucpham.com\/vinacom\/wp-json\/wp\/v2\/types\/product"}],"replies":[{"embeddable":true,"href":"https:\/\/thucpham.com\/vinacom\/wp-json\/wp\/v2\/comments?post=10686"}],"wp:featuredmedia":[{"embeddable":true,"href":"https:\/\/thucpham.com\/vinacom\/wp-json\/wp\/v2\/media\/38937"}],"wp:attachment":[{"href":"https:\/\/thucpham.com\/vinacom\/wp-json\/wp\/v2\/media?parent=10686"}],"wp:term":[{"taxonomy":"product_cat","embeddable":true,"href":"https:\/\/thucpham.com\/vinacom\/wp-json\/wp\/v2\/product_cat?post=10686"},{"taxonomy":"product_tag","embeddable":true,"href":"https:\/\/thucpham.com\/vinacom\/wp-json\/wp\/v2\/product_tag?post=10686"}],"curies":[{"name":"wp","href":"https:\/\/api.w.org\/{rel}","templated":true}]}}