{"id":10683,"date":"2020-07-13T17:15:47","date_gmt":"2020-07-13T17:15:47","guid":{"rendered":"https:\/\/thucpham.com\/?post_type=product&#038;p=10683"},"modified":"2024-03-13T08:45:51","modified_gmt":"2024-03-13T01:45:51","slug":"may-tron-bot-40l-co-luoi-berjaya","status":"publish","type":"product","link":"https:\/\/thucpham.com\/vinacom\/may-tron-bot-40l-co-luoi-berjaya\/","title":{"rendered":"M\u00e1y Tr\u1ed9n B\u1ed9t 40L C\u00f3 L\u01b0\u1edbi Berjaya"},"content":{"rendered":"<p style=\"text-align: justify\"><span style=\"font-family: helvetica, arial, sans-serif\"><b><i>M\u00e1y<\/i><\/b><b><i> tr\u1ed9n b\u1ed9t 40L c\u00f3 l\u01b0\u1edbi Berjaya <\/i><\/b><b><i>BJY-BM40N <\/i><\/b><span style=\"font-weight: 400\">l\u00e0 d\u00f2ng m\u00e1y tr\u1ed9n b\u1ed9t cao c\u1ea5p \u0111\u01b0\u1ee3c nh\u1eadp kh\u1ea9u tr\u1ef1c ti\u1ebfp t\u1eeb nh\u00e0 s\u1ea3n xu\u1ea5t Berjaya, Malaysia v\u1edbi c\u00f4ng su\u1ea5t m\u1ea1nh m\u1ebd 2100W. S\u1eed d\u1ee5ng chi\u1ebfc m\u00e1y n\u00e0y gi\u00fap th\u1eddi gian l\u00e0m b\u00e1nh nhanh h\u01a1n, gi\u1ea3m thi\u1ec3u c\u00f4ng s\u1ee9c v\u00e0 th\u1eddi gian cho th\u1ee3 l\u00e0m b\u00e1nh, n\u00e2ng cao ch\u1ea5t l\u01b0\u1ee3ng l\u00e0m b\u00e1nh. H\u01a1n n\u1eefa, m\u00e1y c\u00f2n c\u00f3 thi\u1ebft k\u1ebf ch\u1eafc ch\u1eafn, hi\u1ec7u n\u0103ng l\u00e0m vi\u1ec7c cao n\u00ean r\u1ea5t ph\u00f9 h\u1ee3p s\u1eed d\u1ee5ng cho c\u00e1c c\u1eeda h\u00e0ng kinh doanh b\u00e1nh ng\u1ecdt.<\/span><\/span><\/p>\n<p><img class=\"size-full wp-image-12487 aligncenter\" src=\"https:\/\/thucpham.com\/wp-content\/uploads\/2020\/07\/may-tron-bot-co-luoi-berjaya-BJY-BM40N-banner.jpg\" alt=\"may-tron-bot-co-luoi-berjaya-BJY-BM40N\" width=\"820\" height=\"656\" srcset=\"https:\/\/thucpham.com\/vinacom\/wp-content\/uploads\/2020\/07\/may-tron-bot-co-luoi-berjaya-BJY-BM40N-banner.jpg 820w, https:\/\/thucpham.com\/vinacom\/wp-content\/uploads\/2020\/07\/may-tron-bot-co-luoi-berjaya-BJY-BM40N-banner-300x240.jpg 300w, https:\/\/thucpham.com\/vinacom\/wp-content\/uploads\/2020\/07\/may-tron-bot-co-luoi-berjaya-BJY-BM40N-banner-768x614.jpg 768w, https:\/\/thucpham.com\/vinacom\/wp-content\/uploads\/2020\/07\/may-tron-bot-co-luoi-berjaya-BJY-BM40N-banner-24x19.jpg 24w, https:\/\/thucpham.com\/vinacom\/wp-content\/uploads\/2020\/07\/may-tron-bot-co-luoi-berjaya-BJY-BM40N-banner-36x29.jpg 36w, https:\/\/thucpham.com\/vinacom\/wp-content\/uploads\/2020\/07\/may-tron-bot-co-luoi-berjaya-BJY-BM40N-banner-48x38.jpg 48w, https:\/\/thucpham.com\/vinacom\/wp-content\/uploads\/2020\/07\/may-tron-bot-co-luoi-berjaya-BJY-BM40N-banner-510x408.jpg 510w\" sizes=\"(max-width: 820px) 100vw, 820px\" title=\"\"><\/p>\n<p style=\"text-align: center\"><span style=\"font-family: helvetica, arial, sans-serif\"><em>Th\u00f4ng tin s\u1ea3n ph\u1ea9m m\u00e1y tr\u1ed9n b\u1ed9t 40L c\u00f3 l\u01b0\u1edbi Berjaya BJY-BM40N<\/em><\/span><\/p>\n<p style=\"text-align: justify\"><span style=\"font-family: helvetica, arial, sans-serif\"><span style=\"font-weight: 400\">K\u1ebft c\u1ea5u <\/span><b><i>m\u00e1y<\/i><\/b><b><i> tr\u1ed9n b\u1ed9t 40L c\u00f3 l\u01b0\u1edbi Berjaya <\/i><\/b><b><i>BJY-BM40N<\/i><\/b><span style=\"font-weight: 400\"> \u0111\u01b0\u1ee3c l\u00e0m t\u1eeb ch\u1ea5t li\u1ec7u inox 304 cao c\u1ea5p, an to\u00e0n cho s\u1ee9c kh\u1ecfe v\u00e0 quan tr\u1ecdng l\u00e0 kh\u00f4ng l\u00e0m \u1ea3nh h\u01b0\u1edfng \u0111\u1ebfn th\u00e0nh ph\u1ea9m b\u1ed9t tr\u1ed9n. H\u01a1n n\u1eefa, m\u00e1y <\/span><span style=\"font-weight: 400\">Berjaya <\/span><span style=\"font-weight: 400\">BJY-BM40N trang b\u1ecb \u0111\u1ed9ng c\u01a1 \u0111i\u1ec7n v\u1eadn h\u00e0nh tr\u1ed9n b\u1ed9t t\u1ef1 \u0111\u1ed9ng v\u1edbi th\u1eddi gian tr\u1ed9n nhanh ch\u00f3ng, kh\u00f4ng t\u1ed1n qu\u00e1 nhi\u1ec1u s\u1ee9c. Ngo\u00e0i ch\u1ee9c n\u0103ng tr\u1ed9n b\u1ed9t, thi\u1ebft b\u1ecb n\u00e0y c\u00f2n c\u00f3 th\u1ec3 \u0111\u00e1nh kem, \u0111\u00e1nh tr\u1ee9ng m\u1ec1m m\u1ecbn, b\u00f4ng x\u1ed1p, gi\u00fap m\u00f3n b\u00e1nh th\u00eam th\u01a1m ngon v\u00e0 ch\u1ea5t l\u01b0\u1ee3ng, kh\u00f4ng ch\u1ec9 l\u00e0m v\u1eeba l\u00f2ng kh\u00e1ch h\u00e0ng m\u00e0 c\u00f2n t\u0103ng t\u00ednh chuy\u00ean nghi\u1ec7p cho c\u1eeda h\u00e0ng c\u1ee7a b\u1ea1n.<\/span><\/span><\/p>\n","protected":false},"excerpt":{"rendered":"<ul>\n<li style=\"font-weight: 400\"><span style=\"font-weight: 400;font-family: helvetica, arial, sans-serif\">K\u1ebft c\u1ea5u b\u1eb1ng inox 304 cao c\u1ea5p, d\u00e0y d\u1eb7n<\/span><\/li>\n<li style=\"font-weight: 400\"><span style=\"font-weight: 400;font-family: helvetica, arial, sans-serif\">3 ch\u1ee9c n\u0103ng: khu\u1ea5y tr\u1ed9n b\u1ed9t l\u00e0m b\u00e1nh, \u0111\u00e1nh tr\u1ee9ng, \u0111\u00e1nh kem<\/span><\/li>\n<li style=\"font-weight: 400\"><span style=\"font-weight: 400;font-family: helvetica, arial, sans-serif\">Dung t\u00edch c\u1ed1i c\u1ee7a m\u00e1y tr\u1ed9n b\u1ed9t l\u00ean t\u1edbi 38L<\/span><\/li>\n<li style=\"font-weight: 400\"><span style=\"font-weight: 400;font-family: helvetica, arial, sans-serif\">C\u00e1c ch\u1ebf \u0111\u1ed9 t\u1ef1 \u0111\u1ed9ng ho\u00e0n to\u00e0n<\/span><\/li>\n<li style=\"font-weight: 400\"><span style=\"font-weight: 400;font-family: helvetica, arial, sans-serif\">\u0110\u1ed9ng c\u01a1 m\u1ea1nh m\u1ebd khu\u1ea5y tr\u1ed9n nhanh ch\u00f3ng<\/span><\/li>\n<li style=\"font-weight: 400\"><span style=\"font-weight: 400;font-family: helvetica, arial, sans-serif\">S\u1edf h\u1eefu 3 m\u1ee9c t\u1ed1c \u0111\u1ed9 khu\u1ea5y tr\u1ed9n kh\u00e1c nhau<\/span><\/li>\n<\/ul>\n","protected":false},"featured_media":38862,"comment_status":"open","ping_status":"closed","template":"","meta":[],"product_cat":[235,247],"product_tag":[],"_links":{"self":[{"href":"https:\/\/thucpham.com\/vinacom\/wp-json\/wp\/v2\/product\/10683"}],"collection":[{"href":"https:\/\/thucpham.com\/vinacom\/wp-json\/wp\/v2\/product"}],"about":[{"href":"https:\/\/thucpham.com\/vinacom\/wp-json\/wp\/v2\/types\/product"}],"replies":[{"embeddable":true,"href":"https:\/\/thucpham.com\/vinacom\/wp-json\/wp\/v2\/comments?post=10683"}],"wp:featuredmedia":[{"embeddable":true,"href":"https:\/\/thucpham.com\/vinacom\/wp-json\/wp\/v2\/media\/38862"}],"wp:attachment":[{"href":"https:\/\/thucpham.com\/vinacom\/wp-json\/wp\/v2\/media?parent=10683"}],"wp:term":[{"taxonomy":"product_cat","embeddable":true,"href":"https:\/\/thucpham.com\/vinacom\/wp-json\/wp\/v2\/product_cat?post=10683"},{"taxonomy":"product_tag","embeddable":true,"href":"https:\/\/thucpham.com\/vinacom\/wp-json\/wp\/v2\/product_tag?post=10683"}],"curies":[{"name":"wp","href":"https:\/\/api.w.org\/{rel}","templated":true}]}}