{"id":10680,"date":"2020-07-13T17:13:26","date_gmt":"2020-07-13T17:13:26","guid":{"rendered":"https:\/\/thucpham.com\/?post_type=product&#038;p=10680"},"modified":"2021-12-09T09:10:14","modified_gmt":"2021-12-09T02:10:14","slug":"may-tron-bot-30l-co-luoi-berjaya","status":"publish","type":"product","link":"https:\/\/thucpham.com\/vinacom\/may-tron-bot-30l-co-luoi-berjaya\/","title":{"rendered":"M\u00e1y Tr\u1ed9n B\u1ed9t 30L C\u00f3 L\u01b0\u1edbi Berjaya"},"content":{"rendered":"<p style=\"text-align: justify\"><span style=\"font-family: helvetica, arial, sans-serif\"><span style=\"font-weight: 400\">\u0110\u1ec3 c\u00f3 th\u1ec3 s\u1ea3n xu\u1ea5t ra nh\u1eefng chi\u1ebfc b\u00e1nh b\u00f4ng x\u1ed1p, m\u1ec1m m\u1ecbn v\u00e0 t\u01b0\u01a1i ngon th\u00ec \u0111\u00f2i h\u1ecfi ng\u01b0\u1eddi th\u1ee3 l\u00e0m b\u00e1nh ph\u1ea3i c\u00f3 kinh nghi\u1ec7m, tr\u1ea3i qua kh\u00e1 nhi\u1ec1u c\u00f4ng \u0111o\u1ea1n, trong \u0111\u00f3 c\u00f4ng \u0111o\u1ea1n tr\u1ed9n b\u1ed9t \u0111\u00f2i h\u1ecfi c\u1ea7n nhi\u1ec1u c\u00f4ng s\u1ee9c v\u00e0 th\u1eddi gian, nh\u01b0ng nay v\u1edbi <\/span><span style=\"font-weight: 400\">&nbsp;<\/span><b><i>m\u00e1y tr\u1ed9n b\u1ed9t 30L c\u00f3 l\u01b0\u1edbi Berjaya <\/i><\/b><b><i>BJY-BM30N<\/i><\/b><span style=\"font-weight: 400\">, b\u1ea1n s\u1ebd d\u1ec5 d\u00e0ng c\u00f3 \u0111\u01b0\u1ee3c nh\u1eefng m\u1ebb b\u1ed9t \u0111\u01b0\u1ee3c tr\u1ed9n \u0111\u1ec1u nhau h\u01a1n so v\u1edbi ph\u01b0\u01a1ng ph\u00e1p tr\u1ed9n b\u1ed9t b\u1eb1ng tay. Chi\u1ebfc m\u00e1y n\u00e0y c\u00f3 dung t\u00edch 30L, th\u00edch h\u1ee3p d\u00f9ng trong c\u00e1c qu\u00e1n \u0103n, nh\u00e0 h\u00e0ng hay c\u00e1c ti\u1ec7m b\u00e1nh v\u1edbi c\u00f4ng d\u1ee5ng tr\u1ed9n b\u1ed9t l\u00e0m b\u00e1nh b\u00f4ng lan, b\u00e1nh bao, b\u00e1nh m\u00ec&#8230;Ngo\u00e0i ra, Berjaya BJY-BM30N c\u00f2n \u0111\u01b0\u1ee3c s\u1eed d\u1ee5ng cho vi\u1ec7c \u0111\u00e1nh tr\u1ee9ng, \u0111\u00e1nh kem t\u01b0\u01a1i nhanh ch\u00f3ng v\u00e0 ti\u1ec7n l\u1ee3i.&nbsp;<\/span><\/span><\/p>\n<p><img class=\"size-full wp-image-12572 aligncenter\" src=\"https:\/\/thucpham.com\/wp-content\/uploads\/2020\/07\/may-tron-bot-co-luoi-berjaya-10-20-30-BJY-BM30N-banner.jpg\" alt=\"may-tron-bot-co-luoi-berjaya-10-20-30-BJY-BM30N\" width=\"820\" height=\"656\" srcset=\"https:\/\/thucpham.com\/vinacom\/wp-content\/uploads\/2020\/07\/may-tron-bot-co-luoi-berjaya-10-20-30-BJY-BM30N-banner.jpg 820w, https:\/\/thucpham.com\/vinacom\/wp-content\/uploads\/2020\/07\/may-tron-bot-co-luoi-berjaya-10-20-30-BJY-BM30N-banner-300x240.jpg 300w, https:\/\/thucpham.com\/vinacom\/wp-content\/uploads\/2020\/07\/may-tron-bot-co-luoi-berjaya-10-20-30-BJY-BM30N-banner-768x614.jpg 768w, https:\/\/thucpham.com\/vinacom\/wp-content\/uploads\/2020\/07\/may-tron-bot-co-luoi-berjaya-10-20-30-BJY-BM30N-banner-24x19.jpg 24w, https:\/\/thucpham.com\/vinacom\/wp-content\/uploads\/2020\/07\/may-tron-bot-co-luoi-berjaya-10-20-30-BJY-BM30N-banner-36x29.jpg 36w, https:\/\/thucpham.com\/vinacom\/wp-content\/uploads\/2020\/07\/may-tron-bot-co-luoi-berjaya-10-20-30-BJY-BM30N-banner-48x38.jpg 48w, https:\/\/thucpham.com\/vinacom\/wp-content\/uploads\/2020\/07\/may-tron-bot-co-luoi-berjaya-10-20-30-BJY-BM30N-banner-510x408.jpg 510w\" sizes=\"(max-width: 820px) 100vw, 820px\" title=\"\"><\/p>\n<p style=\"text-align: center\"><span style=\"font-family: helvetica, arial, sans-serif\"><em>Th\u00f4ng tin s\u1ea3n ph\u1ea9m m\u00e1y tr\u1ed9n b\u1ed9t 30L c\u00f3 l\u01b0\u1edbi Berjaya BJY-BM30N<\/em><\/span><\/p>\n<p style=\"text-align: justify\"><span style=\"font-family: helvetica, arial, sans-serif\"><span style=\"font-weight: 400\">M\u00e1y tr\u1ed9n b\u1ed9t Berjaya \u0111\u01b0\u1ee3c trang b\u1ecb m\u1ed9t \u0111\u1ed9ng c\u01a1 m\u1ea1nh m\u1ebd v\u1edbi c\u00f4ng su\u1ea5t 1500W, c\u00f3 kh\u1ea3 n\u0103ng \u0111i\u1ec1u ch\u1ec9nh t\u1ed1c \u0111\u1ed9 khu\u1ea5y tr\u1ed9n c\u1ee7a m\u00e1y \u0111\u1ec3 ph\u00f9 h\u1ee3p v\u1edbi t\u1eebng lo\u1ea1i th\u1ef1c ph\u1ea9m. C\u00e1c b\u1ed9 ph\u1eadn ch\u1ee7 y\u1ebfu c\u1ee7a <\/span><b><i>m\u00e1y tr\u1ed9n b\u1ed9t 30L c\u00f3 l\u01b0\u1edbi Berjaya <\/i><\/b><b><i>BJY-BM30N<\/i><\/b><span style=\"font-weight: 400\"> \u0111\u01b0\u1ee3c l\u00e0m t\u1eeb inox c\u00f3 \u0111\u1ed9 b\u1ec1n cao, kh\u00f4ng b\u1ecb bi\u1ebfn d\u1ea1ng hay hoen g\u1ec9 theo th\u1eddi gian. C\u00e1c b\u1ed9 ph\u1eadn n\u00e0y c\u0169ng c\u00f3 th\u1ec3 d\u1ec5 d\u00e0ng th\u00e1o l\u1eafp t\u1ea1o \u0111i\u1ec1u ki\u1ec7n thu\u1eadn l\u1ee3i cho vi\u1ec7c v\u1ec7 sinh, \u0111\u1ea3m b\u1ea3o an to\u00e0n th\u1ef1c ph\u1ea9m cho ng\u01b0\u1eddi ti\u00eau d\u00f9ng. S\u1eed d\u1ee5ng m\u00e1y Berjaya BJY-BM30N&nbsp; kh\u00f4ng nh\u1eefng r\u00fat ng\u1eafn \u0111\u01b0\u1ee3c th\u1eddi gian cho ng\u01b0\u1eddi th\u1ee3 l\u00e0m b\u00e1nh m\u00e0 c\u00f2n gi\u00fap cho ra nh\u1eefng m\u1ebb b\u1ed9t v\u1edbi ch\u1ea5t l\u01b0\u1ee3ng th\u01a1m ngon nh\u1ea5t.<\/span><\/span><\/p>\n","protected":false},"excerpt":{"rendered":"<ul>\n<li style=\"font-weight: 400\"><span style=\"font-weight: 400;font-family: helvetica, arial, sans-serif\">T\u00edch h\u1ee3p 3 ch\u1ee9c n\u0103ng: tr\u1ed9n b\u1ed9t, \u0111\u00e1nh tr\u1ee9ng, \u0111\u00e1nh kem<\/span><\/li>\n<li style=\"font-weight: 400\"><span style=\"font-weight: 400;font-family: helvetica, arial, sans-serif\">K\u1ebft c\u1ea5u b\u1eb1ng inox cao c\u1ea5p, sang tr\u1ecdng, si\u00eau b\u1ec1n<\/span><\/li>\n<li style=\"font-weight: 400\"><span style=\"font-weight: 400;font-family: helvetica, arial, sans-serif\">D\u1ec5 d\u00e0ng \u0111i\u1ec1u ch\u1ec9nh t\u1ed1c \u0111\u1ed9 khu\u1ea5y tr\u1ed9n c\u1ee7a m\u00e1y<\/span><\/li>\n<li style=\"font-weight: 400\"><span style=\"font-weight: 400;font-family: helvetica, arial, sans-serif\">Ch\u1ea5t l\u01b0\u1ee3ng b\u1ed9t \u0111\u1ed3ng \u0111\u1ec1u, m\u1ec1m m\u1ecbn<\/span><\/li>\n<li style=\"font-weight: 400\"><span style=\"font-weight: 400;font-family: helvetica, arial, sans-serif\">\u0110\u1ed9ng c\u01a1 b\u1ec1n b\u1ec9, v\u1eadn h\u00e0nh \u00eam \u00e1i<\/span><\/li>\n<\/ul>\n","protected":false},"featured_media":38861,"comment_status":"open","ping_status":"closed","template":"","meta":[],"product_cat":[235,247],"product_tag":[],"_links":{"self":[{"href":"https:\/\/thucpham.com\/vinacom\/wp-json\/wp\/v2\/product\/10680"}],"collection":[{"href":"https:\/\/thucpham.com\/vinacom\/wp-json\/wp\/v2\/product"}],"about":[{"href":"https:\/\/thucpham.com\/vinacom\/wp-json\/wp\/v2\/types\/product"}],"replies":[{"embeddable":true,"href":"https:\/\/thucpham.com\/vinacom\/wp-json\/wp\/v2\/comments?post=10680"}],"wp:featuredmedia":[{"embeddable":true,"href":"https:\/\/thucpham.com\/vinacom\/wp-json\/wp\/v2\/media\/38861"}],"wp:attachment":[{"href":"https:\/\/thucpham.com\/vinacom\/wp-json\/wp\/v2\/media?parent=10680"}],"wp:term":[{"taxonomy":"product_cat","embeddable":true,"href":"https:\/\/thucpham.com\/vinacom\/wp-json\/wp\/v2\/product_cat?post=10680"},{"taxonomy":"product_tag","embeddable":true,"href":"https:\/\/thucpham.com\/vinacom\/wp-json\/wp\/v2\/product_tag?post=10680"}],"curies":[{"name":"wp","href":"https:\/\/api.w.org\/{rel}","templated":true}]}}