{"id":10674,"date":"2020-07-13T17:09:01","date_gmt":"2020-07-13T17:09:01","guid":{"rendered":"https:\/\/thucpham.com\/?post_type=product&#038;p=10674"},"modified":"2021-12-09T09:09:09","modified_gmt":"2021-12-09T02:09:09","slug":"may-tron-bot-10l-co-luoi-berjaya","status":"publish","type":"product","link":"https:\/\/thucpham.com\/vinacom\/may-tron-bot-10l-co-luoi-berjaya\/","title":{"rendered":"M\u00e1y Tr\u1ed9n B\u1ed9t 10L C\u00f3 L\u01b0\u1edbi Berjaya"},"content":{"rendered":"<p style=\"text-align: justify\"><span style=\"font-family: helvetica, arial, sans-serif\"><span style=\"font-weight: 400\">Tr\u1ed9n b\u1ed9t l\u00e0 kh\u00e2u r\u1ea5t quan tr\u1ecdng \u0111\u1ed1i v\u1edbi vi\u1ec7c l\u00e0m b\u00e1nh, \u0111\u00f2i h\u1ecfi ng\u01b0\u1eddi th\u1ee3 ph\u1ea3i c\u00f3 kinh nghi\u1ec7m, b\u1ecf ra nhi\u1ec1u c\u00f4ng s\u1ee9c v\u00e0 th\u1eddi gian, nh\u01b0ng khi tr\u1ed9n th\u1ee7 c\u00f4ng th\u00ec l\u01b0\u1ee3ng b\u1ed9t kh\u00f4ng \u0111\u01b0\u1ee3c nhi\u1ec1u, kh\u00f4ng \u0111\u1ec1u nhau. Gi\u1ea3i ph\u00e1p t\u1ed1i \u01b0u cho c\u00e1c c\u1eeda h\u00e0ng l\u00e0m b\u00e1nh l\u00e0 s\u1eed d\u1ee5ng <\/span><b><i>chi\u1ebfc m\u00e1y tr\u1ed9n b\u1ed9t 10L c\u00f3 l\u01b0\u1edbi Berjaya BJY-BM10N<\/i><\/b><span style=\"font-weight: 400\">. Chi\u1ebfc m\u00e1y tr\u1ed9n b\u1ed9t n\u00e0y kh\u00f4ng nh\u1eefng gi\u00fap ti\u1ebft ki\u1ec7m c\u00f4ng s\u1ee9c, th\u1eddi gian cho th\u1ee3 l\u00e0m b\u00e1nh m\u00e0 s\u1ea3n ph\u1ea9m c\u00f2n \u0111\u1ea3m b\u1ea3o ch\u1ea5t l\u01b0\u1ee3ng v\u1edbi c\u00e1c m\u00f3n b\u00e1nh \u0111\u01b0\u1ee3c l\u00e0m t\u1eeb b\u1ed9t \u0111\u01b0\u1ee3c tr\u1ed9n \u0111\u1ec1u, kh\u00f4ng b\u1ecb kh\u00f4 hay nh\u00e3o.&nbsp;<\/span><\/span><\/p>\n<p><img class=\"size-full wp-image-12578 aligncenter\" src=\"https:\/\/thucpham.com\/wp-content\/uploads\/2020\/07\/may-tron-bot-co-luoi-berjaya-10-20-30-BJY-BM10N-banner.jpg\" alt=\"may-tron-bot-co-luoi-berjaya-10-20-30-BJY-BM10N\" width=\"820\" height=\"656\" srcset=\"https:\/\/thucpham.com\/vinacom\/wp-content\/uploads\/2020\/07\/may-tron-bot-co-luoi-berjaya-10-20-30-BJY-BM10N-banner.jpg 820w, https:\/\/thucpham.com\/vinacom\/wp-content\/uploads\/2020\/07\/may-tron-bot-co-luoi-berjaya-10-20-30-BJY-BM10N-banner-300x240.jpg 300w, https:\/\/thucpham.com\/vinacom\/wp-content\/uploads\/2020\/07\/may-tron-bot-co-luoi-berjaya-10-20-30-BJY-BM10N-banner-768x614.jpg 768w, https:\/\/thucpham.com\/vinacom\/wp-content\/uploads\/2020\/07\/may-tron-bot-co-luoi-berjaya-10-20-30-BJY-BM10N-banner-24x19.jpg 24w, https:\/\/thucpham.com\/vinacom\/wp-content\/uploads\/2020\/07\/may-tron-bot-co-luoi-berjaya-10-20-30-BJY-BM10N-banner-36x29.jpg 36w, https:\/\/thucpham.com\/vinacom\/wp-content\/uploads\/2020\/07\/may-tron-bot-co-luoi-berjaya-10-20-30-BJY-BM10N-banner-48x38.jpg 48w, https:\/\/thucpham.com\/vinacom\/wp-content\/uploads\/2020\/07\/may-tron-bot-co-luoi-berjaya-10-20-30-BJY-BM10N-banner-510x408.jpg 510w\" sizes=\"(max-width: 820px) 100vw, 820px\" title=\"\"><\/p>\n<p style=\"text-align: center\"><span style=\"font-family: helvetica, arial, sans-serif\"><em>Th\u00f4ng tin s\u1ea3n ph\u1ea9m m\u00e1y tr\u1ed9n b\u1ed9t 10L c\u00f3 l\u01b0\u1edbi Berjaya BJY-BM10N<\/em><\/span><\/p>\n<p style=\"text-align: justify\"><span style=\"font-family: helvetica, arial, sans-serif\"><span style=\"font-weight: 400\">Berjaya BJY-BM10N c\u00f3 c\u00f4ng su\u1ea5t 600W, ho\u1ea1t \u0111\u1ed9ng m\u1ea1nh m\u1ebd v\u00e0 b\u1ec1n b\u1ec9, v\u1edbi dung t\u00edch l\u00ean \u0111\u1ebfn 10L,&nbsp; m\u00e1y v\u1eeba c\u00f3 th\u1ec3 tr\u1ed9n \u0111\u01b0\u1ee3c m\u1ed9t s\u1ed1 l\u01b0\u1ee3ng b\u1ed9t l\u1edbn m\u00e0 v\u1eabn \u0111\u1ea3m b\u1ea3o \u0111\u01b0\u1ee3c ch\u1ea5t l\u01b0\u1ee3ng th\u01a1m ngon c\u1ee7a b\u00e1nh. \u0110\u1eb7c bi\u1ec7t, <\/span><b><i>m\u00e1y tr\u1ed9n b\u1ed9t 10L c\u00f3 l\u01b0\u1edbi Berjaya BJY-BM10N<\/i><\/b><span style=\"font-weight: 400\"> \u0111\u01b0\u1ee3c trang b\u1ecb 3 ph\u1ee5 ki\u1ec7n \u0111i k\u00e8m l\u00e0 c\u00e0ng \u0111\u00e1nh tr\u1ee9ng, c\u00e0ng \u0111\u00e1nh kem v\u00e0 c\u00e0ng tr\u1ed9n b\u1ed9t, \u0111\u00e1p \u1ee9ng nhi\u1ec1u nhu c\u1ea7u s\u1eed d\u1ee5ng. B\u00ean c\u1ea1nh \u0111\u00f3, th\u00e2n m\u00e1y tr\u1ed9n b\u1ed9t \u0111\u01b0\u1ee3c gia c\u00f4ng b\u1eb1ng ch\u1ea5t li\u1ec7u inox 304 cao c\u1ea5p, mang \u0111\u1ebfn \u0111\u1ed9 b\u1ec1n v\u01b0\u1ee3t tr\u1ed9i cho s\u1ea3n ph\u1ea9m. H\u01a1n n\u1eefa, thi\u1ebft b\u1ecb c\u00f2n c\u00f3 \u0111\u1ed9ng c\u01a1 \u0111i\u1ec7n hi\u1ec7n \u0111\u1ea1i, cao c\u1ea5p, \u0111\u1ea3m b\u1ea3o m\u00e1y v\u1eadn h\u00e0nh \u00eam \u00e1i, \u1ed5n \u0111\u1ecbnh li\u00ean t\u1ee5c trong nhi\u1ec1u gi\u1edd. V\u1edbi thi\u1ebft k\u1ebf \u0111a n\u0103ng, ti\u1ec7n d\u1ee5ng, m\u00e1y tr\u1ed9n b\u1ed9t Berjaya s\u1ebd gi\u00fap cho c\u00f4ng vi\u1ec7c l\u00e0m b\u00e1nh tr\u1edf n\u00ean d\u1ec5 d\u00e0ng h\u01a1n, b\u1ed9t c\u0169ng s\u1ebd \u0111\u01b0\u1ee3c tr\u1ed9n nhanh, \u0111\u1ed3ng \u0111\u1ec1u v\u00e0 m\u1ecbn h\u01a1n.<\/span><\/span><\/p>\n","protected":false},"excerpt":{"rendered":"<ul>\n<li style=\"font-weight: 400\"><span style=\"font-weight: 400;font-family: helvetica, arial, sans-serif\">Th\u00e2n m\u00e1y l\u00e0m b\u1eb1ng inox 304 cao c\u1ea5p<\/span><\/li>\n<li style=\"font-weight: 400\"><span style=\"font-weight: 400;font-family: helvetica, arial, sans-serif\">Ti\u1ebft ki\u1ec7m th\u1eddi gian v\u00e0 c\u00f4ng s\u1ee9c tr\u1ed9n b\u1ed9t<\/span><\/li>\n<li style=\"font-weight: 400\"><span style=\"font-weight: 400;font-family: helvetica, arial, sans-serif\">V\u1eadn h\u00e0nh \u00eam \u00e1i, \u1ed5n \u0111\u1ecbnh trong nhi\u1ec1u gi\u1edd li\u00ean t\u1ee5c<\/span><\/li>\n<li style=\"font-weight: 400\"><span style=\"font-weight: 400;font-family: helvetica, arial, sans-serif\">\u1ee8ng d\u1ee5ng \u0111a n\u0103ng: tr\u1ed9n b\u1ed9t, \u0111\u00e1nh tr\u1ee9ng, \u0111\u00e1nh kem<\/span><\/li>\n<li style=\"font-weight: 400\"><span style=\"font-weight: 400;font-family: helvetica, arial, sans-serif\">Tr\u1ed9n b\u1ed9t c\u1ef1c nhanh, \u0111\u1ed3ng \u0111\u1ec1u, m\u1ec1m m\u1ecbn<\/span><\/li>\n<li style=\"font-weight: 400\"><span style=\"font-weight: 400;font-family: helvetica, arial, sans-serif\">Dung t\u00edch m\u00e1y 10 l\u00edt<\/span><\/li>\n<\/ul>\n","protected":false},"featured_media":38859,"comment_status":"open","ping_status":"closed","template":"","meta":[],"product_cat":[235,247],"product_tag":[],"_links":{"self":[{"href":"https:\/\/thucpham.com\/vinacom\/wp-json\/wp\/v2\/product\/10674"}],"collection":[{"href":"https:\/\/thucpham.com\/vinacom\/wp-json\/wp\/v2\/product"}],"about":[{"href":"https:\/\/thucpham.com\/vinacom\/wp-json\/wp\/v2\/types\/product"}],"replies":[{"embeddable":true,"href":"https:\/\/thucpham.com\/vinacom\/wp-json\/wp\/v2\/comments?post=10674"}],"wp:featuredmedia":[{"embeddable":true,"href":"https:\/\/thucpham.com\/vinacom\/wp-json\/wp\/v2\/media\/38859"}],"wp:attachment":[{"href":"https:\/\/thucpham.com\/vinacom\/wp-json\/wp\/v2\/media?parent=10674"}],"wp:term":[{"taxonomy":"product_cat","embeddable":true,"href":"https:\/\/thucpham.com\/vinacom\/wp-json\/wp\/v2\/product_cat?post=10674"},{"taxonomy":"product_tag","embeddable":true,"href":"https:\/\/thucpham.com\/vinacom\/wp-json\/wp\/v2\/product_tag?post=10674"}],"curies":[{"name":"wp","href":"https:\/\/api.w.org\/{rel}","templated":true}]}}