{"id":10662,"date":"2020-07-13T16:54:33","date_gmt":"2020-07-13T16:54:33","guid":{"rendered":"https:\/\/thucpham.com\/?post_type=product&#038;p=10662"},"modified":"2024-11-12T11:10:34","modified_gmt":"2024-11-12T04:10:34","slug":"may-ve-bot-kingsun-ymz-380","status":"publish","type":"product","link":"https:\/\/thucpham.com\/vinacom\/may-ve-bot-kingsun-ymz-380\/","title":{"rendered":"M\u00e1y V\u00ea B\u1ed9t Kingsun YMZ-380"},"content":{"rendered":"<p style=\"text-align: justify\"><span style=\"font-family: helvetica, arial, sans-serif\"><span style=\"font-weight: 400\">Vi\u1ec7c v\u00ea b\u1ed9t b\u1eb1ng c\u00e1c ph\u01b0\u01a1ng ph\u00e1p th\u1ee7 c\u00f4ng th\u01b0\u1eddng t\u1ed1n kh\u00e1 nhi\u1ec1u th\u1eddi gian v\u00e0 c\u00f4ng s\u1ee9c.V\u1edbi <\/span><b><i>m\u00e1y <\/i><\/b><b><i>v\u00ea b\u1ed9t Kingsun YMZ-380<\/i><\/b><span style=\"font-weight: 400\"> th\u00ec c\u00f4ng vi\u1ec7c n\u00e0y tr\u1edf n\u00ean \u0111\u01a1n gi\u1ea3n, d\u1ec5 nh\u00e0ng v\u00e0 nhanh ch\u00f3ng h\u01a1n. <\/span><span style=\"font-weight: 400\">Hi\u1ec7u su\u1ea5t l\u00e0m vi\u1ec7c c\u1ee7a chi\u1ebfc m\u00e1y n\u00e0y c\u00f3 th\u1ec3 thay th\u1ebf nhi\u1ec1u nh\u00e2n l\u1ef1c v\u00ea b\u1ed9t b\u1eb1ng tay; ch\u1ec9 c\u1ea7n 1-2 ng\u01b0\u1eddi v\u1eadn h\u00e0nh m\u00e1y. To\u00e0n b\u1ed9 c\u00e1c quy tr\u00ecnh c\u00e1n, se v\u00e0 v\u00ea b\u1ed9t \u0111\u1ec1u \u0111\u01b0\u1ee3c th\u1ef1c hi\u1ec7n ho\u00e0n to\u00e0n t\u1ef1 \u0111\u1ed9ng, h\u1ea1n ch\u1ebf s\u1ef1 ti\u1ebfp x\u00fac c\u1ee7a tay v\u1edbi b\u1ed9t, do v\u1eady \u0111\u1ea3m b\u1ea3o v\u1ec7 sinh v\u00e0 an to\u00e0n cho ng\u01b0\u1eddi d\u00f9ng.<\/span><\/span><\/p>\n<p><img class=\"size-full wp-image-12596 aligncenter\" src=\"https:\/\/thucpham.com\/wp-content\/uploads\/2020\/07\/may-ve-bot-kingsun-ymz-380-banner.jpg\" alt=\"may-ve-bot-kingsun-ymz-380\" width=\"820\" height=\"656\" srcset=\"https:\/\/thucpham.com\/vinacom\/wp-content\/uploads\/2020\/07\/may-ve-bot-kingsun-ymz-380-banner.jpg 820w, https:\/\/thucpham.com\/vinacom\/wp-content\/uploads\/2020\/07\/may-ve-bot-kingsun-ymz-380-banner-300x240.jpg 300w, https:\/\/thucpham.com\/vinacom\/wp-content\/uploads\/2020\/07\/may-ve-bot-kingsun-ymz-380-banner-768x614.jpg 768w, https:\/\/thucpham.com\/vinacom\/wp-content\/uploads\/2020\/07\/may-ve-bot-kingsun-ymz-380-banner-24x19.jpg 24w, https:\/\/thucpham.com\/vinacom\/wp-content\/uploads\/2020\/07\/may-ve-bot-kingsun-ymz-380-banner-36x29.jpg 36w, https:\/\/thucpham.com\/vinacom\/wp-content\/uploads\/2020\/07\/may-ve-bot-kingsun-ymz-380-banner-48x38.jpg 48w, https:\/\/thucpham.com\/vinacom\/wp-content\/uploads\/2020\/07\/may-ve-bot-kingsun-ymz-380-banner-510x408.jpg 510w\" sizes=\"(max-width: 820px) 100vw, 820px\" title=\"\"><\/p>\n<p style=\"text-align: center\"><span style=\"font-family: helvetica, arial, sans-serif\"><em>Th\u00f4ng tin s\u1ea3n ph\u1ea9m m\u00e1y v\u00ea b\u1ed9t Kingsun YMZ-380<\/em><\/span><\/p>\n<p style=\"text-align: justify\"><span style=\"font-family: helvetica, arial, sans-serif\"><span style=\"font-weight: 400\">H\u1ec7 th\u1ed1ng khung m\u00e1y l\u00e0m b\u1eb1ng th\u00e9p b\u1ecdc inox ch\u1ea5t l\u01b0\u1ee3ng cao, c\u1ee9ng c\u00e1p, ch\u1eafc ch\u1eafn, kh\u1ea3 n\u0103ng ch\u1ecbu nhi\u1ec7t v\u00e0 ch\u1ecbu l\u1ef1c t\u1ed1t. Ngo\u00e0i ra, c\u00e1c b\u1ed9 ph\u1eadn ti\u1ebfp x\u00fac tr\u1ef1c ti\u1ebfp \u0111\u1ec3 v\u00ea b\u1ed9t \u0111\u01b0\u1ee3c s\u1ea3n xu\u1ea5t b\u1eb1ng inox cao c\u1ea5p, kh\u00f4ng b\u1ecb g\u1ec9 s\u00e9t v\u00e0 kh\u00f4ng s\u1ea3n sinh ch\u1ea5t \u0111\u1ed9c h\u1ea1i n\u00e0o. <\/span><b><i>M\u00e1y <\/i><\/b><b><i>v\u00ea b\u1ed9t Kingsun YMZ-380<\/i><\/b><span style=\"font-weight: 400\"> c\u00f2n \u0111\u01b0\u1ee3c trang b\u1ecb 4 b\u00e1nh xe ch\u1eafc ch\u1eafn gi\u00fap cho vi\u1ec7c di chuy\u1ec3n tr\u1edf n\u00ean thu\u1eadn ti\u1ec7n v\u00e0 d\u1ec5 d\u00e0ng h\u01a1n. B\u00ean c\u1ea1nh \u0111\u00f3, chi\u1ebfc m\u00e1y c\u00f3 kh\u1ea3 n\u0103ng ho\u00e0n th\u00e0nh s\u1ed1 l\u01b0\u1ee3ng v\u00ea b\u1ed9t g\u1ea5p \u0111\u00f4i, g\u1ea5p ba ng\u01b0\u1eddi l\u00e0m b\u1eb1ng tay, v\u1eeba n\u00e2ng cao hi\u1ec7u qu\u1ea3 ho\u1ea1t \u0111\u1ed9ng v\u1eeba ti\u1ebft ki\u1ec7m chi ph\u00ed s\u1ea3n xu\u1ea5t l\u00e0m b\u00e1nh.&nbsp;<\/span><\/span><\/p>\n","protected":false},"excerpt":{"rendered":"<ul>\n<li style=\"font-weight: 400\"><span style=\"font-weight: 400;font-family: helvetica, arial, sans-serif\">Th\u1eddi gian v\u00ea b\u1ed9t nhanh ch\u00f3ng, \u0111\u1ec1u nhau<\/span><\/li>\n<li style=\"font-weight: 400\"><span style=\"font-weight: 400;font-family: helvetica, arial, sans-serif\">H\u1ec7 th\u1ed1ng khung l\u00e0m b\u1eb1ng th\u00e9p si\u00eau ch\u1eafc ch\u1eafn<\/span><\/li>\n<li style=\"font-weight: 400\"><span style=\"font-weight: 400;font-family: helvetica, arial, sans-serif\">Ki\u1ec3u d\u00e1ng thanh tho\u00e1t, g\u1ecdn nh\u1eb9<\/span><\/li>\n<li style=\"font-weight: 400\"><span style=\"font-weight: 400;font-family: helvetica, arial, sans-serif\">Quy tr\u00ecnh v\u00ea b\u1ed9t ho\u00e0n to\u00e0n t\u1ef1 \u0111\u1ed9ng<\/span><\/li>\n<li style=\"font-weight: 400\"><span style=\"font-weight: 400;font-family: helvetica, arial, sans-serif\">Hi\u1ec7u su\u1ea5t l\u00e0m vi\u1ec7c cao, ti\u1ebft ki\u1ec7m chi ph\u00ed<\/span><\/li>\n<li style=\"font-weight: 400\"><span style=\"font-weight: 400;font-family: helvetica, arial, sans-serif\">B\u1ea3o \u0111\u1ea3m an to\u00e0n v\u1ec7 sinh th\u1ef1c ph\u1ea9m<\/span><\/li>\n<\/ul>\n","protected":false},"featured_media":38909,"comment_status":"open","ping_status":"closed","template":"","meta":[],"product_cat":[235,247],"product_tag":[],"_links":{"self":[{"href":"https:\/\/thucpham.com\/vinacom\/wp-json\/wp\/v2\/product\/10662"}],"collection":[{"href":"https:\/\/thucpham.com\/vinacom\/wp-json\/wp\/v2\/product"}],"about":[{"href":"https:\/\/thucpham.com\/vinacom\/wp-json\/wp\/v2\/types\/product"}],"replies":[{"embeddable":true,"href":"https:\/\/thucpham.com\/vinacom\/wp-json\/wp\/v2\/comments?post=10662"}],"wp:featuredmedia":[{"embeddable":true,"href":"https:\/\/thucpham.com\/vinacom\/wp-json\/wp\/v2\/media\/38909"}],"wp:attachment":[{"href":"https:\/\/thucpham.com\/vinacom\/wp-json\/wp\/v2\/media?parent=10662"}],"wp:term":[{"taxonomy":"product_cat","embeddable":true,"href":"https:\/\/thucpham.com\/vinacom\/wp-json\/wp\/v2\/product_cat?post=10662"},{"taxonomy":"product_tag","embeddable":true,"href":"https:\/\/thucpham.com\/vinacom\/wp-json\/wp\/v2\/product_tag?post=10662"}],"curies":[{"name":"wp","href":"https:\/\/api.w.org\/{rel}","templated":true}]}}