{"id":10644,"date":"2020-07-13T16:28:58","date_gmt":"2020-07-13T16:28:58","guid":{"rendered":"https:\/\/thucpham.com\/?post_type=product&#038;p=10644"},"modified":"2023-07-28T08:35:15","modified_gmt":"2023-07-28T01:35:15","slug":"may-chia-bot-berjaya","status":"publish","type":"product","link":"https:\/\/thucpham.com\/vinacom\/may-chia-bot-berjaya\/","title":{"rendered":"M\u00e1y Chia B\u1ed9t Berjaya"},"content":{"rendered":"<p style=\"text-align: justify\"><span style=\"font-family: helvetica, arial, sans-serif\"><span style=\"font-weight: 400\">B\u1ea1n ph\u1ea3i m\u1ea5t bao nhi\u00eau th\u1eddi gian v\u00e0 m\u1ea5t bao nhi\u00eau chi ph\u00ed thu\u00ea nh\u00e2n c\u00f4ng cho c\u00f4ng \u0111o\u1ea1n chia b\u1ed9t \u0111\u1ec3 l\u00e0m c\u00e1c lo\u1ea1i b\u00e1nh nh\u01b0 b\u00e1nh trung thu, b\u00e1nh m\u00ec, b\u00e1nh bao&#8230;\u0110\u1ec3 gi\u00fap b\u1ea1n gi\u1ea3m b\u1edbt th\u1eddi gian v\u00e0 chi ph\u00ed, ThucPham.com xin \u0111\u01b0\u1ee3c gi\u1edbi thi\u1ec7u s\u1ea3n ph\u1ea9m <\/span><b><i>m\u00e1y <\/i><\/b><b><i>chia b\u1ed9t Berjaya <\/i><\/b><b><i>BJY-DD120<\/i><\/b><span style=\"font-weight: 400\"> &#8211; m\u1ed9t thi\u1ebft b\u1ecb h\u1eefu \u00edch trong vi\u1ec7c l\u00e0m b\u00e1nh, \u0111em l\u1ea1i hi\u1ec7u qu\u1ea3 cao trong qu\u00e1 tr\u00ecnh l\u00e0m vi\u1ec7c. Chi\u1ebfc m\u00e1y c\u00f3 th\u1ec3 chia \u0111\u01b0\u1ee3c h\u00e0ng tr\u0103m kg b\u1ed9t trong m\u1ed9t ng\u00e0y, n\u0103ng su\u1ea5t cao h\u01a1n nhi\u1ec1u so v\u1edbi c\u00e1c ph\u01b0\u01a1ng ph\u00e1p th\u1ee7 c\u00f4ng.&nbsp;<\/span><\/span><\/p>\n<p><img class=\"size-full wp-image-12616 aligncenter\" src=\"https:\/\/thucpham.com\/wp-content\/uploads\/2020\/07\/may-chia-bot-Berjaya-BJY-DD120-banner.jpg\" alt=\"may-chia-bot-Berjaya-BJY-DD120\" width=\"820\" height=\"656\" srcset=\"https:\/\/thucpham.com\/vinacom\/wp-content\/uploads\/2020\/07\/may-chia-bot-Berjaya-BJY-DD120-banner.jpg 820w, https:\/\/thucpham.com\/vinacom\/wp-content\/uploads\/2020\/07\/may-chia-bot-Berjaya-BJY-DD120-banner-300x240.jpg 300w, https:\/\/thucpham.com\/vinacom\/wp-content\/uploads\/2020\/07\/may-chia-bot-Berjaya-BJY-DD120-banner-768x614.jpg 768w, https:\/\/thucpham.com\/vinacom\/wp-content\/uploads\/2020\/07\/may-chia-bot-Berjaya-BJY-DD120-banner-24x19.jpg 24w, https:\/\/thucpham.com\/vinacom\/wp-content\/uploads\/2020\/07\/may-chia-bot-Berjaya-BJY-DD120-banner-36x29.jpg 36w, https:\/\/thucpham.com\/vinacom\/wp-content\/uploads\/2020\/07\/may-chia-bot-Berjaya-BJY-DD120-banner-48x38.jpg 48w, https:\/\/thucpham.com\/vinacom\/wp-content\/uploads\/2020\/07\/may-chia-bot-Berjaya-BJY-DD120-banner-510x408.jpg 510w\" sizes=\"(max-width: 820px) 100vw, 820px\" title=\"\"><\/p>\n<p style=\"text-align: center\"><em><span style=\"font-family: helvetica, arial, sans-serif\">Th\u00f4ng tin s\u1ea3n ph\u1ea9m m\u00e1y chia b\u1ed9t Berjaya BJY-DD120<\/span><\/em><\/p>\n<p style=\"text-align: justify\"><span style=\"font-family: helvetica, arial, sans-serif\"><span style=\"font-weight: 400\">Quy tr\u00ecnh chia b\u1ed9t c\u1ee7a m\u00e1y <\/span><span style=\"font-weight: 400\">chia b\u1ed9t Berjaya <\/span><span style=\"font-weight: 400\">BJY-DD120 ho\u00e0n to\u00e0n t\u1ef1 \u0111\u1ed9ng, m\u1ed7i l\u1ea7n chia \u0111\u01b0\u1ee3c 30 ph\u1ea7n, m\u1ed7i ph\u1ea7n c\u00f3 tr\u1ecdng l\u01b0\u1ee3ng 30g \u2013 100g. Ph\u1ea7n v\u1ecf ngo\u00e0i c\u1ee7a m\u00e1y \u0111\u01b0\u1ee3c l\u00e0m b\u1eb1ng inox cao c\u1ea5p, d\u00e0y d\u1eb7n, c\u00f3 \u0111\u1eb7c t\u00ednh ch\u1ed1ng oxy h\u00f3a, ch\u1ed1ng m\u00e0i m\u00f2n v\u00e0 ch\u1ecbu \u0111\u01b0\u1ee3c va \u0111\u1eadp t\u1ed1t. Ngo\u00e0i ra, ch\u1ea5t li\u1ec7u inox c\u00f2n c\u00f3 \u0111\u1ed9 s\u00e1ng cao, v\u1ebb ngo\u00e0i b\u00f3ng b\u1ea9y, mang \u0111\u1ebfn v\u1ebb sang tr\u1ecdng, chuy\u00ean nghi\u1ec7p cho kh\u00f4ng gian c\u1ee7a b\u1ea1n. Khi s\u1eed d\u1ee5ng <\/span><b><i>m\u00e1y chia b\u1ed9t <\/i><\/b><b><i>Berjaya <\/i><\/b><b><i>BJY-DD120<\/i><\/b><span style=\"font-weight: 400\">&nbsp;s\u1ebd gi\u00fap b\u1ea1n gi\u1ea3m nh\u00e2n l\u1ef1c trong kh\u00e2u chia b\u1ed9t l\u00e0m b\u00e1nh, r\u00fat ng\u1eafn th\u1eddi gian l\u00e0m b\u00e1nh \u0111\u1ed3ng th\u1eddi gi\u00fap b\u1ea1n l\u00e0m b\u00e1nh v\u1edbi t\u1ef7 l\u1ec7 \u0111\u1ed3ng nh\u1ea5t, ch\u00ednh x\u00e1c nh\u1ea5t.&nbsp;<\/span><\/span><\/p>\n","protected":false},"excerpt":{"rendered":"<ul>\n<li style=\"font-weight: 400\"><span style=\"font-weight: 400;font-family: helvetica, arial, sans-serif\">Nh\u00e2\u0323p kh\u00e2\u0309u 100% nguy\u00ean \u0111ai nguy\u00ean ki\u00ea\u0323n t\u01b0\u0300 nha\u0300 sa\u0309n xu\u00e2\u0301t<\/span><\/li>\n<li style=\"font-weight: 400\"><span style=\"font-weight: 400;font-family: helvetica, arial, sans-serif\">Thi\u1ebft k\u1ebf m\u00e1y g\u1ed3m 3 khay chia b\u1ed9t<\/span><\/li>\n<li style=\"font-weight: 400\"><span style=\"font-weight: 400;font-family: helvetica, arial, sans-serif\">V\u1ecf l\u00e0m b\u1eb1ng inox cao c\u1ea5p, d\u00e0y d\u1eb7n, b\u1ec1n b\u1ec9<\/span><\/li>\n<li style=\"font-weight: 400\"><span style=\"font-weight: 400;font-family: helvetica, arial, sans-serif\">Quy tr\u00ecnh chia b\u1ed9t ho\u00e0n to\u00e0n t\u1ef1 \u0111\u1ed9ng<\/span><\/li>\n<li style=\"font-weight: 400\"><span style=\"font-weight: 400;font-family: helvetica, arial, sans-serif\">C\u00f3 kh\u1ea3 n\u0103ng ho\u1ea1t \u0111\u1ed9ng li\u00ean t\u1ee5c nhi\u1ec1u gi\u1edd<\/span><\/li>\n<li style=\"font-weight: 400\"><span style=\"font-weight: 400;font-family: helvetica, arial, sans-serif\">Thi\u1ebft k\u1ebf nh\u1ecf g\u1ecdn, v\u1eadn h\u00e0nh \u0111\u01a1n gi\u1ea3n<\/span><\/li>\n<\/ul>\n","protected":false},"featured_media":38853,"comment_status":"open","ping_status":"closed","template":"","meta":[],"product_cat":[235,247],"product_tag":[],"_links":{"self":[{"href":"https:\/\/thucpham.com\/vinacom\/wp-json\/wp\/v2\/product\/10644"}],"collection":[{"href":"https:\/\/thucpham.com\/vinacom\/wp-json\/wp\/v2\/product"}],"about":[{"href":"https:\/\/thucpham.com\/vinacom\/wp-json\/wp\/v2\/types\/product"}],"replies":[{"embeddable":true,"href":"https:\/\/thucpham.com\/vinacom\/wp-json\/wp\/v2\/comments?post=10644"}],"wp:featuredmedia":[{"embeddable":true,"href":"https:\/\/thucpham.com\/vinacom\/wp-json\/wp\/v2\/media\/38853"}],"wp:attachment":[{"href":"https:\/\/thucpham.com\/vinacom\/wp-json\/wp\/v2\/media?parent=10644"}],"wp:term":[{"taxonomy":"product_cat","embeddable":true,"href":"https:\/\/thucpham.com\/vinacom\/wp-json\/wp\/v2\/product_cat?post=10644"},{"taxonomy":"product_tag","embeddable":true,"href":"https:\/\/thucpham.com\/vinacom\/wp-json\/wp\/v2\/product_tag?post=10644"}],"curies":[{"name":"wp","href":"https:\/\/api.w.org\/{rel}","templated":true}]}}