{"id":10623,"date":"2020-07-13T15:42:59","date_gmt":"2020-07-13T08:42:59","guid":{"rendered":"https:\/\/thucpham.com\/?post_type=product&#038;p=10623"},"modified":"2023-12-19T13:22:33","modified_gmt":"2023-12-19T06:22:33","slug":"shaker-nhua-son-den-700ml-trung-quoc","status":"publish","type":"product","link":"https:\/\/thucpham.com\/vinacom\/shaker-nhua-son-den-700ml-trung-quoc\/","title":{"rendered":"Shaker Nh\u1ef1a S\u01a1n \u0110en 700ml Trung Qu\u1ed1c"},"content":{"rendered":"<p style=\"text-align: justify\"><span style=\"font-family: helvetica, arial, sans-serif\"><b><i>Shaker nh\u1ef1a s\u01a1n \u0111en 700ml Trung Qu\u1ed1c<\/i><\/b><span style=\"font-weight: 400\"> \u0111\u01b0\u1ee3c s\u1eed d\u1ee5ng r\u1ed9ng r\u00e3i trong c\u00e1c qu\u1ea7y \u0111\u1ed3 u\u1ed1ng \u1edf qu\u00e1n cafe, tr\u00e0 s\u1eefa hay qu\u00e1n bar. Tr\u1ecdng l\u01b0\u1ee3ng nh\u1eb9 c\u1ee7a chi\u1ebfc b\u00ecnh n\u00e0y ch\u00ednh l\u00e0 \u01b0u \u0111i\u1ec3m \u0111\u01b0\u1ee3c nhi\u1ec1u <\/span><span style=\"font-weight: 400\">bartender <\/span><span style=\"font-weight: 400\">y\u00eau th\u00edch, \u0111\u1eb7c bi\u1ec7t l\u00e0 <\/span><span style=\"font-weight: 400\">bartender n\u1eef. Tr\u1ecdng l\u01b0\u1ee3ng b\u00ecnh kh\u00f4ng qu\u00e1 n\u1eb7ng n\u00ean kh\u00f4ng g\u00e2y m\u1ecfi tay d\u00f9 c\u00f3 l\u1eafc tr\u1ed9n li\u00ean t\u1ee5c. B\u00ecnh shaker c\u0169ng r\u1ea5t d\u1ec5 s\u1eed d\u1ee5ng nh\u1edd c\u1ea5u t\u1ea1o 3 ph\u1ea7n t\u00e1ch bi\u1ec7t. B\u1ed9 l\u1ecdc v\u00e0 n\u1eafp \u0111\u1eady \u0111\u01b0\u1ee3c thi\u1ebft k\u1ebf ch\u1eafc ch\u1eafn gi\u00fap ng\u0103n ng\u1eeba nguy\u00ean li\u1ec7u v\u00e0 \u0111\u00e1 b\u1eafn ra ngo\u00e0i ngay c\u1ea3 khi l\u1eafc b\u00ecnh v\u1edbi t\u1ed1c \u0111\u1ed9 nhanh v\u00e0 m\u1ea1nh. Ngo\u00e0i ra, tr\u00ean b\u00ecnh c\u00f2n c\u00f3 c\u00e1c v\u1ea1ch \u0111\u1ecbnh l\u01b0\u1ee3ng \u0111\u01b0\u1ee3c s\u01a1n m\u00e0u \u0111en d\u1ec5 nh\u00ecn, gi\u00fap ng\u01b0\u1eddi d\u00f9ng t\u00ednh to\u00e1n ch\u00ednh x\u00e1c \u0111\u01b0\u1ee3c l\u01b0\u1ee3ng nguy\u00ean li\u1ec7u \u0111\u1ec3 pha ch\u1ebf \u0111\u1ed3 u\u1ed1ng.&nbsp;<\/span><\/span><\/p>\n<p><img class=\"size-full wp-image-12622 aligncenter\" src=\"https:\/\/thucpham.com\/wp-content\/uploads\/2020\/07\/shaker-nhua-son-den-700ml-trung-quoc-banner.jpg\" alt=\"shaker-nhua-son-den-700ml-trung-quoc\" width=\"820\" height=\"656\" srcset=\"https:\/\/thucpham.com\/vinacom\/wp-content\/uploads\/2020\/07\/shaker-nhua-son-den-700ml-trung-quoc-banner.jpg 820w, https:\/\/thucpham.com\/vinacom\/wp-content\/uploads\/2020\/07\/shaker-nhua-son-den-700ml-trung-quoc-banner-300x240.jpg 300w, https:\/\/thucpham.com\/vinacom\/wp-content\/uploads\/2020\/07\/shaker-nhua-son-den-700ml-trung-quoc-banner-768x614.jpg 768w, https:\/\/thucpham.com\/vinacom\/wp-content\/uploads\/2020\/07\/shaker-nhua-son-den-700ml-trung-quoc-banner-24x19.jpg 24w, https:\/\/thucpham.com\/vinacom\/wp-content\/uploads\/2020\/07\/shaker-nhua-son-den-700ml-trung-quoc-banner-36x29.jpg 36w, https:\/\/thucpham.com\/vinacom\/wp-content\/uploads\/2020\/07\/shaker-nhua-son-den-700ml-trung-quoc-banner-48x38.jpg 48w, https:\/\/thucpham.com\/vinacom\/wp-content\/uploads\/2020\/07\/shaker-nhua-son-den-700ml-trung-quoc-banner-510x408.jpg 510w\" sizes=\"(max-width: 820px) 100vw, 820px\" title=\"\"><\/p>\n<p style=\"text-align: center\"><em><span style=\"font-family: helvetica, arial, sans-serif\">Th\u00f4ng tin s\u1ea3n ph\u1ea9m shaker nh\u1ef1a s\u01a1n \u0111en 700ml Trung Qu\u1ed1c<\/span><\/em><\/p>\n<p style=\"text-align: justify\"><span style=\"font-family: helvetica, arial, sans-serif\"><b><i>Shaker nh\u1ef1a s\u01a1n \u0111en 700ml Trung Qu\u1ed1c<\/i><\/b><span style=\"font-weight: 400\"> \u0111\u01b0\u1ee3c s\u1ea3n xu\u1ea5t t\u1eeb ch\u1ea5t li\u1ec7u nh\u1ef1a cao c\u1ea5p, d\u00e0y d\u1eb7n, \u0111\u1ea3m b\u1ea3o an to\u00e0n cho s\u1ee9c kh\u1ecfe ng\u01b0\u1eddi s\u1eed d\u1ee5ng. Th\u00eam v\u00e0o \u0111\u00f3, ch\u1ea5t li\u1ec7u nh\u1ef1a c\u0169ng gi\u00fap c\u00e1c bartender d\u1ec5 d\u00e0ng quan s\u00e1t, theo d\u00f5i \u0111\u1ed3 u\u1ed1ng l\u1eafc tr\u1ed9n b\u00ean trong. M\u1eb7t kh\u00e1c, kh\u1ea3 n\u0103ng gi\u1eef nhi\u1ec7t c\u1ee7a b\u00ecnh shaker nh\u1ef1a \u0111en t\u01b0\u01a1ng \u0111\u1ed1i t\u1ed1t, cho ph\u00e9p b\u1ea1n pha ch\u1ebf c\u1ea3 \u0111\u1ed3 u\u1ed1ng n\u00f3ng v\u00e0 \u0111\u1ed3 u\u1ed1ng l\u1ea1nh. S\u1ea3n ph\u1ea9m c\u00f3 \u0111\u1ed9 b\u1ec1n cao do nh\u1ef1a cao c\u1ea5p ch\u1ed1ng va \u0111\u1eadp t\u1ed1t v\u00e0 kh\u00f4ng b\u1ecb \u0103n m\u00f2n.&nbsp;<\/span><\/span><\/p>\n","protected":false},"excerpt":{"rendered":"<ul>\n<li style=\"font-weight: 400\"><span style=\"font-weight: 400;font-family: helvetica, arial, sans-serif\">Ch\u1ea5t li\u1ec7u nh\u1ef1a cao c\u1ea5p, an to\u00e0n s\u1ee9c kh\u1ecfe<\/span><\/li>\n<li style=\"font-weight: 400\"><span style=\"font-weight: 400;font-family: helvetica, arial, sans-serif\">Tr\u1ecdng l\u01b0\u1ee3ng nh\u1eb9, d\u1ec5 c\u1ea7m n\u1eafm v\u00e0 s\u1eed d\u1ee5ng<\/span><\/li>\n<li style=\"font-weight: 400\"><span style=\"font-family: helvetica, arial, sans-serif\"><span style=\"font-weight: 400\">Thi\u1ebft k\u1ebf 3 ph\u1ea7n t\u00e1ch bi\u1ec7t v\u1edbi <\/span><span style=\"font-weight: 400\">b\u1ed9 l\u1ecdc ng\u0103n \u0111\u00e1 v\u00e0 nguy\u00ean li\u1ec7u<\/span><\/span><\/li>\n<li style=\"font-weight: 400\"><span style=\"font-weight: 400;font-family: helvetica, arial, sans-serif\">V\u1ea1ch chia l\u01b0\u1ee3ng \u0111\u01b0\u1ee3c s\u01a1n m\u00e0u \u0111en d\u1ec5 nh\u00ecn<\/span><\/li>\n<li style=\"font-weight: 400\"><span style=\"font-weight: 400;font-family: helvetica, arial, sans-serif\">Ph\u1ea7n v\u1ecf trong su\u1ed1t gi\u00fap quan s\u00e1t b\u00ean trong d\u1ec5 d\u00e0ng h\u01a1n<\/span><\/li>\n<\/ul>\n","protected":false},"featured_media":38830,"comment_status":"open","ping_status":"closed","template":"","meta":[],"product_cat":[248],"product_tag":[],"_links":{"self":[{"href":"https:\/\/thucpham.com\/vinacom\/wp-json\/wp\/v2\/product\/10623"}],"collection":[{"href":"https:\/\/thucpham.com\/vinacom\/wp-json\/wp\/v2\/product"}],"about":[{"href":"https:\/\/thucpham.com\/vinacom\/wp-json\/wp\/v2\/types\/product"}],"replies":[{"embeddable":true,"href":"https:\/\/thucpham.com\/vinacom\/wp-json\/wp\/v2\/comments?post=10623"}],"wp:featuredmedia":[{"embeddable":true,"href":"https:\/\/thucpham.com\/vinacom\/wp-json\/wp\/v2\/media\/38830"}],"wp:attachment":[{"href":"https:\/\/thucpham.com\/vinacom\/wp-json\/wp\/v2\/media?parent=10623"}],"wp:term":[{"taxonomy":"product_cat","embeddable":true,"href":"https:\/\/thucpham.com\/vinacom\/wp-json\/wp\/v2\/product_cat?post=10623"},{"taxonomy":"product_tag","embeddable":true,"href":"https:\/\/thucpham.com\/vinacom\/wp-json\/wp\/v2\/product_tag?post=10623"}],"curies":[{"name":"wp","href":"https:\/\/api.w.org\/{rel}","templated":true}]}}