{"id":10605,"date":"2020-07-13T15:18:40","date_gmt":"2020-07-13T15:18:40","guid":{"rendered":"https:\/\/thucpham.com\/?post_type=product&#038;p=10605"},"modified":"2021-12-09T08:22:58","modified_gmt":"2021-12-09T01:22:58","slug":"binh-xit-kem-tuoi-whip-it-500ml","status":"publish","type":"product","link":"https:\/\/thucpham.com\/vinacom\/binh-xit-kem-tuoi-whip-it-500ml\/","title":{"rendered":"B\u00ecnh X\u1ecbt Kem T\u01b0\u01a1i Whip-It 500ml"},"content":{"rendered":"<p style=\"text-align: justify\"><span style=\"font-family: helvetica, arial, sans-serif\"><b><i>B\u00ecnh x\u1ecbt kem t\u01b0\u01a1i Whip-It 500ml <\/i><\/b><span style=\"font-weight: 400\">\u0111\u01b0\u1ee3c nh\u1eadp kh\u1ea9u tr\u1ef1c ti\u1ebfp t\u1eeb th\u01b0\u01a1ng hi\u1ec7u Whip-It n\u1ed5i ti\u1ebfng \u1edf M\u1ef9. S\u1ea3n ph\u1ea9m <\/span><span style=\"font-weight: 400\">\u0111ang \u0111\u01b0\u1ee3c \u01b0a chu\u1ed9ng v\u00e0 s\u1eed d\u1ee5ng r\u1ed9ng r\u00e3i t\u1ea1i Vi\u1ec7t Nam, cho b\u1ea1n m\u1ed9t l\u1edbp kem t\u01b0\u01a1i tr\u00ean \u0111\u1ed3 u\u1ed1ng c\u1ef1c k\u1ef3 nhanh ch\u00f3ng v\u00e0 ti\u1ec7n l\u1ee3i. To\u00e0n b\u1ed9 c\u1ea5u t\u1ea1o c\u1ee7a b\u00ecnh x\u1ecbt <\/span><span style=\"font-weight: 400\">Whip-It 500ml \u0111\u01b0\u1ee3c s\u1ea3n xu\u1ea5t b\u1eb1ng th\u00e9p kh\u00f4ng g\u1ec9, c\u00f3 \u0111\u1ed9 b\u1ec1n cao, v\u00e0 v\u00f4 c\u00f9ng ch\u1eafc ch\u1eafn. Ngo\u00e0i ra, c\u00e1c b\u1ed9 ph\u1eadn \u0111\u01b0\u1ee3c k\u1ebft n\u1ed1i kh\u0103ng kh\u00edt v\u1edbi nhau, h\u1ea1n ch\u1ebf t\u1ed1i \u0111a kh\u1ea3 n\u0103ng d\u00f2 kh\u00ed gas, v\u1eeba \u0111\u1ea3m b\u1ea3o an to\u00e0n v\u1ec7 sinh th\u1ef1c ph\u1ea9m v\u1eeba kh\u00f4ng g\u00e2y nguy hi\u1ec3m cho ng\u01b0\u1eddi d\u00f9ng.&nbsp;<\/span><\/span><\/p>\n<p><img class=\"size-full wp-image-12635 aligncenter\" src=\"https:\/\/thucpham.com\/wp-content\/uploads\/2020\/07\/binh-xit-kem-tuoi-whip-it-500ml-1.jpg\" alt=\"binh-xit-kem-tuoi-whip-it-500ml\" width=\"820\" height=\"656\" srcset=\"https:\/\/thucpham.com\/vinacom\/wp-content\/uploads\/2020\/07\/binh-xit-kem-tuoi-whip-it-500ml-1.jpg 820w, https:\/\/thucpham.com\/vinacom\/wp-content\/uploads\/2020\/07\/binh-xit-kem-tuoi-whip-it-500ml-1-300x240.jpg 300w, https:\/\/thucpham.com\/vinacom\/wp-content\/uploads\/2020\/07\/binh-xit-kem-tuoi-whip-it-500ml-1-768x614.jpg 768w, https:\/\/thucpham.com\/vinacom\/wp-content\/uploads\/2020\/07\/binh-xit-kem-tuoi-whip-it-500ml-1-24x19.jpg 24w, https:\/\/thucpham.com\/vinacom\/wp-content\/uploads\/2020\/07\/binh-xit-kem-tuoi-whip-it-500ml-1-36x29.jpg 36w, https:\/\/thucpham.com\/vinacom\/wp-content\/uploads\/2020\/07\/binh-xit-kem-tuoi-whip-it-500ml-1-48x38.jpg 48w, https:\/\/thucpham.com\/vinacom\/wp-content\/uploads\/2020\/07\/binh-xit-kem-tuoi-whip-it-500ml-1-510x408.jpg 510w\" sizes=\"(max-width: 820px) 100vw, 820px\" title=\"\"><\/p>\n<p style=\"text-align: center\"><em><span style=\"font-family: helvetica, arial, sans-serif\">Th\u00f4ng tin s\u1ea3n ph\u1ea9m b\u00ecnh x\u1ecbt kem t\u01b0\u01a1i Whip-It 500ml<\/span><\/em><\/p>\n<p style=\"text-align: justify\"><span style=\"font-family: helvetica, arial, sans-serif\"><span style=\"font-weight: 400\">Tay b\u01a1m c\u1ee7a b\u00ecnh x\u1ecbt \u0111\u01b0\u1ee3c thi\u1ebft k\u1ebf b\u1eb1ng ch\u1ea5t li\u1ec7u inox kh\u00f4ng g\u1ec9, c\u00f3 tu\u1ed5i th\u1ecd l\u00e2u d\u00e0i. Ngo\u00e0i ra, ph\u1ea7n n\u1eafp c\u1ee7a s\u1ea3n ph\u1ea9m \u0111\u01b0\u1ee3c trang b\u1ecb b\u1ecb l\u1edbp gio\u0103ng cao su \u0111\u00e0n h\u1ed3i b\u1ec1n b\u1ec9, gi\u00fap b\u00ecnh lu\u00f4n k\u00edn h\u01a1i trong khi s\u1eed d\u1ee5ng, <\/span><span style=\"font-weight: 400\">gi\u1eef cho b\u00ecnh kh\u00f4ng b\u1ecb hao gas, gi\u1ea3m chi ph\u00ed s\u1eed d\u1ee5ng. V\u1edbi ch\u1ea5t li\u1ec7u inox cao c\u1ea5p, d\u1ec5 d\u00e0ng v\u1ec7 sinh, n\u1eafp \u0111\u1eady k\u00edn, kh\u00f4ng b\u1ecb r\u00f2 r\u1ec9 kh\u00ed gas, <\/span><b><i>b\u00ecnh x\u1ecbt kem t\u01b0\u01a1i Whip-It 500ml<\/i><\/b> <span style=\"font-weight: 400\">\u0111\u01b0\u1ee3c xem nh\u01b0 m\u1ed9t tr\u1ee3 th\u1ee7 \u0111\u1eafc l\u1ef1c c\u1ee7a c\u00e1c c\u1eeda h\u00e0ng b\u00e1nh hay cafe chuy\u00ean nghi\u1ec7p.&nbsp;<\/span><\/span><\/p>\n","protected":false},"excerpt":{"rendered":"<ul>\n<li style=\"font-weight: 400\"><span style=\"font-family: helvetica, arial, sans-serif\"><span style=\"font-weight: 400\">Ch\u1ea5t li\u1ec7u <\/span><span style=\"font-weight: 400\">th\u00e9p kh\u00f4ng g\u1ec9, c\u00f3 \u0111\u1ed9 b\u1ec1n cao<\/span><\/span><\/li>\n<li style=\"font-weight: 400\"><span style=\"font-weight: 400;font-family: helvetica, arial, sans-serif\">N\u1eafp v\u1eb7n gas b\u1eb1ng inox ch\u1eafc ch\u1eafn, ti\u1ebft ki\u1ec7m nhi\u00ean li\u1ec7u<\/span><\/li>\n<li style=\"font-weight: 400\"><span style=\"font-weight: 400;font-family: helvetica, arial, sans-serif\">Ch\u1ea5t l\u01b0\u1ee3ng kem b\u00f4ng x\u1ed1p, \u0111\u1eb9p m\u1eaft<\/span><\/li>\n<li style=\"font-weight: 400\"><span style=\"font-weight: 400;font-family: helvetica, arial, sans-serif\">Thi\u1ebft k\u1ebf nh\u1ecf g\u1ecdn, v\u1ebb ngo\u00e0i s\u00e1ng b\u00f3ng<\/span><\/li>\n<li style=\"font-weight: 400\"><span style=\"font-weight: 400;font-family: helvetica, arial, sans-serif\">Nh\u1eadp kh\u1ea9u tr\u1ef1c ti\u1ebfp t\u1eeb M\u1ef9<\/span><\/li>\n<\/ul>\n","protected":false},"featured_media":38801,"comment_status":"open","ping_status":"closed","template":"","meta":[],"product_cat":[248],"product_tag":[],"_links":{"self":[{"href":"https:\/\/thucpham.com\/vinacom\/wp-json\/wp\/v2\/product\/10605"}],"collection":[{"href":"https:\/\/thucpham.com\/vinacom\/wp-json\/wp\/v2\/product"}],"about":[{"href":"https:\/\/thucpham.com\/vinacom\/wp-json\/wp\/v2\/types\/product"}],"replies":[{"embeddable":true,"href":"https:\/\/thucpham.com\/vinacom\/wp-json\/wp\/v2\/comments?post=10605"}],"wp:featuredmedia":[{"embeddable":true,"href":"https:\/\/thucpham.com\/vinacom\/wp-json\/wp\/v2\/media\/38801"}],"wp:attachment":[{"href":"https:\/\/thucpham.com\/vinacom\/wp-json\/wp\/v2\/media?parent=10605"}],"wp:term":[{"taxonomy":"product_cat","embeddable":true,"href":"https:\/\/thucpham.com\/vinacom\/wp-json\/wp\/v2\/product_cat?post=10605"},{"taxonomy":"product_tag","embeddable":true,"href":"https:\/\/thucpham.com\/vinacom\/wp-json\/wp\/v2\/product_tag?post=10605"}],"curies":[{"name":"wp","href":"https:\/\/api.w.org\/{rel}","templated":true}]}}