{"id":10602,"date":"2020-07-13T15:14:34","date_gmt":"2020-07-13T15:14:34","guid":{"rendered":"https:\/\/thucpham.com\/?post_type=product&#038;p=10602"},"modified":"2024-03-13T08:45:35","modified_gmt":"2024-03-13T01:45:35","slug":"bep-au-cong-nghiep-6-hong-kem-lo-nuong-gas-kingsun","status":"publish","type":"product","link":"https:\/\/thucpham.com\/vinacom\/bep-au-cong-nghiep-6-hong-kem-lo-nuong-gas-kingsun\/","title":{"rendered":"B\u1ebfp \u00c2u C\u00f4ng Nghi\u1ec7p 6 H\u1ecdng K\u00e8m L\u00f2 N\u01b0\u1edbng Gas Kingsun"},"content":{"rendered":"<p style=\"text-align: justify\"><span style=\"font-family: helvetica, arial, sans-serif\"><span style=\"font-weight: 400\">\u0110\u1ed1i v\u1edbi nh\u1eefng qu\u00e1n \u0103n, nh\u00e0 h\u00e0ng l\u1edbn th\u00ec vi\u1ec7c ph\u1ee5c v\u1ee5 kh\u00e1ch v\u1edbi s\u1ed1 l\u01b0\u1ee3ng l\u1edbn h\u00e0ng ng\u00e0y l\u00e0 \u0111i\u1ec1u t\u1ea5t nhi\u00ean. \u0110i k\u00e8m \u0111\u00f3 l\u00e0 l\u01b0\u1ee3ng su\u1ea5t \u0103n c\u0169ng ph\u1ea3i n\u1ea5u r\u1ea5t nhi\u1ec1u v\u00e0 n\u1ebfu ch\u1ec9 d\u00f9ng nh\u1eefng chi\u1ebfc b\u1ebfp \u0111\u01a1n, c\u00f4ng su\u1ea5t th\u1ea5p th\u00ec c\u00f4ng vi\u1ec7c n\u1ea5u \u0103n v\u1eeba m\u1ea5t th\u1eddi gian m\u00e0 v\u1eeba khi\u1ebfn kh\u00e1ch h\u00e0ng ph\u1ea3i \u0111\u1ee3i ch\u1edd l\u00e2u. Gi\u1ea3i ph\u00e1p ho\u00e0n h\u1ea3o cho b\u1ea1n \u0111\u00f3 l\u00e0 s\u1ea3n ph\u1ea9m <\/span><b><i>b\u1ebfp \u00e2u c\u00f4ng nghi\u1ec7p 6 h\u1ecdng k\u00e8m l\u00f2 n\u01b0\u1edbng gas Kingsun<\/i><\/b><span style=\"font-weight: 400\">. <\/span><span style=\"font-weight: 400\">S\u1ea3n ph\u1ea9m s\u1edf h\u1eefu 2 ch\u1ee9c n\u0103ng c\u00f9ng l\u00fac v\u1eeba ch\u1ebf bi\u1ebfn c\u00e1c m\u00f3n \u00c2u nhanh ch\u00f3ng v\u1eeba ph\u1ee5c v\u1ee5 c\u00e1c m\u00f3n n\u01b0\u1edbng th\u01a1m ngon. Quan tr\u1ecdng h\u01a1n l\u00e0 b\u1ebfp n\u1ea5u v\u00e0 l\u00f2 n\u01b0\u1edbng \u0111\u01b0\u1ee3c thi\u1ebft k\u1ebf \u0111\u1ed9c l\u1eadp v\u1edbi h\u1ecdng \u0111\u1ed1t t\u00e1ch bi\u1ec7t n\u00ean kh\u00f4ng g\u00e2y \u1ea3nh h\u01b0\u1edfng \u0111\u1ebfn quy tr\u00ecnh n\u1ea5u n\u01b0\u1edbng c\u1ee7a nhau.&nbsp;<\/span><\/span><\/p>\n<p><img class=\"aligncenter\" src=\"https:\/\/thucpham.com\/wp-content\/uploads\/2020\/07\/bep-au-cong-nghiep-6-hong-kem-lo-nuong-gas-kingsun-05.jpg\" alt=\"\" width=\"820\" height=\"656\" title=\"\"><\/p>\n<p style=\"text-align: center\"><span style=\"font-family: helvetica, arial, sans-serif\"><em>Th\u00f4ng tin s\u1ea3n ph\u1ea9m b\u1ebfp \u00e2u c\u00f4ng nghi\u1ec7p 6 h\u1ecdng k\u00e8m l\u00f2 n\u01b0\u1edbng gas Kingsun<\/em><\/span><\/p>\n<p style=\"text-align: justify\"><span style=\"font-family: helvetica, arial, sans-serif\"><span style=\"font-weight: 400\">V\u1edbi 6 h\u1ecdng \u0111\u1ed1t tr\u00ean c\u00f9ng m\u1ed9t thi\u1ebft b\u1ecb, <\/span><b><i>b\u1ebfp \u00e2u c\u00f4ng nghi\u1ec7p 6 h\u1ecdng k\u00e8m l\u00f2 n\u01b0\u1edbng gas Kingsun <\/i><\/b><span style=\"font-weight: 400\">cho ph\u00e9p ch\u1ebf bi\u1ebfn 6 m\u00f3n c\u00f9ng l\u00fac, gi\u1ea3m thi\u1ec3u t\u1ed1i \u0111a th\u1eddi gian v\u00e0 nhi\u00ean li\u1ec7u s\u1eed d\u1ee5ng. B\u00ean c\u1ea1nh \u0111\u00f3, l\u00f2 n\u01b0\u1edbng \u0111\u01b0\u1ee3c thi\u1ebft k\u1ebf b\u00ean d\u01b0\u1edbi, ho\u1ea1t \u0111\u1ed9ng \u1edf m\u1ee9c nhi\u1ec7t cao gi\u00fap b\u1ea1n th\u1ecfa s\u1ee9c s\u00e1ng t\u1ea1o c\u00e1c m\u00f3n n\u01b0\u1edbng h\u1ea5p d\u1eabn v\u00e0 th\u01a1m ngon.&nbsp; <\/span><span style=\"font-weight: 400\">H\u1ec7 th\u1ed1ng n\u00fam \u0111i\u1ec1u ch\u1ec9nh nhi\u1ec7t \u0111\u1ed9 c\u1ee7a thi\u1ebft b\u1ecb c\u00f3 thi\u1ebft k\u1ebf \u0111\u01a1n gi\u1ea3n, d\u1ec5 s\u1eed d\u1ee5ng gi\u00fap b\u1ea1n linh ho\u1ea1t \u0111i\u1ec1u ch\u1ec9nh nhi\u1ec7t \u0111\u1ed9 theo \u00fd mu\u1ed1n. V\u1edbi nh\u1eefng \u0111\u1eb7c \u0111i\u1ec3m n\u1ed5i b\u1eadt tr\u00ean, chi\u1ebfc b\u1ebfp n\u00e0y x\u1ee9ng \u0111\u00e1ng l\u00e0 c\u00f4ng c\u1ee5 h\u1ed7 tr\u1ee3 \u0111\u1eafc l\u1ef1c c\u1ee7a m\u1ecdi kh\u00f4ng gian b\u1ebfp.<\/span><\/span><\/p>\n","protected":false},"excerpt":{"rendered":"<ul>\n<li style=\"font-weight: 400\"><span style=\"font-weight: 400;font-family: helvetica, arial, sans-serif\">S\u1edf h\u1eefu 6 h\u1ecdng b\u1ebfp gi\u00fap ch\u1ebf bi\u1ebfn nhi\u1ec1u m\u00f3n \u0103n c\u00f9ng l\u00fac<\/span><\/li>\n<li style=\"font-weight: 400\"><span style=\"font-weight: 400;font-family: helvetica, arial, sans-serif\">Thi\u1ebft k\u1ebf l\u00f2 n\u01b0\u1edbng, ti\u1ec7n d\u1ee5ng cho c\u00e1c m\u00f3n n\u01b0\u1edbng<\/span><\/li>\n<li style=\"font-weight: 400\"><span style=\"font-weight: 400;font-family: helvetica, arial, sans-serif\">Th\u1ef1c ph\u1ea9m ch\u00edn nhanh ch\u00f3ng, ti\u1ebft ki\u1ec7m gas<\/span><\/li>\n<li style=\"font-weight: 400\"><span style=\"font-weight: 400;font-family: helvetica, arial, sans-serif\">S\u1ea3n xu\u1ea5t b\u1eb1ng v\u1eadt li\u1ec7u cao c\u1ea5p, s\u00e1ng b\u00f3ng<\/span><\/li>\n<li style=\"font-weight: 400\"><span style=\"font-weight: 400;font-family: helvetica, arial, sans-serif\">D\u1ec5 d\u00e0ng \u0111i\u1ec1u ch\u1ec9nh nhi\u1ec7t \u0111\u1ed9 theo \u00fd mu\u1ed1n<\/span><\/li>\n<\/ul>\n","protected":false},"featured_media":38706,"comment_status":"open","ping_status":"closed","template":"","meta":[],"product_cat":[247,234],"product_tag":[],"_links":{"self":[{"href":"https:\/\/thucpham.com\/vinacom\/wp-json\/wp\/v2\/product\/10602"}],"collection":[{"href":"https:\/\/thucpham.com\/vinacom\/wp-json\/wp\/v2\/product"}],"about":[{"href":"https:\/\/thucpham.com\/vinacom\/wp-json\/wp\/v2\/types\/product"}],"replies":[{"embeddable":true,"href":"https:\/\/thucpham.com\/vinacom\/wp-json\/wp\/v2\/comments?post=10602"}],"wp:featuredmedia":[{"embeddable":true,"href":"https:\/\/thucpham.com\/vinacom\/wp-json\/wp\/v2\/media\/38706"}],"wp:attachment":[{"href":"https:\/\/thucpham.com\/vinacom\/wp-json\/wp\/v2\/media?parent=10602"}],"wp:term":[{"taxonomy":"product_cat","embeddable":true,"href":"https:\/\/thucpham.com\/vinacom\/wp-json\/wp\/v2\/product_cat?post=10602"},{"taxonomy":"product_tag","embeddable":true,"href":"https:\/\/thucpham.com\/vinacom\/wp-json\/wp\/v2\/product_tag?post=10602"}],"curies":[{"name":"wp","href":"https:\/\/api.w.org\/{rel}","templated":true}]}}