{"id":10593,"date":"2020-07-13T15:05:51","date_gmt":"2020-07-13T15:05:51","guid":{"rendered":"https:\/\/thucpham.com\/?post_type=product&#038;p=10593"},"modified":"2021-12-08T17:02:46","modified_gmt":"2021-12-08T10:02:46","slug":"bep-au-6-hong-dung-gas-berjaya","status":"publish","type":"product","link":"https:\/\/thucpham.com\/vinacom\/bep-au-6-hong-dung-gas-berjaya\/","title":{"rendered":"B\u1ebfp \u00c2u 6 H\u1ecdng D\u00f9ng Gas Berjaya"},"content":{"rendered":"<p style=\"text-align: justify\"><span style=\"font-family: helvetica, arial, sans-serif\"><b><i>B\u1ebfp \u00c2u 6 h\u1ecdng d\u00f9ng gas Berjaya <\/i><\/b><b><i>OB6-17 <\/i><\/b><span style=\"font-weight: 400\">l\u00e0 d\u00f2ng b\u1ebfp n\u1ed5i ti\u1ebfng c\u1ee7a th\u01b0\u01a1ng hi\u1ec7u Berjaya, Malaysia v\u1edbi hi\u1ec7u su\u1ea5t l\u1edbn, \u0111\u1ed9 b\u1ec1n cao, \u0111\u1ea3m b\u1ea3o an to\u00e0n v\u1edbi ng\u01b0\u1eddi ti\u00eau d\u00f9ng. B\u1ebfp s\u1ebd gi\u00fap b\u1ea1n th\u1ef1c hi\u1ec7n c\u00f4ng vi\u1ec7c n\u1ea5u n\u01b0\u1edbng m\u1ed9t c\u00e1ch nhanh ch\u00f3ng m\u00e0 v\u1eabn ti\u1ebft ki\u1ec7m n\u0103ng l\u01b0\u1ee3ng. B\u1ebfp \u00c2u <\/span><span style=\"font-weight: 400\">Berjaya <\/span><span style=\"font-weight: 400\">OB6-17 \u0111\u01b0\u1ee3c trang b\u1ecb 6 h\u1ecdng \u0111\u1ed1t, cho ph\u00e9p b\u1ea1n c\u00f9ng l\u00fac ch\u1ebf bi\u1ebfn 6 m\u00f3n \u0103n kh\u00e1c nhau m\u00e0 ho\u00e0n to\u00e0n kh\u00f4ng va \u0111\u1eadp hay g\u00e2y c\u1ea3n tr\u1edf v\u00e0o nhau khi n\u1ea5u.<\/span><\/span><\/p>\n<p><img class=\"size-full wp-image-12416 aligncenter\" src=\"https:\/\/thucpham.com\/wp-content\/uploads\/2020\/07\/bep-au-6-hong-dung-GAS-OB6-17-banner.jpg\" alt=\"bep-au-6-hong-dung-GAS-OB6-17\" width=\"820\" height=\"656\" srcset=\"https:\/\/thucpham.com\/vinacom\/wp-content\/uploads\/2020\/07\/bep-au-6-hong-dung-GAS-OB6-17-banner.jpg 820w, https:\/\/thucpham.com\/vinacom\/wp-content\/uploads\/2020\/07\/bep-au-6-hong-dung-GAS-OB6-17-banner-300x240.jpg 300w, https:\/\/thucpham.com\/vinacom\/wp-content\/uploads\/2020\/07\/bep-au-6-hong-dung-GAS-OB6-17-banner-768x614.jpg 768w, https:\/\/thucpham.com\/vinacom\/wp-content\/uploads\/2020\/07\/bep-au-6-hong-dung-GAS-OB6-17-banner-24x19.jpg 24w, https:\/\/thucpham.com\/vinacom\/wp-content\/uploads\/2020\/07\/bep-au-6-hong-dung-GAS-OB6-17-banner-36x29.jpg 36w, https:\/\/thucpham.com\/vinacom\/wp-content\/uploads\/2020\/07\/bep-au-6-hong-dung-GAS-OB6-17-banner-48x38.jpg 48w, https:\/\/thucpham.com\/vinacom\/wp-content\/uploads\/2020\/07\/bep-au-6-hong-dung-GAS-OB6-17-banner-510x408.jpg 510w\" sizes=\"(max-width: 820px) 100vw, 820px\" title=\"\"><\/p>\n<p style=\"text-align: center\"><em><span style=\"font-family: helvetica, arial, sans-serif\">Th\u00f4ng tin s\u1ea3n ph\u1ea9m b\u1ebfp \u00c2u 6 h\u1ecdng d\u00f9ng gas Berjaya OB6-17<\/span><\/em><\/p>\n<p style=\"text-align: justify\"><span style=\"font-family: helvetica, arial, sans-serif\"><b><i>B\u1ebfp \u00c2u 6 h\u1ecdng d\u00f9ng gas Berjaya <\/i><\/b><b><i>OB6-17<\/i><\/b><span style=\"font-weight: 400\"> \u0111\u01b0\u1ee3c l\u00e0m b\u1eb1ng th\u00e9p kh\u00f4ng g\u1ec9 cao c\u1ea5p, mang m\u1ed9t v\u1ebb ngo\u00e0i s\u00e1ng b\u00f3ng, sang tr\u1ecdng, h\u1ea1n ch\u1ebf t\u1ed1i \u0111a han g\u1ec9 qua th\u1eddi gian, lu\u00f4n b\u1ec1n \u0111\u1eb9p nh\u01b0 m\u1edbi, v\u00e0 r\u1ea5t d\u1ec5 v\u1ec7 sinh.&nbsp; Ki\u1ec1ng b\u1ebfp \u0111\u01b0\u1ee3c k\u1ebft c\u1ea5u b\u1eb1ng gang c\u01b0\u1eddng l\u1ef1c, kh\u00f4ng ch\u1ec9 c\u00f3 \u0111\u1ed9 b\u1ec1n l\u1edbn m\u00e0 c\u00f2n c\u00f3 th\u1ec3 ch\u1ecbu nhi\u1ec7t \u0111\u1ed9 cao. Ngo\u00e0i ra, thi\u1ebft b\u1ecb n\u00e0y c\u00f2n \u0111\u01b0\u1ee3c l\u1eafp \u0111\u1eb7t h\u1ec7 th\u1ed1ng \u0111\u00e1nh l\u1eeda \u00e1p v\u00e0 van kh\u00f3a gas an to\u00e0n. T\u1eebng h\u1ecdng gas \u0111\u1ec1u c\u00f3 c\u00f4ng t\u1eafc s\u1eed d\u1ee5ng t\u00e1ch bi\u1ec7t, n\u00ean ng\u01b0\u1eddi d\u00f9ng ho\u00e0n to\u00e0n c\u00f3 th\u1ec3 y\u00ean t\u00e2m v\u1ec1 v\u1ea5n \u0111\u1ec1 ti\u1ebft ki\u1ec7m nhi\u00ean li\u1ec7u.<\/span><\/span><\/p>\n","protected":false},"excerpt":{"rendered":"<ul>\n<li style=\"font-weight: 400\"><span style=\"font-weight: 400;font-family: helvetica, arial, sans-serif\">Thi\u1ebft k\u1ebf 6 h\u1ecdng \u0111\u1ed1t, n\u1ea5u \u0103n nhanh ch\u00f3ng<\/span><\/li>\n<li style=\"font-weight: 400\"><span style=\"font-weight: 400;font-family: helvetica, arial, sans-serif\">Khay h\u1ee9ng m\u1ee1 th\u1eeba b\u1eb1ng inox s\u1ea1ch s\u1ebd<\/span><\/li>\n<li style=\"font-weight: 400\"><span style=\"font-weight: 400;font-family: helvetica, arial, sans-serif\">\u0110\u01b0\u1ee3c nh\u1eadp kh\u1ea9u ch\u00ednh h\u00e3ng<\/span><\/li>\n<li style=\"font-weight: 400\"><span style=\"font-weight: 400;font-family: helvetica, arial, sans-serif\">Ki\u1ec1ng b\u1ebfp b\u1eb1ng gang, ch\u1ecbu nhi\u1ec7t cao<\/span><\/li>\n<li style=\"font-weight: 400\"><span style=\"font-weight: 400;font-family: helvetica, arial, sans-serif\">Th\u00e2n m\u00e1y l\u00e0m b\u1eb1ng th\u00e9p kh\u00f4ng g\u1ec9 cao c\u1ea5p<\/span><\/li>\n<li style=\"font-weight: 400\"><span style=\"font-weight: 400;font-family: helvetica, arial, sans-serif\">Thi\u1ebft k\u1ebf nh\u1ecf g\u1ecdn, th\u00f4ng minh<\/span><\/li>\n<li style=\"font-weight: 400\"><span style=\"font-weight: 400;font-family: helvetica, arial, sans-serif\">Ti\u1ebft ki\u1ec7m nhi\u00ean li\u1ec7u, s\u1eed d\u1ee5ng d\u1ec5 d\u00e0ng<\/span><\/li>\n<\/ul>\n","protected":false},"featured_media":38783,"comment_status":"open","ping_status":"closed","template":"","meta":[],"product_cat":[234,247],"product_tag":[],"_links":{"self":[{"href":"https:\/\/thucpham.com\/vinacom\/wp-json\/wp\/v2\/product\/10593"}],"collection":[{"href":"https:\/\/thucpham.com\/vinacom\/wp-json\/wp\/v2\/product"}],"about":[{"href":"https:\/\/thucpham.com\/vinacom\/wp-json\/wp\/v2\/types\/product"}],"replies":[{"embeddable":true,"href":"https:\/\/thucpham.com\/vinacom\/wp-json\/wp\/v2\/comments?post=10593"}],"wp:featuredmedia":[{"embeddable":true,"href":"https:\/\/thucpham.com\/vinacom\/wp-json\/wp\/v2\/media\/38783"}],"wp:attachment":[{"href":"https:\/\/thucpham.com\/vinacom\/wp-json\/wp\/v2\/media?parent=10593"}],"wp:term":[{"taxonomy":"product_cat","embeddable":true,"href":"https:\/\/thucpham.com\/vinacom\/wp-json\/wp\/v2\/product_cat?post=10593"},{"taxonomy":"product_tag","embeddable":true,"href":"https:\/\/thucpham.com\/vinacom\/wp-json\/wp\/v2\/product_tag?post=10593"}],"curies":[{"name":"wp","href":"https:\/\/api.w.org\/{rel}","templated":true}]}}