{"id":10587,"date":"2020-07-13T15:00:25","date_gmt":"2020-07-13T15:00:25","guid":{"rendered":"https:\/\/thucpham.com\/?post_type=product&#038;p=10587"},"modified":"2021-12-08T16:51:30","modified_gmt":"2021-12-08T09:51:30","slug":"bep-au-4-hong-co-ran-phang-dung-gas-berjaya","status":"publish","type":"product","link":"https:\/\/thucpham.com\/vinacom\/bep-au-4-hong-co-ran-phang-dung-gas-berjaya\/","title":{"rendered":"B\u1ebfp \u00c2u 4 H\u1ecdng C\u00f3 R\u00e1n Ph\u1eb3ng D\u00f9ng Gas Berjaya"},"content":{"rendered":"<p style=\"text-align: justify\"><span style=\"font-family: helvetica, arial, sans-serif\"><b><i>B\u1ebfp \u00e2u 4 h\u1ecdng c\u00f3 r\u00e1n ph\u1eb3ng d\u00f9ng gas Berjaya <\/i><\/b><b><i>OB4GG1B-17 <\/i><\/b><span style=\"font-weight: 400\">l\u00e0 d\u00f2ng b\u1ebfp cao c\u1ea5p \u0111\u01b0\u1ee3c nh\u1eadp kh\u1ea9u 100% t\u1eeb Malaysia v\u00e0 \u0111\u01b0\u1ee3c ph\u00e2n ph\u1ed1i ch\u00ednh h\u00e3ng t\u1ea1i th\u1ecb tr\u01b0\u1eddng Vi\u1ec7t Nam b\u1edfi ThucPham.com. \u0110\u00e2y l\u00e0 s\u1ea3n ph\u1ea9m \u0111\u01b0\u1ee3c thi\u1ebft k\u1ebf v\u1edbi c\u00f4ng su\u1ea5t l\u1edbn v\u1edbi 4 h\u1ecdng \u0111\u1ed1t, gi\u00fap ch\u1ebf bi\u1ebfn m\u00f3n \u0103n d\u1ec5 d\u00e0ng v\u00e0 ngon h\u01a1n. Ngo\u00e0i ra, <\/span><span style=\"font-weight: 400\">b\u1ebfp \u00c2u 4 h\u1ecdng c\u00f2n t\u00edch h\u1ee3p th\u00eam m\u1eb7t chi\u00ean ph\u1eb3ng, c\u00f3 th\u1ec3 ch\u1ebf bi\u1ebfn nhi\u1ec1u m\u00f3n chi\u00ean, l\u00e0m cho th\u1ef1c \u0111\u01a1n nh\u00e0 h\u00e0ng b\u1ea1n th\u00eam phong ph\u00fa h\u01a1n.&nbsp;<\/span><\/span><\/p>\n<p><img class=\"size-full wp-image-12250 aligncenter\" src=\"https:\/\/thucpham.com\/wp-content\/uploads\/2020\/07\/bep-au-4-hong-co-ran-phang-dung-gas-OB4GG1B-17-banner.jpg\" alt=\"bep-au-4-hong-co-ran-phang-dung-gas-OB4GG1B-17\" width=\"820\" height=\"656\" srcset=\"https:\/\/thucpham.com\/vinacom\/wp-content\/uploads\/2020\/07\/bep-au-4-hong-co-ran-phang-dung-gas-OB4GG1B-17-banner.jpg 820w, https:\/\/thucpham.com\/vinacom\/wp-content\/uploads\/2020\/07\/bep-au-4-hong-co-ran-phang-dung-gas-OB4GG1B-17-banner-300x240.jpg 300w, https:\/\/thucpham.com\/vinacom\/wp-content\/uploads\/2020\/07\/bep-au-4-hong-co-ran-phang-dung-gas-OB4GG1B-17-banner-768x614.jpg 768w, https:\/\/thucpham.com\/vinacom\/wp-content\/uploads\/2020\/07\/bep-au-4-hong-co-ran-phang-dung-gas-OB4GG1B-17-banner-24x19.jpg 24w, https:\/\/thucpham.com\/vinacom\/wp-content\/uploads\/2020\/07\/bep-au-4-hong-co-ran-phang-dung-gas-OB4GG1B-17-banner-36x29.jpg 36w, https:\/\/thucpham.com\/vinacom\/wp-content\/uploads\/2020\/07\/bep-au-4-hong-co-ran-phang-dung-gas-OB4GG1B-17-banner-48x38.jpg 48w, https:\/\/thucpham.com\/vinacom\/wp-content\/uploads\/2020\/07\/bep-au-4-hong-co-ran-phang-dung-gas-OB4GG1B-17-banner-510x408.jpg 510w\" sizes=\"(max-width: 820px) 100vw, 820px\" title=\"\"><\/p>\n<p style=\"text-align: center\"><em>Th\u00f4ng tin s\u1ea3n ph\u1ea9m <span style=\"font-family: helvetica, arial, sans-serif\">b\u1ebfp \u00e2u 4 h\u1ecdng c\u00f3 r\u00e1n ph\u1eb3ng d\u00f9ng gas Berjaya OB4GG1B-17<\/span><\/em><\/p>\n<p style=\"text-align: justify\"><span style=\"font-family: helvetica, arial, sans-serif\"><span style=\"font-weight: 400\">Th\u00e2n m\u00e1y l\u00e0m b\u1eb1ng th\u00e9p kh\u00f4ng g\u1ec9 cao c\u1ea5p<\/span><span style=\"font-weight: 400\"> v\u1eeba b\u1ec1n v\u1eeba \u0111\u1eb9p m\u1eaft l\u1ea1i d\u1ec5 d\u00e0ng v\u1ec7 sinh, lau ch\u00f9i, lu\u00f4n mang t\u1edbi \u0111\u1ed9 s\u00e1ng b\u00f3ng, sang tr\u1ecdng cho khu v\u1ef1c b\u1ebfp n\u1ea5u. Chi\u1ebfc b\u1ebfp n\u00e0y c\u00f2n \u0111\u01b0\u1ee3c trang b\u1ecb ki\u1ec1ng gang c\u00f3 kh\u1ea3 n\u0103ng ch\u1ecbu nhi\u1ec7t, ch\u1ecbu l\u1ef1c t\u1ed1t. Th\u00eam v\u00e0o \u0111\u00f3, <\/span><b><i>b\u1ebfp \u00e2u 4 h\u1ecdng c\u00f3 r\u00e1n ph\u1eb3ng d\u00f9ng gas Berjaya <\/i><\/b><b><i>OB4GG1B-17<\/i><\/b><span style=\"font-weight: 400\"> c\u00f2n \u0111\u01b0\u1ee3c b\u1ed1 tr\u00ed h\u1ec7 th\u1ed1ng van gas an to\u00e0n, \u0111i\u1ec1u ch\u1ec9nh ri\u00eang bi\u1ec7t, thu\u1eadn ti\u1ec7n n\u1ea5u c\u00e1c m\u00f3n \u0103n kh\u00e1c nhau c\u00f9ng l\u00fac. <\/span><span style=\"font-weight: 400\">B\u1ed9 \u0111\u00e1nh l\u1eeda ng\u1eaft gas t\u1ef1 \u0111\u1ed9ng \u0111\u01b0\u1ee3c trang b\u1ecb \u0111i k\u00e8m \u0111\u1ea3m b\u1ea3o an to\u00e0n cho ng\u01b0\u1eddi d\u00f9ng.<\/span><\/span><\/p>\n","protected":false},"excerpt":{"rendered":"<ul>\n<li style=\"font-weight: 400\"><span style=\"font-weight: 400;font-family: helvetica, arial, sans-serif\">T\u00edch h\u1ee3p hai ch\u1ee9c n\u0103ng n\u1ea5u v\u00e0 r\u00e1n \u0111a d\u1ea1ng m\u00f3n \u0103n<\/span><\/li>\n<li style=\"font-weight: 400\"><span style=\"font-weight: 400;font-family: helvetica, arial, sans-serif\">C\u00f3 4 ch\u00e2n \u0111i\u1ec1u ch\u1ec9nh cao th\u1ea5p<\/span><\/li>\n<li style=\"font-weight: 400\"><span style=\"font-weight: 400;font-family: helvetica, arial, sans-serif\">Trang b\u1ecb khay h\u1ee9ng m\u1ee1, \u0111\u1ea3m b\u1ea3o v\u1ec7 sinh<\/span><\/li>\n<li style=\"font-weight: 400\"><span style=\"font-weight: 400;font-family: helvetica, arial, sans-serif\">V\u1eadn h\u00e0nh b\u1ebfp \u0111\u01a1n gi\u1ea3n, ai c\u0169ng c\u00f3 th\u1ec3 s\u1eed d\u1ee5ng \u0111\u01b0\u1ee3c<\/span><\/li>\n<li style=\"font-weight: 400\"><span style=\"font-weight: 400;font-family: helvetica, arial, sans-serif\">H\u1ec7 th\u1ed1ng \u0111\u00e1nh gas t\u1ef1 \u0111\u1ed9ng ch\u00ednh x\u00e1c<\/span><\/li>\n<\/ul>\n","protected":false},"featured_media":38771,"comment_status":"open","ping_status":"closed","template":"","meta":[],"product_cat":[234,247],"product_tag":[],"_links":{"self":[{"href":"https:\/\/thucpham.com\/vinacom\/wp-json\/wp\/v2\/product\/10587"}],"collection":[{"href":"https:\/\/thucpham.com\/vinacom\/wp-json\/wp\/v2\/product"}],"about":[{"href":"https:\/\/thucpham.com\/vinacom\/wp-json\/wp\/v2\/types\/product"}],"replies":[{"embeddable":true,"href":"https:\/\/thucpham.com\/vinacom\/wp-json\/wp\/v2\/comments?post=10587"}],"wp:featuredmedia":[{"embeddable":true,"href":"https:\/\/thucpham.com\/vinacom\/wp-json\/wp\/v2\/media\/38771"}],"wp:attachment":[{"href":"https:\/\/thucpham.com\/vinacom\/wp-json\/wp\/v2\/media?parent=10587"}],"wp:term":[{"taxonomy":"product_cat","embeddable":true,"href":"https:\/\/thucpham.com\/vinacom\/wp-json\/wp\/v2\/product_cat?post=10587"},{"taxonomy":"product_tag","embeddable":true,"href":"https:\/\/thucpham.com\/vinacom\/wp-json\/wp\/v2\/product_tag?post=10587"}],"curies":[{"name":"wp","href":"https:\/\/api.w.org\/{rel}","templated":true}]}}