{"id":10584,"date":"2020-07-13T14:58:01","date_gmt":"2020-07-13T07:58:01","guid":{"rendered":"https:\/\/thucpham.com\/?post_type=product&#038;p=10584"},"modified":"2023-12-19T13:34:57","modified_gmt":"2023-12-19T06:34:57","slug":"bep-au-4-hong-co-lo-nuong-va-chien-phang-berjaya","status":"publish","type":"product","link":"https:\/\/thucpham.com\/vinacom\/bep-au-4-hong-co-lo-nuong-va-chien-phang-berjaya\/","title":{"rendered":"B\u1ebfp \u00c2u 4 H\u1ecdng C\u00f3 L\u00f2 N\u01b0\u1edbng V\u00e0 Chi\u00ean Ph\u1eb3ng Berjaya"},"content":{"rendered":"<p style=\"text-align: justify\"><b><i>B\u1ebfp \u00c2u 4 h\u1ecdng c\u00f3 l\u00f2 n\u01b0\u1edbng v\u00e0 chi\u00ean ph\u1eb3ng Berjaya <\/i><\/b><b><i>OB4GG1BWOL<\/i><\/b><span style=\"font-weight: 400\"> \u0111\u01b0\u1ee3c nh\u1eadp kh\u1ea9u tr\u1ef1c ti\u1ebfp t\u1eeb nh\u00e0 s\u1ea3n xu\u1ea5t Berjaya, Malaysia, chuy\u00ean d\u00f9ng cho h\u1ec7 th\u1ed1ng nh\u00e0 h\u00e0ng chuy\u00ean ph\u1ee5c v\u1ee5 m\u00f3n \u00c2u. \u0110\u00e2y l\u00e0 lo\u1ea1i b\u1ebfp \u0111a n\u0103ng, trong c\u00f9ng m\u1ed9t th\u1eddi gian m\u00e0 b\u1ea1n c\u00f3 th\u1ec3 k\u1ebft h\u1ee3p n\u1ea5u, n\u01b0\u1edbng v\u00e0 chi\u00ean c\u00e1c m\u00f3n kh\u00e1c nhau, r\u1ea5t nhanh ch\u00f3ng v\u00e0 ti\u1ec7n l\u1ee3i. M\u1eb7c d\u00f9 c\u00f3 tr\u1ecdng l\u01b0\u1ee3ng l\u1edbn 163 kg nh\u01b0ng b\u1ebfp \u0111\u01b0\u1ee3c thi\u1ebft k\u1ebf v\u00f4 c\u00f9ng tinh t\u1ebf, kh\u00e9o l\u00e9o, g\u1ecdn g\u00e0ng, gi\u00fap ng\u01b0\u1eddi d\u00f9ng d\u1ec5 d\u00e0ng di chuy\u1ec3n v\u00e0 l\u1eafp \u0111\u1eb7t b\u1ea5t c\u1ee9 v\u1ecb tr\u00ed n\u00e0o trong kh\u00f4ng gian b\u1ebfp.&nbsp;<\/span><\/p>\n<p><img class=\"size-full wp-image-12049 aligncenter\" src=\"https:\/\/thucpham.com\/wp-content\/uploads\/2020\/07\/bep-au-4-hong-co-lo-nuong-chien-phang-banner.jpg\" alt=\"bep-au-4-hong-co-lo-nuong-chien-phang\" width=\"820\" height=\"656\" srcset=\"https:\/\/thucpham.com\/vinacom\/wp-content\/uploads\/2020\/07\/bep-au-4-hong-co-lo-nuong-chien-phang-banner.jpg 820w, https:\/\/thucpham.com\/vinacom\/wp-content\/uploads\/2020\/07\/bep-au-4-hong-co-lo-nuong-chien-phang-banner-300x240.jpg 300w, https:\/\/thucpham.com\/vinacom\/wp-content\/uploads\/2020\/07\/bep-au-4-hong-co-lo-nuong-chien-phang-banner-768x614.jpg 768w, https:\/\/thucpham.com\/vinacom\/wp-content\/uploads\/2020\/07\/bep-au-4-hong-co-lo-nuong-chien-phang-banner-24x19.jpg 24w, https:\/\/thucpham.com\/vinacom\/wp-content\/uploads\/2020\/07\/bep-au-4-hong-co-lo-nuong-chien-phang-banner-36x29.jpg 36w, https:\/\/thucpham.com\/vinacom\/wp-content\/uploads\/2020\/07\/bep-au-4-hong-co-lo-nuong-chien-phang-banner-48x38.jpg 48w, https:\/\/thucpham.com\/vinacom\/wp-content\/uploads\/2020\/07\/bep-au-4-hong-co-lo-nuong-chien-phang-banner-510x408.jpg 510w\" sizes=\"(max-width: 820px) 100vw, 820px\" title=\"\"><\/p>\n<p style=\"text-align: center\"><em>Th\u00f4ng tin s\u1ea3n ph\u1ea9m b\u1ebfp \u00c2u 4 h\u1ecdng c\u00f3 l\u00f2 n\u01b0\u1edbng v\u00e0 chi\u00ean ph\u1eb3ng Berjaya OB4GG1BWOL<\/em><\/p>\n<p style=\"text-align: justify\"><span style=\"font-weight: 400\">Th\u00e2n b\u1ebfp \u0111\u01b0\u1ee3c s\u1ea3n xu\u1ea5t b\u1eb1ng inox cao c\u1ea5p, c\u00f3 \u0111\u1ed9 s\u00e1ng b\u00f3ng v\u00e0 \u0111\u1ed9 b\u1ec1n cao, h\u1ea1n ch\u1ebf han g\u1ec9 v\u00e0 m\u00e0i m\u00f2n sau th\u1eddi gian d\u00e0i s\u1eed d\u1ee5ng. Th\u00eam v\u00e0o \u0111\u00f3, b\u1ebfp s\u1eed d\u1ee5ng h\u1ec7 th\u1ed1ng \u0111\u00e1nh l\u1eeda hi\u1ec7n \u0111\u1ea1i, c\u00f3 c\u00e1c n\u00fat \u0111i\u1ec1u khi\u1ec3n \u0111\u01b0\u1ee3c thi\u1ebft k\u1ebf d\u1ec5 \u0111i\u1ec1u ch\u1ec9nh v\u00e0 \u0111\u01a1n gi\u1ea3n, kh\u00f4ng g\u00e2y kh\u00f3 kh\u0103n cho ng\u01b0\u1eddi m\u1edbi d\u00f9ng l\u1ea7n \u0111\u1ea7u. Ngo\u00e0i ra, b\u1ebfp \u00c2u <\/span><span style=\"font-weight: 400\">Berjaya <\/span><span style=\"font-weight: 400\">OB4GG1BWO c\u00f3 khay ch\u1ee9a m\u1ee1 th\u1eeba b\u1eb1ng inox c\u00f3 th\u1ec3 th\u00e1o r\u1eddi v\u1ec7 sinh d\u1ec5 d\u00e0ng. V\u1edbi nh\u1eefng \u0111\u1eb7c t\u00ednh \u01b0u vi\u1ec7t tr\u00ean, <\/span><b><i>b\u1ebfp \u00c2u 4 h\u1ecdng c\u00f3 l\u00f2 n\u01b0\u1edbng v\u00e0 chi\u00ean ph\u1eb3ng Berjaya <\/i><\/b><b><i>OB4GG1BWOL<\/i><\/b><span style=\"font-weight: 400\"> l\u00e0 s\u1ea3n ph\u1ea9m kh\u00f4ng th\u1ec3 thi\u1ebfu \u0111\u01b0\u1ee3c trong c\u00e1c kh\u00e1ch s\u1ea1n, nh\u00e0 h\u00e0ng l\u1edbn, c\u00f3 s\u1ed1 l\u01b0\u1ee3ng kh\u00e1ch \u0111\u00f4ng.<\/span><\/p>\n","protected":false},"excerpt":{"rendered":"<ul>\n<li style=\"font-weight: 400\"><span style=\"font-weight: 400\">Thi\u1ebft k\u1ebf ch\u00e2n \u0111\u1ee9ng ch\u1eafc ch\u1eafn<\/span><\/li>\n<li style=\"font-weight: 400\"><span style=\"font-weight: 400\">Trang b\u1ecb 4 h\u1ecdng \u0111\u1ed1t, h\u1ec7 th\u1ed1ng \u0111\u00e1nh l\u1eeda t\u1ef1 \u0111\u1ed9ng<\/span><\/li>\n<li style=\"font-weight: 400\"><span style=\"font-weight: 400\">S\u1ea3n xu\u1ea5t b\u1eb1ng inox ch\u1ed1ng g\u1ec9, c\u00f3 \u0111\u1ed9 b\u1ec1n v\u00e0 tu\u1ed5i th\u1ecd cao<\/span><\/li>\n<li style=\"font-weight: 400\"><span style=\"font-weight: 400\">T\u00edch h\u1ee3p \u201c3 trong 1\u201d g\u1ed3m n\u1ea5u, n\u01b0\u1edbng v\u00e0 chi\u00ean<\/span><\/li>\n<li style=\"font-weight: 400\"><span style=\"font-weight: 400\">Khay h\u1ee9ng m\u1ee1 d\u1ec5 d\u00e0ng th\u00e1o r\u1eddi v\u1ec7 sinh<\/span><\/li>\n<li style=\"font-weight: 400\"><span style=\"font-weight: 400\">C\u00e1c n\u00fam \u0111i\u1ec1u ch\u1ec9nh ho\u1ea1t \u0111\u1ed9ng \u0111\u1ed9c l\u1eadp<\/span><\/li>\n<li style=\"font-weight: 400\"><span style=\"font-weight: 400\">Ki\u1ec1ng gang d\u1ec5 th\u00e1o l\u1eafp v\u00e0 thay th\u1ebf<\/span><\/li>\n<\/ul>\n","protected":false},"featured_media":38766,"comment_status":"open","ping_status":"closed","template":"","meta":[],"product_cat":[234,247],"product_tag":[],"_links":{"self":[{"href":"https:\/\/thucpham.com\/vinacom\/wp-json\/wp\/v2\/product\/10584"}],"collection":[{"href":"https:\/\/thucpham.com\/vinacom\/wp-json\/wp\/v2\/product"}],"about":[{"href":"https:\/\/thucpham.com\/vinacom\/wp-json\/wp\/v2\/types\/product"}],"replies":[{"embeddable":true,"href":"https:\/\/thucpham.com\/vinacom\/wp-json\/wp\/v2\/comments?post=10584"}],"wp:featuredmedia":[{"embeddable":true,"href":"https:\/\/thucpham.com\/vinacom\/wp-json\/wp\/v2\/media\/38766"}],"wp:attachment":[{"href":"https:\/\/thucpham.com\/vinacom\/wp-json\/wp\/v2\/media?parent=10584"}],"wp:term":[{"taxonomy":"product_cat","embeddable":true,"href":"https:\/\/thucpham.com\/vinacom\/wp-json\/wp\/v2\/product_cat?post=10584"},{"taxonomy":"product_tag","embeddable":true,"href":"https:\/\/thucpham.com\/vinacom\/wp-json\/wp\/v2\/product_tag?post=10584"}],"curies":[{"name":"wp","href":"https:\/\/api.w.org\/{rel}","templated":true}]}}