{"id":10566,"date":"2020-07-13T14:39:11","date_gmt":"2020-07-13T14:39:11","guid":{"rendered":"https:\/\/thucpham.com\/?post_type=product&#038;p=10566"},"modified":"2021-12-08T16:25:51","modified_gmt":"2021-12-08T09:25:51","slug":"bep-au-2-hong-am-ban-dung-dien-modular","status":"publish","type":"product","link":"https:\/\/thucpham.com\/vinacom\/bep-au-2-hong-am-ban-dung-dien-modular\/","title":{"rendered":"B\u1ebfp \u00c2u 2 H\u1ecdng \u00c2m B\u00e0n D\u00f9ng \u0110i\u1ec7n Modular"},"content":{"rendered":"<p style=\"text-align: justify\"><span style=\"font-family: helvetica, arial, sans-serif\"><b><i>B\u1ebfp \u00c2u 2 h\u1ecdng \u00e2m b\u00e0n d\u00f9ng \u0111i\u1ec7n Modular <\/i><\/b><b><i>FU 60\/30 PCE<\/i><\/b><span style=\"font-weight: 400\"> \u0111\u01b0\u1ee3c ThucPham.com nh\u1eadp kh\u1ea9u 100% t\u1eeb \u00dd v\u1edbi ch\u1ea5t l\u01b0\u1ee3ng \u0111\u1ea1t chu\u1ea9n Ch\u00e2u \u00c2u. Thi\u1ebft b\u1ecb c\u00f3 k\u00edch th\u01b0\u1edbc nh\u1ecf g\u1ecdn 300x600x280 mm, th\u00edch h\u1ee3p l\u1eafp \u0111\u1eb7t \u1edf m\u1ecdi kh\u00f4ng gian b\u1ebfp. Thi\u1ebft k\u1ebf nh\u1ecf g\u1ecdn nh\u01b0ng kh\u00f4ng l\u00e0m \u1ea3nh h\u01b0\u1edfng \u0111\u1ebfn hi\u1ec7u su\u1ea5t l\u00e0m vi\u1ec7c c\u1ee7a m\u00e1y. C\u00e1c \u0111\u1ea7u b\u1ebfp d\u1ec5 d\u00e0ng ch\u1ebf bi\u1ebfn c\u00e1c m\u00f3n \u00c2u chu\u1ea9n v\u1ecb v\u1edbi th\u1eddi gian nhanh ch\u00f3ng nh\u1edd hi\u1ec7u su\u1ea5t cao c\u1ee7a s\u1ea3n ph\u1ea9m n\u00e0y. Th\u00eam v\u00e0o \u0111\u00f3, c\u00e1c n\u00fam \u0111i\u1ec1u ch\u1ec9nh nhi\u1ec7t th\u00f4ng minh, cho ph\u00e9p thay \u0111\u1ed5i nhi\u1ec7t l\u01b0\u1ee3ng ph\u00f9 h\u1ee3p v\u1edbi t\u1eebng m\u00f3n \u0103n.&nbsp;<\/span><\/span><\/p>\n<p><img class=\"size-full wp-image-12219 aligncenter\" src=\"https:\/\/thucpham.com\/wp-content\/uploads\/2020\/07\/bep-au-2-hong-am-ban-dung-dien-modular-banner.jpg\" alt=\"bep-au-2-hong-am-ban-dung-dien-modular-banner\" width=\"820\" height=\"656\" srcset=\"https:\/\/thucpham.com\/vinacom\/wp-content\/uploads\/2020\/07\/bep-au-2-hong-am-ban-dung-dien-modular-banner.jpg 820w, https:\/\/thucpham.com\/vinacom\/wp-content\/uploads\/2020\/07\/bep-au-2-hong-am-ban-dung-dien-modular-banner-300x240.jpg 300w, https:\/\/thucpham.com\/vinacom\/wp-content\/uploads\/2020\/07\/bep-au-2-hong-am-ban-dung-dien-modular-banner-768x614.jpg 768w, https:\/\/thucpham.com\/vinacom\/wp-content\/uploads\/2020\/07\/bep-au-2-hong-am-ban-dung-dien-modular-banner-24x19.jpg 24w, https:\/\/thucpham.com\/vinacom\/wp-content\/uploads\/2020\/07\/bep-au-2-hong-am-ban-dung-dien-modular-banner-36x29.jpg 36w, https:\/\/thucpham.com\/vinacom\/wp-content\/uploads\/2020\/07\/bep-au-2-hong-am-ban-dung-dien-modular-banner-48x38.jpg 48w, https:\/\/thucpham.com\/vinacom\/wp-content\/uploads\/2020\/07\/bep-au-2-hong-am-ban-dung-dien-modular-banner-510x408.jpg 510w\" sizes=\"(max-width: 820px) 100vw, 820px\" title=\"\"><\/p>\n<p style=\"text-align: center\"><em>Th\u00f4ng tin s\u1ea3n ph\u1ea9m <span style=\"font-family: helvetica, arial, sans-serif\">b\u1ebfp \u00c2u 2 h\u1ecdng \u00e2m b\u00e0n d\u00f9ng \u0111i\u1ec7n Modular<\/span><\/em><\/p>\n<p style=\"text-align: justify\"><span style=\"font-family: helvetica, arial, sans-serif\"><b><i>B\u1ebfp \u00c2u 2 h\u1ecdng \u00e2m b\u00e0n d\u00f9ng \u0111i\u1ec7n Modular<\/i><\/b><span style=\"font-weight: 400\"> \u0111\u01b0\u1ee3c<\/span><span style=\"font-weight: 400\"> thi\u1ebft k\u1ebf nguy\u00ean kh\u1ed1i v\u1eefng ch\u1eafc v\u1edbi th\u00e2n b\u1ebfp b\u1eb1ng inox cao c\u1ea5p ch\u1ecbu l\u1ef1c t\u1ed1t. B\u00ean c\u1ea1nh \u0111\u00f3, ch\u1ea5t li\u1ec7u inox c\u00f2n h\u1ea1n ch\u1ebf t\u00ecnh tr\u1ea1ng r\u1ec9 s\u00e9t khi ph\u1ea3i ti\u1ebfp x\u00fac th\u01b0\u1eddng xuy\u00ean v\u1edbi d\u1ea7u m\u1ee1, m\u00f4i tr\u01b0\u1eddng \u1ea9m \u01b0\u1edbt trong nh\u00e0 b\u1ebfp. <\/span><span style=\"font-weight: 400\">B\u1ebfp \u00c2u 2 h\u1ecdng Modular c\u00f2n \u1ee9ng d\u1ee5ng c\u00f4ng ngh\u1ec7 ti\u1ebft ki\u1ec7m \u0111i\u1ec7n, gi\u00fap b\u1ea1n ti\u1ebft ki\u1ec7m \u0111\u01b0\u1ee3c <\/span><span style=\"font-weight: 400\">m\u1ed9t kho\u1ea3ng kinh ph\u00ed kh\u00f4ng h\u1ec1 nh\u1ecf. V\u1edbi nh\u1eefng t\u00ednh n\u0103ng n\u1ed5i b\u1eadt v\u00e0 \u1ea5n t\u01b0\u1ee3ng c\u1ee7a m\u00ecnh, b\u1ebfp \u00c2u <\/span><span style=\"font-weight: 400\">Modular <\/span><\/span><span style=\"font-weight: 400\"><span style=\"font-family: helvetica, arial, sans-serif\">FU 60\/30 PCE ng\u00e0y c\u00e0ng \u0111\u01b0\u1ee3c kh\u00e1ch h\u00e0ng l\u1ef1a ch\u1ecdn v\u00e0 tin d\u00f9ng.<\/span> <\/span><\/p>\n","protected":false},"excerpt":{"rendered":"<ul>\n<li style=\"font-weight: 400\"><span style=\"font-weight: 400;font-family: helvetica, arial, sans-serif\">Nh\u1eadp kh\u1ea9u nguy\u00ean \u0111ai nguy\u00ean ki\u1ec7n t\u1eeb \u00dd<\/span><\/li>\n<li style=\"font-weight: 400\"><span style=\"font-weight: 400;font-family: helvetica, arial, sans-serif\">\u1ee8ng d\u1ee5ng c\u00f4ng ngh\u1ec7 ti\u1ebft ki\u1ec7m \u0111i\u1ec7n<\/span><\/li>\n<li style=\"font-weight: 400\"><span style=\"font-weight: 400;font-family: helvetica, arial, sans-serif\">K\u1ebft c\u1ea5u nh\u1ecf g\u1ecdn, v\u1eefng ch\u1eafc<\/span><\/li>\n<li style=\"font-weight: 400\"><span style=\"font-weight: 400;font-family: helvetica, arial, sans-serif\">Hi\u1ec7u n\u0103ng cao gi\u00fap th\u1ef1c ph\u1ea9m ch\u00edn \u0111\u1ec1u\u00a0<\/span><\/li>\n<li style=\"font-weight: 400\"><span style=\"font-weight: 400;font-family: helvetica, arial, sans-serif\">Nhi\u1ec7t l\u01b0\u1ee3ng cao, \u0111\u1ec1u v\u00e0 \u1ed5n \u0111\u1ecbnh<\/span><\/li>\n<li style=\"font-weight: 400\"><span style=\"font-weight: 400;font-family: helvetica, arial, sans-serif\">Th\u00e2n b\u1ebfp b\u1eb1ng inox cao c\u1ea5p ch\u1ecbu l\u1ef1c<\/span><\/li>\n<\/ul>\n","protected":false},"featured_media":38729,"comment_status":"open","ping_status":"closed","template":"","meta":[],"product_cat":[234,247],"product_tag":[],"_links":{"self":[{"href":"https:\/\/thucpham.com\/vinacom\/wp-json\/wp\/v2\/product\/10566"}],"collection":[{"href":"https:\/\/thucpham.com\/vinacom\/wp-json\/wp\/v2\/product"}],"about":[{"href":"https:\/\/thucpham.com\/vinacom\/wp-json\/wp\/v2\/types\/product"}],"replies":[{"embeddable":true,"href":"https:\/\/thucpham.com\/vinacom\/wp-json\/wp\/v2\/comments?post=10566"}],"wp:featuredmedia":[{"embeddable":true,"href":"https:\/\/thucpham.com\/vinacom\/wp-json\/wp\/v2\/media\/38729"}],"wp:attachment":[{"href":"https:\/\/thucpham.com\/vinacom\/wp-json\/wp\/v2\/media?parent=10566"}],"wp:term":[{"taxonomy":"product_cat","embeddable":true,"href":"https:\/\/thucpham.com\/vinacom\/wp-json\/wp\/v2\/product_cat?post=10566"},{"taxonomy":"product_tag","embeddable":true,"href":"https:\/\/thucpham.com\/vinacom\/wp-json\/wp\/v2\/product_tag?post=10566"}],"curies":[{"name":"wp","href":"https:\/\/api.w.org\/{rel}","templated":true}]}}