{"id":10563,"date":"2020-07-13T14:35:33","date_gmt":"2020-07-13T14:35:33","guid":{"rendered":"https:\/\/thucpham.com\/?post_type=product&#038;p=10563"},"modified":"2021-12-08T16:25:48","modified_gmt":"2021-12-08T09:25:48","slug":"bep-au-4-hong-am-ban-dung-dien-modular","status":"publish","type":"product","link":"https:\/\/thucpham.com\/vinacom\/bep-au-4-hong-am-ban-dung-dien-modular\/","title":{"rendered":"B\u1ebfp \u00c2u 4 H\u1ecdng \u00c2m B\u00e0n D\u00f9ng \u0110i\u1ec7n Modular"},"content":{"rendered":"<p style=\"text-align: justify\"><b><i>B\u1ebfp \u00c2u 4 h\u1ecdng \u00e2m b\u00e0n d\u00f9ng \u0111i\u1ec7n Modular <\/i><\/b><b><i>FU 60\/60 PCE <\/i><\/b><span style=\"font-weight: 400\">\u0111\u01b0\u1ee3c s\u1ea3n xu\u1ea5t theo c\u00f4ng ngh\u1ec7 Ch\u00e2u \u00c2u, \u0111\u1ea3m b\u1ea3o mang \u0111\u1ebfn t\u1eadn tay kh\u00e1ch h\u00e0ng m\u1ed9t s\u1ea3n ph\u1ea9m \u0111\u1ea1t chu\u1ea9n ch\u1ea5t l\u01b0\u1ee3ng v\u1edbi \u0111\u1ed9 b\u1ec1n v\u00e0 hi\u1ec7u su\u1ea5t cao. V\u1edbi chi\u1ebfc b\u1ebfp n\u00e0y, vi\u1ec7c ch\u1ebf bi\u1ebfn c\u00e1c m\u00f3n \u00c2u s\u1ebd tr\u1edf n\u00ean \u0111\u01a1n gi\u1ea3n, nhanh ch\u00f3ng kh\u00f4ng t\u1ed1n qu\u00e1 nhi\u1ec1u th\u1eddi gian v\u00e0 c\u00f4ng s\u1ee9c m\u00e0 v\u1eabn nguy\u00ean h\u01b0\u01a1ng v\u1ecb th\u01a1m ngon \u0111\u1eb7c tr\u01b0ng c\u1ee7a m\u00f3n \u00c2u.<\/span><\/p>\n<p><img class=\"size-full wp-image-12079 aligncenter\" src=\"https:\/\/thucpham.com\/wp-content\/uploads\/2020\/07\/bep-au-4-hong-am-ban-dung-dien-modular-banner.jpg\" alt=\"bep-au-4-hong-am-ban-dung-dien-modular\" width=\"820\" height=\"656\" srcset=\"https:\/\/thucpham.com\/vinacom\/wp-content\/uploads\/2020\/07\/bep-au-4-hong-am-ban-dung-dien-modular-banner.jpg 820w, https:\/\/thucpham.com\/vinacom\/wp-content\/uploads\/2020\/07\/bep-au-4-hong-am-ban-dung-dien-modular-banner-300x240.jpg 300w, https:\/\/thucpham.com\/vinacom\/wp-content\/uploads\/2020\/07\/bep-au-4-hong-am-ban-dung-dien-modular-banner-768x614.jpg 768w, https:\/\/thucpham.com\/vinacom\/wp-content\/uploads\/2020\/07\/bep-au-4-hong-am-ban-dung-dien-modular-banner-24x19.jpg 24w, https:\/\/thucpham.com\/vinacom\/wp-content\/uploads\/2020\/07\/bep-au-4-hong-am-ban-dung-dien-modular-banner-36x29.jpg 36w, https:\/\/thucpham.com\/vinacom\/wp-content\/uploads\/2020\/07\/bep-au-4-hong-am-ban-dung-dien-modular-banner-48x38.jpg 48w, https:\/\/thucpham.com\/vinacom\/wp-content\/uploads\/2020\/07\/bep-au-4-hong-am-ban-dung-dien-modular-banner-510x408.jpg 510w\" sizes=\"(max-width: 820px) 100vw, 820px\" title=\"\"><\/p>\n<p style=\"text-align: center\"><em>Th\u00f4ng tin s\u1ea3n ph\u1ea9m b\u1ebfp \u00c2u 4 h\u1ecdng \u00e2m b\u00e0n d\u00f9ng \u0111i\u1ec7n Modular<\/em><\/p>\n<p style=\"text-align: justify\"><span style=\"font-weight: 400\">Ph\u1ea7n th\u00e2n<\/span><b><i> b\u1ebfp \u00c2u 4 h\u1ecdng \u00e2m b\u00e0n d\u00f9ng \u0111i\u1ec7n Modular<\/i><\/b> <span style=\"font-weight: 400\">\u0111\u01b0\u1ee3c s\u1ea3n xu\u1ea5t b\u1eb1ng inox cao c\u1ea5p, h\u1ea1n ch\u1ebf t\u1ed1i \u0111a t\u00ecnh tr\u1ea1ng r\u1ec9 s\u00e9t c\u1ee7a m\u00e1y. Ch\u1ea5t li\u1ec7u inox c\u00f3 \u0111\u1ed9 s\u00e1ng cao, \u00edt b\u00e1m b\u1ee5i b\u1ea9n \u0111\u1ed3ng th\u1eddi d\u1ec5 d\u00e0ng lau ch\u00f9i c\u00e1c v\u1ebft d\u1ea7u m\u1ee1. B\u00ean c\u1ea1nh \u0111\u00f3, b\u1ebfp \u00c2u Modular c\u00f3 kh\u1ea3 n\u0103ng gia nhi\u1ec7t nhanh, nhi\u1ec7t l\u01b0\u1ee3ng l\u1edbn, \u1ed5n \u0111\u1ecbnh n\u00ean gi\u00fap gi\u1ea3m th\u1eddi gian ch\u1ebf bi\u1ebfn c\u00e1c m\u00f3n \u0103n. C\u00e1c n\u00fam v\u1eb7n \u0111i\u1ec1u ch\u1ec9nh h\u1ecdng b\u1ebfp \u0111\u01b0\u1ee3c b\u1ed1 tr\u00ed h\u1ee3p l\u00fd, ch\u1ee9c n\u0103ng th\u00f4ng minh, cho ph\u00e9p thay \u0111\u1ed5i l\u01b0\u1ee3ng nhi\u1ec7t \u1edf c\u00e1c h\u1ecdng b\u1ebfp m\u1ed9t c\u00e1ch \u0111\u01a1n gi\u1ea3n. M\u1eb7t kh\u00e1c, do kh\u1ea3 n\u0103ng gia nhi\u1ec7t nhanh, \u0111i\u1ec1u ch\u1ec9nh \u0111\u01b0\u1ee3c l\u01b0\u1ee3ng nhi\u1ec7t n\u00ean chi\u1ebfc b\u1ebfp n\u00e0y gi\u00fap ti\u1ebft ki\u1ec7m \u0111i\u1ec7n n\u0103ng khi ho\u1ea1t \u0111\u1ed9ng.<\/span><\/p>\n","protected":false},"excerpt":{"rendered":"<ul>\n<li style=\"font-weight: 400\"><span style=\"font-weight: 400\">\u1ee8ng d\u1ee5ng c\u00f4ng ngh\u1ec7 s\u1ea3n xu\u1ea5t ti\u00ean ti\u1ebfn c\u1ee7a Ch\u00e2u \u00c2u<\/span><\/li>\n<li style=\"font-weight: 400\"><span style=\"font-weight: 400\">T\u1ecfa nhi\u1ec7t nhanh, nhi\u1ec7t l\u01b0\u1ee3ng l\u1edbn<\/span><\/li>\n<li style=\"font-weight: 400\"><span style=\"font-weight: 400\">Th\u00e2n m\u00e1y b\u1eb1ng inox cao c\u1ea5p<\/span><\/li>\n<li style=\"font-weight: 400\"><span style=\"font-weight: 400\">Ti\u1ebft ki\u1ec7m \u0111i\u1ec7n n\u0103ng khi ho\u1ea1t \u0111\u1ed9ng<\/span><\/li>\n<li style=\"font-weight: 400\"><span style=\"font-weight: 400\">C\u00e1c n\u00fam \u0111i\u1ec1u ch\u1ec9nh d\u1ec5 d\u00e0ng s\u1eed d\u1ee5ng<\/span><\/li>\n<\/ul>\n","protected":false},"featured_media":38730,"comment_status":"open","ping_status":"closed","template":"","meta":[],"product_cat":[234,247],"product_tag":[],"_links":{"self":[{"href":"https:\/\/thucpham.com\/vinacom\/wp-json\/wp\/v2\/product\/10563"}],"collection":[{"href":"https:\/\/thucpham.com\/vinacom\/wp-json\/wp\/v2\/product"}],"about":[{"href":"https:\/\/thucpham.com\/vinacom\/wp-json\/wp\/v2\/types\/product"}],"replies":[{"embeddable":true,"href":"https:\/\/thucpham.com\/vinacom\/wp-json\/wp\/v2\/comments?post=10563"}],"wp:featuredmedia":[{"embeddable":true,"href":"https:\/\/thucpham.com\/vinacom\/wp-json\/wp\/v2\/media\/38730"}],"wp:attachment":[{"href":"https:\/\/thucpham.com\/vinacom\/wp-json\/wp\/v2\/media?parent=10563"}],"wp:term":[{"taxonomy":"product_cat","embeddable":true,"href":"https:\/\/thucpham.com\/vinacom\/wp-json\/wp\/v2\/product_cat?post=10563"},{"taxonomy":"product_tag","embeddable":true,"href":"https:\/\/thucpham.com\/vinacom\/wp-json\/wp\/v2\/product_tag?post=10563"}],"curies":[{"name":"wp","href":"https:\/\/api.w.org\/{rel}","templated":true}]}}