{"id":10560,"date":"2020-07-13T14:29:24","date_gmt":"2020-07-13T14:29:24","guid":{"rendered":"https:\/\/thucpham.com\/?post_type=product&#038;p=10560"},"modified":"2024-03-13T08:45:38","modified_gmt":"2024-03-13T01:45:38","slug":"bep-au-4-hong-co-lo-nuong-dung-dien-modular-pk-90-80-cfes","status":"publish","type":"product","link":"https:\/\/thucpham.com\/vinacom\/bep-au-4-hong-co-lo-nuong-dung-dien-modular-pk-90-80-cfes\/","title":{"rendered":"B\u1ebfp \u00c2u 4 H\u1ecdng C\u00f3 L\u00f2 N\u01b0\u1edbng D\u00f9ng \u0110i\u1ec7n Modular PK 90\/80 CFES"},"content":{"rendered":"<p style=\"text-align: justify\"><span style=\"font-family: helvetica, arial, sans-serif\"><b><i>B\u1ebfp \u00c2u 4 h\u1ecdng c\u00f3 l\u00f2 n\u01b0\u1edbng d\u00f9ng \u0111i\u1ec7n Modular PK 90\/80 CFES<\/i><\/b><span style=\"font-weight: 400\"> \u0111\u01b0\u1ee3c nh\u1eadp kh\u1ea9u tr\u1ef1c ti\u1ebfp t\u1eeb th\u01b0\u01a1ng hi\u1ec7u n\u1ed5i ti\u1ebfng Modular c\u1ee7a \u00dd v\u00e0 l\u00e0 m\u1ed9t thi\u1ebft b\u1ecb b\u1ebfp c\u00f4ng nghi\u1ec7p kh\u00f4ng th\u1ec3 thi\u1ebfu trong c\u00e1c nh\u00e0 h\u00e0ng chuy\u00ean ph\u1ee5c v\u1ee5 m\u00f3n \u00c2u. S\u1ea3n ph\u1ea9m c\u00f3 thi\u1ebft k\u1ebf ti\u1ec7n d\u1ee5ng v\u00e0 gi\u00fap gi\u1ea3m th\u1eddi gian n\u1ea5u n\u01b0\u1edbng cho c\u00e1c \u0111\u1ea7u b\u1ebfp khi t\u00edch h\u1ee3p 4 h\u1ecdng n\u1ea5u k\u1ebft h\u1ee3p v\u1edbi 1 l\u00f2 n\u01b0\u1edbng \u0111i\u1ec7n. Ch\u1ec9 c\u1ea7n m\u1ed9t thi\u1ebft b\u1ecb m\u00e0 b\u1ea1n c\u00f3 th\u1ec3 v\u1eeba n\u1ea5u c\u00e1c m\u00f3n \u00c2u v\u1eeba ch\u1ebf bi\u1ebfn c\u00e1c m\u00f3n n\u01b0\u1edbng m\u00e0 kh\u00f4ng t\u1ed1n qu\u00e1 nhi\u1ec1u th\u1eddi gian v\u00e0 c\u00f4ng s\u1ee9c, \u0111\u1ea3m b\u1ea3o ph\u1ee5c v\u1ee5 th\u1ef1c kh\u00e1ch nhanh h\u01a1n v\u00e0 t\u1ed1t h\u01a1n.<\/span><\/span><\/p>\n<p><img class=\"size-full wp-image-12225 aligncenter\" src=\"https:\/\/thucpham.com\/wp-content\/uploads\/2020\/07\/bep-au-4-hong-co-lo-nuong-dung-dien-modular-pk-90-80-cfes-banner.jpg\" alt=\"bep-au-4-hong-co-lo-nuong-dung-dien-modular-pk-90-80-cfes\" width=\"820\" height=\"656\" srcset=\"https:\/\/thucpham.com\/vinacom\/wp-content\/uploads\/2020\/07\/bep-au-4-hong-co-lo-nuong-dung-dien-modular-pk-90-80-cfes-banner.jpg 820w, https:\/\/thucpham.com\/vinacom\/wp-content\/uploads\/2020\/07\/bep-au-4-hong-co-lo-nuong-dung-dien-modular-pk-90-80-cfes-banner-300x240.jpg 300w, https:\/\/thucpham.com\/vinacom\/wp-content\/uploads\/2020\/07\/bep-au-4-hong-co-lo-nuong-dung-dien-modular-pk-90-80-cfes-banner-768x614.jpg 768w, https:\/\/thucpham.com\/vinacom\/wp-content\/uploads\/2020\/07\/bep-au-4-hong-co-lo-nuong-dung-dien-modular-pk-90-80-cfes-banner-24x19.jpg 24w, https:\/\/thucpham.com\/vinacom\/wp-content\/uploads\/2020\/07\/bep-au-4-hong-co-lo-nuong-dung-dien-modular-pk-90-80-cfes-banner-36x29.jpg 36w, https:\/\/thucpham.com\/vinacom\/wp-content\/uploads\/2020\/07\/bep-au-4-hong-co-lo-nuong-dung-dien-modular-pk-90-80-cfes-banner-48x38.jpg 48w, https:\/\/thucpham.com\/vinacom\/wp-content\/uploads\/2020\/07\/bep-au-4-hong-co-lo-nuong-dung-dien-modular-pk-90-80-cfes-banner-510x408.jpg 510w\" sizes=\"(max-width: 820px) 100vw, 820px\" title=\"\"><\/p>\n<p style=\"text-align: center\"><em>Th\u00f4ng tin s\u1ea3n ph\u1ea9m b<span style=\"font-family: helvetica, arial, sans-serif\">\u1ebfp \u00c2u 4 h\u1ecdng c\u00f3 l\u00f2 n\u01b0\u1edbng d\u00f9ng \u0111i\u1ec7n Modular PK 90\/80 CFES<\/span><\/em><\/p>\n<p style=\"text-align: justify\"><span style=\"font-family: helvetica, arial, sans-serif\"><b><i>B\u1ebfp \u00c2u 4 h\u1ecdng c\u00f3 l\u00f2 n\u01b0\u1edbng d\u00f9ng \u0111i\u1ec7n Modular PK 90\/80 CFES<\/i><\/b><span style=\"font-weight: 400\"> c\u00f3 thi\u1ebft k\u1ebf ch\u1eafc ch\u1eafn, g\u1ecdn g\u00e0ng nh\u01b0ng v\u1eabn to\u00e1t l\u00ean \u0111\u01b0\u1ee3c s\u1ef1 sang tr\u1ecdng, hi\u1ec7n \u0111\u1ea1i. Th\u00e2n b\u1ebfp \u0111\u01b0\u1ee3c l\u00e0m b\u1eb1ng inox ch\u1ed1ng g\u1ec9, c\u00f3 kh\u1ea3 n\u0103ng ch\u1ecbu va \u0111\u1eadp t\u1ed1t v\u00e0 c\u00f3 \u0111\u1ed9 b\u1ec1n cao. Ngo\u00e0i ra, ch\u00e2n b\u1ebfp \u0111\u01b0\u1ee3c thi\u1ebft k\u1ebf c\u1ee9ng c\u00e1p, c\u00f3 th\u1ec3 \u0111i\u1ec1u ch\u1ec9nh \u0111\u1ed9 cao ph\u00f9 h\u1ee3p v\u1edbi chi\u1ec1u cao c\u1ee7a \u0111\u1ea7u b\u1ebfp. <\/span><span style=\"font-weight: 400\">Ph\u1ea7n th\u00e2n b\u1ebfp bao b\u1ecdc k\u00edn h\u1ebft c\u00e1c ph\u1ea7n \u0111i\u1ec7n c\u1ee7a b\u1ebfp n\u00ean h\u1ea1n ch\u1ebf t\u1ed1i \u0111a t\u00ecnh tr\u1ea1ng n\u01b0\u1edbc tr\u00e0n v\u00e0o ph\u1ea7n \u0111i\u1ec7n g\u00e2y ch\u1eadp \u0111i\u1ec7n hay r\u00f2 \u0111i\u1ec7n, \u0111\u1ea3m b\u1ea3o \u0111\u1ed9 an to\u00e0n tuy\u1ec7t \u0111\u1ed1i trong qu\u00e1 tr\u00ecnh v\u1eadn h\u00e0nh, s\u1eed d\u1ee5ng.<\/span><\/span><\/p>\n","protected":false},"excerpt":{"rendered":"<ul>\n<li style=\"font-weight: 400\"><span style=\"font-weight: 400;font-family: helvetica, arial, sans-serif\">K\u1ebft c\u1ea5u g\u1ecdn g\u00e0ng, sang tr\u1ecdng, b\u1ec1n ch\u1eafc<\/span><\/li>\n<li style=\"font-weight: 400\"><span style=\"font-weight: 400;font-family: helvetica, arial, sans-serif\">Thi\u1ebft k\u1ebf 4 h\u1ecdng n\u1ea5u k\u1ebft h\u1ee3p 1 l\u00f2 n\u01b0\u1edbng \u0111i\u1ec7n<\/span><\/li>\n<li style=\"font-weight: 400\"><span style=\"font-weight: 400;font-family: helvetica, arial, sans-serif\">Gia nhi\u1ec7t nhanh ch\u00f3ng gi\u00fap gi\u1ea3m th\u1eddi gian n\u1ea5u<\/span><\/li>\n<li style=\"font-weight: 400\"><span style=\"font-weight: 400;font-family: helvetica, arial, sans-serif\">Linh ho\u1ea1t \u0111i\u1ec1u ch\u1ec9nh \u0111\u1ed9 cao c\u1ee7a b\u1ebfp<\/span><\/li>\n<li style=\"font-weight: 400\"><span style=\"font-weight: 400;font-family: helvetica, arial, sans-serif\">Th\u00e2n b\u1ebfp l\u00e0m b\u1eb1ng inox ch\u1ed1ng g\u1ec9 s\u00e9t<\/span><\/li>\n<li style=\"font-weight: 400\"><span style=\"font-weight: 400;font-family: helvetica, arial, sans-serif\">V\u1ec7 sinh d\u1ec5 d\u00e0ng sau m\u1ed7i l\u1ea7n s\u1eed d\u1ee5ng<\/span><\/li>\n<\/ul>\n","protected":false},"featured_media":38719,"comment_status":"open","ping_status":"closed","template":"","meta":[],"product_cat":[234,247],"product_tag":[],"_links":{"self":[{"href":"https:\/\/thucpham.com\/vinacom\/wp-json\/wp\/v2\/product\/10560"}],"collection":[{"href":"https:\/\/thucpham.com\/vinacom\/wp-json\/wp\/v2\/product"}],"about":[{"href":"https:\/\/thucpham.com\/vinacom\/wp-json\/wp\/v2\/types\/product"}],"replies":[{"embeddable":true,"href":"https:\/\/thucpham.com\/vinacom\/wp-json\/wp\/v2\/comments?post=10560"}],"wp:featuredmedia":[{"embeddable":true,"href":"https:\/\/thucpham.com\/vinacom\/wp-json\/wp\/v2\/media\/38719"}],"wp:attachment":[{"href":"https:\/\/thucpham.com\/vinacom\/wp-json\/wp\/v2\/media?parent=10560"}],"wp:term":[{"taxonomy":"product_cat","embeddable":true,"href":"https:\/\/thucpham.com\/vinacom\/wp-json\/wp\/v2\/product_cat?post=10560"},{"taxonomy":"product_tag","embeddable":true,"href":"https:\/\/thucpham.com\/vinacom\/wp-json\/wp\/v2\/product_tag?post=10560"}],"curies":[{"name":"wp","href":"https:\/\/api.w.org\/{rel}","templated":true}]}}