{"id":10554,"date":"2020-07-13T14:23:02","date_gmt":"2020-07-13T14:23:02","guid":{"rendered":"https:\/\/thucpham.com\/?post_type=product&#038;p=10554"},"modified":"2021-12-08T16:12:00","modified_gmt":"2021-12-08T09:12:00","slug":"bep-au-cong-nghiep-4-hong-de-ban-kingsun-wps-4","status":"publish","type":"product","link":"https:\/\/thucpham.com\/vinacom\/bep-au-cong-nghiep-4-hong-de-ban-kingsun-wps-4\/","title":{"rendered":"B\u1ebfp \u00c2u C\u00f4ng Nghi\u00ea\u0323p 4 H\u1ecdng \u0110\u1ec3 B\u00e0n Kingsun WPS-4"},"content":{"rendered":"<p style=\"text-align: justify\"><span style=\"font-family: helvetica, arial, sans-serif\"><b><i>B\u1ebfp \u00c2u c\u00f4ng nghi\u1ec7p 4 h\u1ecdng \u0111\u1ec3 b\u00e0n Kingsun WPS-4 <\/i><\/b><span style=\"font-weight: 400\">chuy\u00ean d\u00f9ng \u0111\u1ec3 ch\u1ebf bi\u1ebfn c\u00e1c m\u00f3n \u00c2u v\u1edbi ng\u1ecdn l\u1eeda \u0111\u1ec1u nhau gi\u00fap n\u1ea5u ch\u00edn th\u1ef1c ph\u1ea9m m\u1ed9t c\u00e1ch t\u1eeb t\u1eeb, chu\u1ea9n v\u1ecb. Ngo\u00e0i ch\u1ee9c n\u0103ng ch\u00ednh l\u00e0 ch\u1ebf bi\u1ebfn c\u00e1c m\u00f3n \u0103n mang phong c\u00e1ch Ch\u00e2u \u00c2u, b\u1ea1n c\u00f2n c\u00f3 th\u1ec3 s\u1eed d\u1ee5ng chi\u1ebfc b\u1ebfp n\u00e0y \u0111\u1ec3 n\u1ea5u c\u00e1c m\u00f3n canh, m\u00f3n x\u00e0o\u2026 t\u00f9y theo nhu c\u1ea7u s\u1eed d\u1ee5ng. <\/span><span style=\"font-weight: 400\">B\u1ebfp c\u00f3 ki\u1ec3u d\u00e1ng g\u1ecdn nh\u1eb9, trang nh\u00e3, khi\u1ebfn cho kh\u00f4ng gian b\u1ebfp c\u1ee7a b\u1ea1n tr\u1edf n\u00ean sang tr\u1ecdng v\u00e0 chuy\u00ean nghi\u1ec7p h\u01a1n. T\u1eebng c\u00e1c g\u00f3c c\u1ea1nh c\u1ee7a b\u1ebfp \u0111\u1ec1u \u0111\u01b0\u1ee3c m\u00e0i gi\u0169a c\u1ea9n th\u1eadn, t\u1ec9 m\u1ec9, cho c\u00e1c \u0111\u01b0\u1eddng n\u00e9t m\u1ecbn m\u01b0\u1ee3t v\u00e0 tr\u01a1n tru.&nbsp;<\/span><\/span><\/p>\n<p>&nbsp;<\/p>\n<p style=\"text-align: center\"><em>Th\u00f4ng tin s\u1ea3n ph\u1ea9m <span style=\"font-family: helvetica, arial, sans-serif\">b\u1ebfp \u00c2u c\u00f4ng nghi\u1ec7p 4 h\u1ecdng \u0111\u1ec3 b\u00e0n Kingsun WPS-4<\/span><\/em><\/p>\n<p style=\"text-align: justify\"><span style=\"font-family: helvetica, arial, sans-serif\"><span style=\"font-weight: 400\">T\u1eeb v\u1ecf m\u00e1y b\u00ean ngo\u00e0i \u0111\u1ebfn h\u1ecdng \u0111\u1ed1t, ki\u1ec1ng b\u1ebfp \u0111\u1ec1u \u0111\u01b0\u1ee3c gia c\u00f4ng b\u1eb1ng nh\u1eefng ch\u1ea5t li\u1ec7u t\u1ed1t nh\u1ea5t. H\u1ecdng \u0111\u1ed1t b\u1eb1ng gang ch\u1ecbu nhi\u1ec7t, ki\u1ec1ng b\u1ebfp l\u00e0m b\u1eb1ng th\u00e9p c\u01b0\u1eddng l\u1ef1c, ch\u1ecbu l\u1ef1c, c\u00f3 \u0111\u1ed9 b\u1ec1n cao. Ngo\u00e0i ra, <\/span><b><i>b\u1ebfp <\/i><\/b><b><i>\u00c2u c\u00f4ng nghi\u1ec7p 4 h\u1ecdng \u0111\u1ec3 b\u00e0n Kingsun WPS-4<\/i><\/b><\/span><span style=\"font-weight: 400\"><span style=\"font-family: helvetica, arial, sans-serif\"> c\u00f3 k\u1ebft c\u1ea5u k\u1ef9 thu\u1eadt ho\u00e0n m\u1ef9, h\u1ec7 th\u1ed1ng gia nhi\u1ec7t \u1ed5n \u0111\u1ecbnh, \u0111\u1ea3m b\u1ea3o cho thi\u1ebft b\u1ecb \u00edt x\u1ea3y ra l\u1ed7i k\u1ef9 thu\u1eadt trong qu\u00e1 tr\u00ecnh s\u1eed d\u1ee5ng.<\/span> <\/span><\/p>\n","protected":false},"excerpt":{"rendered":"<ul>\n<li style=\"font-weight: 400\"><span style=\"font-weight: 400;font-family: helvetica, arial, sans-serif\">Ki\u1ec1ng b\u1ebfp b\u1eb1ng th\u00e9p c\u01b0\u1eddng l\u1ef1c ch\u1eafc ch\u1eafn<\/span><\/li>\n<li style=\"font-weight: 400\"><span style=\"font-weight: 400;font-family: helvetica, arial, sans-serif\">H\u1ecdng \u0111\u1ed1t b\u1eb1ng gang \u0111\u00fac ch\u1ecbu nhi\u1ec7t t\u1ed1t<\/span><\/li>\n<li style=\"font-weight: 400\"><span style=\"font-weight: 400;font-family: helvetica, arial, sans-serif\">L\u1ed7 l\u1eeda \u0111\u1ec1u nhau cho ng\u1ecdn l\u1eeda \u0111\u1ec1u<\/span><\/li>\n<li style=\"font-weight: 400\"><span style=\"font-weight: 400;font-family: helvetica, arial, sans-serif\">Ki\u1ec3u d\u00e1ng sang tr\u1ecdng, thi\u1ebft k\u1ebf nh\u1ecf g\u1ecdn<\/span><\/li>\n<li style=\"font-weight: 400\"><span style=\"font-weight: 400;font-family: helvetica, arial, sans-serif\">V\u1ecf b\u1ebfp s\u1ea3n xu\u1ea5t b\u1eb1ng inox 201 s\u00e1ng b\u00f3ng, c\u1ee9ng c\u00e1p<\/span><\/li>\n<\/ul>\n","protected":false},"featured_media":38712,"comment_status":"open","ping_status":"closed","template":"","meta":[],"product_cat":[234,247],"product_tag":[],"_links":{"self":[{"href":"https:\/\/thucpham.com\/vinacom\/wp-json\/wp\/v2\/product\/10554"}],"collection":[{"href":"https:\/\/thucpham.com\/vinacom\/wp-json\/wp\/v2\/product"}],"about":[{"href":"https:\/\/thucpham.com\/vinacom\/wp-json\/wp\/v2\/types\/product"}],"replies":[{"embeddable":true,"href":"https:\/\/thucpham.com\/vinacom\/wp-json\/wp\/v2\/comments?post=10554"}],"wp:featuredmedia":[{"embeddable":true,"href":"https:\/\/thucpham.com\/vinacom\/wp-json\/wp\/v2\/media\/38712"}],"wp:attachment":[{"href":"https:\/\/thucpham.com\/vinacom\/wp-json\/wp\/v2\/media?parent=10554"}],"wp:term":[{"taxonomy":"product_cat","embeddable":true,"href":"https:\/\/thucpham.com\/vinacom\/wp-json\/wp\/v2\/product_cat?post=10554"},{"taxonomy":"product_tag","embeddable":true,"href":"https:\/\/thucpham.com\/vinacom\/wp-json\/wp\/v2\/product_tag?post=10554"}],"curies":[{"name":"wp","href":"https:\/\/api.w.org\/{rel}","templated":true}]}}