{"id":10551,"date":"2020-07-13T14:20:28","date_gmt":"2020-07-13T14:20:28","guid":{"rendered":"https:\/\/thucpham.com\/?post_type=product&#038;p=10551"},"modified":"2021-12-08T15:56:13","modified_gmt":"2021-12-08T08:56:13","slug":"bep-cong-nghiep-4-dau-kem-lo-nuong-dien-kingsun-wgf4-6","status":"publish","type":"product","link":"https:\/\/thucpham.com\/vinacom\/bep-cong-nghiep-4-dau-kem-lo-nuong-dien-kingsun-wgf4-6\/","title":{"rendered":"B\u1ebfp C\u00f4ng Nghi\u1ec7p 4 \u0110\u1ea7u K\u00e8m L\u00f2 N\u01b0\u1edbng \u0110i\u1ec7n Kingsun WGF4-6"},"content":{"rendered":"<p style=\"text-align: justify\"><span style=\"font-family: helvetica, arial, sans-serif\"><b><i>B\u1ebfp c\u00f4ng nghi\u1ec7p 4 \u0111\u1ea7u k\u00e8m l\u00f2 n\u01b0\u1edbng \u0111i\u1ec7n Kingsun WGF4-6<\/i><\/b><span style=\"font-weight: 400\"> l\u00e0 m\u1ed9t ph\u1ea7n kh\u00f4ng th\u1ec3 thi\u1ebfu trong c\u00e1c khu b\u1ebfp c\u00f4ng nghi\u1ec7p nh\u01b0 b\u1ebfp tr\u01b0\u1eddng h\u1ecdc, b\u1ebfp b\u1ec7nh vi\u1ec7n, b\u1ebfp c\u00f4ng ty hay b\u1ebfp nh\u00e0 h\u00e0ng, kh\u00e1ch s\u1ea1n. <\/span><span style=\"font-weight: 400\">Chi\u1ebfc b\u1ebfp n\u00e0y t\u00edch h\u1ee3p m\u1eb7t b\u1ebfp \u00c2u chuy\u00ean \u0111\u1ec3 x\u00e0o n\u1ea5u, ph\u00eda d\u01b0\u1edbi l\u00e0 l\u00f2 n\u01b0\u1edbng b\u1eb1ng \u0111i\u1ec7n, gi\u00fap b\u1ea1n th\u1ef1c hi\u1ec7n c\u00f4ng vi\u1ec7c n\u1ea5u n\u01b0\u1edbng m\u1ed9t c\u00e1ch nhanh ch\u00f3ng m\u00e0 v\u1eabn ti\u1ebft ki\u1ec7m \u0111i\u1ec7n n\u0103ng v\u1edbi nhi\u1ec1u ch\u1ebf \u0111\u1ed9 \u0111i\u1ec1u ch\u1ec9nh.<\/span><\/span><\/p>\n<p><img class=\"size-full wp-image-12202 aligncenter\" src=\"https:\/\/thucpham.com\/wp-content\/uploads\/2020\/07\/bep-cong-nghiep-4-dau-kem-lo-nuong-dien-wgf4-6-banner.jpg\" alt=\"bep-cong-nghiep-4-dau-kem-lo-nuong-dien-wgf4-6\" width=\"820\" height=\"656\" srcset=\"https:\/\/thucpham.com\/vinacom\/wp-content\/uploads\/2020\/07\/bep-cong-nghiep-4-dau-kem-lo-nuong-dien-wgf4-6-banner.jpg 820w, https:\/\/thucpham.com\/vinacom\/wp-content\/uploads\/2020\/07\/bep-cong-nghiep-4-dau-kem-lo-nuong-dien-wgf4-6-banner-300x240.jpg 300w, https:\/\/thucpham.com\/vinacom\/wp-content\/uploads\/2020\/07\/bep-cong-nghiep-4-dau-kem-lo-nuong-dien-wgf4-6-banner-768x614.jpg 768w, https:\/\/thucpham.com\/vinacom\/wp-content\/uploads\/2020\/07\/bep-cong-nghiep-4-dau-kem-lo-nuong-dien-wgf4-6-banner-24x19.jpg 24w, https:\/\/thucpham.com\/vinacom\/wp-content\/uploads\/2020\/07\/bep-cong-nghiep-4-dau-kem-lo-nuong-dien-wgf4-6-banner-36x29.jpg 36w, https:\/\/thucpham.com\/vinacom\/wp-content\/uploads\/2020\/07\/bep-cong-nghiep-4-dau-kem-lo-nuong-dien-wgf4-6-banner-48x38.jpg 48w, https:\/\/thucpham.com\/vinacom\/wp-content\/uploads\/2020\/07\/bep-cong-nghiep-4-dau-kem-lo-nuong-dien-wgf4-6-banner-510x408.jpg 510w\" sizes=\"(max-width: 820px) 100vw, 820px\" title=\"\"><\/p>\n<p style=\"text-align: center\"><em>Th\u00f4ng tin s\u1ea3n ph\u1ea9m <span style=\"font-family: helvetica, arial, sans-serif\">b\u1ebfp c\u00f4ng nghi\u1ec7p 4 \u0111\u1ea7u k\u00e8m l\u00f2 n\u01b0\u1edbng \u0111i\u1ec7n Kingsun WGF4-6<\/span><\/em><\/p>\n<p style=\"text-align: justify\"><span style=\"font-family: helvetica, arial, sans-serif\"><span style=\"font-weight: 400\">Ph\u1ea7n m\u1eb7t b\u1ebfp \u0111\u01b0\u1ee3c trang b\u1ecb 4 h\u1ecdng \u0111\u1ed1t, c\u00f9ng l\u00fac x\u00e0o n\u1ea5u 4 m\u00f3n \u0103n kh\u00e1c nhau v\u00e0 ph\u00eda d\u01b0\u1edbi l\u00e0 l\u00f2 n\u01b0\u1edbng b\u1eb1ng \u0111i\u1ec7n v\u1edbi thi\u1ebft k\u1ebf g\u1ecdn g\u00e0ng. C\u00e1c n\u00fam \u0111i\u1ec1u ch\u1ec9nh d\u1ec5 s\u1eed d\u1ee5ng, cho ph\u00e9p ki\u1ec3m so\u00e1t v\u00e0 \u0111i\u1ec1u ch\u1ec9nh m\u1ee9c nhi\u1ec7t n\u1ea5u v\u00e0 n\u01b0\u1edbng theo t\u00f9y t\u1eebng lo\u1ea1i th\u1ef1c ph\u1ea9m. H\u1ecdng \u0111\u1ed1t c\u1ee7a s\u1ea3n ph\u1ea9m <\/span><b><i>b\u1ebfp <\/i><\/b><b><i>c\u00f4ng nghi\u1ec7p 4 \u0111\u1ea7u k\u00e8m l\u00f2 n\u01b0\u1edbng \u0111i\u1ec7n Kingsun WGF4-6 <\/i><\/b><span style=\"font-weight: 400\">l\u00e0m b\u1eb1ng gang ch\u1ecbu nhi\u1ec7t, c\u00f3 \u0111\u1ed9 b\u1ec1n cao. V\u00f2 b\u1ebfp b\u1eb1ng inox ch\u1ed1ng g\u1ec9, ph\u1ea7n ki\u1ec1ng b\u1eb1ng th\u00e9p c\u01b0\u1eddng l\u1ef1c, \u0111\u1ea3m b\u1ea3o cho b\u1ebfp lu\u00f4n ho\u1ea1t \u0111\u1ed9ng \u1ed5n \u0111\u1ecbnh v\u00e0 m\u1ea1nh m\u1ebd. M\u1eb7t kh\u00e1c, \u0111\u1ed9 an to\u00e0n c\u1ee7a thi\u1ebft b\u1ecb c\u0169ng \u0111\u01b0\u1ee3c nh\u00e0 s\u1ea3n xu\u1ea5t ch\u00fa tr\u1ecdng. <\/span><span style=\"font-weight: 400\">V\u1ecf m\u00e1y trang b\u1ecb l\u1edbp c\u00e1ch \u0111i\u1ec7n, c\u00e1ch nhi\u1ec7t hi\u1ec7u qu\u1ea3, n\u00ean kh\u00f4ng g\u00e2y b\u1ecfng trong qu\u00e1 tr\u00ecnh s\u1eed d\u1ee5ng. B\u1ebfp t\u1ef1 \u0111\u1ed9ng ng\u1eaft \u0111i\u1ec7n khi x\u1ea3y ra hi\u1ec7n t\u01b0\u1ee3ng qu\u00e1 nhi\u1ec7t nh\u1edd c\u00f3 b\u1ed9 ph\u1eadn c\u1ea3m \u1ee9ng nhi\u1ec7t th\u00f4ng minh.<\/span><\/span><\/p>\n","protected":false},"excerpt":{"rendered":"<ul>\n<li style=\"font-weight: 400\"><span style=\"font-weight: 400;font-family: helvetica, arial, sans-serif\">Ch\u1ebf bi\u1ebfn m\u00f3n n\u1ea5u v\u00e0 m\u00f3n n\u01b0\u1edbng c\u00f9ng l\u00fac<\/span><\/li>\n<li style=\"font-weight: 400\"><span style=\"font-weight: 400;font-family: helvetica, arial, sans-serif\">C\u00e1c l\u1ed7 l\u1eeda \u0111\u1ec1u nhau v\u00e0 cho ng\u1ecdn l\u1eeda \u0111\u1ec1u<\/span><\/li>\n<li style=\"font-weight: 400\"><span style=\"font-weight: 400;font-family: helvetica, arial, sans-serif\">N\u00fam v\u1eb7n \u0111i\u1ec1u khi\u1ec3n th\u00e1o ra linh ho\u1ea1t \u0111\u1ec3 v\u1ec7 sinh<\/span><\/li>\n<li style=\"font-weight: 400\"><span style=\"font-weight: 400;font-family: helvetica, arial, sans-serif\">C\u00f4ng su\u1ea5t cao, ng\u1ecdn l\u1eeda l\u1edbn, x\u00e0o th\u1ee9c \u0103n nhanh ch\u00edn<\/span><\/li>\n<li style=\"font-weight: 400\"><span style=\"font-weight: 400;font-family: helvetica, arial, sans-serif\">T\u1ef1 \u0111\u1ed9ng ng\u1eaft \u0111i\u1ec7n khi c\u00f3 hi\u1ec7n t\u01b0\u1ee3ng qu\u00e1 nhi\u1ec7t<\/span><\/li>\n<li style=\"font-weight: 400\"><span style=\"font-weight: 400;font-family: helvetica, arial, sans-serif\">Gia nhi\u1ec7t nhanh, t\u00f9y ch\u1ec9nh nhi\u1ec7t \u0111\u1ed9 theo \u00fd mu\u1ed1n<\/span><\/li>\n<\/ul>\n","protected":false},"featured_media":38695,"comment_status":"open","ping_status":"closed","template":"","meta":[],"product_cat":[234,247],"product_tag":[],"_links":{"self":[{"href":"https:\/\/thucpham.com\/vinacom\/wp-json\/wp\/v2\/product\/10551"}],"collection":[{"href":"https:\/\/thucpham.com\/vinacom\/wp-json\/wp\/v2\/product"}],"about":[{"href":"https:\/\/thucpham.com\/vinacom\/wp-json\/wp\/v2\/types\/product"}],"replies":[{"embeddable":true,"href":"https:\/\/thucpham.com\/vinacom\/wp-json\/wp\/v2\/comments?post=10551"}],"wp:featuredmedia":[{"embeddable":true,"href":"https:\/\/thucpham.com\/vinacom\/wp-json\/wp\/v2\/media\/38695"}],"wp:attachment":[{"href":"https:\/\/thucpham.com\/vinacom\/wp-json\/wp\/v2\/media?parent=10551"}],"wp:term":[{"taxonomy":"product_cat","embeddable":true,"href":"https:\/\/thucpham.com\/vinacom\/wp-json\/wp\/v2\/product_cat?post=10551"},{"taxonomy":"product_tag","embeddable":true,"href":"https:\/\/thucpham.com\/vinacom\/wp-json\/wp\/v2\/product_tag?post=10551"}],"curies":[{"name":"wp","href":"https:\/\/api.w.org\/{rel}","templated":true}]}}